{"id":5828,"date":"2026-03-23T11:58:16","date_gmt":"2026-03-23T10:58:16","guid":{"rendered":"https:\/\/www.ch-shm.fr\/?page_id=5828"},"modified":"2026-03-27T09:09:01","modified_gmt":"2026-03-27T08:09:01","slug":"rencontre-etudiants-dijon","status":"publish","type":"page","link":"https:\/\/www.ch-shm.fr\/?page_id=5828","title":{"rendered":"rencontre \u00e9tudiants Dijon"},"content":{"rendered":"\t\t<div data-elementor-type=\"wp-page\" data-elementor-id=\"5828\" class=\"elementor elementor-5828\">\n\t\t\t\t\t\t<section class=\"elementor-section elementor-top-section elementor-element elementor-element-66e1bd7 elementor-section-boxed elementor-section-height-default elementor-section-height-default\" data-id=\"66e1bd7\" data-element_type=\"section\" data-settings=\"{&quot;background_background&quot;:&quot;classic&quot;}\">\n\t\t\t\t\t\t<div class=\"elementor-container elementor-column-gap-default\">\n\t\t\t\t\t<div class=\"elementor-column elementor-col-100 elementor-top-column elementor-element elementor-element-5d347da\" data-id=\"5d347da\" data-element_type=\"column\">\n\t\t\t<div class=\"elementor-widget-wrap elementor-element-populated\">\n\t\t\t\t\t\t<div class=\"elementor-element elementor-element-a98a369 elementor-widget__width-initial elementor-widget elementor-widget-image\" data-id=\"a98a369\" data-element_type=\"widget\" data-widget_type=\"image.default\">\n\t\t\t\t<div class=\"elementor-widget-container\">\n\t\t\t\t\t\t\t\t\t\t\t\t\t\t\t<img decoding=\"async\" width=\"150\" height=\"150\" src=\"https:\/\/www.ch-shm.fr\/wp-content\/uploads\/2025\/01\/logo-CHC-150x150.jpg\" class=\"attachment-thumbnail size-thumbnail wp-image-3013\" alt=\"\" srcset=\"https:\/\/www.ch-shm.fr\/wp-content\/uploads\/2025\/01\/logo-CHC-150x150.jpg 150w, https:\/\/www.ch-shm.fr\/wp-content\/uploads\/2025\/01\/logo-CHC-600x600.jpg 600w, https:\/\/www.ch-shm.fr\/wp-content\/uploads\/2025\/01\/logo-CHC-144x144.jpg 144w, https:\/\/www.ch-shm.fr\/wp-content\/uploads\/2025\/01\/elementor\/thumbs\/logo-CHC-r054uc3mku9cyoytu99h720j299ose6jxjihebxt3o.jpg 2w, https:\/\/www.ch-shm.fr\/wp-content\/uploads\/2025\/01\/elementor\/thumbs\/logo-CHC-r054uc3msqfx1xmwfnthkr08g6fdqwrdsgqm3s83wo.jpg 20w, https:\/\/www.ch-shm.fr\/wp-content\/uploads\/2025\/01\/elementor\/thumbs\/logo-CHC-r054uc3n1i77dj9nbfzpzyrwnn9ph9eiytnnc2bjww.jpg 40w, https:\/\/www.ch-shm.fr\/wp-content\/uploads\/2025\/01\/elementor\/thumbs\/logo-CHC-r054uc3na9yhp4we785yf6jkv4417m1o56kokcezx4.jpg 60w\" sizes=\"(max-width: 150px) 100vw, 150px\" \/>\t\t\t\t\t\t\t\t\t\t\t\t\t\t\t<\/div>\n\t\t\t\t<\/div>\n\t\t\t\t\t<\/div>\n\t\t<\/div>\n\t\t\t\t\t<\/div>\n\t\t<\/section>\n\t\t\t\t<section class=\"elementor-section elementor-top-section elementor-element elementor-element-0bcf6d3 elementor-section-boxed elementor-section-height-default elementor-section-height-default\" data-id=\"0bcf6d3\" data-element_type=\"section\">\n\t\t\t\t\t\t<div class=\"elementor-container elementor-column-gap-default\">\n\t\t\t\t\t<div class=\"elementor-column elementor-col-100 elementor-top-column elementor-element elementor-element-2b8af4f\" data-id=\"2b8af4f\" data-element_type=\"column\">\n\t\t\t<div class=\"elementor-widget-wrap elementor-element-populated\">\n\t\t\t\t\t\t<div class=\"elementor-element elementor-element-2b9fef9 elementor-widget elementor-widget-heading\" data-id=\"2b9fef9\" data-element_type=\"widget\" data-widget_type=\"heading.default\">\n\t\t\t\t<div class=\"elementor-widget-container\">\n\t\t\t\t\t<h2 class=\"elementor-heading-title elementor-size-default\">Rencontre avec les \u00e9tudiants<\/h2>\t\t\t\t<\/div>\n\t\t\t\t<\/div>\n\t\t\t\t\t<\/div>\n\t\t<\/div>\n\t\t\t\t\t<\/div>\n\t\t<\/section>\n\t\t\t\t<section class=\"elementor-section elementor-top-section elementor-element elementor-element-878779a elementor-section-boxed elementor-section-height-default elementor-section-height-default\" data-id=\"878779a\" data-element_type=\"section\">\n\t\t\t\t\t\t<div class=\"elementor-container elementor-column-gap-default\">\n\t\t\t\t\t<div class=\"elementor-column elementor-col-33 elementor-top-column elementor-element elementor-element-8b58a7d\" data-id=\"8b58a7d\" data-element_type=\"column\">\n\t\t\t<div class=\"elementor-widget-wrap elementor-element-populated\">\n\t\t\t\t\t\t<div class=\"elementor-element elementor-element-6c43ef4 elementor-widget elementor-widget-image\" data-id=\"6c43ef4\" data-element_type=\"widget\" data-widget_type=\"image.default\">\n\t\t\t\t<div class=\"elementor-widget-container\">\n\t\t\t\t\t\t\t\t\t\t\t\t\t\t\t<img fetchpriority=\"high\" decoding=\"async\" width=\"768\" height=\"1024\" src=\"https:\/\/www.ch-shm.fr\/wp-content\/uploads\/2025\/11\/IMG_9062-768x1024.jpg\" class=\"attachment-medium_large size-medium_large wp-image-5475\" alt=\"\" srcset=\"https:\/\/www.ch-shm.fr\/wp-content\/uploads\/2025\/11\/IMG_9062-768x1024.jpg 768w, https:\/\/www.ch-shm.fr\/wp-content\/uploads\/2025\/11\/IMG_9062-225x300.jpg 225w, https:\/\/www.ch-shm.fr\/wp-content\/uploads\/2025\/11\/IMG_9062-1152x1536.jpg 1152w, https:\/\/www.ch-shm.fr\/wp-content\/uploads\/2025\/11\/IMG_9062-1536x2048.jpg 1536w, https:\/\/www.ch-shm.fr\/wp-content\/uploads\/2025\/11\/IMG_9062-scaled.jpg 1920w\" sizes=\"(max-width: 768px) 100vw, 768px\" \/>\t\t\t\t\t\t\t\t\t\t\t\t\t\t\t<\/div>\n\t\t\t\t<\/div>\n\t\t\t\t\t<\/div>\n\t\t<\/div>\n\t\t\t\t<div class=\"elementor-column elementor-col-33 elementor-top-column elementor-element elementor-element-a240d7c\" data-id=\"a240d7c\" data-element_type=\"column\">\n\t\t\t<div class=\"elementor-widget-wrap elementor-element-populated\">\n\t\t\t\t\t\t<div class=\"elementor-element elementor-element-9ffc200 elementor-widget elementor-widget-image\" data-id=\"9ffc200\" data-element_type=\"widget\" data-widget_type=\"image.default\">\n\t\t\t\t<div class=\"elementor-widget-container\">\n\t\t\t\t\t\t\t\t\t\t\t\t\t\t\t<img decoding=\"async\" width=\"768\" height=\"1024\" src=\"https:\/\/www.ch-shm.fr\/wp-content\/uploads\/2025\/03\/imagerie-medicale-photo-768x1024.jpg\" class=\"attachment-large size-large wp-image-4687\" alt=\"\" srcset=\"https:\/\/www.ch-shm.fr\/wp-content\/uploads\/2025\/03\/imagerie-medicale-photo-768x1024.jpg 768w, https:\/\/www.ch-shm.fr\/wp-content\/uploads\/2025\/03\/imagerie-medicale-photo-225x300.jpg 225w, https:\/\/www.ch-shm.fr\/wp-content\/uploads\/2025\/03\/imagerie-medicale-photo-1152x1536.jpg 1152w, https:\/\/www.ch-shm.fr\/wp-content\/uploads\/2025\/03\/imagerie-medicale-photo-1536x2048.jpg 1536w, https:\/\/www.ch-shm.fr\/wp-content\/uploads\/2025\/03\/imagerie-medicale-photo-scaled.jpg 1920w\" sizes=\"(max-width: 768px) 100vw, 768px\" \/>\t\t\t\t\t\t\t\t\t\t\t\t\t\t\t<\/div>\n\t\t\t\t<\/div>\n\t\t\t\t\t<\/div>\n\t\t<\/div>\n\t\t\t\t<div class=\"elementor-column elementor-col-33 elementor-top-column elementor-element elementor-element-0f873ba\" data-id=\"0f873ba\" data-element_type=\"column\">\n\t\t\t<div class=\"elementor-widget-wrap elementor-element-populated\">\n\t\t\t\t\t\t<div class=\"elementor-element elementor-element-11f6fa9 elementor-widget elementor-widget-image\" data-id=\"11f6fa9\" data-element_type=\"widget\" data-widget_type=\"image.default\">\n\t\t\t\t<div class=\"elementor-widget-container\">\n\t\t\t\t\t\t\t\t\t\t\t\t\t\t\t<img loading=\"lazy\" decoding=\"async\" width=\"1024\" height=\"562\" src=\"https:\/\/www.ch-shm.fr\/wp-content\/uploads\/2025\/11\/photo-equipe-manipualteur-radio-1024x562.jpg\" class=\"attachment-large size-large wp-image-5484\" alt=\"\" srcset=\"https:\/\/www.ch-shm.fr\/wp-content\/uploads\/2025\/11\/photo-equipe-manipualteur-radio-1024x562.jpg 1024w, https:\/\/www.ch-shm.fr\/wp-content\/uploads\/2025\/11\/photo-equipe-manipualteur-radio-300x165.jpg 300w, https:\/\/www.ch-shm.fr\/wp-content\/uploads\/2025\/11\/photo-equipe-manipualteur-radio-768x421.jpg 768w, https:\/\/www.ch-shm.fr\/wp-content\/uploads\/2025\/11\/photo-equipe-manipualteur-radio.jpg 1170w\" sizes=\"(max-width: 1024px) 100vw, 1024px\" \/>\t\t\t\t\t\t\t\t\t\t\t\t\t\t\t<\/div>\n\t\t\t\t<\/div>\n\t\t\t\t\t<\/div>\n\t\t<\/div>\n\t\t\t\t\t<\/div>\n\t\t<\/section>\n\t\t\t\t<section class=\"elementor-section elementor-top-section elementor-element elementor-element-0ca7bce elementor-section-boxed elementor-section-height-default elementor-section-height-default\" data-id=\"0ca7bce\" data-element_type=\"section\" data-settings=\"{&quot;background_background&quot;:&quot;classic&quot;}\">\n\t\t\t\t\t\t<div class=\"elementor-container elementor-column-gap-default\">\n\t\t\t\t\t<div class=\"elementor-column elementor-col-100 elementor-top-column elementor-element elementor-element-37e0d56\" data-id=\"37e0d56\" data-element_type=\"column\">\n\t\t\t<div class=\"elementor-widget-wrap elementor-element-populated\">\n\t\t\t\t\t\t<div class=\"elementor-element elementor-element-785c5db elementor-widget elementor-widget-heading\" data-id=\"785c5db\" data-element_type=\"widget\" data-widget_type=\"heading.default\">\n\t\t\t\t<div class=\"elementor-widget-container\">\n\t\t\t\t\t<h2 class=\"elementor-heading-title elementor-size-default\">Candidature : recrutement@ch-chaumont.fr<\/h2>\t\t\t\t<\/div>\n\t\t\t\t<\/div>\n\t\t\t\t\t<\/div>\n\t\t<\/div>\n\t\t\t\t\t<\/div>\n\t\t<\/section>\n\t\t\t\t<section class=\"elementor-section elementor-top-section elementor-element elementor-element-4704f68 elementor-section-boxed elementor-section-height-default elementor-section-height-default\" data-id=\"4704f68\" data-element_type=\"section\">\n\t\t\t\t\t\t<div class=\"elementor-container elementor-column-gap-default\">\n\t\t\t\t\t<div class=\"elementor-column elementor-col-100 elementor-top-column elementor-element elementor-element-e6bddea\" data-id=\"e6bddea\" data-element_type=\"column\">\n\t\t\t<div class=\"elementor-widget-wrap elementor-element-populated\">\n\t\t\t\t\t\t<div class=\"elementor-element elementor-element-c649282 elementor-widget elementor-widget-heading\" data-id=\"c649282\" data-element_type=\"widget\" data-widget_type=\"heading.default\">\n\t\t\t\t<div class=\"elementor-widget-container\">\n\t\t\t\t\t<h2 class=\"elementor-heading-title elementor-size-default\">Pr\u00e9sentation du service<\/h2>\t\t\t\t<\/div>\n\t\t\t\t<\/div>\n\t\t\t\t\t<\/div>\n\t\t<\/div>\n\t\t\t\t\t<\/div>\n\t\t<\/section>\n\t\t\t\t<section class=\"elementor-section elementor-top-section elementor-element elementor-element-dc6bf8a elementor-section-boxed elementor-section-height-default elementor-section-height-default\" data-id=\"dc6bf8a\" data-element_type=\"section\">\n\t\t\t\t\t\t<div class=\"elementor-container elementor-column-gap-default\">\n\t\t\t\t\t<div class=\"elementor-column elementor-col-100 elementor-top-column elementor-element elementor-element-4459e22\" data-id=\"4459e22\" data-element_type=\"column\">\n\t\t\t<div class=\"elementor-widget-wrap elementor-element-populated\">\n\t\t\t\t\t\t<div class=\"elementor-element elementor-element-5cbe24c elementor-widget elementor-widget-text-editor\" data-id=\"5cbe24c\" data-element_type=\"widget\" data-widget_type=\"text-editor.default\">\n\t\t\t\t<div class=\"elementor-widget-container\">\n\t\t\t\t\t\t\t\t\t<p><span style=\"color: #00003f;\">Dans notre service d&rsquo;imagerie m\u00e9dicale, sont pratiqu\u00e9s des examens dans les domaines suivants :<\/span><\/p><p><span style=\"color: #00003f;\"><strong>-radiologie conventionnelle<\/strong><\/span><br \/><span style=\"color: #00003f;\"><strong>-\u00e9chographie<\/strong><\/span><br \/><span style=\"color: #00003f;\"><strong>-scanner<\/strong><\/span><br \/><span style=\"color: #00003f;\"><strong>-IRM<\/strong><\/span><\/p><p><span style=\"color: #00003f;\">Notre service hospitalier est <strong>ouvert 24h\/24, 7j\/7<\/strong> pour la prise en charge des urgences.<\/span><\/p><p><span style=\"color: #00003f;\">Notre activit\u00e9 est r\u00e9partie en trois groupes : sur rendez-vous, activit\u00e9 programm\u00e9e pour les patients hospitalis\u00e9s au CH de Chaumont et activit\u00e9 programm\u00e9e pour les consultants externes ; activit\u00e9 non programm\u00e9e pour la prise en charge des patients en urgence.<\/span><\/p><p><span style=\"color: #00003f;\">Notre service comprend quatre salles d&rsquo;examens de radiologie, 1 salle d&rsquo;\u00e9chographie ; nous partageons le temps d&rsquo;exploitation du scanner et de l&rsquo;IRM avec des \u00e9quipes du secteur priv\u00e9 au sein du GIE Haute marne Sud.<\/span><\/p><p><span style=\"color: #00003f;\">Notre service r\u00e9alise environ <strong>30000 examens<\/strong> tous types confondus par an.<\/span><\/p>\t\t\t\t\t\t\t\t<\/div>\n\t\t\t\t<\/div>\n\t\t\t\t\t<\/div>\n\t\t<\/div>\n\t\t\t\t\t<\/div>\n\t\t<\/section>\n\t\t\t\t<section class=\"elementor-section elementor-top-section elementor-element elementor-element-dcf13e4 elementor-section-boxed elementor-section-height-default elementor-section-height-default\" data-id=\"dcf13e4\" data-element_type=\"section\">\n\t\t\t\t\t\t<div class=\"elementor-container elementor-column-gap-default\">\n\t\t\t\t\t<div class=\"elementor-column elementor-col-100 elementor-top-column elementor-element elementor-element-5309f78\" data-id=\"5309f78\" data-element_type=\"column\">\n\t\t\t<div class=\"elementor-widget-wrap elementor-element-populated\">\n\t\t\t\t\t\t<div class=\"elementor-element elementor-element-482bbeb elementor-widget elementor-widget-heading\" data-id=\"482bbeb\" data-element_type=\"widget\" data-widget_type=\"heading.default\">\n\t\t\t\t<div class=\"elementor-widget-container\">\n\t\t\t\t\t<h2 class=\"elementor-heading-title elementor-size-default\">Pr\u00e9sentation de l'\u00e9quipe<\/h2>\t\t\t\t<\/div>\n\t\t\t\t<\/div>\n\t\t\t\t\t<\/div>\n\t\t<\/div>\n\t\t\t\t\t<\/div>\n\t\t<\/section>\n\t\t\t\t<section class=\"elementor-section elementor-top-section elementor-element elementor-element-4a3d2c3 elementor-section-boxed elementor-section-height-default elementor-section-height-default\" data-id=\"4a3d2c3\" data-element_type=\"section\">\n\t\t\t\t\t\t<div class=\"elementor-container elementor-column-gap-default\">\n\t\t\t\t\t<div class=\"elementor-column elementor-col-100 elementor-top-column elementor-element elementor-element-e6a4df8\" data-id=\"e6a4df8\" data-element_type=\"column\">\n\t\t\t<div class=\"elementor-widget-wrap elementor-element-populated\">\n\t\t\t\t\t\t<div class=\"elementor-element elementor-element-f0a02a1 elementor-widget elementor-widget-text-editor\" data-id=\"f0a02a1\" data-element_type=\"widget\" data-widget_type=\"text-editor.default\">\n\t\t\t\t<div class=\"elementor-widget-container\">\n\t\t\t\t\t\t\t\t\t<p><span style=\"color: #00003f;\">Notre \u00e9quipe est compos\u00e9e de 3 m\u00e9decins radiologues, de 10 manipulateurs, 3<\/span><br \/><span style=\"color: #00003f;\">secr\u00e9taires et 1 ASH.<\/span><\/p><p><span style=\"color: #00003f;\"><strong>Radiologues :<\/strong><\/span><br \/><span style=\"color: #00003f;\">-Pr M.Midulla, radiologue temps partiel, Chef de service<\/span><br \/><span style=\"color: #00003f;\">-Dr D.Martin, radiologue temps partiel<\/span><br \/><span style=\"color: #00003f;\">-Dr W.Ben Mansour, radiologue temps plein<\/span><\/p><p><span style=\"color: #00003f;\"><strong>Manipulatrices et manipulateurs<\/strong> : Maryse, Magali, B\u00e9rang\u00e8re, Vanessa , C\u00e9line, Salom\u00e9, Florence, Guillaume et David<\/span><\/p><p><span style=\"color: #00003f;\"><strong>Manipulateur et faisant fonction de cadre de sant\u00e9<\/strong> : M S.Schmitt<\/span><\/p><p><span style=\"color: #00003f;\"><strong>Secr\u00e9taires<\/strong> : Ang\u00e9lique, Amandine et M\u00e9lanie<\/span><\/p><p><span style=\"color: #00003f;\"><strong>-Agent des services hospitaliers<\/strong> : Daimara<\/span><\/p>\t\t\t\t\t\t\t\t<\/div>\n\t\t\t\t<\/div>\n\t\t\t\t\t<\/div>\n\t\t<\/div>\n\t\t\t\t\t<\/div>\n\t\t<\/section>\n\t\t\t\t<section class=\"elementor-section elementor-top-section elementor-element elementor-element-24597b6 elementor-section-boxed elementor-section-height-default elementor-section-height-default\" data-id=\"24597b6\" data-element_type=\"section\">\n\t\t\t\t\t\t<div class=\"elementor-container elementor-column-gap-default\">\n\t\t\t\t\t<div class=\"elementor-column elementor-col-100 elementor-top-column elementor-element elementor-element-d32b48a\" data-id=\"d32b48a\" data-element_type=\"column\">\n\t\t\t<div class=\"elementor-widget-wrap elementor-element-populated\">\n\t\t\t\t\t\t<div class=\"elementor-element elementor-element-6ed20d1 elementor-widget elementor-widget-text-editor\" data-id=\"6ed20d1\" data-element_type=\"widget\" data-widget_type=\"text-editor.default\">\n\t\t\t\t<div class=\"elementor-widget-container\">\n\t\t\t\t\t\t\t\t\t<p><span style=\"color: #00003f;\">Nous vous assurons une accompagnement formateur tout au long de votre apprentissage.<\/span><\/p>\t\t\t\t\t\t\t\t<\/div>\n\t\t\t\t<\/div>\n\t\t\t\t\t<\/div>\n\t\t<\/div>\n\t\t\t\t\t<\/div>\n\t\t<\/section>\n\t\t\t\t<section class=\"elementor-section elementor-top-section elementor-element elementor-element-eceebe3 elementor-section-boxed elementor-section-height-default elementor-section-height-default\" data-id=\"eceebe3\" data-element_type=\"section\">\n\t\t\t\t\t\t<div class=\"elementor-container elementor-column-gap-default\">\n\t\t\t\t\t<div class=\"elementor-column elementor-col-100 elementor-top-column elementor-element elementor-element-71a3a3d\" data-id=\"71a3a3d\" data-element_type=\"column\">\n\t\t\t<div class=\"elementor-widget-wrap elementor-element-populated\">\n\t\t\t\t\t\t<div class=\"elementor-element elementor-element-0926181 elementor-widget elementor-widget-video\" data-id=\"0926181\" data-element_type=\"widget\" data-settings=\"{&quot;video_type&quot;:&quot;hosted&quot;,&quot;controls&quot;:&quot;yes&quot;}\" data-widget_type=\"video.default\">\n\t\t\t\t<div class=\"elementor-widget-container\">\n\t\t\t\t\t\t\t<div class=\"e-hosted-video elementor-wrapper elementor-open-inline\">\n\t\t\t\t\t<video class=\"elementor-video\" src=\"https:\/\/www.ch-shm.fr\/wp-content\/uploads\/2025\/11\/job-dating-reims-imageri-emed-20.12.25-MP4.mp4\" controls=\"\" preload=\"metadata\" controlsList=\"nodownload\"><\/video>\n\t\t\t\t<\/div>\n\t\t\t\t\t\t<\/div>\n\t\t\t\t<\/div>\n\t\t\t\t\t<\/div>\n\t\t<\/div>\n\t\t\t\t\t<\/div>\n\t\t<\/section>\n\t\t\t\t<section class=\"elementor-section elementor-top-section elementor-element elementor-element-a06572d elementor-section-boxed elementor-section-height-default elementor-section-height-default\" data-id=\"a06572d\" data-element_type=\"section\">\n\t\t\t\t\t\t<div class=\"elementor-container elementor-column-gap-default\">\n\t\t\t\t\t<div class=\"elementor-column elementor-col-100 elementor-top-column elementor-element elementor-element-5b76b5f\" data-id=\"5b76b5f\" data-element_type=\"column\">\n\t\t\t<div class=\"elementor-widget-wrap elementor-element-populated\">\n\t\t\t\t\t\t<div class=\"elementor-element elementor-element-28bfbaa elementor-widget elementor-widget-heading\" data-id=\"28bfbaa\" data-element_type=\"widget\" data-widget_type=\"heading.default\">\n\t\t\t\t<div class=\"elementor-widget-container\">\n\t\t\t\t\t<h2 class=\"elementor-heading-title elementor-size-default\">Contrat d'allocation d'\u00e9tudes<\/h2>\t\t\t\t<\/div>\n\t\t\t\t<\/div>\n\t\t\t\t\t<\/div>\n\t\t<\/div>\n\t\t\t\t\t<\/div>\n\t\t<\/section>\n\t\t\t\t<section class=\"elementor-section elementor-top-section elementor-element elementor-element-a9feaf3 elementor-section-boxed elementor-section-height-default elementor-section-height-default\" data-id=\"a9feaf3\" data-element_type=\"section\">\n\t\t\t\t\t\t<div class=\"elementor-container elementor-column-gap-default\">\n\t\t\t\t\t<div class=\"elementor-column elementor-col-100 elementor-top-column elementor-element elementor-element-9c24841\" data-id=\"9c24841\" data-element_type=\"column\">\n\t\t\t<div class=\"elementor-widget-wrap elementor-element-populated\">\n\t\t\t\t\t\t<div class=\"elementor-element elementor-element-8cb4070 elementor-widget elementor-widget-text-editor\" data-id=\"8cb4070\" data-element_type=\"widget\" data-widget_type=\"text-editor.default\">\n\t\t\t\t<div class=\"elementor-widget-container\">\n\t\t\t\t\t\t\t\t\t<p><span style=\"color: #00003f; font-size: 36pt;\">800\u20ac\/mois<\/span><\/p><p><span style=\"color: #00003f;\">Le dispositif de Contrat d\u2019allocation d\u2019\u00e9tudes (CAE) a pour objet de proposer \u00e0 un \u00e9tudiant le<strong> financement de tout ou partie de ses ann\u00e9es d\u2019\u00e9tudes<\/strong>, en contrepartie d\u2019un <strong>engagement de sa part<\/strong> \u00e0 exercer au sein de l\u2019\u00e9tablissement <strong>pour une dur\u00e9e d\u00e9termin\u00e9e<\/strong>, double de l\u2019aide accord\u00e9e, d\u00e8<\/span>s obtention de son dipl\u00f4me.<\/p>\t\t\t\t\t\t\t\t<\/div>\n\t\t\t\t<\/div>\n\t\t\t\t<div class=\"elementor-element elementor-element-0aefdb4 elementor-widget elementor-widget-button\" data-id=\"0aefdb4\" data-element_type=\"widget\" data-widget_type=\"button.default\">\n\t\t\t\t<div class=\"elementor-widget-container\">\n\t\t\t\t\t\t\t\t\t<div class=\"elementor-button-wrapper\">\n\t\t\t\t\t<a class=\"elementor-button elementor-button-link elementor-size-sm\" href=\"https:\/\/www.grand-est.ars.sante.fr\/dispositif-de-contrat-dallocation-detudes-0\">\n\t\t\t\t\t\t<span class=\"elementor-button-content-wrapper\">\n\t\t\t\t\t\t\t\t\t<span class=\"elementor-button-text\">+ d'infos<\/span>\n\t\t\t\t\t<\/span>\n\t\t\t\t\t<\/a>\n\t\t\t\t<\/div>\n\t\t\t\t\t\t\t\t<\/div>\n\t\t\t\t<\/div>\n\t\t\t\t<div class=\"elementor-element elementor-element-12179c6 elementor-widget elementor-widget-google_maps\" data-id=\"12179c6\" data-element_type=\"widget\" data-widget_type=\"google_maps.default\">\n\t\t\t\t<div class=\"elementor-widget-container\">\n\t\t\t\t\t\t\t<div class=\"elementor-custom-embed\">\n\t\t\t<iframe loading=\"lazy\"\n\t\t\t\t\tsrc=\"https:\/\/maps.google.com\/maps?q=centre%20hospitalier%20de%20chaumont%2052000%202%20rue%20jeanne%20d%27arc&#038;t=m&#038;z=10&#038;output=embed&#038;iwloc=near\"\n\t\t\t\t\ttitle=\"centre hospitalier de chaumont 52000 2 rue jeanne d&#039;arc\"\n\t\t\t\t\taria-label=\"centre hospitalier de chaumont 52000 2 rue jeanne d&#039;arc\"\n\t\t\t><\/iframe>\n\t\t<\/div>\n\t\t\t\t\t\t<\/div>\n\t\t\t\t<\/div>\n\t\t\t\t\t<\/div>\n\t\t<\/div>\n\t\t\t\t\t<\/div>\n\t\t<\/section>\n\t\t\t\t<\/div>\n\t\t","protected":false},"excerpt":{"rendered":"<p>Rencontre avec les \u00e9tudiants Candidature : recrutement@ch-chaumont.fr Pr\u00e9sentation du service Dans notre service d&rsquo;imagerie m\u00e9dicale, sont pratiqu\u00e9s des examens dans les domaines suivants : -radiologie conventionnelle-\u00e9chographie-scanner-IRM Notre service hospitalier est ouvert 24h\/24, 7j\/7 pour la prise en charge des urgences. Notre activit\u00e9 est r\u00e9partie en trois groupes : sur rendez-vous, activit\u00e9 programm\u00e9e pour les patients [&hellip;]<\/p>\n","protected":false},"author":2,"featured_media":0,"parent":0,"menu_order":0,"comment_status":"closed","ping_status":"closed","template":"","meta":{"ocean_post_layout":"","ocean_both_sidebars_style":"","ocean_both_sidebars_content_width":0,"ocean_both_sidebars_sidebars_width":0,"ocean_sidebar":"","ocean_second_sidebar":"","ocean_disable_margins":"enable","ocean_add_body_class":"","ocean_shortcode_before_top_bar":"","ocean_shortcode_after_top_bar":"","ocean_shortcode_before_header":"","ocean_shortcode_after_header":"","ocean_has_shortcode":"","ocean_shortcode_after_title":"","ocean_shortcode_before_footer_widgets":"","ocean_shortcode_after_footer_widgets":"","ocean_shortcode_before_footer_bottom":"","ocean_shortcode_after_footer_bottom":"","ocean_display_top_bar":"default","ocean_display_header":"default","ocean_header_style":"","ocean_center_header_left_menu":"","ocean_custom_header_template":"","ocean_custom_logo":0,"ocean_custom_retina_logo":0,"ocean_custom_logo_max_width":0,"ocean_custom_logo_tablet_max_width":0,"ocean_custom_logo_mobile_max_width":0,"ocean_custom_logo_max_height":0,"ocean_custom_logo_tablet_max_height":0,"ocean_custom_logo_mobile_max_height":0,"ocean_header_custom_menu":"","ocean_menu_typo_font_family":"","ocean_menu_typo_font_subset":"","ocean_menu_typo_font_size":0,"ocean_menu_typo_font_size_tablet":0,"ocean_menu_typo_font_size_mobile":0,"ocean_menu_typo_font_size_unit":"px","ocean_menu_typo_font_weight":"","ocean_menu_typo_font_weight_tablet":"","ocean_menu_typo_font_weight_mobile":"","ocean_menu_typo_transform":"","ocean_menu_typo_transform_tablet":"","ocean_menu_typo_transform_mobile":"","ocean_menu_typo_line_height":0,"ocean_menu_typo_line_height_tablet":0,"ocean_menu_typo_line_height_mobile":0,"ocean_menu_typo_line_height_unit":"","ocean_menu_typo_spacing":0,"ocean_menu_typo_spacing_tablet":0,"ocean_menu_typo_spacing_mobile":0,"ocean_menu_typo_spacing_unit":"","ocean_menu_link_color":"","ocean_menu_link_color_hover":"","ocean_menu_link_color_active":"","ocean_menu_link_background":"","ocean_menu_link_hover_background":"","ocean_menu_link_active_background":"","ocean_menu_social_links_bg":"","ocean_menu_social_hover_links_bg":"","ocean_menu_social_links_color":"","ocean_menu_social_hover_links_color":"","ocean_disable_title":"default","ocean_disable_heading":"default","ocean_post_title":"","ocean_post_subheading":"","ocean_post_title_style":"","ocean_post_title_background_color":"","ocean_post_title_background":0,"ocean_post_title_bg_image_position":"","ocean_post_title_bg_image_attachment":"","ocean_post_title_bg_image_repeat":"","ocean_post_title_bg_image_size":"","ocean_post_title_height":0,"ocean_post_title_bg_overlay":0.5,"ocean_post_title_bg_overlay_color":"","ocean_disable_breadcrumbs":"default","ocean_breadcrumbs_color":"","ocean_breadcrumbs_separator_color":"","ocean_breadcrumbs_links_color":"","ocean_breadcrumbs_links_hover_color":"","ocean_display_footer_widgets":"default","ocean_display_footer_bottom":"default","ocean_custom_footer_template":"","footnotes":""},"class_list":["post-5828","page","type-page","status-publish","hentry","entry"],"_links":{"self":[{"href":"https:\/\/www.ch-shm.fr\/index.php?rest_route=\/wp\/v2\/pages\/5828","targetHints":{"allow":["GET"]}}],"collection":[{"href":"https:\/\/www.ch-shm.fr\/index.php?rest_route=\/wp\/v2\/pages"}],"about":[{"href":"https:\/\/www.ch-shm.fr\/index.php?rest_route=\/wp\/v2\/types\/page"}],"author":[{"embeddable":true,"href":"https:\/\/www.ch-shm.fr\/index.php?rest_route=\/wp\/v2\/users\/2"}],"replies":[{"embeddable":true,"href":"https:\/\/www.ch-shm.fr\/index.php?rest_route=%2Fwp%2Fv2%2Fcomments&post=5828"}],"version-history":[{"count":16,"href":"https:\/\/www.ch-shm.fr\/index.php?rest_route=\/wp\/v2\/pages\/5828\/revisions"}],"predecessor-version":[{"id":5854,"href":"https:\/\/www.ch-shm.fr\/index.php?rest_route=\/wp\/v2\/pages\/5828\/revisions\/5854"}],"wp:attachment":[{"href":"https:\/\/www.ch-shm.fr\/index.php?rest_route=%2Fwp%2Fv2%2Fmedia&parent=5828"}],"curies":[{"name":"wp","href":"https:\/\/api.w.org\/{rel}","templated":true}]}}