{"id":5438,"date":"2025-11-03T12:00:53","date_gmt":"2025-11-03T11:00:53","guid":{"rendered":"https:\/\/www.ch-shm.fr\/?page_id=5438"},"modified":"2026-03-23T15:47:10","modified_gmt":"2026-03-23T14:47:10","slug":"jod-dating-radiologie","status":"publish","type":"page","link":"https:\/\/www.ch-shm.fr\/?page_id=5438","title":{"rendered":"job dating radiologie"},"content":{"rendered":"\t\t<div data-elementor-type=\"wp-page\" data-elementor-id=\"5438\" class=\"elementor elementor-5438\">\n\t\t\t\t\t\t<section class=\"elementor-section elementor-top-section elementor-element elementor-element-71f8f01 elementor-section-boxed elementor-section-height-default elementor-section-height-default\" data-id=\"71f8f01\" data-element_type=\"section\" data-settings=\"{&quot;background_background&quot;:&quot;classic&quot;}\">\n\t\t\t\t\t\t\t<div class=\"elementor-background-overlay\"><\/div>\n\t\t\t\t\t\t\t<div class=\"elementor-container elementor-column-gap-default\">\n\t\t\t\t\t<div class=\"elementor-column elementor-col-100 elementor-top-column elementor-element elementor-element-414f072\" data-id=\"414f072\" data-element_type=\"column\">\n\t\t\t<div class=\"elementor-widget-wrap elementor-element-populated\">\n\t\t\t\t\t\t<div class=\"elementor-element elementor-element-ad20a9f elementor-widget elementor-widget-image\" data-id=\"ad20a9f\" data-element_type=\"widget\" data-widget_type=\"image.default\">\n\t\t\t\t<div class=\"elementor-widget-container\">\n\t\t\t\t\t\t\t\t\t\t\t\t\t\t\t<img decoding=\"async\" width=\"150\" height=\"150\" src=\"https:\/\/www.ch-shm.fr\/wp-content\/uploads\/2025\/06\/logo-ch-150x150.jpg\" class=\"attachment-thumbnail size-thumbnail wp-image-5083\" alt=\"\" srcset=\"https:\/\/www.ch-shm.fr\/wp-content\/uploads\/2025\/06\/logo-ch-150x150.jpg 150w, https:\/\/www.ch-shm.fr\/wp-content\/uploads\/2025\/06\/logo-ch-300x300.jpg 300w, https:\/\/www.ch-shm.fr\/wp-content\/uploads\/2025\/06\/logo-ch-144x144.jpg 144w, https:\/\/www.ch-shm.fr\/wp-content\/uploads\/2025\/06\/logo-ch.jpg 500w\" sizes=\"(max-width: 150px) 100vw, 150px\" \/>\t\t\t\t\t\t\t\t\t\t\t\t\t\t\t<\/div>\n\t\t\t\t<\/div>\n\t\t\t\t<div class=\"elementor-element elementor-element-217e696 elementor-widget elementor-widget-heading\" data-id=\"217e696\" data-element_type=\"widget\" data-widget_type=\"heading.default\">\n\t\t\t\t<div class=\"elementor-widget-container\">\n\t\t\t\t\t<h2 class=\"elementor-heading-title elementor-size-default\">Rencontre avec les \u00e9tudiants<\/h2>\t\t\t\t<\/div>\n\t\t\t\t<\/div>\n\t\t\t\t<div class=\"elementor-element elementor-element-a75937b elementor-widget elementor-widget-text-editor\" data-id=\"a75937b\" data-element_type=\"widget\" data-widget_type=\"text-editor.default\">\n\t\t\t\t<div class=\"elementor-widget-container\">\n\t\t\t\t\t\t\t\t\t<p style=\"text-align: center;\"><span style=\"color: #00003f;\">Jeudi 20 novembre 2025 &#8211; Participation du centre hospitalier de Chaumont &#8211; Manipulateur en \u00e9lectroradiologie<\/span><\/p>\t\t\t\t\t\t\t\t<\/div>\n\t\t\t\t<\/div>\n\t\t\t\t\t<\/div>\n\t\t<\/div>\n\t\t\t\t\t<\/div>\n\t\t<\/section>\n\t\t\t\t<section class=\"elementor-section elementor-top-section elementor-element elementor-element-c0db944 elementor-section-boxed elementor-section-height-default elementor-section-height-default\" data-id=\"c0db944\" data-element_type=\"section\">\n\t\t\t\t\t\t<div class=\"elementor-container elementor-column-gap-default\">\n\t\t\t\t\t<div class=\"elementor-column elementor-col-33 elementor-top-column elementor-element elementor-element-d00acc3\" data-id=\"d00acc3\" data-element_type=\"column\">\n\t\t\t<div class=\"elementor-widget-wrap elementor-element-populated\">\n\t\t\t\t\t\t<div class=\"elementor-element elementor-element-9018d6a elementor-widget__width-initial elementor-widget elementor-widget-image\" data-id=\"9018d6a\" data-element_type=\"widget\" data-widget_type=\"image.default\">\n\t\t\t\t<div class=\"elementor-widget-container\">\n\t\t\t\t\t\t\t\t\t\t\t\t\t\t\t<img fetchpriority=\"high\" decoding=\"async\" width=\"768\" height=\"1024\" src=\"https:\/\/www.ch-shm.fr\/wp-content\/uploads\/2025\/11\/IMG_9053-768x1024.jpg\" class=\"attachment-large size-large wp-image-5474\" alt=\"\" srcset=\"https:\/\/www.ch-shm.fr\/wp-content\/uploads\/2025\/11\/IMG_9053-768x1024.jpg 768w, https:\/\/www.ch-shm.fr\/wp-content\/uploads\/2025\/11\/IMG_9053-225x300.jpg 225w, https:\/\/www.ch-shm.fr\/wp-content\/uploads\/2025\/11\/IMG_9053-1152x1536.jpg 1152w, https:\/\/www.ch-shm.fr\/wp-content\/uploads\/2025\/11\/IMG_9053-1536x2048.jpg 1536w, https:\/\/www.ch-shm.fr\/wp-content\/uploads\/2025\/11\/IMG_9053-scaled.jpg 1920w\" sizes=\"(max-width: 768px) 100vw, 768px\" \/>\t\t\t\t\t\t\t\t\t\t\t\t\t\t\t<\/div>\n\t\t\t\t<\/div>\n\t\t\t\t\t<\/div>\n\t\t<\/div>\n\t\t\t\t<div class=\"elementor-column elementor-col-33 elementor-top-column elementor-element elementor-element-a840870\" data-id=\"a840870\" data-element_type=\"column\">\n\t\t\t<div class=\"elementor-widget-wrap elementor-element-populated\">\n\t\t\t\t\t\t<div class=\"elementor-element elementor-element-53f8697 elementor-widget elementor-widget-image\" data-id=\"53f8697\" data-element_type=\"widget\" data-widget_type=\"image.default\">\n\t\t\t\t<div class=\"elementor-widget-container\">\n\t\t\t\t\t\t\t\t\t\t\t\t\t\t\t<img decoding=\"async\" width=\"768\" height=\"1024\" src=\"https:\/\/www.ch-shm.fr\/wp-content\/uploads\/2025\/11\/IMG_9062-768x1024.jpg\" class=\"attachment-large size-large wp-image-5475\" alt=\"\" srcset=\"https:\/\/www.ch-shm.fr\/wp-content\/uploads\/2025\/11\/IMG_9062-768x1024.jpg 768w, https:\/\/www.ch-shm.fr\/wp-content\/uploads\/2025\/11\/IMG_9062-225x300.jpg 225w, https:\/\/www.ch-shm.fr\/wp-content\/uploads\/2025\/11\/IMG_9062-1152x1536.jpg 1152w, https:\/\/www.ch-shm.fr\/wp-content\/uploads\/2025\/11\/IMG_9062-1536x2048.jpg 1536w, https:\/\/www.ch-shm.fr\/wp-content\/uploads\/2025\/11\/IMG_9062-scaled.jpg 1920w\" sizes=\"(max-width: 768px) 100vw, 768px\" \/>\t\t\t\t\t\t\t\t\t\t\t\t\t\t\t<\/div>\n\t\t\t\t<\/div>\n\t\t\t\t\t<\/div>\n\t\t<\/div>\n\t\t\t\t<div class=\"elementor-column elementor-col-33 elementor-top-column elementor-element elementor-element-d97f200\" data-id=\"d97f200\" data-element_type=\"column\">\n\t\t\t<div class=\"elementor-widget-wrap elementor-element-populated\">\n\t\t\t\t\t\t<div class=\"elementor-element elementor-element-47ea3e4 elementor-widget elementor-widget-image\" data-id=\"47ea3e4\" data-element_type=\"widget\" data-widget_type=\"image.default\">\n\t\t\t\t<div class=\"elementor-widget-container\">\n\t\t\t\t\t\t\t\t\t\t\t\t\t\t\t<img loading=\"lazy\" decoding=\"async\" width=\"1024\" height=\"562\" src=\"https:\/\/www.ch-shm.fr\/wp-content\/uploads\/2025\/11\/photo-equipe-manipualteur-radio-1024x562.jpg\" class=\"attachment-large size-large wp-image-5484\" alt=\"\" srcset=\"https:\/\/www.ch-shm.fr\/wp-content\/uploads\/2025\/11\/photo-equipe-manipualteur-radio-1024x562.jpg 1024w, https:\/\/www.ch-shm.fr\/wp-content\/uploads\/2025\/11\/photo-equipe-manipualteur-radio-300x165.jpg 300w, https:\/\/www.ch-shm.fr\/wp-content\/uploads\/2025\/11\/photo-equipe-manipualteur-radio-768x421.jpg 768w, https:\/\/www.ch-shm.fr\/wp-content\/uploads\/2025\/11\/photo-equipe-manipualteur-radio.jpg 1170w\" sizes=\"(max-width: 1024px) 100vw, 1024px\" \/>\t\t\t\t\t\t\t\t\t\t\t\t\t\t\t<\/div>\n\t\t\t\t<\/div>\n\t\t\t\t\t<\/div>\n\t\t<\/div>\n\t\t\t\t\t<\/div>\n\t\t<\/section>\n\t\t\t\t<section class=\"elementor-section elementor-top-section elementor-element elementor-element-938fe94 elementor-section-boxed elementor-section-height-default elementor-section-height-default\" data-id=\"938fe94\" data-element_type=\"section\" data-settings=\"{&quot;background_background&quot;:&quot;classic&quot;}\">\n\t\t\t\t\t\t<div class=\"elementor-container elementor-column-gap-default\">\n\t\t\t\t\t<div class=\"elementor-column elementor-col-100 elementor-top-column elementor-element elementor-element-6d43999\" data-id=\"6d43999\" data-element_type=\"column\">\n\t\t\t<div class=\"elementor-widget-wrap elementor-element-populated\">\n\t\t\t\t\t\t<div class=\"elementor-element elementor-element-76c8b92 elementor-widget elementor-widget-heading\" data-id=\"76c8b92\" data-element_type=\"widget\" data-widget_type=\"heading.default\">\n\t\t\t\t<div class=\"elementor-widget-container\">\n\t\t\t\t\t<h2 class=\"elementor-heading-title elementor-size-default\">Postuler : recrutement@ch-chaumont.fr<\/h2>\t\t\t\t<\/div>\n\t\t\t\t<\/div>\n\t\t\t\t\t<\/div>\n\t\t<\/div>\n\t\t\t\t\t<\/div>\n\t\t<\/section>\n\t\t\t\t<section class=\"elementor-section elementor-top-section elementor-element elementor-element-2da0628 elementor-section-boxed elementor-section-height-default elementor-section-height-default\" data-id=\"2da0628\" data-element_type=\"section\" data-settings=\"{&quot;background_background&quot;:&quot;classic&quot;}\">\n\t\t\t\t\t\t\t<div class=\"elementor-background-overlay\"><\/div>\n\t\t\t\t\t\t\t<div class=\"elementor-container elementor-column-gap-default\">\n\t\t\t\t\t<div class=\"elementor-column elementor-col-100 elementor-top-column elementor-element elementor-element-f432101\" data-id=\"f432101\" data-element_type=\"column\">\n\t\t\t<div class=\"elementor-widget-wrap elementor-element-populated\">\n\t\t\t\t\t\t<div class=\"elementor-element elementor-element-09c1688 elementor-widget elementor-widget-heading\" data-id=\"09c1688\" data-element_type=\"widget\" data-widget_type=\"heading.default\">\n\t\t\t\t<div class=\"elementor-widget-container\">\n\t\t\t\t\t<h2 class=\"elementor-heading-title elementor-size-default\">Pr\u00e9sentation du service<\/h2>\t\t\t\t<\/div>\n\t\t\t\t<\/div>\n\t\t\t\t<div class=\"elementor-element elementor-element-493965b elementor-widget elementor-widget-text-editor\" data-id=\"493965b\" data-element_type=\"widget\" data-widget_type=\"text-editor.default\">\n\t\t\t\t<div class=\"elementor-widget-container\">\n\t\t\t\t\t\t\t\t\t<p><span style=\"color: #00003f;\">Dans notre service d&rsquo;imagerie m\u00e9dicale, sont pratiqu\u00e9s des <\/span><span style=\"color: #00003f;\">examens dans les <\/span><span style=\"color: #00003f;\">domaines suivants :<\/span><\/p><p><strong><span style=\"color: #00003f;\">-radiologie conventionnelle<\/span><\/strong><br \/><strong><span style=\"color: #00003f;\">-\u00e9chographie<\/span><\/strong><br \/><strong><span style=\"color: #00003f;\">-scanner<\/span><\/strong><br \/><strong><span style=\"color: #00003f;\">-IRM<\/span><\/strong><\/p><p><span style=\"color: #00003f;\">Notre service hospitalier est <strong>ouvert 24h\/24, 7j\/7<\/strong> pour la prise en charge des urgences.<\/span><\/p><p><span style=\"color: #00003f;\"><span style=\"text-decoration: underline;\">Notre activit\u00e9 est r\u00e9partie en trois groupes<\/span> : sur rendez-vous, activit\u00e9 programm\u00e9e <\/span><span style=\"color: #00003f;\">pour les patients hospitalis\u00e9s au CH de Chaumont et activit\u00e9 programm\u00e9e pour les <\/span><span style=\"color: #00003f;\">consultants externes ; activit\u00e9 non programm\u00e9e pour la prise en charge des patients en <\/span><span style=\"color: #00003f;\">urgence.<\/span><\/p><p><span style=\"color: #00003f;\">Notre service comprend quatre salles d&rsquo;examens de radiologie, 1 salle d&rsquo;\u00e9chographie ; <\/span><span style=\"color: #00003f;\">nous partageons le temps d&rsquo;exploitation du scanner et de l&rsquo;IRM avec des \u00e9quipes du <\/span><span style=\"color: #00003f;\">secteur priv\u00e9 au sein du GIE Haute marne Sud.<\/span><\/p><p><span style=\"color: #00003f;\">Notre service r\u00e9alise environ <strong>30000 examens<\/strong> tous types confondus par an.<\/span><\/p>\t\t\t\t\t\t\t\t<\/div>\n\t\t\t\t<\/div>\n\t\t\t\t\t<\/div>\n\t\t<\/div>\n\t\t\t\t\t<\/div>\n\t\t<\/section>\n\t\t\t\t<section class=\"elementor-section elementor-top-section elementor-element elementor-element-b496299 elementor-section-boxed elementor-section-height-default elementor-section-height-default\" data-id=\"b496299\" data-element_type=\"section\">\n\t\t\t\t\t\t<div class=\"elementor-container elementor-column-gap-default\">\n\t\t\t\t\t<div class=\"elementor-column elementor-col-100 elementor-top-column elementor-element elementor-element-963f424\" data-id=\"963f424\" data-element_type=\"column\">\n\t\t\t<div class=\"elementor-widget-wrap elementor-element-populated\">\n\t\t\t\t\t\t<div class=\"elementor-element elementor-element-21f486f elementor-widget elementor-widget-heading\" data-id=\"21f486f\" data-element_type=\"widget\" data-widget_type=\"heading.default\">\n\t\t\t\t<div class=\"elementor-widget-container\">\n\t\t\t\t\t<h2 class=\"elementor-heading-title elementor-size-default\">Pr\u00e9sentation de l'\u00e9quipe<\/h2>\t\t\t\t<\/div>\n\t\t\t\t<\/div>\n\t\t\t\t<div class=\"elementor-element elementor-element-50e4848 elementor-widget elementor-widget-text-editor\" data-id=\"50e4848\" data-element_type=\"widget\" data-widget_type=\"text-editor.default\">\n\t\t\t\t<div class=\"elementor-widget-container\">\n\t\t\t\t\t\t\t\t\t<p><span style=\"color: #00003f;\">Notre \u00e9quipe est compos\u00e9e de 3 m\u00e9decins radiologues, de 10 manipulateurs, 3<\/span><br \/><span style=\"color: #00003f;\">secr\u00e9taires et 1 ASH.<\/span><\/p><p><strong><span style=\"color: #00003f;\">Radiologues :<\/span><\/strong><br \/><span style=\"color: #00003f;\">-Pr M.Midulla, radiologue temps partiel, Chef de service<\/span><br \/><span style=\"color: #00003f;\">-Dr D.Martin, radiologue temps partiel<\/span><br \/><span style=\"color: #00003f;\">-Dr W.Ben Mansour, radiologue temps plein<\/span><\/p><p><span style=\"color: #00003f;\"><strong>Manipulatrices et manipulateurs<\/strong> : <\/span><span style=\"color: #00003f;\">Maryse, Magali, B\u00e9rang\u00e8re, Vanessa , C\u00e9line, Salom\u00e9, Florence, Guillaume et David<\/span><\/p><p><span style=\"color: #00003f;\"><strong>Manipulateur et faisant fonction de cadre de sant\u00e9<\/strong> : M S.Schmitt<br \/><\/span><\/p><p><span style=\"color: #00003f;\"><strong>Secr\u00e9taires<\/strong> : <\/span><span style=\"color: #00003f;\">Ang\u00e9lique, Amandine et M\u00e9lanie<\/span><\/p><p><span style=\"color: #00003f;\"><strong>-Agent des services hospitaliers<\/strong> : <\/span><span style=\"color: #00003f;\">Daimara<\/span><\/p>\t\t\t\t\t\t\t\t<\/div>\n\t\t\t\t<\/div>\n\t\t\t\t\t<\/div>\n\t\t<\/div>\n\t\t\t\t\t<\/div>\n\t\t<\/section>\n\t\t\t\t<section class=\"elementor-section elementor-top-section elementor-element elementor-element-21fd881 elementor-section-boxed elementor-section-height-default elementor-section-height-default\" data-id=\"21fd881\" data-element_type=\"section\" data-settings=\"{&quot;background_background&quot;:&quot;classic&quot;}\">\n\t\t\t\t\t\t\t<div class=\"elementor-background-overlay\"><\/div>\n\t\t\t\t\t\t\t<div class=\"elementor-container elementor-column-gap-default\">\n\t\t\t\t\t<div class=\"elementor-column elementor-col-100 elementor-top-column elementor-element elementor-element-a718658\" data-id=\"a718658\" data-element_type=\"column\">\n\t\t\t<div class=\"elementor-widget-wrap elementor-element-populated\">\n\t\t\t\t\t\t<div class=\"elementor-element elementor-element-86b86f6 elementor-widget elementor-widget-heading\" data-id=\"86b86f6\" data-element_type=\"widget\" data-widget_type=\"heading.default\">\n\t\t\t\t<div class=\"elementor-widget-container\">\n\t\t\t\t\t<h2 class=\"elementor-heading-title elementor-size-default\">Stagiaires\/Etudiants<\/h2>\t\t\t\t<\/div>\n\t\t\t\t<\/div>\n\t\t\t\t<div class=\"elementor-element elementor-element-e4eda38 elementor-widget elementor-widget-text-editor\" data-id=\"e4eda38\" data-element_type=\"widget\" data-widget_type=\"text-editor.default\">\n\t\t\t\t<div class=\"elementor-widget-container\">\n\t\t\t\t\t\t\t\t\t<p><span style=\"color: #00003f;\">En rejoignant le Centre hospitalier de Chaumont, nous vous assurons un accompagnement formateur tout au long de votre apprentissage.<\/span><\/p>\t\t\t\t\t\t\t\t<\/div>\n\t\t\t\t<\/div>\n\t\t\t\t<div class=\"elementor-element elementor-element-3802d31 elementor-widget elementor-widget-video\" data-id=\"3802d31\" data-element_type=\"widget\" data-settings=\"{&quot;video_type&quot;:&quot;hosted&quot;,&quot;controls&quot;:&quot;yes&quot;}\" data-widget_type=\"video.default\">\n\t\t\t\t<div class=\"elementor-widget-container\">\n\t\t\t\t\t\t\t<div class=\"e-hosted-video elementor-wrapper elementor-open-inline\">\n\t\t\t\t\t<video class=\"elementor-video\" src=\"https:\/\/www.ch-shm.fr\/wp-content\/uploads\/2025\/11\/job-dating-reims-imageri-emed-20.12.25-MP4.mp4\" controls=\"\" preload=\"metadata\" controlsList=\"nodownload\"><\/video>\n\t\t\t\t<\/div>\n\t\t\t\t\t\t<\/div>\n\t\t\t\t<\/div>\n\t\t\t\t\t<\/div>\n\t\t<\/div>\n\t\t\t\t\t<\/div>\n\t\t<\/section>\n\t\t\t\t<section class=\"elementor-section elementor-top-section elementor-element elementor-element-049b70b elementor-section-boxed elementor-section-height-default elementor-section-height-default\" data-id=\"049b70b\" data-element_type=\"section\" data-settings=\"{&quot;background_background&quot;:&quot;classic&quot;}\">\n\t\t\t\t\t\t<div class=\"elementor-container elementor-column-gap-default\">\n\t\t\t\t\t<div class=\"elementor-column elementor-col-100 elementor-top-column elementor-element elementor-element-0d2495b\" data-id=\"0d2495b\" data-element_type=\"column\">\n\t\t\t<div class=\"elementor-widget-wrap elementor-element-populated\">\n\t\t\t\t\t\t<div class=\"elementor-element elementor-element-0300b67 elementor-widget elementor-widget-heading\" data-id=\"0300b67\" data-element_type=\"widget\" data-widget_type=\"heading.default\">\n\t\t\t\t<div class=\"elementor-widget-container\">\n\t\t\t\t\t<h2 class=\"elementor-heading-title elementor-size-default\">Contrat d'allocation d'\u00e9tudes<\/h2>\t\t\t\t<\/div>\n\t\t\t\t<\/div>\n\t\t\t\t<div class=\"elementor-element elementor-element-80ff209 elementor-widget elementor-widget-text-editor\" data-id=\"80ff209\" data-element_type=\"widget\" data-widget_type=\"text-editor.default\">\n\t\t\t\t<div class=\"elementor-widget-container\">\n\t\t\t\t\t\t\t\t\t<p><span style=\"font-size: 36pt; color: #00003f;\">800\u20ac\/mois<\/span><\/p><p><span style=\"color: #00003f;\">Le dispositif de Contrat d\u2019allocation d\u2019\u00e9tudes (CAE) a pour objet de proposer \u00e0 un \u00e9tudiant le<strong> financement de tout ou partie de ses ann\u00e9es d\u2019\u00e9tudes<\/strong>, en contrepartie d\u2019un <strong>engagement de sa part<\/strong> \u00e0 exercer au sein de l\u2019\u00e9tablissement <strong>pour une dur\u00e9e d\u00e9termin\u00e9e<\/strong>, double de l\u2019aide accord\u00e9e, d\u00e8s obtention de son dipl\u00f4me.<\/span><\/p>\t\t\t\t\t\t\t\t<\/div>\n\t\t\t\t<\/div>\n\t\t\t\t<div class=\"elementor-element elementor-element-9c24ca5 elementor-widget elementor-widget-button\" data-id=\"9c24ca5\" data-element_type=\"widget\" data-widget_type=\"button.default\">\n\t\t\t\t<div class=\"elementor-widget-container\">\n\t\t\t\t\t\t\t\t\t<div class=\"elementor-button-wrapper\">\n\t\t\t\t\t<a class=\"elementor-button elementor-button-link elementor-size-sm\" href=\"https:\/\/www.grand-est.ars.sante.fr\/dispositif-de-contrat-dallocation-detudes-0\">\n\t\t\t\t\t\t<span class=\"elementor-button-content-wrapper\">\n\t\t\t\t\t\t\t\t\t<span class=\"elementor-button-text\">+ d'infos<\/span>\n\t\t\t\t\t<\/span>\n\t\t\t\t\t<\/a>\n\t\t\t\t<\/div>\n\t\t\t\t\t\t\t\t<\/div>\n\t\t\t\t<\/div>\n\t\t\t\t\t<\/div>\n\t\t<\/div>\n\t\t\t\t\t<\/div>\n\t\t<\/section>\n\t\t\t\t<\/div>\n\t\t","protected":false},"excerpt":{"rendered":"<p>Rencontre avec les \u00e9tudiants Jeudi 20 novembre 2025 &#8211; Participation du centre hospitalier de Chaumont &#8211; Manipulateur en \u00e9lectroradiologie Postuler : recrutement@ch-chaumont.fr Pr\u00e9sentation du service Dans notre service d&rsquo;imagerie m\u00e9dicale, sont pratiqu\u00e9s des examens dans les domaines suivants : -radiologie conventionnelle-\u00e9chographie-scanner-IRM Notre service hospitalier est ouvert 24h\/24, 7j\/7 pour la prise en charge des urgences. [&hellip;]<\/p>\n","protected":false},"author":2,"featured_media":0,"parent":0,"menu_order":0,"comment_status":"closed","ping_status":"closed","template":"","meta":{"ocean_post_layout":"","ocean_both_sidebars_style":"","ocean_both_sidebars_content_width":0,"ocean_both_sidebars_sidebars_width":0,"ocean_sidebar":"","ocean_second_sidebar":"","ocean_disable_margins":"enable","ocean_add_body_class":"","ocean_shortcode_before_top_bar":"","ocean_shortcode_after_top_bar":"","ocean_shortcode_before_header":"","ocean_shortcode_after_header":"","ocean_has_shortcode":"","ocean_shortcode_after_title":"","ocean_shortcode_before_footer_widgets":"","ocean_shortcode_after_footer_widgets":"","ocean_shortcode_before_footer_bottom":"","ocean_shortcode_after_footer_bottom":"","ocean_display_top_bar":"default","ocean_display_header":"default","ocean_header_style":"","ocean_center_header_left_menu":"","ocean_custom_header_template":"","ocean_custom_logo":0,"ocean_custom_retina_logo":0,"ocean_custom_logo_max_width":0,"ocean_custom_logo_tablet_max_width":0,"ocean_custom_logo_mobile_max_width":0,"ocean_custom_logo_max_height":0,"ocean_custom_logo_tablet_max_height":0,"ocean_custom_logo_mobile_max_height":0,"ocean_header_custom_menu":"","ocean_menu_typo_font_family":"","ocean_menu_typo_font_subset":"","ocean_menu_typo_font_size":0,"ocean_menu_typo_font_size_tablet":0,"ocean_menu_typo_font_size_mobile":0,"ocean_menu_typo_font_size_unit":"px","ocean_menu_typo_font_weight":"","ocean_menu_typo_font_weight_tablet":"","ocean_menu_typo_font_weight_mobile":"","ocean_menu_typo_transform":"","ocean_menu_typo_transform_tablet":"","ocean_menu_typo_transform_mobile":"","ocean_menu_typo_line_height":0,"ocean_menu_typo_line_height_tablet":0,"ocean_menu_typo_line_height_mobile":0,"ocean_menu_typo_line_height_unit":"","ocean_menu_typo_spacing":0,"ocean_menu_typo_spacing_tablet":0,"ocean_menu_typo_spacing_mobile":0,"ocean_menu_typo_spacing_unit":"","ocean_menu_link_color":"","ocean_menu_link_color_hover":"","ocean_menu_link_color_active":"","ocean_menu_link_background":"","ocean_menu_link_hover_background":"","ocean_menu_link_active_background":"","ocean_menu_social_links_bg":"","ocean_menu_social_hover_links_bg":"","ocean_menu_social_links_color":"","ocean_menu_social_hover_links_color":"","ocean_disable_title":"default","ocean_disable_heading":"default","ocean_post_title":"","ocean_post_subheading":"","ocean_post_title_style":"","ocean_post_title_background_color":"","ocean_post_title_background":0,"ocean_post_title_bg_image_position":"","ocean_post_title_bg_image_attachment":"","ocean_post_title_bg_image_repeat":"","ocean_post_title_bg_image_size":"","ocean_post_title_height":0,"ocean_post_title_bg_overlay":0.5,"ocean_post_title_bg_overlay_color":"","ocean_disable_breadcrumbs":"default","ocean_breadcrumbs_color":"","ocean_breadcrumbs_separator_color":"","ocean_breadcrumbs_links_color":"","ocean_breadcrumbs_links_hover_color":"","ocean_display_footer_widgets":"default","ocean_display_footer_bottom":"default","ocean_custom_footer_template":"","footnotes":""},"class_list":["post-5438","page","type-page","status-publish","hentry","entry"],"_links":{"self":[{"href":"https:\/\/www.ch-shm.fr\/index.php?rest_route=\/wp\/v2\/pages\/5438","targetHints":{"allow":["GET"]}}],"collection":[{"href":"https:\/\/www.ch-shm.fr\/index.php?rest_route=\/wp\/v2\/pages"}],"about":[{"href":"https:\/\/www.ch-shm.fr\/index.php?rest_route=\/wp\/v2\/types\/page"}],"author":[{"embeddable":true,"href":"https:\/\/www.ch-shm.fr\/index.php?rest_route=\/wp\/v2\/users\/2"}],"replies":[{"embeddable":true,"href":"https:\/\/www.ch-shm.fr\/index.php?rest_route=%2Fwp%2Fv2%2Fcomments&post=5438"}],"version-history":[{"count":26,"href":"https:\/\/www.ch-shm.fr\/index.php?rest_route=\/wp\/v2\/pages\/5438\/revisions"}],"predecessor-version":[{"id":5846,"href":"https:\/\/www.ch-shm.fr\/index.php?rest_route=\/wp\/v2\/pages\/5438\/revisions\/5846"}],"wp:attachment":[{"href":"https:\/\/www.ch-shm.fr\/index.php?rest_route=%2Fwp%2Fv2%2Fmedia&parent=5438"}],"curies":[{"name":"wp","href":"https:\/\/api.w.org\/{rel}","templated":true}]}}