{"id":5298,"date":"2025-10-06T15:57:15","date_gmt":"2025-10-06T13:57:15","guid":{"rendered":"https:\/\/www.ch-shm.fr\/?page_id=5298"},"modified":"2025-10-17T13:01:20","modified_gmt":"2025-10-17T11:01:20","slug":"internes","status":"publish","type":"page","link":"https:\/\/www.ch-shm.fr\/?page_id=5298","title":{"rendered":"Internes"},"content":{"rendered":"\t\t<div data-elementor-type=\"wp-page\" data-elementor-id=\"5298\" class=\"elementor elementor-5298\">\n\t\t\t\t\t\t<section class=\"elementor-section elementor-top-section elementor-element elementor-element-a869200 elementor-section-boxed elementor-section-height-default elementor-section-height-default\" data-id=\"a869200\" data-element_type=\"section\" data-settings=\"{&quot;background_background&quot;:&quot;slideshow&quot;,&quot;background_slideshow_gallery&quot;:[{&quot;id&quot;:5362,&quot;url&quot;:&quot;https:\\\/\\\/www.ch-shm.fr\\\/wp-content\\\/uploads\\\/2025\\\/10\\\/internes-pot.png&quot;}],&quot;background_slideshow_loop&quot;:&quot;yes&quot;,&quot;background_slideshow_slide_duration&quot;:5000,&quot;background_slideshow_slide_transition&quot;:&quot;fade&quot;,&quot;background_slideshow_transition_duration&quot;:500}\">\n\t\t\t\t\t\t<div class=\"elementor-container elementor-column-gap-default\">\n\t\t\t\t\t<div class=\"elementor-column elementor-col-100 elementor-top-column elementor-element elementor-element-5281797\" data-id=\"5281797\" data-element_type=\"column\">\n\t\t\t<div class=\"elementor-widget-wrap\">\n\t\t\t\t\t\t\t<\/div>\n\t\t<\/div>\n\t\t\t\t\t<\/div>\n\t\t<\/section>\n\t\t\t\t<section class=\"elementor-section elementor-top-section elementor-element elementor-element-57e4e7e elementor-section-boxed elementor-section-height-default elementor-section-height-default\" data-id=\"57e4e7e\" data-element_type=\"section\">\n\t\t\t\t\t\t\t<div class=\"elementor-background-overlay\"><\/div>\n\t\t\t\t\t\t\t<div class=\"elementor-container elementor-column-gap-default\">\n\t\t\t\t\t<div class=\"elementor-column elementor-col-100 elementor-top-column elementor-element elementor-element-9a9d725\" data-id=\"9a9d725\" data-element_type=\"column\">\n\t\t\t<div class=\"elementor-widget-wrap elementor-element-populated\">\n\t\t\t\t\t\t<div class=\"elementor-element elementor-element-7cf108d elementor-widget elementor-widget-spacer\" data-id=\"7cf108d\" data-element_type=\"widget\" data-widget_type=\"spacer.default\">\n\t\t\t\t<div class=\"elementor-widget-container\">\n\t\t\t\t\t\t\t<div class=\"elementor-spacer\">\n\t\t\t<div class=\"elementor-spacer-inner\"><\/div>\n\t\t<\/div>\n\t\t\t\t\t\t<\/div>\n\t\t\t\t<\/div>\n\t\t\t\t<div class=\"elementor-element elementor-element-6c1de46 elementor-widget elementor-widget-heading\" data-id=\"6c1de46\" data-element_type=\"widget\" data-widget_type=\"heading.default\">\n\t\t\t\t<div class=\"elementor-widget-container\">\n\t\t\t\t\t<h2 class=\"elementor-heading-title elementor-size-default\">Espace Internes\n<\/h2>\t\t\t\t<\/div>\n\t\t\t\t<\/div>\n\t\t\t\t<div class=\"elementor-element elementor-element-5b39766 elementor-widget elementor-widget-text-editor\" data-id=\"5b39766\" data-element_type=\"widget\" data-widget_type=\"text-editor.default\">\n\t\t\t\t<div class=\"elementor-widget-container\">\n\t\t\t\t\t\t\t\t\t<p><span style=\"color: #00003f;\"><span style=\"font-size: 24pt;\">Bienvenue<\/span> au sein des Centres Hospitaliers du Sud Haute-Marne.<\/span><\/p><p><span style=\"color: #00003f;\">Vous rejoignez des \u00e9quipes impliqu\u00e9es qui vous accompagneront tout au long de votre formation.<br \/><\/span><\/p>\t\t\t\t\t\t\t\t<\/div>\n\t\t\t\t<\/div>\n\t\t\t\t<div class=\"elementor-element elementor-element-709d8b1 elementor-widget-divider--view-line elementor-widget elementor-widget-divider\" data-id=\"709d8b1\" data-element_type=\"widget\" data-widget_type=\"divider.default\">\n\t\t\t\t<div class=\"elementor-widget-container\">\n\t\t\t\t\t\t\t<div class=\"elementor-divider\">\n\t\t\t<span class=\"elementor-divider-separator\">\n\t\t\t\t\t\t<\/span>\n\t\t<\/div>\n\t\t\t\t\t\t<\/div>\n\t\t\t\t<\/div>\n\t\t\t\t<div class=\"elementor-element elementor-element-7d31e85 elementor-widget elementor-widget-text-editor\" data-id=\"7d31e85\" data-element_type=\"widget\" data-widget_type=\"text-editor.default\">\n\t\t\t\t<div class=\"elementor-widget-container\">\n\t\t\t\t\t\t\t\t\t<h3 data-start=\"657\" data-end=\"676\"><span style=\"color: #00003f;\"><strong data-start=\"664\" data-end=\"676\">Logement<\/strong><\/span><\/h3><p data-start=\"677\" data-end=\"803\"><span style=\"color: #00003f;\">Les internes peuvent faire une <strong data-start=\"708\" data-end=\"731\">demande de logement<\/strong> aupr\u00e8s de <strong data-start=\"742\" data-end=\"764\">Mme Chlo\u00e9 VARENNES<\/strong>, Responsable des Affaires M\u00e9dicales.<\/span><\/p><p data-start=\"805\" data-end=\"1123\"><span style=\"color: #00003f;\"><strong data-start=\"808\" data-end=\"827\">Cl\u00e9 \u00e0 r\u00e9cup\u00e9rer<\/strong> : au <strong data-start=\"833\" data-end=\"848\">PC S\u00e9curit\u00e9<\/strong>, ouvert <strong data-start=\"857\" data-end=\"875\">24h\/24 et 7j\/7<\/strong><\/span><br data-start=\"875\" data-end=\"878\" \/><span style=\"color: #00003f;\"><strong data-start=\"881\" data-end=\"891\">M\u00e9nage<\/strong> : \u00e0 effectuer par vos soins pendant le s\u00e9jour et avant le d\u00e9part<\/span><br data-start=\"966\" data-end=\"969\" \/><span style=\"color: #00003f;\"><strong data-start=\"973\" data-end=\"982\">Draps<\/strong> : disponibles \u00e0 la <strong data-start=\"1002\" data-end=\"1019\">blanchisserie<\/strong> sur demande \u2013 <a href=\"http:\/\/03.25.30.70.61\">03 25 30 70 61<\/a><\/span><br data-start=\"1048\" data-end=\"1051\" \/><span style=\"color: #00003f;\"><strong data-start=\"1054\" data-end=\"1067\">Attention<\/strong> : pas de Wi-Fi dans les logements (pr\u00e9voir un acc\u00e8s 4G)<\/span><\/p>\t\t\t\t\t\t\t\t<\/div>\n\t\t\t\t<\/div>\n\t\t\t\t<div class=\"elementor-element elementor-element-81ddb28 elementor-widget-divider--view-line elementor-widget elementor-widget-divider\" data-id=\"81ddb28\" data-element_type=\"widget\" data-widget_type=\"divider.default\">\n\t\t\t\t<div class=\"elementor-widget-container\">\n\t\t\t\t\t\t\t<div class=\"elementor-divider\">\n\t\t\t<span class=\"elementor-divider-separator\">\n\t\t\t\t\t\t<\/span>\n\t\t<\/div>\n\t\t\t\t\t\t<\/div>\n\t\t\t\t<\/div>\n\t\t\t\t<div class=\"elementor-element elementor-element-2580ec0 elementor-widget elementor-widget-text-editor\" data-id=\"2580ec0\" data-element_type=\"widget\" data-widget_type=\"text-editor.default\">\n\t\t\t\t<div class=\"elementor-widget-container\">\n\t\t\t\t\t\t\t\t\t<h3 data-start=\"1130\" data-end=\"1160\"><span style=\"color: #00003f;\"><strong data-start=\"1137\" data-end=\"1160\">Codes informatiques<\/strong><\/span><\/h3><p data-start=\"1161\" data-end=\"1263\"><span style=\"color: #00003f;\">Les identifiants et la proc\u00e9dure d\u2019acc\u00e8s vous seront transmis dans la semaine suivant votre arriv\u00e9e.<\/span><\/p>\t\t\t\t\t\t\t\t<\/div>\n\t\t\t\t<\/div>\n\t\t\t\t<div class=\"elementor-element elementor-element-5cc312c elementor-widget-divider--view-line elementor-widget elementor-widget-divider\" data-id=\"5cc312c\" data-element_type=\"widget\" data-widget_type=\"divider.default\">\n\t\t\t\t<div class=\"elementor-widget-container\">\n\t\t\t\t\t\t\t<div class=\"elementor-divider\">\n\t\t\t<span class=\"elementor-divider-separator\">\n\t\t\t\t\t\t<\/span>\n\t\t<\/div>\n\t\t\t\t\t\t<\/div>\n\t\t\t\t<\/div>\n\t\t\t\t<div class=\"elementor-element elementor-element-d8a2d04 elementor-widget elementor-widget-text-editor\" data-id=\"d8a2d04\" data-element_type=\"widget\" data-widget_type=\"text-editor.default\">\n\t\t\t\t<div class=\"elementor-widget-container\">\n\t\t\t\t\t\t\t\t\t<h3 data-start=\"1394\" data-end=\"1411\"><span style=\"color: #00003f;\"><strong data-start=\"1401\" data-end=\"1411\">Tenues<\/strong><\/span><\/h3><p data-start=\"1412\" data-end=\"1538\"><span style=\"color: #00003f;\">Les tenues sont disponibles \u00e0 la <strong data-start=\"1445\" data-end=\"1457\">lingerie<\/strong>.<\/span><\/p><p data-start=\"1412\" data-end=\"1538\"><span style=\"color: #00003f;\">Appeler avant votre arriv\u00e9e : <a href=\"http:\/\/03.25.30.70.61\">03 25 30 70 61<\/a><\/span><\/p>\t\t\t\t\t\t\t\t<\/div>\n\t\t\t\t<\/div>\n\t\t\t\t<div class=\"elementor-element elementor-element-c1f908f elementor-widget-divider--view-line elementor-widget elementor-widget-divider\" data-id=\"c1f908f\" data-element_type=\"widget\" data-widget_type=\"divider.default\">\n\t\t\t\t<div class=\"elementor-widget-container\">\n\t\t\t\t\t\t\t<div class=\"elementor-divider\">\n\t\t\t<span class=\"elementor-divider-separator\">\n\t\t\t\t\t\t<\/span>\n\t\t<\/div>\n\t\t\t\t\t\t<\/div>\n\t\t\t\t<\/div>\n\t\t\t\t<div class=\"elementor-element elementor-element-748c3ec elementor-widget elementor-widget-text-editor\" data-id=\"748c3ec\" data-element_type=\"widget\" data-widget_type=\"text-editor.default\">\n\t\t\t\t<div class=\"elementor-widget-container\">\n\t\t\t\t\t\t\t\t\t<h3 data-start=\"1545\" data-end=\"1562\"><span style=\"color: #00003f;\"><strong data-start=\"1553\" data-end=\"1562\">Repas<\/strong><\/span><\/h3><p data-start=\"1563\" data-end=\"1719\"><span style=\"color: #00003f;\">Les <strong data-start=\"1567\" data-end=\"1584\">repas du midi<\/strong> et ceux pris <strong data-start=\"1598\" data-end=\"1617\">lors des gardes<\/strong> sont <strong data-start=\"1623\" data-end=\"1661\">pris en charge par l\u2019\u00e9tablissement<\/strong>.<\/span><\/p><p data-start=\"1563\" data-end=\"1719\"><span style=\"color: #00003f;\">\u00c0 r\u00e9cup\u00e9rer aupr\u00e8s de la <strong data-start=\"1693\" data-end=\"1718\">secr\u00e9taire du service<\/strong>.<\/span><\/p>\t\t\t\t\t\t\t\t<\/div>\n\t\t\t\t<\/div>\n\t\t\t\t<div class=\"elementor-element elementor-element-9a3b6c6 elementor-widget-divider--view-line elementor-widget elementor-widget-divider\" data-id=\"9a3b6c6\" data-element_type=\"widget\" data-widget_type=\"divider.default\">\n\t\t\t\t<div class=\"elementor-widget-container\">\n\t\t\t\t\t\t\t<div class=\"elementor-divider\">\n\t\t\t<span class=\"elementor-divider-separator\">\n\t\t\t\t\t\t<\/span>\n\t\t<\/div>\n\t\t\t\t\t\t<\/div>\n\t\t\t\t<\/div>\n\t\t\t\t<div class=\"elementor-element elementor-element-896c5fd elementor-widget elementor-widget-text-editor\" data-id=\"896c5fd\" data-element_type=\"widget\" data-widget_type=\"text-editor.default\">\n\t\t\t\t<div class=\"elementor-widget-container\">\n\t\t\t\t\t\t\t\t\t<h3 data-start=\"1726\" data-end=\"1756\"><span style=\"color: #00003f;\"><strong data-start=\"1733\" data-end=\"1756\">Gardes aux urgences<\/strong><\/span><\/h3><p data-start=\"1757\" data-end=\"1871\"><span style=\"color: #00003f;\"><strong data-start=\"1760\" data-end=\"1786\">Service des urgences :<\/strong> <a style=\"color: #00003f;\" href=\"http:\/\/03.25.30.71.70\">03 25 30 71 70<\/a><\/span><br data-start=\"1823\" data-end=\"1826\" \/><span style=\"color: #00003f;\"><strong data-start=\"1832\" data-end=\"1851\">Dr AHDAD<\/strong> \u2013 Chef de service<\/span><\/p><p data-start=\"1873\" data-end=\"1901\"><span style=\"color: #00003f;\"><strong data-start=\"1873\" data-end=\"1899\">Obligations de garde :<\/strong><\/span><\/p><ul data-start=\"1902\" data-end=\"1971\"><li data-start=\"1902\" data-end=\"1933\"><p data-start=\"1904\" data-end=\"1933\"><span style=\"color: #00003f;\">1 garde de nuit par semaine<\/span><\/p><\/li><li data-start=\"1934\" data-end=\"1971\"><p data-start=\"1936\" data-end=\"1971\"><span style=\"color: #00003f;\">1 dimanche ou jour f\u00e9ri\u00e9 par mois<\/span><\/p><\/li><\/ul><p data-start=\"1973\" data-end=\"2098\"><span style=\"color: #00003f;\">Le <strong data-start=\"1980\" data-end=\"1992\">planning<\/strong> est \u00e9tabli conjointement entre les internes.<\/span><br data-start=\"2037\" data-end=\"2040\" \/><span style=\"color: #00003f;\">Les <strong data-start=\"2047\" data-end=\"2095\">gardes sont r\u00e9mun\u00e9r\u00e9es le mois suivant (M+1)<\/strong>.<\/span><\/p>\t\t\t\t\t\t\t\t<\/div>\n\t\t\t\t<\/div>\n\t\t\t\t<div class=\"elementor-element elementor-element-12af21a elementor-widget-divider--view-line elementor-widget elementor-widget-divider\" data-id=\"12af21a\" data-element_type=\"widget\" data-widget_type=\"divider.default\">\n\t\t\t\t<div class=\"elementor-widget-container\">\n\t\t\t\t\t\t\t<div class=\"elementor-divider\">\n\t\t\t<span class=\"elementor-divider-separator\">\n\t\t\t\t\t\t<\/span>\n\t\t<\/div>\n\t\t\t\t\t\t<\/div>\n\t\t\t\t<\/div>\n\t\t\t\t<div class=\"elementor-element elementor-element-63c2f3f elementor-widget elementor-widget-text-editor\" data-id=\"63c2f3f\" data-element_type=\"widget\" data-widget_type=\"text-editor.default\">\n\t\t\t\t<div class=\"elementor-widget-container\">\n\t\t\t\t\t\t\t\t\t<h3 data-start=\"2105\" data-end=\"2126\"><span style=\"color: #00003f;\"><strong data-start=\"2112\" data-end=\"2126\">Traitement<\/strong><\/span><\/h3><p data-start=\"2127\" data-end=\"2197\"><span style=\"color: #00003f;\">Le <strong data-start=\"2130\" data-end=\"2144\">traitement<\/strong> est vers\u00e9 <strong data-start=\"2155\" data-end=\"2194\">entre le 25 et le 29 de chaque mois<\/strong>.<\/span><\/p>\t\t\t\t\t\t\t\t<\/div>\n\t\t\t\t<\/div>\n\t\t\t\t<div class=\"elementor-element elementor-element-24c6131 elementor-widget-divider--view-line elementor-widget elementor-widget-divider\" data-id=\"24c6131\" data-element_type=\"widget\" data-widget_type=\"divider.default\">\n\t\t\t\t<div class=\"elementor-widget-container\">\n\t\t\t\t\t\t\t<div class=\"elementor-divider\">\n\t\t\t<span class=\"elementor-divider-separator\">\n\t\t\t\t\t\t<\/span>\n\t\t<\/div>\n\t\t\t\t\t\t<\/div>\n\t\t\t\t<\/div>\n\t\t\t\t<div class=\"elementor-element elementor-element-25ebdbd elementor-widget elementor-widget-text-editor\" data-id=\"25ebdbd\" data-element_type=\"widget\" data-widget_type=\"text-editor.default\">\n\t\t\t\t<div class=\"elementor-widget-container\">\n\t\t\t\t\t\t\t\t\t<h3 data-start=\"2204\" data-end=\"2222\"><span style=\"color: #00003f;\"><strong data-start=\"2212\" data-end=\"2222\">Cong\u00e9s<\/strong><\/span><\/h3><p data-start=\"2223\" data-end=\"2460\"><span style=\"color: #00003f;\">Les cong\u00e9s sont \u00e0 poser <strong data-start=\"2251\" data-end=\"2273\">du lundi au samedi<\/strong> (le samedi uniquement si le vendredi est \u00e9galement pos\u00e9).<\/span><\/p><p data-start=\"2223\" data-end=\"2460\"><span style=\"color: #00003f;\"><strong data-start=\"2337\" data-end=\"2363\">15 jours par semestre.<\/strong><\/span><br data-start=\"2363\" data-end=\"2366\" \/><span style=\"color: #00003f;\">Les internes peuvent d\u00e9signer un <strong data-start=\"2399\" data-end=\"2415\">repr\u00e9sentant<\/strong> pour si\u00e9ger \u00e0 la <strong data-start=\"2433\" data-end=\"2459\">CME des \u00e9tablissements<\/strong>.<\/span><\/p>\t\t\t\t\t\t\t\t<\/div>\n\t\t\t\t<\/div>\n\t\t\t\t<div class=\"elementor-element elementor-element-7204910 elementor-widget-divider--view-line elementor-widget elementor-widget-divider\" data-id=\"7204910\" data-element_type=\"widget\" data-widget_type=\"divider.default\">\n\t\t\t\t<div class=\"elementor-widget-container\">\n\t\t\t\t\t\t\t<div class=\"elementor-divider\">\n\t\t\t<span class=\"elementor-divider-separator\">\n\t\t\t\t\t\t<\/span>\n\t\t<\/div>\n\t\t\t\t\t\t<\/div>\n\t\t\t\t<\/div>\n\t\t\t\t<div class=\"elementor-element elementor-element-ad7e649 elementor-view-default elementor-widget elementor-widget-icon\" data-id=\"ad7e649\" data-element_type=\"widget\" data-widget_type=\"icon.default\">\n\t\t\t\t<div class=\"elementor-widget-container\">\n\t\t\t\t\t\t\t<div class=\"elementor-icon-wrapper\">\n\t\t\t<div class=\"elementor-icon\">\n\t\t\t<i aria-hidden=\"true\" class=\"fas fa-user-md\"><\/i>\t\t\t<\/div>\n\t\t<\/div>\n\t\t\t\t\t\t<\/div>\n\t\t\t\t<\/div>\n\t\t\t\t<div class=\"elementor-element elementor-element-7b2833d elementor-widget elementor-widget-text-editor\" data-id=\"7b2833d\" data-element_type=\"widget\" data-widget_type=\"text-editor.default\">\n\t\t\t\t<div class=\"elementor-widget-container\">\n\t\t\t\t\t\t\t\t\t<h3 data-start=\"3072\" data-end=\"3119\"><span style=\"color: #00003f;\"><strong data-start=\"3079\" data-end=\"3119\">Contacts utiles \u2013 Affaires M\u00e9dicales<\/strong><\/span><span style=\"color: #00003f;\">\u00a0<\/span><\/h3><p data-start=\"3334\" data-end=\"3396\"><span style=\"color: #00003f;\"><strong data-start=\"3337\" data-end=\"3357\">Standard g\u00e9n\u00e9ral<\/strong> : <a style=\"color: #00003f;\" href=\"http:\/\/03.25.30.70.30\">03 25 30 70 30<\/a><\/span><\/p><p><span style=\"color: #00003f;\"><strong data-start=\"3398\" data-end=\"3416\">Chlo\u00e9 VARENNES<\/strong><\/span><br data-start=\"3416\" data-end=\"3419\" \/><span style=\"color: #00003f;\">Responsable des Affaires M\u00e9dicales<\/span><br data-start=\"3453\" data-end=\"3456\" \/><span style=\"text-decoration: underline;\"><span style=\"color: #00003f;\"><a class=\"decorated-link cursor-pointer\" style=\"color: #00003f; text-decoration: underline;\" rel=\"noopener\" data-start=\"3459\" data-end=\"3482\">chloe.varennes@ch-shm.fr<\/a><\/span><\/span><\/p><p><span style=\"color: #00003f;\"><strong data-start=\"3522\" data-end=\"3538\">C\u00e9lia BAURIN<\/strong><\/span><br data-start=\"3538\" data-end=\"3541\" \/><span style=\"color: #00003f;\">Gestionnaire des Affaires M\u00e9dicales \u2013 Paie (site de Chaumont)<\/span><br data-start=\"3583\" data-end=\"3586\" \/><span style=\"text-decoration: underline;\"><span style=\"color: #00003f;\"><a class=\"decorated-link cursor-pointer\" style=\"color: #00003f; text-decoration: underline;\" rel=\"noopener\" data-start=\"3589\" data-end=\"3611\">celia.baurin@ch-shm.fr<\/a><\/span><\/span><\/p><p><span style=\"color: #00003f;\"><strong data-start=\"72\" data-end=\"92\">Virginie VARNIER<\/strong><\/span><br data-start=\"92\" data-end=\"95\" \/><span style=\"color: #00003f;\">Gestionnaire des affaires m\u00e9dicales \u2013 Paie (site de Langres)<\/span><br data-start=\"159\" data-end=\"162\" \/><span style=\"text-decoration: underline;\"><span style=\"color: #00003f; text-decoration: underline;\"><a class=\"decorated-link cursor-pointer\" style=\"color: #00003f; text-decoration: underline;\" rel=\"noopener\" data-start=\"165\" data-end=\"191\">virginie.varnier@ch-shm.fr<\/a><\/span><\/span><\/p><p><span style=\"color: #00003f;\"><strong data-start=\"3651\" data-end=\"3670\">Virginie VERDUN<\/strong><\/span><br data-start=\"3670\" data-end=\"3673\" \/><span style=\"color: #00003f;\">Gestionnaire des Affaires M\u00e9dicales \u2013 Formation et frais de d\u00e9placement<\/span><br data-start=\"3744\" data-end=\"3747\" \/><span style=\"text-decoration: underline;\"><span style=\"color: #00003f;\"><a class=\"decorated-link cursor-pointer\" style=\"color: #00003f; text-decoration: underline;\" rel=\"noopener\" data-start=\"3750\" data-end=\"3775\">virginie.verdun@ch-shm.fr<\/a><\/span><\/span><\/p>\t\t\t\t\t\t\t\t<\/div>\n\t\t\t\t<\/div>\n\t\t\t\t\t<\/div>\n\t\t<\/div>\n\t\t\t\t\t<\/div>\n\t\t<\/section>\n\t\t\t\t<\/div>\n\t\t","protected":false},"excerpt":{"rendered":"<p>Espace Internes Bienvenue au sein des Centres Hospitaliers du Sud Haute-Marne. Vous rejoignez des \u00e9quipes impliqu\u00e9es qui vous accompagneront tout au long de votre formation. Logement Les internes peuvent faire une demande de logement aupr\u00e8s de Mme Chlo\u00e9 VARENNES, Responsable des Affaires M\u00e9dicales. Cl\u00e9 \u00e0 r\u00e9cup\u00e9rer : au PC S\u00e9curit\u00e9, ouvert 24h\/24 et 7j\/7M\u00e9nage : [&hellip;]<\/p>\n","protected":false},"author":2,"featured_media":0,"parent":0,"menu_order":0,"comment_status":"closed","ping_status":"closed","template":"","meta":{"ocean_post_layout":"","ocean_both_sidebars_style":"","ocean_both_sidebars_content_width":0,"ocean_both_sidebars_sidebars_width":0,"ocean_sidebar":"","ocean_second_sidebar":"","ocean_disable_margins":"enable","ocean_add_body_class":"","ocean_shortcode_before_top_bar":"","ocean_shortcode_after_top_bar":"","ocean_shortcode_before_header":"","ocean_shortcode_after_header":"","ocean_has_shortcode":"","ocean_shortcode_after_title":"","ocean_shortcode_before_footer_widgets":"","ocean_shortcode_after_footer_widgets":"","ocean_shortcode_before_footer_bottom":"","ocean_shortcode_after_footer_bottom":"","ocean_display_top_bar":"default","ocean_display_header":"default","ocean_header_style":"","ocean_center_header_left_menu":"","ocean_custom_header_template":"","ocean_custom_logo":0,"ocean_custom_retina_logo":0,"ocean_custom_logo_max_width":0,"ocean_custom_logo_tablet_max_width":0,"ocean_custom_logo_mobile_max_width":0,"ocean_custom_logo_max_height":0,"ocean_custom_logo_tablet_max_height":0,"ocean_custom_logo_mobile_max_height":0,"ocean_header_custom_menu":"","ocean_menu_typo_font_family":"","ocean_menu_typo_font_subset":"","ocean_menu_typo_font_size":0,"ocean_menu_typo_font_size_tablet":0,"ocean_menu_typo_font_size_mobile":0,"ocean_menu_typo_font_size_unit":"px","ocean_menu_typo_font_weight":"","ocean_menu_typo_font_weight_tablet":"","ocean_menu_typo_font_weight_mobile":"","ocean_menu_typo_transform":"","ocean_menu_typo_transform_tablet":"","ocean_menu_typo_transform_mobile":"","ocean_menu_typo_line_height":0,"ocean_menu_typo_line_height_tablet":0,"ocean_menu_typo_line_height_mobile":0,"ocean_menu_typo_line_height_unit":"","ocean_menu_typo_spacing":0,"ocean_menu_typo_spacing_tablet":0,"ocean_menu_typo_spacing_mobile":0,"ocean_menu_typo_spacing_unit":"","ocean_menu_link_color":"","ocean_menu_link_color_hover":"","ocean_menu_link_color_active":"","ocean_menu_link_background":"","ocean_menu_link_hover_background":"","ocean_menu_link_active_background":"","ocean_menu_social_links_bg":"","ocean_menu_social_hover_links_bg":"","ocean_menu_social_links_color":"","ocean_menu_social_hover_links_color":"","ocean_disable_title":"default","ocean_disable_heading":"default","ocean_post_title":"","ocean_post_subheading":"","ocean_post_title_style":"","ocean_post_title_background_color":"","ocean_post_title_background":0,"ocean_post_title_bg_image_position":"","ocean_post_title_bg_image_attachment":"","ocean_post_title_bg_image_repeat":"","ocean_post_title_bg_image_size":"","ocean_post_title_height":0,"ocean_post_title_bg_overlay":0.5,"ocean_post_title_bg_overlay_color":"","ocean_disable_breadcrumbs":"default","ocean_breadcrumbs_color":"","ocean_breadcrumbs_separator_color":"","ocean_breadcrumbs_links_color":"","ocean_breadcrumbs_links_hover_color":"","ocean_display_footer_widgets":"default","ocean_display_footer_bottom":"default","ocean_custom_footer_template":"","footnotes":""},"class_list":["post-5298","page","type-page","status-publish","hentry","entry"],"_links":{"self":[{"href":"https:\/\/www.ch-shm.fr\/index.php?rest_route=\/wp\/v2\/pages\/5298","targetHints":{"allow":["GET"]}}],"collection":[{"href":"https:\/\/www.ch-shm.fr\/index.php?rest_route=\/wp\/v2\/pages"}],"about":[{"href":"https:\/\/www.ch-shm.fr\/index.php?rest_route=\/wp\/v2\/types\/page"}],"author":[{"embeddable":true,"href":"https:\/\/www.ch-shm.fr\/index.php?rest_route=\/wp\/v2\/users\/2"}],"replies":[{"embeddable":true,"href":"https:\/\/www.ch-shm.fr\/index.php?rest_route=%2Fwp%2Fv2%2Fcomments&post=5298"}],"version-history":[{"count":19,"href":"https:\/\/www.ch-shm.fr\/index.php?rest_route=\/wp\/v2\/pages\/5298\/revisions"}],"predecessor-version":[{"id":5371,"href":"https:\/\/www.ch-shm.fr\/index.php?rest_route=\/wp\/v2\/pages\/5298\/revisions\/5371"}],"wp:attachment":[{"href":"https:\/\/www.ch-shm.fr\/index.php?rest_route=%2Fwp%2Fv2%2Fmedia&parent=5298"}],"curies":[{"name":"wp","href":"https:\/\/api.w.org\/{rel}","templated":true}]}}