{"id":5081,"date":"2025-06-24T11:37:10","date_gmt":"2025-06-24T09:37:10","guid":{"rendered":"https:\/\/www.ch-shm.fr\/?page_id=5081"},"modified":"2025-06-24T11:45:39","modified_gmt":"2025-06-24T09:45:39","slug":"avancement-projet-chl","status":"publish","type":"page","link":"https:\/\/www.ch-shm.fr\/?page_id=5081","title":{"rendered":"Avancement projet CHL"},"content":{"rendered":"\t\t<div data-elementor-type=\"wp-page\" data-elementor-id=\"5081\" class=\"elementor elementor-5081\">\n\t\t\t\t\t\t<section class=\"elementor-section elementor-top-section elementor-element elementor-element-148121b elementor-section-boxed elementor-section-height-default elementor-section-height-default\" data-id=\"148121b\" data-element_type=\"section\">\n\t\t\t\t\t\t<div class=\"elementor-container elementor-column-gap-default\">\n\t\t\t\t\t<div class=\"elementor-column elementor-col-50 elementor-top-column elementor-element elementor-element-bd9ddfa\" data-id=\"bd9ddfa\" data-element_type=\"column\">\n\t\t\t<div class=\"elementor-widget-wrap elementor-element-populated\">\n\t\t\t\t\t\t<div class=\"elementor-element elementor-element-b43fe7c elementor-widget elementor-widget-image\" data-id=\"b43fe7c\" data-element_type=\"widget\" data-widget_type=\"image.default\">\n\t\t\t\t<div class=\"elementor-widget-container\">\n\t\t\t\t\t\t\t\t\t\t\t\t\t\t\t<img decoding=\"async\" width=\"150\" height=\"150\" src=\"https:\/\/www.ch-shm.fr\/wp-content\/uploads\/2025\/06\/logo-ch-150x150.jpg\" class=\"attachment-thumbnail size-thumbnail wp-image-5083\" alt=\"\" srcset=\"https:\/\/www.ch-shm.fr\/wp-content\/uploads\/2025\/06\/logo-ch-150x150.jpg 150w, https:\/\/www.ch-shm.fr\/wp-content\/uploads\/2025\/06\/logo-ch-300x300.jpg 300w, https:\/\/www.ch-shm.fr\/wp-content\/uploads\/2025\/06\/logo-ch-144x144.jpg 144w, https:\/\/www.ch-shm.fr\/wp-content\/uploads\/2025\/06\/logo-ch.jpg 500w\" sizes=\"(max-width: 150px) 100vw, 150px\" \/>\t\t\t\t\t\t\t\t\t\t\t\t\t\t\t<\/div>\n\t\t\t\t<\/div>\n\t\t\t\t\t<\/div>\n\t\t<\/div>\n\t\t\t\t<div class=\"elementor-column elementor-col-50 elementor-top-column elementor-element elementor-element-e34b018\" data-id=\"e34b018\" data-element_type=\"column\">\n\t\t\t<div class=\"elementor-widget-wrap elementor-element-populated\">\n\t\t\t\t\t\t<div class=\"elementor-element elementor-element-e63a908 elementor-widget elementor-widget-heading\" data-id=\"e63a908\" data-element_type=\"widget\" data-widget_type=\"heading.default\">\n\t\t\t\t<div class=\"elementor-widget-container\">\n\t\t\t\t\t<h2 class=\"elementor-heading-title elementor-size-default\">LE PROJET DU NOUVEL H\u00d4PITAL DE LANGRES<\/h2>\t\t\t\t<\/div>\n\t\t\t\t<\/div>\n\t\t\t\t\t<\/div>\n\t\t<\/div>\n\t\t\t\t\t<\/div>\n\t\t<\/section>\n\t\t\t\t<section class=\"elementor-section elementor-top-section elementor-element elementor-element-39e8d0b elementor-section-boxed elementor-section-height-default elementor-section-height-default\" data-id=\"39e8d0b\" data-element_type=\"section\">\n\t\t\t\t\t\t<div class=\"elementor-container elementor-column-gap-default\">\n\t\t\t\t\t<div class=\"elementor-column elementor-col-100 elementor-top-column elementor-element elementor-element-de5a88f\" data-id=\"de5a88f\" data-element_type=\"column\">\n\t\t\t<div class=\"elementor-widget-wrap elementor-element-populated\">\n\t\t\t\t\t\t<div class=\"elementor-element elementor-element-e3fb02e elementor-widget elementor-widget-image\" data-id=\"e3fb02e\" data-element_type=\"widget\" data-widget_type=\"image.default\">\n\t\t\t\t<div class=\"elementor-widget-container\">\n\t\t\t\t\t\t\t\t\t\t\t\t\t\t\t<img fetchpriority=\"high\" decoding=\"async\" width=\"768\" height=\"419\" src=\"https:\/\/www.ch-shm.fr\/wp-content\/uploads\/2025\/06\/VUE-AERIENNE-CHL--768x419.jpg\" class=\"attachment-medium_large size-medium_large wp-image-5091\" alt=\"\" srcset=\"https:\/\/www.ch-shm.fr\/wp-content\/uploads\/2025\/06\/VUE-AERIENNE-CHL--768x419.jpg 768w, https:\/\/www.ch-shm.fr\/wp-content\/uploads\/2025\/06\/VUE-AERIENNE-CHL--300x163.jpg 300w, https:\/\/www.ch-shm.fr\/wp-content\/uploads\/2025\/06\/VUE-AERIENNE-CHL--1024x558.jpg 1024w, https:\/\/www.ch-shm.fr\/wp-content\/uploads\/2025\/06\/VUE-AERIENNE-CHL-.jpg 1536w\" sizes=\"(max-width: 768px) 100vw, 768px\" \/>\t\t\t\t\t\t\t\t\t\t\t\t\t\t\t<\/div>\n\t\t\t\t<\/div>\n\t\t\t\t<div class=\"elementor-element elementor-element-2293313 elementor-widget elementor-widget-text-editor\" data-id=\"2293313\" data-element_type=\"widget\" data-widget_type=\"text-editor.default\">\n\t\t\t\t<div class=\"elementor-widget-container\">\n\t\t\t\t\t\t\t\t\t<p><em><span style=\"color: #00003f;\">Vue a\u00e9rienne, sur le site de l&rsquo;ancienne caserne, nouvel h\u00f4pital du Centre Hospitalier de Langres (Cr\u00e9dit : AAGROUP)<\/span><\/em><\/p>\t\t\t\t\t\t\t\t<\/div>\n\t\t\t\t<\/div>\n\t\t\t\t\t<\/div>\n\t\t<\/div>\n\t\t\t\t\t<\/div>\n\t\t<\/section>\n\t\t\t\t<section class=\"elementor-section elementor-top-section elementor-element elementor-element-8ba622a elementor-section-boxed elementor-section-height-default elementor-section-height-default\" data-id=\"8ba622a\" data-element_type=\"section\">\n\t\t\t\t\t\t<div class=\"elementor-container elementor-column-gap-default\">\n\t\t\t\t\t<div class=\"elementor-column elementor-col-100 elementor-top-column elementor-element elementor-element-65e2883\" data-id=\"65e2883\" data-element_type=\"column\">\n\t\t\t<div class=\"elementor-widget-wrap elementor-element-populated\">\n\t\t\t\t\t\t<div class=\"elementor-element elementor-element-8dc8eaf elementor-widget elementor-widget-text-editor\" data-id=\"8dc8eaf\" data-element_type=\"widget\" data-widget_type=\"text-editor.default\">\n\t\t\t\t<div class=\"elementor-widget-container\">\n\t\t\t\t\t\t\t\t\t<p data-start=\"113\" data-end=\"511\"><span style=\"color: #00003f;\">Une \u00e9tape cl\u00e9 a \u00e9t\u00e9 franchie r\u00e9cemment avec la d\u00e9signation du groupement d\u2019entreprises charg\u00e9 de la construction et le d\u00e9p\u00f4t officiel du permis de construire.<\/span><\/p><p data-start=\"513\" data-end=\"997\"><span style=\"color: #00003f;\">\u00ab Ce projet va profond\u00e9ment transformer notre offre de soins en modernisant les infrastructures et en int\u00e9grant des \u00e9quipements de derni\u00e8re g\u00e9n\u00e9ration, souligne Didier Richard, directeur d\u00e9l\u00e9gu\u00e9 du Centre hospitalier de Langres. Il constitue un v\u00e9ritable levier de d\u00e9veloppement pour le territoire, renfor\u00e7ant l\u2019attractivit\u00e9 de la ville, soutenant l\u2019emploi local, am\u00e9liorant les conditions de travail du personnel soignant et garantissant une meilleure prise en charge des patients. \u00bb<\/span><\/p>\t\t\t\t\t\t\t\t<\/div>\n\t\t\t\t<\/div>\n\t\t\t\t\t<\/div>\n\t\t<\/div>\n\t\t\t\t\t<\/div>\n\t\t<\/section>\n\t\t\t\t<section class=\"elementor-section elementor-top-section elementor-element elementor-element-7c1e611 elementor-section-boxed elementor-section-height-default elementor-section-height-default\" data-id=\"7c1e611\" data-element_type=\"section\">\n\t\t\t\t\t\t<div class=\"elementor-container elementor-column-gap-default\">\n\t\t\t\t\t<div class=\"elementor-column elementor-col-100 elementor-top-column elementor-element elementor-element-c5c3ee6\" data-id=\"c5c3ee6\" data-element_type=\"column\">\n\t\t\t<div class=\"elementor-widget-wrap elementor-element-populated\">\n\t\t\t\t\t\t<div class=\"elementor-element elementor-element-3b7a7a9 elementor-widget elementor-widget-image\" data-id=\"3b7a7a9\" data-element_type=\"widget\" data-widget_type=\"image.default\">\n\t\t\t\t<div class=\"elementor-widget-container\">\n\t\t\t\t\t\t\t\t\t\t\t\t\t\t\t<img decoding=\"async\" width=\"225\" height=\"300\" src=\"https:\/\/www.ch-shm.fr\/wp-content\/uploads\/2025\/06\/mairie-langres-225x300.jpg\" class=\"attachment-medium size-medium wp-image-5084\" alt=\"\" srcset=\"https:\/\/www.ch-shm.fr\/wp-content\/uploads\/2025\/06\/mairie-langres-225x300.jpg 225w, https:\/\/www.ch-shm.fr\/wp-content\/uploads\/2025\/06\/mairie-langres-768x1024.jpg 768w, https:\/\/www.ch-shm.fr\/wp-content\/uploads\/2025\/06\/mairie-langres-1152x1536.jpg 1152w, https:\/\/www.ch-shm.fr\/wp-content\/uploads\/2025\/06\/mairie-langres-1536x2048.jpg 1536w, https:\/\/www.ch-shm.fr\/wp-content\/uploads\/2025\/06\/mairie-langres-scaled.jpg 1920w\" sizes=\"(max-width: 225px) 100vw, 225px\" \/>\t\t\t\t\t\t\t\t\t\t\t\t\t\t\t<\/div>\n\t\t\t\t<\/div>\n\t\t\t\t\t<\/div>\n\t\t<\/div>\n\t\t\t\t\t<\/div>\n\t\t<\/section>\n\t\t\t\t<section class=\"elementor-section elementor-top-section elementor-element elementor-element-3b2a40b elementor-section-boxed elementor-section-height-default elementor-section-height-default\" data-id=\"3b2a40b\" data-element_type=\"section\">\n\t\t\t\t\t\t<div class=\"elementor-container elementor-column-gap-default\">\n\t\t\t\t\t<div class=\"elementor-column elementor-col-100 elementor-top-column elementor-element elementor-element-f6eda12\" data-id=\"f6eda12\" data-element_type=\"column\">\n\t\t\t<div class=\"elementor-widget-wrap elementor-element-populated\">\n\t\t\t\t\t\t<div class=\"elementor-element elementor-element-b2cef43 elementor-widget elementor-widget-text-editor\" data-id=\"b2cef43\" data-element_type=\"widget\" data-widget_type=\"text-editor.default\">\n\t\t\t\t<div class=\"elementor-widget-container\">\n\t\t\t\t\t\t\t\t\t<p><em><span style=\"color: #00003f;\">Plaquette du nouvel h\u00f4pital de Langres, en exposition au sein de la mairie de Langres.<\/span><\/em><\/p>\t\t\t\t\t\t\t\t<\/div>\n\t\t\t\t<\/div>\n\t\t\t\t\t<\/div>\n\t\t<\/div>\n\t\t\t\t\t<\/div>\n\t\t<\/section>\n\t\t\t\t<section class=\"elementor-section elementor-top-section elementor-element elementor-element-64e51c2 elementor-section-boxed elementor-section-height-default elementor-section-height-default\" data-id=\"64e51c2\" data-element_type=\"section\">\n\t\t\t\t\t\t<div class=\"elementor-container elementor-column-gap-default\">\n\t\t\t\t\t<div class=\"elementor-column elementor-col-100 elementor-top-column elementor-element elementor-element-0ed01ad\" data-id=\"0ed01ad\" data-element_type=\"column\">\n\t\t\t<div class=\"elementor-widget-wrap elementor-element-populated\">\n\t\t\t\t\t\t<div class=\"elementor-element elementor-element-35f858d elementor-widget elementor-widget-text-editor\" data-id=\"35f858d\" data-element_type=\"widget\" data-widget_type=\"text-editor.default\">\n\t\t\t\t<div class=\"elementor-widget-container\">\n\t\t\t\t\t\t\t\t\t<p data-start=\"999\" data-end=\"1054\"><span style=\"color: #00003f;\"><strong data-start=\"999\" data-end=\"1052\">Un h\u00f4pital construit avec les comp\u00e9tences locales<\/strong><\/span><\/p><p data-start=\"1056\" data-end=\"1726\"><span style=\"color: #00003f;\">Le chantier mobilisera les savoir-faire du tissu \u00e9conomique local, comme le pr\u00e9cise Jean-Louis Menettrier, directeur B\u00e2timent chez SNCTP : \u00ab Il existe une volont\u00e9 affirm\u00e9e de collaborer avec les entreprises du bassin de Langres, telles que la soci\u00e9t\u00e9 Maillefert, ainsi que les entreprises de Chaumont, Martel et Roger Martin. \u00bb L\u2019un des objectifs majeurs consiste \u00e0 int\u00e9grer des personnes en parcours d\u2019insertion : \u00ab Nous allons recruter selon des clauses d\u2019insertion locale, les former via des centres professionnels, les int\u00e9grer sur le chantier et les accompagner pour une mont\u00e9e en comp\u00e9tences durable et une r\u00e9insertion p\u00e9renne dans le monde du travail. \u00bb<\/span><\/p><p data-start=\"1728\" data-end=\"1775\"><span style=\"color: #00003f;\"><strong data-start=\"1728\" data-end=\"1773\">Un h\u00f4pital ancr\u00e9 dans le patrimoine local<\/strong><\/span><\/p><p data-start=\"1777\" data-end=\"2111\"><span style=\"color: #00003f;\">Implant\u00e9 sur le site de l\u2019ancienne caserne, le futur \u00e9tablissement a \u00e9t\u00e9 con\u00e7u pour r\u00e9pondre aux exigences d\u2019un projet de sant\u00e9 moderne. Plus accessible, entour\u00e9 d\u2019un environnement v\u00e9g\u00e9talis\u00e9 propice au bien-\u00eatre des patients et du personnel, le nouvel h\u00f4pital s\u2019inscrira harmonieusement dans le paysage et le patrimoine de Langres.<\/span><\/p><p data-start=\"2113\" data-end=\"2411\"><span style=\"color: #00003f;\">\u00ab L\u2019enjeu architectural \u00e9tait double : d\u2019une part, r\u00e9ussir l\u2019int\u00e9gration du projet dans ce site embl\u00e9matique de la ville, et d\u2019autre part, r\u00e9pondre aux crit\u00e8res et exigences sp\u00e9cifiques d\u2019un \u00e9tablissement de sant\u00e9 tourn\u00e9 vers l\u2019avenir \u00bb, explique Christelle Andr\u00e9, architecte associ\u00e9e chez AAGROUP.<\/span><\/p>\t\t\t\t\t\t\t\t<\/div>\n\t\t\t\t<\/div>\n\t\t\t\t\t<\/div>\n\t\t<\/div>\n\t\t\t\t\t<\/div>\n\t\t<\/section>\n\t\t\t\t<section class=\"elementor-section elementor-top-section elementor-element elementor-element-44b5275 elementor-section-boxed elementor-section-height-default elementor-section-height-default\" data-id=\"44b5275\" data-element_type=\"section\">\n\t\t\t\t\t\t<div class=\"elementor-container elementor-column-gap-default\">\n\t\t\t\t\t<div class=\"elementor-column elementor-col-100 elementor-top-column elementor-element elementor-element-860d120\" data-id=\"860d120\" data-element_type=\"column\">\n\t\t\t<div class=\"elementor-widget-wrap elementor-element-populated\">\n\t\t\t\t\t\t<div class=\"elementor-element elementor-element-6ea253c elementor-widget elementor-widget-video\" data-id=\"6ea253c\" data-element_type=\"widget\" data-settings=\"{&quot;youtube_url&quot;:&quot;https:\\\/\\\/www.youtube.com\\\/watch?v=PIIObs0KcfM&quot;,&quot;video_type&quot;:&quot;youtube&quot;,&quot;controls&quot;:&quot;yes&quot;}\" data-widget_type=\"video.default\">\n\t\t\t\t<div class=\"elementor-widget-container\">\n\t\t\t\t\t\t\t<div class=\"elementor-wrapper elementor-open-inline\">\n\t\t\t<div class=\"elementor-video\"><\/div>\t\t<\/div>\n\t\t\t\t\t\t<\/div>\n\t\t\t\t<\/div>\n\t\t\t\t\t<\/div>\n\t\t<\/div>\n\t\t\t\t\t<\/div>\n\t\t<\/section>\n\t\t\t\t<\/div>\n\t\t","protected":false},"excerpt":{"rendered":"<p>LE PROJET DU NOUVEL H\u00d4PITAL DE LANGRES Vue a\u00e9rienne, sur le site de l&rsquo;ancienne caserne, nouvel h\u00f4pital du Centre Hospitalier de Langres (Cr\u00e9dit : AAGROUP) Une \u00e9tape cl\u00e9 a \u00e9t\u00e9 franchie r\u00e9cemment avec la d\u00e9signation du groupement d\u2019entreprises charg\u00e9 de la construction et le d\u00e9p\u00f4t officiel du permis de construire. \u00ab Ce projet va profond\u00e9ment [&hellip;]<\/p>\n","protected":false},"author":2,"featured_media":0,"parent":0,"menu_order":0,"comment_status":"closed","ping_status":"closed","template":"","meta":{"ocean_post_layout":"","ocean_both_sidebars_style":"","ocean_both_sidebars_content_width":0,"ocean_both_sidebars_sidebars_width":0,"ocean_sidebar":"","ocean_second_sidebar":"","ocean_disable_margins":"enable","ocean_add_body_class":"","ocean_shortcode_before_top_bar":"","ocean_shortcode_after_top_bar":"","ocean_shortcode_before_header":"","ocean_shortcode_after_header":"","ocean_has_shortcode":"","ocean_shortcode_after_title":"","ocean_shortcode_before_footer_widgets":"","ocean_shortcode_after_footer_widgets":"","ocean_shortcode_before_footer_bottom":"","ocean_shortcode_after_footer_bottom":"","ocean_display_top_bar":"default","ocean_display_header":"default","ocean_header_style":"","ocean_center_header_left_menu":"","ocean_custom_header_template":"","ocean_custom_logo":0,"ocean_custom_retina_logo":0,"ocean_custom_logo_max_width":0,"ocean_custom_logo_tablet_max_width":0,"ocean_custom_logo_mobile_max_width":0,"ocean_custom_logo_max_height":0,"ocean_custom_logo_tablet_max_height":0,"ocean_custom_logo_mobile_max_height":0,"ocean_header_custom_menu":"","ocean_menu_typo_font_family":"","ocean_menu_typo_font_subset":"","ocean_menu_typo_font_size":0,"ocean_menu_typo_font_size_tablet":0,"ocean_menu_typo_font_size_mobile":0,"ocean_menu_typo_font_size_unit":"px","ocean_menu_typo_font_weight":"","ocean_menu_typo_font_weight_tablet":"","ocean_menu_typo_font_weight_mobile":"","ocean_menu_typo_transform":"","ocean_menu_typo_transform_tablet":"","ocean_menu_typo_transform_mobile":"","ocean_menu_typo_line_height":0,"ocean_menu_typo_line_height_tablet":0,"ocean_menu_typo_line_height_mobile":0,"ocean_menu_typo_line_height_unit":"","ocean_menu_typo_spacing":0,"ocean_menu_typo_spacing_tablet":0,"ocean_menu_typo_spacing_mobile":0,"ocean_menu_typo_spacing_unit":"","ocean_menu_link_color":"","ocean_menu_link_color_hover":"","ocean_menu_link_color_active":"","ocean_menu_link_background":"","ocean_menu_link_hover_background":"","ocean_menu_link_active_background":"","ocean_menu_social_links_bg":"","ocean_menu_social_hover_links_bg":"","ocean_menu_social_links_color":"","ocean_menu_social_hover_links_color":"","ocean_disable_title":"default","ocean_disable_heading":"default","ocean_post_title":"","ocean_post_subheading":"","ocean_post_title_style":"","ocean_post_title_background_color":"","ocean_post_title_background":0,"ocean_post_title_bg_image_position":"","ocean_post_title_bg_image_attachment":"","ocean_post_title_bg_image_repeat":"","ocean_post_title_bg_image_size":"","ocean_post_title_height":0,"ocean_post_title_bg_overlay":0.5,"ocean_post_title_bg_overlay_color":"","ocean_disable_breadcrumbs":"default","ocean_breadcrumbs_color":"","ocean_breadcrumbs_separator_color":"","ocean_breadcrumbs_links_color":"","ocean_breadcrumbs_links_hover_color":"","ocean_display_footer_widgets":"default","ocean_display_footer_bottom":"default","ocean_custom_footer_template":"","footnotes":""},"class_list":["post-5081","page","type-page","status-publish","hentry","entry"],"_links":{"self":[{"href":"https:\/\/www.ch-shm.fr\/index.php?rest_route=\/wp\/v2\/pages\/5081","targetHints":{"allow":["GET"]}}],"collection":[{"href":"https:\/\/www.ch-shm.fr\/index.php?rest_route=\/wp\/v2\/pages"}],"about":[{"href":"https:\/\/www.ch-shm.fr\/index.php?rest_route=\/wp\/v2\/types\/page"}],"author":[{"embeddable":true,"href":"https:\/\/www.ch-shm.fr\/index.php?rest_route=\/wp\/v2\/users\/2"}],"replies":[{"embeddable":true,"href":"https:\/\/www.ch-shm.fr\/index.php?rest_route=%2Fwp%2Fv2%2Fcomments&post=5081"}],"version-history":[{"count":13,"href":"https:\/\/www.ch-shm.fr\/index.php?rest_route=\/wp\/v2\/pages\/5081\/revisions"}],"predecessor-version":[{"id":5109,"href":"https:\/\/www.ch-shm.fr\/index.php?rest_route=\/wp\/v2\/pages\/5081\/revisions\/5109"}],"wp:attachment":[{"href":"https:\/\/www.ch-shm.fr\/index.php?rest_route=%2Fwp%2Fv2%2Fmedia&parent=5081"}],"curies":[{"name":"wp","href":"https:\/\/api.w.org\/{rel}","templated":true}]}}