{"id":4977,"date":"2025-06-03T14:44:51","date_gmt":"2025-06-03T12:44:51","guid":{"rendered":"https:\/\/www.ch-shm.fr\/?page_id=4977"},"modified":"2025-06-05T12:03:38","modified_gmt":"2025-06-05T10:03:38","slug":"neurochirurgie-neurologie-psychologie","status":"publish","type":"page","link":"https:\/\/www.ch-shm.fr\/?page_id=4977","title":{"rendered":"Neurochirurgie\/Neurologie\/ Psychologie"},"content":{"rendered":"\t\t<div data-elementor-type=\"wp-page\" data-elementor-id=\"4977\" class=\"elementor elementor-4977\">\n\t\t\t\t\t\t<section class=\"elementor-section elementor-top-section elementor-element elementor-element-701174f elementor-section-boxed elementor-section-height-default elementor-section-height-default\" data-id=\"701174f\" data-element_type=\"section\" data-settings=\"{&quot;background_background&quot;:&quot;classic&quot;}\">\n\t\t\t\t\t\t<div class=\"elementor-container elementor-column-gap-default\">\n\t\t\t\t\t<div class=\"elementor-column elementor-col-100 elementor-top-column elementor-element elementor-element-cbd9219\" data-id=\"cbd9219\" data-element_type=\"column\">\n\t\t\t<div class=\"elementor-widget-wrap elementor-element-populated\">\n\t\t\t\t\t\t<div class=\"elementor-element elementor-element-d093a49 elementor-widget elementor-widget-heading\" data-id=\"d093a49\" data-element_type=\"widget\" data-widget_type=\"heading.default\">\n\t\t\t\t<div class=\"elementor-widget-container\">\n\t\t\t\t\t<h2 class=\"elementor-heading-title elementor-size-default\">Neurochirurgie\/Neurologie\/Psychologie<\/h2>\t\t\t\t<\/div>\n\t\t\t\t<\/div>\n\t\t\t\t\t<\/div>\n\t\t<\/div>\n\t\t\t\t\t<\/div>\n\t\t<\/section>\n\t\t\t\t<section class=\"elementor-section elementor-top-section elementor-element elementor-element-9ac6428 elementor-section-boxed elementor-section-height-default elementor-section-height-default\" data-id=\"9ac6428\" data-element_type=\"section\">\n\t\t\t\t\t\t<div class=\"elementor-container elementor-column-gap-default\">\n\t\t\t\t\t<div class=\"elementor-column elementor-col-100 elementor-top-column elementor-element elementor-element-fd6efba\" data-id=\"fd6efba\" data-element_type=\"column\">\n\t\t\t<div class=\"elementor-widget-wrap elementor-element-populated\">\n\t\t\t\t\t\t<div class=\"elementor-element elementor-element-c4d6039 elementor-widget elementor-widget-text-editor\" data-id=\"c4d6039\" data-element_type=\"widget\" data-widget_type=\"text-editor.default\">\n\t\t\t\t<div class=\"elementor-widget-container\">\n\t\t\t\t\t\t\t\t\t<p><span style=\"color: #00003f;\"><strong>Situ\u00e9 au 1er \u00e9tage<\/strong>, le Service Charcot propose une prise en charge multidisciplinaire alliant :<\/span><\/p>\t\t\t\t\t\t\t\t<\/div>\n\t\t\t\t<\/div>\n\t\t\t\t\t<\/div>\n\t\t<\/div>\n\t\t\t\t\t<\/div>\n\t\t<\/section>\n\t\t\t\t<section class=\"elementor-section elementor-top-section elementor-element elementor-element-d464ecd elementor-section-boxed elementor-section-height-default elementor-section-height-default\" data-id=\"d464ecd\" data-element_type=\"section\">\n\t\t\t\t\t\t<div class=\"elementor-container elementor-column-gap-default\">\n\t\t\t\t\t<div class=\"elementor-column elementor-col-50 elementor-top-column elementor-element elementor-element-1975556\" data-id=\"1975556\" data-element_type=\"column\">\n\t\t\t<div class=\"elementor-widget-wrap elementor-element-populated\">\n\t\t\t\t\t\t<div class=\"elementor-element elementor-element-c380f31 elementor-widget elementor-widget-image\" data-id=\"c380f31\" data-element_type=\"widget\" data-widget_type=\"image.default\">\n\t\t\t\t<div class=\"elementor-widget-container\">\n\t\t\t\t\t\t\t\t\t\t\t\t\t\t\t<img decoding=\"async\" width=\"150\" height=\"150\" src=\"https:\/\/www.ch-shm.fr\/wp-content\/uploads\/2025\/06\/escalier-neuro-150x150.jpg\" class=\"attachment-thumbnail size-thumbnail wp-image-4996\" alt=\"\" srcset=\"https:\/\/www.ch-shm.fr\/wp-content\/uploads\/2025\/06\/escalier-neuro-150x150.jpg 150w, https:\/\/www.ch-shm.fr\/wp-content\/uploads\/2025\/06\/escalier-neuro-600x600.jpg 600w, https:\/\/www.ch-shm.fr\/wp-content\/uploads\/2025\/06\/escalier-neuro-144x144.jpg 144w\" sizes=\"(max-width: 150px) 100vw, 150px\" \/>\t\t\t\t\t\t\t\t\t\t\t\t\t\t\t<\/div>\n\t\t\t\t<\/div>\n\t\t\t\t<div class=\"elementor-element elementor-element-766350b elementor-widget elementor-widget-text-editor\" data-id=\"766350b\" data-element_type=\"widget\" data-widget_type=\"text-editor.default\">\n\t\t\t\t<div class=\"elementor-widget-container\">\n\t\t\t\t\t\t\t\t\t<p style=\"text-align: center;\"><span style=\"color: #00003f;\"><strong>ATTENTION<\/strong> <\/span><\/p><p style=\"text-align: center;\"><span style=\"color: #00003f;\">ESCALIER DERRI\u00c8RE LA PORTE<\/span><\/p>\t\t\t\t\t\t\t\t<\/div>\n\t\t\t\t<\/div>\n\t\t\t\t\t<\/div>\n\t\t<\/div>\n\t\t\t\t<div class=\"elementor-column elementor-col-50 elementor-top-column elementor-element elementor-element-456b1ae\" data-id=\"456b1ae\" data-element_type=\"column\">\n\t\t\t<div class=\"elementor-widget-wrap elementor-element-populated\">\n\t\t\t\t\t\t<div class=\"elementor-element elementor-element-f347048 elementor-widget__width-initial elementor-widget elementor-widget-text-editor\" data-id=\"f347048\" data-element_type=\"widget\" data-widget_type=\"text-editor.default\">\n\t\t\t\t<div class=\"elementor-widget-container\">\n\t\t\t\t\t\t\t\t\t<div class=\"x11i5rnm xat24cr x1mh8g0r x1vvkbs xtlvy1s x126k92a\"><div dir=\"auto\" style=\"text-align: left;\"><span style=\"color: #00003f;\"><strong>Neurologie<\/strong> : Traitement des maladies neurod\u00e9g\u00e9n\u00e9ratives, AVC, troubles du mouvement.<\/span><\/div><\/div><div class=\"x11i5rnm xat24cr x1mh8g0r x1vvkbs xtlvy1s x126k92a\" style=\"text-align: left;\"><div dir=\"auto\">\u00a0<\/div><\/div><div class=\"x11i5rnm xat24cr x1mh8g0r x1vvkbs xtlvy1s x126k92a\" style=\"text-align: left;\"><div dir=\"auto\"><span style=\"color: #00003f;\"><strong>Neurochirurgie<\/strong> : Prise en charge des pathologies n\u00e9cessitant une intervention chirurgicale.<\/span><\/div><\/div><div class=\"x11i5rnm xat24cr x1mh8g0r x1vvkbs xtlvy1s x126k92a\" style=\"text-align: left;\"><div dir=\"auto\">\u00a0<\/div><div dir=\"auto\"><span style=\"color: #00003f;\"><strong>Psychologie :<\/strong> Accompagnement personnalis\u00e9 pour soutenir votre bien-\u00eatre \u00e9motionnel et psychique.<\/span><\/div><\/div><div class=\"x11i5rnm xat24cr x1mh8g0r x1vvkbs xtlvy1s x126k92a\"><div dir=\"auto\" style=\"text-align: left;\">\u00a0<\/div><div dir=\"auto\" style=\"text-align: center;\"><strong><span style=\"color: #00003f;\">Pour plus de renseignements, contactez-nous au 03.25.30.70.25<\/span><\/strong><\/div><\/div>\t\t\t\t\t\t\t\t<\/div>\n\t\t\t\t<\/div>\n\t\t\t\t\t<\/div>\n\t\t<\/div>\n\t\t\t\t\t<\/div>\n\t\t<\/section>\n\t\t\t\t<section class=\"elementor-section elementor-top-section elementor-element elementor-element-27dc252 elementor-section-boxed elementor-section-height-default elementor-section-height-default\" data-id=\"27dc252\" data-element_type=\"section\">\n\t\t\t\t\t\t<div class=\"elementor-container elementor-column-gap-default\">\n\t\t\t\t\t<div class=\"elementor-column elementor-col-100 elementor-top-column elementor-element elementor-element-6c7e5e0\" data-id=\"6c7e5e0\" data-element_type=\"column\">\n\t\t\t<div class=\"elementor-widget-wrap elementor-element-populated\">\n\t\t\t\t\t\t<div class=\"elementor-element elementor-element-8856f46 elementor-widget-divider--view-line elementor-widget elementor-widget-divider\" data-id=\"8856f46\" data-element_type=\"widget\" data-widget_type=\"divider.default\">\n\t\t\t\t<div class=\"elementor-widget-container\">\n\t\t\t\t\t\t\t<div class=\"elementor-divider\">\n\t\t\t<span class=\"elementor-divider-separator\">\n\t\t\t\t\t\t<\/span>\n\t\t<\/div>\n\t\t\t\t\t\t<\/div>\n\t\t\t\t<\/div>\n\t\t\t\t<div class=\"elementor-element elementor-element-fb78fd6 elementor-widget elementor-widget-heading\" data-id=\"fb78fd6\" data-element_type=\"widget\" data-widget_type=\"heading.default\">\n\t\t\t\t<div class=\"elementor-widget-container\">\n\t\t\t\t\t<h2 class=\"elementor-heading-title elementor-size-default\">Acc\u00e8s mobilit\u00e9 r\u00e9duite<\/h2>\t\t\t\t<\/div>\n\t\t\t\t<\/div>\n\t\t\t\t<div class=\"elementor-element elementor-element-302a99e elementor-view-default elementor-widget elementor-widget-icon\" data-id=\"302a99e\" data-element_type=\"widget\" data-widget_type=\"icon.default\">\n\t\t\t\t<div class=\"elementor-widget-container\">\n\t\t\t\t\t\t\t<div class=\"elementor-icon-wrapper\">\n\t\t\t<div class=\"elementor-icon\">\n\t\t\t<i aria-hidden=\"true\" class=\"fab fa-accessible-icon\"><\/i>\t\t\t<\/div>\n\t\t<\/div>\n\t\t\t\t\t\t<\/div>\n\t\t\t\t<\/div>\n\t\t\t\t<div class=\"elementor-element elementor-element-da3d9da elementor-widget elementor-widget-text-editor\" data-id=\"da3d9da\" data-element_type=\"widget\" data-widget_type=\"text-editor.default\">\n\t\t\t\t<div class=\"elementor-widget-container\">\n\t\t\t\t\t\t\t\t\t<p style=\"text-align: center;\" data-start=\"92\" data-end=\"205\"><span style=\"color: #00003f;\">Vous avez rendez-vous au sein du <strong>service Charcot pour une consultation<\/strong> en neurologie, neurochirurgie et\/ou psychologie.<\/span><\/p><p style=\"text-align: center;\" data-start=\"207\" data-end=\"571\"><span style=\"color: #00003f;\">L&rsquo;acc\u00e8s au service se fait par des <strong>escaliers situ\u00e9s \u00e0 l\u2019int\u00e9rieur du b\u00e2timent.<\/strong><\/span><\/p><p style=\"text-align: center;\" data-start=\"207\" data-end=\"571\"><br data-start=\"292\" data-end=\"295\" \/><span style=\"color: #00003f;\">Si vous n\u2019\u00eates pas en capacit\u00e9 de descendre les escaliers, vous devez <strong>imp\u00e9rativement passer par l\u2019ext\u00e9rieur<\/strong>, via l\u2019entr\u00e9e situ\u00e9e en bas des urgences, sur la gauche.<\/span><\/p>\t\t\t\t\t\t\t\t<\/div>\n\t\t\t\t<\/div>\n\t\t\t\t<div class=\"elementor-element elementor-element-e6dde59 elementor-widget-divider--view-line elementor-widget elementor-widget-divider\" data-id=\"e6dde59\" data-element_type=\"widget\" data-widget_type=\"divider.default\">\n\t\t\t\t<div class=\"elementor-widget-container\">\n\t\t\t\t\t\t\t<div class=\"elementor-divider\">\n\t\t\t<span class=\"elementor-divider-separator\">\n\t\t\t\t\t\t<\/span>\n\t\t<\/div>\n\t\t\t\t\t\t<\/div>\n\t\t\t\t<\/div>\n\t\t\t\t\t<\/div>\n\t\t<\/div>\n\t\t\t\t\t<\/div>\n\t\t<\/section>\n\t\t\t\t<section class=\"elementor-section elementor-top-section elementor-element elementor-element-a5f3f80 elementor-section-boxed elementor-section-height-default elementor-section-height-default\" data-id=\"a5f3f80\" data-element_type=\"section\">\n\t\t\t\t\t\t<div class=\"elementor-container elementor-column-gap-default\">\n\t\t\t\t\t<div class=\"elementor-column elementor-col-100 elementor-top-column elementor-element elementor-element-f995d0b\" data-id=\"f995d0b\" data-element_type=\"column\">\n\t\t\t<div class=\"elementor-widget-wrap elementor-element-populated\">\n\t\t\t\t\t\t<div class=\"elementor-element elementor-element-8795817 elementor-widget elementor-widget-heading\" data-id=\"8795817\" data-element_type=\"widget\" data-widget_type=\"heading.default\">\n\t\t\t\t<div class=\"elementor-widget-container\">\n\t\t\t\t\t<h2 class=\"elementor-heading-title elementor-size-default\">Neurochirurgie<\/h2>\t\t\t\t<\/div>\n\t\t\t\t<\/div>\n\t\t\t\t\t<\/div>\n\t\t<\/div>\n\t\t\t\t\t<\/div>\n\t\t<\/section>\n\t\t\t\t<section class=\"elementor-section elementor-top-section elementor-element elementor-element-2b38372 elementor-section-boxed elementor-section-height-default elementor-section-height-default\" data-id=\"2b38372\" data-element_type=\"section\">\n\t\t\t\t\t\t<div class=\"elementor-container elementor-column-gap-default\">\n\t\t\t\t\t<div class=\"elementor-column elementor-col-50 elementor-top-column elementor-element elementor-element-85464b1\" data-id=\"85464b1\" data-element_type=\"column\">\n\t\t\t<div class=\"elementor-widget-wrap elementor-element-populated\">\n\t\t\t\t\t\t<div class=\"elementor-element elementor-element-3701a52 elementor-widget elementor-widget-image\" data-id=\"3701a52\" data-element_type=\"widget\" data-widget_type=\"image.default\">\n\t\t\t\t<div class=\"elementor-widget-container\">\n\t\t\t\t\t\t\t\t\t\t\t\t\t\t\t<img fetchpriority=\"high\" decoding=\"async\" width=\"222\" height=\"300\" src=\"https:\/\/www.ch-shm.fr\/wp-content\/uploads\/2025\/06\/photo-profil-222x300.jpg\" class=\"attachment-medium size-medium wp-image-4980\" alt=\"\" srcset=\"https:\/\/www.ch-shm.fr\/wp-content\/uploads\/2025\/06\/photo-profil-222x300.jpg 222w, https:\/\/www.ch-shm.fr\/wp-content\/uploads\/2025\/06\/photo-profil-757x1024.jpg 757w, https:\/\/www.ch-shm.fr\/wp-content\/uploads\/2025\/06\/photo-profil-768x1039.jpg 768w, https:\/\/www.ch-shm.fr\/wp-content\/uploads\/2025\/06\/photo-profil-1136x1536.jpg 1136w, https:\/\/www.ch-shm.fr\/wp-content\/uploads\/2025\/06\/photo-profil-1514x2048.jpg 1514w, https:\/\/www.ch-shm.fr\/wp-content\/uploads\/2025\/06\/photo-profil-scaled.jpg 1893w\" sizes=\"(max-width: 222px) 100vw, 222px\" \/>\t\t\t\t\t\t\t\t\t\t\t\t\t\t\t<\/div>\n\t\t\t\t<\/div>\n\t\t\t\t\t<\/div>\n\t\t<\/div>\n\t\t\t\t<div class=\"elementor-column elementor-col-50 elementor-top-column elementor-element elementor-element-cd0806a\" data-id=\"cd0806a\" data-element_type=\"column\">\n\t\t\t<div class=\"elementor-widget-wrap elementor-element-populated\">\n\t\t\t\t\t\t<div class=\"elementor-element elementor-element-22db773 elementor-widget__width-initial elementor-widget elementor-widget-text-editor\" data-id=\"22db773\" data-element_type=\"widget\" data-widget_type=\"text-editor.default\">\n\t\t\t\t<div class=\"elementor-widget-container\">\n\t\t\t\t\t\t\t\t\t<p><span style=\"color: #00003f;\">Consultations en neurochirurgie au <span class=\"xv78j7m\" spellcheck=\"false\">Centre Hospitalier de Chaumont<\/span><\/span><br \/><br \/><span style=\"color: #00003f;\"><span class=\"x1xsqp64 xiy17q3 x1o6pynw x19co3pv xdj266r xcwd3tp xat24cr x39eecv x2b8uid\" data-testid=\"emoji\"><span class=\"xexx8yu xn5pp95 x18d9i69 x2fxd7x x3jgonx x1bhl96m\">\ud83d\udc68\u200d\u2695\ufe0f<\/span><\/span> Le Dr Baland, sp\u00e9cialiste en neurochirurgie au CHU de Dijon, assure des consultations au Centre Hospitalier de Chaumont, chaque lundi et mardi.<\/span><br \/><br \/><span style=\"color: #00003f;\">Gr\u00e2ce \u00e0 cette collaboration entre les deux \u00e9tablissements, vous pouvez b\u00e9n\u00e9ficier d\u2019une prise en charge neurochirurgicale sp\u00e9cialis\u00e9e. <span class=\"x1xsqp64 xiy17q3 x1o6pynw x19co3pv xdj266r xcwd3tp xat24cr x39eecv x2b8uid\" data-testid=\"emoji\"><span class=\"xexx8yu xn5pp95 x18d9i69 x2fxd7x x3jgonx x1bhl96m\">\ud83e\udd1d<\/span><\/span> <\/span><br \/><br \/><span style=\"color: #00003f;\">Le Dr Baland intervient en neurochirurgie g\u00e9n\u00e9rale, aussi bien pour les pathologies de la colonne vert\u00e9brale que pour les pathologies cr\u00e2niennes.<\/span><br \/><br \/><span style=\"color: #00003f;\">La prise en charge des pathologies rachidiennes s\u2019inscrit dans le nouvel Institut Universitaire du Rachis du CHU de Dijon.<\/span><br \/><br \/><span style=\"color: #00003f;\">Ce renfort m\u00e9dical constitue une avanc\u00e9e importante pour le territoire, en facilitant l\u2019acc\u00e8s \u00e0 des soins sp\u00e9cialis\u00e9s de haute qualit\u00e9.<\/span><br \/><br \/><span style=\"color: #00003f;\"><span class=\"x1xsqp64 xiy17q3 x1o6pynw x19co3pv xdj266r xcwd3tp xat24cr x39eecv x2b8uid\" data-testid=\"emoji\"><span class=\"xexx8yu xn5pp95 x18d9i69 x2fxd7x x3jgonx x1bhl96m\">\ud83d\udcde<\/span><\/span> Pour toute prise de rendez-vous ou demande d&rsquo;information, contactez le \ud835\udfce\ud835\udfd1.\ud835\udfd0\ud835\udfd3.\ud835\udfd1\ud835\udfce.\ud835\udfd5\ud835\udfce.\ud835\udfd0\ud835\udfd3.<\/span><\/p>\t\t\t\t\t\t\t\t<\/div>\n\t\t\t\t<\/div>\n\t\t\t\t\t<\/div>\n\t\t<\/div>\n\t\t\t\t\t<\/div>\n\t\t<\/section>\n\t\t\t\t<section class=\"elementor-section elementor-top-section elementor-element elementor-element-0e918b7 elementor-section-boxed elementor-section-height-default elementor-section-height-default\" data-id=\"0e918b7\" data-element_type=\"section\">\n\t\t\t\t\t\t<div class=\"elementor-container elementor-column-gap-default\">\n\t\t\t\t\t<div class=\"elementor-column elementor-col-100 elementor-top-column elementor-element elementor-element-5a89962\" data-id=\"5a89962\" data-element_type=\"column\">\n\t\t\t<div class=\"elementor-widget-wrap elementor-element-populated\">\n\t\t\t\t\t\t<div class=\"elementor-element elementor-element-56b67bd elementor-widget elementor-widget-heading\" data-id=\"56b67bd\" data-element_type=\"widget\" data-widget_type=\"heading.default\">\n\t\t\t\t<div class=\"elementor-widget-container\">\n\t\t\t\t\t<h2 class=\"elementor-heading-title elementor-size-default\">Neurologie <\/h2>\t\t\t\t<\/div>\n\t\t\t\t<\/div>\n\t\t\t\t<div class=\"elementor-element elementor-element-09a602b elementor-widget elementor-widget-text-editor\" data-id=\"09a602b\" data-element_type=\"widget\" data-widget_type=\"text-editor.default\">\n\t\t\t\t<div class=\"elementor-widget-container\">\n\t\t\t\t\t\t\t\t\t<p><span style=\"color: #00003f;\">Cinq neurologues, consultent sur rendez-vous au Centre Hospitalier de Chaumont :<\/span><\/p><ul><li><strong><span style=\"color: #00003f;\">Dr AMARAL<\/span><\/strong><\/li><li><strong><span style=\"color: #00003f;\">Dr BLANC LABARRE<\/span><\/strong><\/li><li><strong><span style=\"color: #00003f;\">Dr LACHAUME<\/span><\/strong><\/li><li><strong><span style=\"color: #00003f;\">Dr MARTINACHE<\/span><\/strong><\/li><li><strong><span style=\"color: #00003f;\">Dr SAUVANT<\/span><\/strong><\/li><\/ul>\t\t\t\t\t\t\t\t<\/div>\n\t\t\t\t<\/div>\n\t\t\t\t\t<\/div>\n\t\t<\/div>\n\t\t\t\t\t<\/div>\n\t\t<\/section>\n\t\t\t\t<section class=\"elementor-section elementor-top-section elementor-element elementor-element-60f1f1e elementor-section-boxed elementor-section-height-default elementor-section-height-default\" data-id=\"60f1f1e\" data-element_type=\"section\">\n\t\t\t\t\t\t<div class=\"elementor-container elementor-column-gap-default\">\n\t\t\t\t\t<div class=\"elementor-column elementor-col-100 elementor-top-column elementor-element elementor-element-8c934e8\" data-id=\"8c934e8\" data-element_type=\"column\">\n\t\t\t<div class=\"elementor-widget-wrap elementor-element-populated\">\n\t\t\t\t\t\t<div class=\"elementor-element elementor-element-7efd663 elementor-widget elementor-widget-heading\" data-id=\"7efd663\" data-element_type=\"widget\" data-widget_type=\"heading.default\">\n\t\t\t\t<div class=\"elementor-widget-container\">\n\t\t\t\t\t<h2 class=\"elementor-heading-title elementor-size-default\">Psychologie<\/h2>\t\t\t\t<\/div>\n\t\t\t\t<\/div>\n\t\t\t\t\t<\/div>\n\t\t<\/div>\n\t\t\t\t\t<\/div>\n\t\t<\/section>\n\t\t\t\t<section class=\"elementor-section elementor-top-section elementor-element elementor-element-682cc48 elementor-section-boxed elementor-section-height-default elementor-section-height-default\" data-id=\"682cc48\" data-element_type=\"section\">\n\t\t\t\t\t\t<div class=\"elementor-container elementor-column-gap-default\">\n\t\t\t\t\t<div class=\"elementor-column elementor-col-100 elementor-top-column elementor-element elementor-element-ef34516\" data-id=\"ef34516\" data-element_type=\"column\">\n\t\t\t<div class=\"elementor-widget-wrap elementor-element-populated\">\n\t\t\t\t\t\t<div class=\"elementor-element elementor-element-c807ae9 elementor-widget elementor-widget-text-editor\" data-id=\"c807ae9\" data-element_type=\"widget\" data-widget_type=\"text-editor.default\">\n\t\t\t\t<div class=\"elementor-widget-container\">\n\t\t\t\t\t\t\t\t\t<p><span style=\"color: #00003f;\">Quatre psychologues, consultent sur rendez-vous, au Centre Hospitalier de Chaumont :<\/span><\/p><ul><li><strong><span style=\"color: #00003f;\">Mme BENTRUY<\/span><\/strong><\/li><li><strong><span style=\"color: #00003f;\">Mme FROSIO-SIMON<\/span><\/strong><\/li><li><strong><span style=\"color: #00003f;\">Mme FAURE<\/span><\/strong><\/li><li><strong><span style=\"color: #00003f;\">Mme GARNIER<\/span><\/strong><\/li><\/ul>\t\t\t\t\t\t\t\t<\/div>\n\t\t\t\t<\/div>\n\t\t\t\t\t<\/div>\n\t\t<\/div>\n\t\t\t\t\t<\/div>\n\t\t<\/section>\n\t\t\t\t<\/div>\n\t\t","protected":false},"excerpt":{"rendered":"<p>Neurochirurgie\/Neurologie\/Psychologie Situ\u00e9 au 1er \u00e9tage, le Service Charcot propose une prise en charge multidisciplinaire alliant : ATTENTION ESCALIER DERRI\u00c8RE LA PORTE Neurologie : Traitement des maladies neurod\u00e9g\u00e9n\u00e9ratives, AVC, troubles du mouvement.\u00a0Neurochirurgie : Prise en charge des pathologies n\u00e9cessitant une intervention chirurgicale.\u00a0Psychologie : Accompagnement personnalis\u00e9 pour soutenir votre bien-\u00eatre \u00e9motionnel et psychique.\u00a0Pour plus de renseignements, contactez-nous [&hellip;]<\/p>\n","protected":false},"author":2,"featured_media":0,"parent":0,"menu_order":0,"comment_status":"closed","ping_status":"closed","template":"","meta":{"ocean_post_layout":"","ocean_both_sidebars_style":"","ocean_both_sidebars_content_width":0,"ocean_both_sidebars_sidebars_width":0,"ocean_sidebar":"","ocean_second_sidebar":"","ocean_disable_margins":"enable","ocean_add_body_class":"","ocean_shortcode_before_top_bar":"","ocean_shortcode_after_top_bar":"","ocean_shortcode_before_header":"","ocean_shortcode_after_header":"","ocean_has_shortcode":"","ocean_shortcode_after_title":"","ocean_shortcode_before_footer_widgets":"","ocean_shortcode_after_footer_widgets":"","ocean_shortcode_before_footer_bottom":"","ocean_shortcode_after_footer_bottom":"","ocean_display_top_bar":"default","ocean_display_header":"default","ocean_header_style":"","ocean_center_header_left_menu":"","ocean_custom_header_template":"","ocean_custom_logo":0,"ocean_custom_retina_logo":0,"ocean_custom_logo_max_width":0,"ocean_custom_logo_tablet_max_width":0,"ocean_custom_logo_mobile_max_width":0,"ocean_custom_logo_max_height":0,"ocean_custom_logo_tablet_max_height":0,"ocean_custom_logo_mobile_max_height":0,"ocean_header_custom_menu":"","ocean_menu_typo_font_family":"","ocean_menu_typo_font_subset":"","ocean_menu_typo_font_size":0,"ocean_menu_typo_font_size_tablet":0,"ocean_menu_typo_font_size_mobile":0,"ocean_menu_typo_font_size_unit":"px","ocean_menu_typo_font_weight":"","ocean_menu_typo_font_weight_tablet":"","ocean_menu_typo_font_weight_mobile":"","ocean_menu_typo_transform":"","ocean_menu_typo_transform_tablet":"","ocean_menu_typo_transform_mobile":"","ocean_menu_typo_line_height":0,"ocean_menu_typo_line_height_tablet":0,"ocean_menu_typo_line_height_mobile":0,"ocean_menu_typo_line_height_unit":"","ocean_menu_typo_spacing":0,"ocean_menu_typo_spacing_tablet":0,"ocean_menu_typo_spacing_mobile":0,"ocean_menu_typo_spacing_unit":"","ocean_menu_link_color":"","ocean_menu_link_color_hover":"","ocean_menu_link_color_active":"","ocean_menu_link_background":"","ocean_menu_link_hover_background":"","ocean_menu_link_active_background":"","ocean_menu_social_links_bg":"","ocean_menu_social_hover_links_bg":"","ocean_menu_social_links_color":"","ocean_menu_social_hover_links_color":"","ocean_disable_title":"default","ocean_disable_heading":"default","ocean_post_title":"","ocean_post_subheading":"","ocean_post_title_style":"","ocean_post_title_background_color":"","ocean_post_title_background":0,"ocean_post_title_bg_image_position":"","ocean_post_title_bg_image_attachment":"","ocean_post_title_bg_image_repeat":"","ocean_post_title_bg_image_size":"","ocean_post_title_height":0,"ocean_post_title_bg_overlay":0.5,"ocean_post_title_bg_overlay_color":"","ocean_disable_breadcrumbs":"default","ocean_breadcrumbs_color":"","ocean_breadcrumbs_separator_color":"","ocean_breadcrumbs_links_color":"","ocean_breadcrumbs_links_hover_color":"","ocean_display_footer_widgets":"default","ocean_display_footer_bottom":"default","ocean_custom_footer_template":"","footnotes":""},"class_list":["post-4977","page","type-page","status-publish","hentry","entry"],"_links":{"self":[{"href":"https:\/\/www.ch-shm.fr\/index.php?rest_route=\/wp\/v2\/pages\/4977","targetHints":{"allow":["GET"]}}],"collection":[{"href":"https:\/\/www.ch-shm.fr\/index.php?rest_route=\/wp\/v2\/pages"}],"about":[{"href":"https:\/\/www.ch-shm.fr\/index.php?rest_route=\/wp\/v2\/types\/page"}],"author":[{"embeddable":true,"href":"https:\/\/www.ch-shm.fr\/index.php?rest_route=\/wp\/v2\/users\/2"}],"replies":[{"embeddable":true,"href":"https:\/\/www.ch-shm.fr\/index.php?rest_route=%2Fwp%2Fv2%2Fcomments&post=4977"}],"version-history":[{"count":16,"href":"https:\/\/www.ch-shm.fr\/index.php?rest_route=\/wp\/v2\/pages\/4977\/revisions"}],"predecessor-version":[{"id":5008,"href":"https:\/\/www.ch-shm.fr\/index.php?rest_route=\/wp\/v2\/pages\/4977\/revisions\/5008"}],"wp:attachment":[{"href":"https:\/\/www.ch-shm.fr\/index.php?rest_route=%2Fwp%2Fv2%2Fmedia&parent=4977"}],"curies":[{"name":"wp","href":"https:\/\/api.w.org\/{rel}","templated":true}]}}