{"id":4846,"date":"2025-04-24T12:14:47","date_gmt":"2025-04-24T10:14:47","guid":{"rendered":"https:\/\/www.ch-shm.fr\/?page_id=4846"},"modified":"2026-04-07T12:07:20","modified_gmt":"2026-04-07T10:07:20","slug":"blb-archives","status":"publish","type":"page","link":"https:\/\/www.ch-shm.fr\/?page_id=4846","title":{"rendered":"BLB &#8211; Archives"},"content":{"rendered":"\t\t<div data-elementor-type=\"wp-page\" data-elementor-id=\"4846\" class=\"elementor elementor-4846\">\n\t\t\t\t\t\t<section class=\"elementor-section elementor-top-section elementor-element elementor-element-9f7a8ea elementor-section-boxed elementor-section-height-default elementor-section-height-default\" data-id=\"9f7a8ea\" data-element_type=\"section\" data-settings=\"{&quot;background_background&quot;:&quot;classic&quot;}\">\n\t\t\t\t\t\t<div class=\"elementor-container elementor-column-gap-default\">\n\t\t\t\t\t<div class=\"elementor-column elementor-col-100 elementor-top-column elementor-element elementor-element-c6c4843\" data-id=\"c6c4843\" data-element_type=\"column\">\n\t\t\t<div class=\"elementor-widget-wrap elementor-element-populated\">\n\t\t\t\t\t\t<div class=\"elementor-element elementor-element-8341f43 elementor-widget elementor-widget-heading\" data-id=\"8341f43\" data-element_type=\"widget\" data-widget_type=\"heading.default\">\n\t\t\t\t<div class=\"elementor-widget-container\">\n\t\t\t\t\t<h2 class=\"elementor-heading-title elementor-size-default\">Acc\u00e9der \u00e0 votre dossier m\u00e9dical (Archives)\n<\/h2>\t\t\t\t<\/div>\n\t\t\t\t<\/div>\n\t\t\t\t\t<\/div>\n\t\t<\/div>\n\t\t\t\t\t<\/div>\n\t\t<\/section>\n\t\t\t\t<section class=\"elementor-section elementor-top-section elementor-element elementor-element-83a29d5 elementor-section-boxed elementor-section-height-default elementor-section-height-default\" data-id=\"83a29d5\" data-element_type=\"section\">\n\t\t\t\t\t\t<div class=\"elementor-container elementor-column-gap-default\">\n\t\t\t\t\t<div class=\"elementor-column elementor-col-20 elementor-top-column elementor-element elementor-element-f30559d\" data-id=\"f30559d\" data-element_type=\"column\">\n\t\t\t<div class=\"elementor-widget-wrap elementor-element-populated\">\n\t\t\t\t\t\t<div class=\"elementor-element elementor-element-06aee39 elementor-widget elementor-widget-text-editor\" data-id=\"06aee39\" data-element_type=\"widget\" data-widget_type=\"text-editor.default\">\n\t\t\t\t<div class=\"elementor-widget-container\">\n\t\t\t\t\t\t\t\t\t<p><span style=\"font-size: 14pt;\"><strong><a href=\"https:\/\/www.ch-shm.fr\/?page_id=54\">Retour \u00e0 l&rsquo;accueil<\/a> <\/strong><\/span><\/p>\t\t\t\t\t\t\t\t<\/div>\n\t\t\t\t<\/div>\n\t\t\t\t\t<\/div>\n\t\t<\/div>\n\t\t\t\t<div class=\"elementor-column elementor-col-20 elementor-top-column elementor-element elementor-element-b2f76ac\" data-id=\"b2f76ac\" data-element_type=\"column\">\n\t\t\t<div class=\"elementor-widget-wrap\">\n\t\t\t\t\t\t\t<\/div>\n\t\t<\/div>\n\t\t\t\t<div class=\"elementor-column elementor-col-20 elementor-top-column elementor-element elementor-element-d4a4287\" data-id=\"d4a4287\" data-element_type=\"column\">\n\t\t\t<div class=\"elementor-widget-wrap\">\n\t\t\t\t\t\t\t<\/div>\n\t\t<\/div>\n\t\t\t\t<div class=\"elementor-column elementor-col-20 elementor-top-column elementor-element elementor-element-74fbead\" data-id=\"74fbead\" data-element_type=\"column\">\n\t\t\t<div class=\"elementor-widget-wrap\">\n\t\t\t\t\t\t\t<\/div>\n\t\t<\/div>\n\t\t\t\t<div class=\"elementor-column elementor-col-20 elementor-top-column elementor-element elementor-element-6db5ebf\" data-id=\"6db5ebf\" data-element_type=\"column\">\n\t\t\t<div class=\"elementor-widget-wrap\">\n\t\t\t\t\t\t\t<\/div>\n\t\t<\/div>\n\t\t\t\t\t<\/div>\n\t\t<\/section>\n\t\t\t\t<section class=\"elementor-section elementor-top-section elementor-element elementor-element-bada9c8 elementor-section-boxed elementor-section-height-default elementor-section-height-default\" data-id=\"bada9c8\" data-element_type=\"section\">\n\t\t\t\t\t\t<div class=\"elementor-container elementor-column-gap-default\">\n\t\t\t\t\t<div class=\"elementor-column elementor-col-100 elementor-top-column elementor-element elementor-element-3f46580\" data-id=\"3f46580\" data-element_type=\"column\">\n\t\t\t<div class=\"elementor-widget-wrap elementor-element-populated\">\n\t\t\t\t\t\t<div class=\"elementor-element elementor-element-2dcf2aa elementor-widget elementor-widget-text-editor\" data-id=\"2dcf2aa\" data-element_type=\"widget\" data-widget_type=\"text-editor.default\">\n\t\t\t\t<div class=\"elementor-widget-container\">\n\t\t\t\t\t\t\t\t\t<div class=\"elementor-element elementor-element-31f2f2e elementor-widget elementor-widget-text-editor\" data-id=\"31f2f2e\" data-element_type=\"widget\" data-widget_type=\"text-editor.default\"><div class=\"elementor-widget-container\"><p><span style=\"color: #00003f;\">Toute personne dont les donn\u00e9es m\u00e9dicales sont d\u00e9tenues par des professionnels de sant\u00e9 ou d\u2019\u00e9tablissements de sant\u00e9, peut demander l\u2019acc\u00e8s \u00e0 ces informations (Loi n\u00b0 2002-303 du 4 Mars 2002 et d\u00e9cret n\u00b0 2002-637 du 29 Avril 2002).<\/span><\/p><\/div><\/div>\t\t\t\t\t\t\t\t<\/div>\n\t\t\t\t<\/div>\n\t\t\t\t<div class=\"elementor-element elementor-element-92e1d61 elementor-widget-divider--view-line elementor-widget elementor-widget-divider\" data-id=\"92e1d61\" data-element_type=\"widget\" data-widget_type=\"divider.default\">\n\t\t\t\t<div class=\"elementor-widget-container\">\n\t\t\t\t\t\t\t<div class=\"elementor-divider\">\n\t\t\t<span class=\"elementor-divider-separator\">\n\t\t\t\t\t\t<\/span>\n\t\t<\/div>\n\t\t\t\t\t\t<\/div>\n\t\t\t\t<\/div>\n\t\t\t\t\t<\/div>\n\t\t<\/div>\n\t\t\t\t\t<\/div>\n\t\t<\/section>\n\t\t\t\t<section class=\"elementor-section elementor-top-section elementor-element elementor-element-18d0cab elementor-section-boxed elementor-section-height-default elementor-section-height-default\" data-id=\"18d0cab\" data-element_type=\"section\">\n\t\t\t\t\t\t<div class=\"elementor-container elementor-column-gap-default\">\n\t\t\t\t\t<div class=\"elementor-column elementor-col-100 elementor-top-column elementor-element elementor-element-3703568\" data-id=\"3703568\" data-element_type=\"column\">\n\t\t\t<div class=\"elementor-widget-wrap elementor-element-populated\">\n\t\t\t\t\t\t<div class=\"elementor-element elementor-element-b39f588 elementor-widget elementor-widget-text-editor\" data-id=\"b39f588\" data-element_type=\"widget\" data-widget_type=\"text-editor.default\">\n\t\t\t\t<div class=\"elementor-widget-container\">\n\t\t\t\t\t\t\t\t\t<div class=\"elementor-element elementor-element-445a430 elementor-widget elementor-widget-heading\" data-id=\"445a430\" data-element_type=\"widget\" data-widget_type=\"heading.default\"><div class=\"elementor-widget-container\"><h2 class=\"elementor-heading-title elementor-size-default\" style=\"text-align: center;\"><span style=\"color: #003366;\">A qui s&rsquo;adresser ?<\/span><\/h2><\/div><\/div><div class=\"elementor-element elementor-element-7661a9e elementor-widget elementor-widget-text-editor\" data-id=\"7661a9e\" data-element_type=\"widget\" data-widget_type=\"text-editor.default\"><div class=\"elementor-widget-container\"><p style=\"text-align: center;\"><span style=\"color: #00003f;\">La demande doit \u00eatre adress\u00e9e au directeur de l\u2019\u00e9tablissement.<\/span><\/p><p style=\"text-align: center;\"><span style=\"color: #00003f;\">La demande doit \u00eatre faite par \u00e9crit, sur papier libre ou \u00e0 l\u2019aide d\u2019un imprim\u00e9 disponible au secr\u00e9tariat de direction :<\/span><\/p><p style=\"text-align: center;\"><span style=\"color: #00003f;\"><a style=\"color: #00003f;\" href=\"direction@hopitalbourbonne.fr\"><strong>direction@hopitalbourbonne.fr<\/strong><\/a><\/span><\/p><p style=\"text-align: center;\"><span style=\"color: #00003f;\">Le demandeur pr\u00e9cise les informations qu\u2019il souhaite obtenir.<\/span><\/p><\/div><\/div>\t\t\t\t\t\t\t\t<\/div>\n\t\t\t\t<\/div>\n\t\t\t\t<div class=\"elementor-element elementor-element-5da37ea elementor-widget-divider--view-line elementor-widget elementor-widget-divider\" data-id=\"5da37ea\" data-element_type=\"widget\" data-widget_type=\"divider.default\">\n\t\t\t\t<div class=\"elementor-widget-container\">\n\t\t\t\t\t\t\t<div class=\"elementor-divider\">\n\t\t\t<span class=\"elementor-divider-separator\">\n\t\t\t\t\t\t<\/span>\n\t\t<\/div>\n\t\t\t\t\t\t<\/div>\n\t\t\t\t<\/div>\n\t\t\t\t\t<\/div>\n\t\t<\/div>\n\t\t\t\t\t<\/div>\n\t\t<\/section>\n\t\t\t\t<section class=\"elementor-section elementor-top-section elementor-element elementor-element-8b27ed9 elementor-section-boxed elementor-section-height-default elementor-section-height-default\" data-id=\"8b27ed9\" data-element_type=\"section\">\n\t\t\t\t\t\t<div class=\"elementor-container elementor-column-gap-default\">\n\t\t\t\t\t<div class=\"elementor-column elementor-col-100 elementor-top-column elementor-element elementor-element-9ea4e48\" data-id=\"9ea4e48\" data-element_type=\"column\">\n\t\t\t<div class=\"elementor-widget-wrap elementor-element-populated\">\n\t\t\t\t\t\t<div class=\"elementor-element elementor-element-4715f16 elementor-widget elementor-widget-text-editor\" data-id=\"4715f16\" data-element_type=\"widget\" data-widget_type=\"text-editor.default\">\n\t\t\t\t<div class=\"elementor-widget-container\">\n\t\t\t\t\t\t\t\t\t<div class=\"elementor-element elementor-element-ffc8c7a elementor-widget elementor-widget-text-editor\" data-id=\"ffc8c7a\" data-element_type=\"widget\" data-widget_type=\"text-editor.default\"><div class=\"elementor-widget-container\"><div class=\"entry-content\"><h2><span style=\"color: #003366;\">Les d\u00e9lais<\/span><\/h2><p><span style=\"color: #003366;\">A r\u00e9ception de la demande, l\u2019\u00e9tablissement a<strong> 8 jours pour r\u00e9pondre<\/strong> (apr\u00e8s un d\u00e9lai de r\u00e9flexion de 48 heures). <strong>Le d\u00e9lai est port\u00e9 \u00e0 2 mois<\/strong> lorsque les informations datent de <strong>plus de 5 ans.<\/strong><\/span><\/p><h2><span style=\"color: #003366;\">La communication<\/span><\/h2><p><span style=\"color: #003366;\">Elle se fait par l\u2019envoi de copies du dossier m\u00e9dical ou directement, sur rendez-vous. <em><strong>(Aupr\u00e8s du secr\u00e9tariat de direction).<\/strong><\/em><\/span><\/p><p><span style=\"color: #003366;\">Les premi\u00e8res copies sont gratuites seuls sont factur\u00e9s les frais d\u2019envoi (accus\u00e9 de r\u00e9ception)<\/span><\/p><h2><span style=\"color: #003366;\">Que peut-on obtenir ?<\/span><\/h2><p><span style=\"color: #003366;\">Toutes les informations du dossier m\u00e9dical qui ont contribu\u00e9 \u00e0 l\u2019\u00e9laboration et au suivi du diagnostic et du traitement, ou qui ont<\/span><br \/><span style=\"color: #003366;\">fait l\u2019objet d\u2019\u00e9changes \u00e9crits entre professionnels de sant\u00e9. Ce sont :<\/span><\/p><ul><li><span style=\"color: #003366;\">Les r\u00e9sultats d\u2019examens<\/span><\/li><li><span style=\"color: #003366;\">Les comptes-rendus de consultation, d\u2019intervention, d\u2019exploration ou d\u2019hospitalisation<\/span><\/li><li><span style=\"color: #003366;\">Les protocoles et prescriptions th\u00e9rapeutiques<\/span><\/li><li><span style=\"color: #003366;\">Les feuilles de surveillance<\/span><\/li><li><span style=\"color: #003366;\">La correspondance entre professionnels de sant\u00e9 (\u00e0 l\u2019exception d\u2019informations recueillies aupr\u00e8s de tiers n\u2019intervenant pas dans la prise en charge)<\/span><\/li><\/ul><h2><span style=\"color: #003366;\">Cas particuliers<\/span><\/h2><p><span style=\"color: #003366;\">Apr\u00e8s un d\u00e9c\u00e8s : le secret m\u00e9dical ne fait pas d\u2019obstacle \u00e0 ce que les informations concernant une personne d\u00e9c\u00e9d\u00e9e soient d\u00e9livr\u00e9es aux ayants droits (sauf volont\u00e9 contraire exprim\u00e9e par la personne avant son d\u00e9c\u00e8s). Ceux-ci doivent justifier de leur identit\u00e9, de leur statut d\u2019ayant-droit et pr\u00e9ciser la raison pour laquelle ils veulent acc\u00e9der au dossier m\u00e9dical : conna\u00eetre les causes de la mort, d\u00e9fendre la m\u00e9moire du d\u00e9funt ou faire valoir leurs droits.<\/span><\/p><p><span style=\"color: #003366;\">Un mineur peut s\u2019opposer \u00e0 ce que des informations le concernant soient d\u00e9livr\u00e9es \u00e0 ses parents (ou au titulaire de l\u2019autorit\u00e9 parentale). Le m\u00e9decin doit s\u2019efforcer d\u2019obtenir son consentement mais si le mineur maintient son opposition, il n\u2019est pas possible de satisfaire la demande des parents (l\u2019\u00e9crire dans le dossier)<\/span><\/p><p><span style=\"color: #003366;\">Si le praticien ayant adress\u00e9 le patient demande la communication du dossier, elle ne peut intervenir qu\u2019avec l\u2019accord du patient (ou du tuteur ou de l\u2019ayant droit).<\/span><\/p><\/div><\/div><\/div>\t\t\t\t\t\t\t\t<\/div>\n\t\t\t\t<\/div>\n\t\t\t\t<div class=\"elementor-element elementor-element-967ff8b elementor-widget-divider--view-line elementor-widget elementor-widget-divider\" data-id=\"967ff8b\" data-element_type=\"widget\" data-widget_type=\"divider.default\">\n\t\t\t\t<div class=\"elementor-widget-container\">\n\t\t\t\t\t\t\t<div class=\"elementor-divider\">\n\t\t\t<span class=\"elementor-divider-separator\">\n\t\t\t\t\t\t<\/span>\n\t\t<\/div>\n\t\t\t\t\t\t<\/div>\n\t\t\t\t<\/div>\n\t\t\t\t\t<\/div>\n\t\t<\/div>\n\t\t\t\t\t<\/div>\n\t\t<\/section>\n\t\t\t\t<section class=\"elementor-section elementor-top-section elementor-element elementor-element-d5536b6 elementor-section-boxed elementor-section-height-default elementor-section-height-default\" data-id=\"d5536b6\" data-element_type=\"section\">\n\t\t\t\t\t\t<div class=\"elementor-container elementor-column-gap-default\">\n\t\t\t\t\t<div class=\"elementor-column elementor-col-100 elementor-top-column elementor-element elementor-element-ae2491d\" data-id=\"ae2491d\" data-element_type=\"column\">\n\t\t\t<div class=\"elementor-widget-wrap elementor-element-populated\">\n\t\t\t\t\t\t<div class=\"elementor-element elementor-element-a602e93 elementor-widget elementor-widget-heading\" data-id=\"a602e93\" data-element_type=\"widget\" data-widget_type=\"heading.default\">\n\t\t\t\t<div class=\"elementor-widget-container\">\n\t\t\t\t\t<h2 class=\"elementor-heading-title elementor-size-default\">Formulaire acc\u00e8s dossier m\u00e9dical<\/h2>\t\t\t\t<\/div>\n\t\t\t\t<\/div>\n\t\t\t\t\t<\/div>\n\t\t<\/div>\n\t\t\t\t\t<\/div>\n\t\t<\/section>\n\t\t\t\t<section class=\"elementor-section elementor-top-section elementor-element elementor-element-1efbea6 elementor-section-boxed elementor-section-height-default elementor-section-height-default\" data-id=\"1efbea6\" data-element_type=\"section\">\n\t\t\t\t\t\t<div class=\"elementor-container elementor-column-gap-default\">\n\t\t\t\t\t<div class=\"elementor-column elementor-col-100 elementor-top-column elementor-element elementor-element-1e9476d\" data-id=\"1e9476d\" data-element_type=\"column\">\n\t\t\t<div class=\"elementor-widget-wrap elementor-element-populated\">\n\t\t\t\t\t\t<div class=\"elementor-element elementor-element-f29c9c7 elementor-widget elementor-widget-button\" data-id=\"f29c9c7\" data-element_type=\"widget\" data-widget_type=\"button.default\">\n\t\t\t\t<div class=\"elementor-widget-container\">\n\t\t\t\t\t\t\t\t\t<div class=\"elementor-button-wrapper\">\n\t\t\t\t\t<a class=\"elementor-button elementor-button-link elementor-size-sm\" href=\"https:\/\/www.ch-shm.fr\/wp-content\/uploads\/2025\/06\/Formulaire-de-demande-de-dossier-medical-V3.pdf\">\n\t\t\t\t\t\t<span class=\"elementor-button-content-wrapper\">\n\t\t\t\t\t\t<span class=\"elementor-button-icon\">\n\t\t\t\t<i aria-hidden=\"true\" class=\"far fa-edit\"><\/i>\t\t\t<\/span>\n\t\t\t\t\t\t\t\t\t<span class=\"elementor-button-text\">Formulaire de demande de dossier m\u00e9dical<\/span>\n\t\t\t\t\t<\/span>\n\t\t\t\t\t<\/a>\n\t\t\t\t<\/div>\n\t\t\t\t\t\t\t\t<\/div>\n\t\t\t\t<\/div>\n\t\t\t\t\t<\/div>\n\t\t<\/div>\n\t\t\t\t\t<\/div>\n\t\t<\/section>\n\t\t\t\t<\/div>\n\t\t","protected":false},"excerpt":{"rendered":"<p>Acc\u00e9der \u00e0 votre dossier m\u00e9dical (Archives) Retour \u00e0 l&rsquo;accueil Toute personne dont les donn\u00e9es m\u00e9dicales sont d\u00e9tenues par des professionnels de sant\u00e9 ou d\u2019\u00e9tablissements de sant\u00e9, peut demander l\u2019acc\u00e8s \u00e0 ces informations (Loi n\u00b0 2002-303 du 4 Mars 2002 et d\u00e9cret n\u00b0 2002-637 du 29 Avril 2002). A qui s&rsquo;adresser ? La demande doit \u00eatre [&hellip;]<\/p>\n","protected":false},"author":2,"featured_media":0,"parent":0,"menu_order":0,"comment_status":"closed","ping_status":"closed","template":"","meta":{"ocean_post_layout":"","ocean_both_sidebars_style":"","ocean_both_sidebars_content_width":0,"ocean_both_sidebars_sidebars_width":0,"ocean_sidebar":"","ocean_second_sidebar":"","ocean_disable_margins":"enable","ocean_add_body_class":"","ocean_shortcode_before_top_bar":"","ocean_shortcode_after_top_bar":"","ocean_shortcode_before_header":"","ocean_shortcode_after_header":"","ocean_has_shortcode":"","ocean_shortcode_after_title":"","ocean_shortcode_before_footer_widgets":"","ocean_shortcode_after_footer_widgets":"","ocean_shortcode_before_footer_bottom":"","ocean_shortcode_after_footer_bottom":"","ocean_display_top_bar":"default","ocean_display_header":"default","ocean_header_style":"","ocean_center_header_left_menu":"","ocean_custom_header_template":"","ocean_custom_logo":0,"ocean_custom_retina_logo":0,"ocean_custom_logo_max_width":0,"ocean_custom_logo_tablet_max_width":0,"ocean_custom_logo_mobile_max_width":0,"ocean_custom_logo_max_height":0,"ocean_custom_logo_tablet_max_height":0,"ocean_custom_logo_mobile_max_height":0,"ocean_header_custom_menu":"","ocean_menu_typo_font_family":"","ocean_menu_typo_font_subset":"","ocean_menu_typo_font_size":0,"ocean_menu_typo_font_size_tablet":0,"ocean_menu_typo_font_size_mobile":0,"ocean_menu_typo_font_size_unit":"px","ocean_menu_typo_font_weight":"","ocean_menu_typo_font_weight_tablet":"","ocean_menu_typo_font_weight_mobile":"","ocean_menu_typo_transform":"","ocean_menu_typo_transform_tablet":"","ocean_menu_typo_transform_mobile":"","ocean_menu_typo_line_height":0,"ocean_menu_typo_line_height_tablet":0,"ocean_menu_typo_line_height_mobile":0,"ocean_menu_typo_line_height_unit":"","ocean_menu_typo_spacing":0,"ocean_menu_typo_spacing_tablet":0,"ocean_menu_typo_spacing_mobile":0,"ocean_menu_typo_spacing_unit":"","ocean_menu_link_color":"","ocean_menu_link_color_hover":"","ocean_menu_link_color_active":"","ocean_menu_link_background":"","ocean_menu_link_hover_background":"","ocean_menu_link_active_background":"","ocean_menu_social_links_bg":"","ocean_menu_social_hover_links_bg":"","ocean_menu_social_links_color":"","ocean_menu_social_hover_links_color":"","ocean_disable_title":"default","ocean_disable_heading":"default","ocean_post_title":"","ocean_post_subheading":"","ocean_post_title_style":"","ocean_post_title_background_color":"","ocean_post_title_background":0,"ocean_post_title_bg_image_position":"","ocean_post_title_bg_image_attachment":"","ocean_post_title_bg_image_repeat":"","ocean_post_title_bg_image_size":"","ocean_post_title_height":0,"ocean_post_title_bg_overlay":0.5,"ocean_post_title_bg_overlay_color":"","ocean_disable_breadcrumbs":"default","ocean_breadcrumbs_color":"","ocean_breadcrumbs_separator_color":"","ocean_breadcrumbs_links_color":"","ocean_breadcrumbs_links_hover_color":"","ocean_display_footer_widgets":"default","ocean_display_footer_bottom":"default","ocean_custom_footer_template":"","footnotes":""},"class_list":["post-4846","page","type-page","status-publish","hentry","entry"],"_links":{"self":[{"href":"https:\/\/www.ch-shm.fr\/index.php?rest_route=\/wp\/v2\/pages\/4846","targetHints":{"allow":["GET"]}}],"collection":[{"href":"https:\/\/www.ch-shm.fr\/index.php?rest_route=\/wp\/v2\/pages"}],"about":[{"href":"https:\/\/www.ch-shm.fr\/index.php?rest_route=\/wp\/v2\/types\/page"}],"author":[{"embeddable":true,"href":"https:\/\/www.ch-shm.fr\/index.php?rest_route=\/wp\/v2\/users\/2"}],"replies":[{"embeddable":true,"href":"https:\/\/www.ch-shm.fr\/index.php?rest_route=%2Fwp%2Fv2%2Fcomments&post=4846"}],"version-history":[{"count":13,"href":"https:\/\/www.ch-shm.fr\/index.php?rest_route=\/wp\/v2\/pages\/4846\/revisions"}],"predecessor-version":[{"id":5933,"href":"https:\/\/www.ch-shm.fr\/index.php?rest_route=\/wp\/v2\/pages\/4846\/revisions\/5933"}],"wp:attachment":[{"href":"https:\/\/www.ch-shm.fr\/index.php?rest_route=%2Fwp%2Fv2%2Fmedia&parent=4846"}],"curies":[{"name":"wp","href":"https:\/\/api.w.org\/{rel}","templated":true}]}}