{"id":4730,"date":"2025-03-18T16:19:43","date_gmt":"2025-03-18T15:19:43","guid":{"rendered":"https:\/\/www.ch-shm.fr\/?page_id=4730"},"modified":"2025-03-18T16:24:42","modified_gmt":"2025-03-18T15:24:42","slug":"patrimoine","status":"publish","type":"page","link":"https:\/\/www.ch-shm.fr\/?page_id=4730","title":{"rendered":"Patrimoine"},"content":{"rendered":"\t\t<div data-elementor-type=\"wp-page\" data-elementor-id=\"4730\" class=\"elementor elementor-4730\">\n\t\t\t\t\t\t<section class=\"elementor-section elementor-top-section elementor-element elementor-element-26a7f53 elementor-section-boxed elementor-section-height-default elementor-section-height-default\" data-id=\"26a7f53\" data-element_type=\"section\">\n\t\t\t\t\t\t<div class=\"elementor-container elementor-column-gap-default\">\n\t\t\t\t\t<div class=\"elementor-column elementor-col-100 elementor-top-column elementor-element elementor-element-68fa471\" data-id=\"68fa471\" data-element_type=\"column\">\n\t\t\t<div class=\"elementor-widget-wrap elementor-element-populated\">\n\t\t\t\t\t\t<div class=\"elementor-element elementor-element-b818532 elementor-widget elementor-widget-heading\" data-id=\"b818532\" data-element_type=\"widget\" data-widget_type=\"heading.default\">\n\t\t\t\t<div class=\"elementor-widget-container\">\n\t\t\t\t\t<h2 class=\"elementor-heading-title elementor-size-default\">Patrimoine<\/h2>\t\t\t\t<\/div>\n\t\t\t\t<\/div>\n\t\t\t\t\t<\/div>\n\t\t<\/div>\n\t\t\t\t\t<\/div>\n\t\t<\/section>\n\t\t\t\t<section class=\"elementor-section elementor-top-section elementor-element elementor-element-697408e elementor-section-boxed elementor-section-height-default elementor-section-height-default\" data-id=\"697408e\" data-element_type=\"section\">\n\t\t\t\t\t\t<div class=\"elementor-container elementor-column-gap-default\">\n\t\t\t\t\t<div class=\"elementor-column elementor-col-100 elementor-top-column elementor-element elementor-element-6d2564c\" data-id=\"6d2564c\" data-element_type=\"column\">\n\t\t\t<div class=\"elementor-widget-wrap elementor-element-populated\">\n\t\t\t\t\t\t<div class=\"elementor-element elementor-element-4342dfb elementor-widget-divider--view-line elementor-widget elementor-widget-divider\" data-id=\"4342dfb\" data-element_type=\"widget\" data-widget_type=\"divider.default\">\n\t\t\t\t<div class=\"elementor-widget-container\">\n\t\t\t\t\t\t\t<div class=\"elementor-divider\">\n\t\t\t<span class=\"elementor-divider-separator\">\n\t\t\t\t\t\t<\/span>\n\t\t<\/div>\n\t\t\t\t\t\t<\/div>\n\t\t\t\t<\/div>\n\t\t\t\t<div class=\"elementor-element elementor-element-ee57055 elementor-widget elementor-widget-heading\" data-id=\"ee57055\" data-element_type=\"widget\" data-widget_type=\"heading.default\">\n\t\t\t\t<div class=\"elementor-widget-container\">\n\t\t\t\t\t<h2 class=\"elementor-heading-title elementor-size-default\">Chapelle de l'h\u00f4pital de Chaumont<\/h2>\t\t\t\t<\/div>\n\t\t\t\t<\/div>\n\t\t\t\t\t<\/div>\n\t\t<\/div>\n\t\t\t\t\t<\/div>\n\t\t<\/section>\n\t\t\t\t<section class=\"elementor-section elementor-top-section elementor-element elementor-element-cf9c6ed elementor-section-boxed elementor-section-height-default elementor-section-height-default\" data-id=\"cf9c6ed\" data-element_type=\"section\">\n\t\t\t\t\t\t<div class=\"elementor-container elementor-column-gap-default\">\n\t\t\t\t\t<div class=\"elementor-column elementor-col-100 elementor-top-column elementor-element elementor-element-2fb2664\" data-id=\"2fb2664\" data-element_type=\"column\">\n\t\t\t<div class=\"elementor-widget-wrap elementor-element-populated\">\n\t\t\t\t\t\t<div class=\"elementor-element elementor-element-fb95842 elementor-widget elementor-widget-image\" data-id=\"fb95842\" data-element_type=\"widget\" data-widget_type=\"image.default\">\n\t\t\t\t<div class=\"elementor-widget-container\">\n\t\t\t\t\t\t\t\t\t\t\t\t\t\t\t<img fetchpriority=\"high\" decoding=\"async\" width=\"900\" height=\"615\" src=\"https:\/\/www.ch-shm.fr\/wp-content\/uploads\/2025\/03\/chapelle.jpg\" class=\"attachment-large size-large wp-image-4732\" alt=\"\" srcset=\"https:\/\/www.ch-shm.fr\/wp-content\/uploads\/2025\/03\/chapelle.jpg 900w, https:\/\/www.ch-shm.fr\/wp-content\/uploads\/2025\/03\/chapelle-300x205.jpg 300w, https:\/\/www.ch-shm.fr\/wp-content\/uploads\/2025\/03\/chapelle-768x525.jpg 768w\" sizes=\"(max-width: 900px) 100vw, 900px\" \/>\t\t\t\t\t\t\t\t\t\t\t\t\t\t\t<\/div>\n\t\t\t\t<\/div>\n\t\t\t\t\t<\/div>\n\t\t<\/div>\n\t\t\t\t\t<\/div>\n\t\t<\/section>\n\t\t\t\t<section class=\"elementor-section elementor-top-section elementor-element elementor-element-f3ff7db elementor-section-boxed elementor-section-height-default elementor-section-height-default\" data-id=\"f3ff7db\" data-element_type=\"section\">\n\t\t\t\t\t\t<div class=\"elementor-container elementor-column-gap-default\">\n\t\t\t\t\t<div class=\"elementor-column elementor-col-100 elementor-top-column elementor-element elementor-element-bb2c0af\" data-id=\"bb2c0af\" data-element_type=\"column\">\n\t\t\t<div class=\"elementor-widget-wrap elementor-element-populated\">\n\t\t\t\t\t\t<section class=\"elementor-section elementor-inner-section elementor-element elementor-element-61c4d93 elementor-section-boxed elementor-section-height-default elementor-section-height-default\" data-id=\"61c4d93\" data-element_type=\"section\">\n\t\t\t\t\t\t<div class=\"elementor-container elementor-column-gap-default\">\n\t\t\t\t\t<div class=\"elementor-column elementor-col-100 elementor-inner-column elementor-element elementor-element-c56fc86\" data-id=\"c56fc86\" data-element_type=\"column\">\n\t\t\t<div class=\"elementor-widget-wrap elementor-element-populated\">\n\t\t\t\t\t\t<div class=\"elementor-element elementor-element-ac36cba elementor-widget elementor-widget-text-editor\" data-id=\"ac36cba\" data-element_type=\"widget\" data-widget_type=\"text-editor.default\">\n\t\t\t\t<div class=\"elementor-widget-container\">\n\t\t\t\t\t\t\t\t\t<p><span style=\"color: #00003f;\"><b>Jean-Baptiste Bouchardon<\/b> (1667-1742), architecte de la ville de Chaumont, con\u00e7ut en 1716 un vaste <a class=\"TexteHistoireLien\" style=\"color: #00003f;\" href=\"https:\/\/www.patrimoine-histoire.fr\/P_ChampagneA\/Chaumont\/Chaumont-Musee-d-Art-et-d-Histoire.htm#Bouchardon\">projet<\/a> pour un h\u00f4pital g\u00e9n\u00e9ral. Ces plans ne furent pas retenus. Il cr\u00e9a aussi un tr\u00e8s beau retable qui dut prendre place dans la chapelle de l&rsquo;ancien H\u00f4tel-Dieu. Cependant le nouvel h\u00f4pital fut bel et bien construit de 1750 \u00e0 1765, sur les plans de l&rsquo;architecte de Langres Claude Forgeot. Le plan retenu est assez sobre : un corps central enrichi de deux ailes en retour, avec, au centre, une chapelle de plan octogonal surmont\u00e9e d&rsquo;un d\u00f4me. Le <a class=\"TexteHistoireLien\" style=\"color: #00003f;\" href=\"https:\/\/www.patrimoine-histoire.fr\/P_ChampagneA\/Chaumont\/Chaumont-Chapelle-de-l-Hopital.htm#RetableBouchardon\">retable de Jean-Baptiste Bouchardon<\/a>, l&rsquo;\u0153uvre d&rsquo;art principale de la chapelle, y a vraisemblablement \u00e9t\u00e9 transport\u00e9 dans la seconde moiti\u00e9 du XVIIIe si\u00e8cle.<\/span><br \/><span style=\"color: #00003f;\">Cette page donne quelques photos de la chapelle, dont les murs et les d\u00e9corations sont malmen\u00e9s par l&rsquo;usure du temps. Malheureusement, le retable de Bouchardon n&rsquo;est pas complet : toutes les statuettes sont manquantes.<\/span><\/p>\t\t\t\t\t\t\t\t<\/div>\n\t\t\t\t<\/div>\n\t\t\t\t\t<\/div>\n\t\t<\/div>\n\t\t\t\t\t<\/div>\n\t\t<\/section>\n\t\t\t\t\t<\/div>\n\t\t<\/div>\n\t\t\t\t\t<\/div>\n\t\t<\/section>\n\t\t\t\t<section class=\"elementor-section elementor-top-section elementor-element elementor-element-d72888f elementor-section-boxed elementor-section-height-default elementor-section-height-default\" data-id=\"d72888f\" data-element_type=\"section\">\n\t\t\t\t\t\t<div class=\"elementor-container elementor-column-gap-default\">\n\t\t\t\t\t<div class=\"elementor-column elementor-col-100 elementor-top-column elementor-element elementor-element-b932549\" data-id=\"b932549\" data-element_type=\"column\">\n\t\t\t<div class=\"elementor-widget-wrap elementor-element-populated\">\n\t\t\t\t\t\t<div class=\"elementor-element elementor-element-b4d1d27 elementor-widget-divider--view-line elementor-widget elementor-widget-divider\" data-id=\"b4d1d27\" data-element_type=\"widget\" data-widget_type=\"divider.default\">\n\t\t\t\t<div class=\"elementor-widget-container\">\n\t\t\t\t\t\t\t<div class=\"elementor-divider\">\n\t\t\t<span class=\"elementor-divider-separator\">\n\t\t\t\t\t\t<\/span>\n\t\t<\/div>\n\t\t\t\t\t\t<\/div>\n\t\t\t\t<\/div>\n\t\t\t\t<div class=\"elementor-element elementor-element-7fc4f7b elementor-widget elementor-widget-heading\" data-id=\"7fc4f7b\" data-element_type=\"widget\" data-widget_type=\"heading.default\">\n\t\t\t\t<div class=\"elementor-widget-container\">\n\t\t\t\t\t<h2 class=\"elementor-heading-title elementor-size-default\">Chapelle de Langres<\/h2>\t\t\t\t<\/div>\n\t\t\t\t<\/div>\n\t\t\t\t\t<\/div>\n\t\t<\/div>\n\t\t\t\t\t<\/div>\n\t\t<\/section>\n\t\t\t\t<section class=\"elementor-section elementor-top-section elementor-element elementor-element-3fa8b1e elementor-section-boxed elementor-section-height-default elementor-section-height-default\" data-id=\"3fa8b1e\" data-element_type=\"section\">\n\t\t\t\t\t\t<div class=\"elementor-container elementor-column-gap-default\">\n\t\t\t\t\t<div class=\"elementor-column elementor-col-100 elementor-top-column elementor-element elementor-element-e5bdade\" data-id=\"e5bdade\" data-element_type=\"column\">\n\t\t\t<div class=\"elementor-widget-wrap elementor-element-populated\">\n\t\t\t\t\t\t<div class=\"elementor-element elementor-element-73696ab elementor-widget elementor-widget-image\" data-id=\"73696ab\" data-element_type=\"widget\" data-widget_type=\"image.default\">\n\t\t\t\t<div class=\"elementor-widget-container\">\n\t\t\t\t\t\t\t\t\t\t\t\t\t\t\t<img decoding=\"async\" width=\"708\" height=\"475\" src=\"https:\/\/www.ch-shm.fr\/wp-content\/uploads\/2025\/03\/6d4f247e7d5de6bdbb93a7b7a651f2d5-Hopital-de-la-charite-langres-05-Angelique-Roze-0x475-1.jpg\" class=\"attachment-large size-large wp-image-4733\" alt=\"\" srcset=\"https:\/\/www.ch-shm.fr\/wp-content\/uploads\/2025\/03\/6d4f247e7d5de6bdbb93a7b7a651f2d5-Hopital-de-la-charite-langres-05-Angelique-Roze-0x475-1.jpg 708w, https:\/\/www.ch-shm.fr\/wp-content\/uploads\/2025\/03\/6d4f247e7d5de6bdbb93a7b7a651f2d5-Hopital-de-la-charite-langres-05-Angelique-Roze-0x475-1-300x201.jpg 300w\" sizes=\"(max-width: 708px) 100vw, 708px\" \/>\t\t\t\t\t\t\t\t\t\t\t\t\t\t\t<\/div>\n\t\t\t\t<\/div>\n\t\t\t\t<div class=\"elementor-element elementor-element-2b2b26a elementor-widget elementor-widget-text-editor\" data-id=\"2b2b26a\" data-element_type=\"widget\" data-widget_type=\"text-editor.default\">\n\t\t\t\t<div class=\"elementor-widget-container\">\n\t\t\t\t\t\t\t\t\t<p><span style=\"color: #00003f;\">En 1638, en r\u00e9action aux \u00e9pid\u00e9mies de peste, l&rsquo;\u00e9v\u00eaque S\u00e9bastien Zamet institue la confr\u00e9rie de la Charit\u00e9, charg\u00e9e de secourir les \u00ab pauvres malades \u00bb. La jeune institution se voit confier la gestion d&rsquo;un h\u00f4pital am\u00e9nag\u00e9 dans plusieurs maisons regroup\u00e9es d\u00e9j\u00e0 \u00e0 cet endroit.<\/span><\/p><p><span style=\"color: #00003f;\">L&rsquo;incendie de 1770 permet de concevoir un nouveau b\u00e2timent plus fonctionnel. Etabli suivant les plans de Nicolas Durand, architecte de la g\u00e9n\u00e9ralit\u00e9 de Champagne, le nouvel h\u00f4pital est form\u00e9 de deux pavillons reli\u00e9s \u00e0 une chapelle centrale par deux ailes. Ces derni\u00e8res abritaient les salles r\u00e9serv\u00e9es aux malades. Les pavillons lat\u00e9raux \u00e9taient \u00e9quip\u00e9s d&rsquo;une salle pour les convalescents, d&rsquo;une pharmacie et d&rsquo;une salle d&rsquo;op\u00e9ration. Le tout allie sym\u00e9trie et monumentalit\u00e9 autour d&rsquo;une avant-cour formant jardin clos. B\u00e2timent central de la composition, la chapelle en rotonde pr\u00e9sente un d\u00e9cor n\u00e9o-classique de grande qualit\u00e9. oeuvre du sculpteur langrois Antoine Besan\u00e7on, le d\u00e9cor sculpt\u00e9 souligne la vocation des lieux. La Charit\u00e9 accueille les orphelins au fronton de la chapelle, tandis que les piliers encadrant le portail repr\u00e9sentent la M\u00e9decine (prise du pouls) et la Chirurgie (op\u00e9ration de la cataracte).<\/span><\/p>\t\t\t\t\t\t\t\t<\/div>\n\t\t\t\t<\/div>\n\t\t\t\t\t<\/div>\n\t\t<\/div>\n\t\t\t\t\t<\/div>\n\t\t<\/section>\n\t\t\t\t<\/div>\n\t\t","protected":false},"excerpt":{"rendered":"<p>Patrimoine Chapelle de l&rsquo;h\u00f4pital de Chaumont Jean-Baptiste Bouchardon (1667-1742), architecte de la ville de Chaumont, con\u00e7ut en 1716 un vaste projet pour un h\u00f4pital g\u00e9n\u00e9ral. Ces plans ne furent pas retenus. Il cr\u00e9a aussi un tr\u00e8s beau retable qui dut prendre place dans la chapelle de l&rsquo;ancien H\u00f4tel-Dieu. Cependant le nouvel h\u00f4pital fut bel et [&hellip;]<\/p>\n","protected":false},"author":2,"featured_media":0,"parent":0,"menu_order":0,"comment_status":"closed","ping_status":"closed","template":"","meta":{"ocean_post_layout":"","ocean_both_sidebars_style":"","ocean_both_sidebars_content_width":0,"ocean_both_sidebars_sidebars_width":0,"ocean_sidebar":"","ocean_second_sidebar":"","ocean_disable_margins":"enable","ocean_add_body_class":"","ocean_shortcode_before_top_bar":"","ocean_shortcode_after_top_bar":"","ocean_shortcode_before_header":"","ocean_shortcode_after_header":"","ocean_has_shortcode":"","ocean_shortcode_after_title":"","ocean_shortcode_before_footer_widgets":"","ocean_shortcode_after_footer_widgets":"","ocean_shortcode_before_footer_bottom":"","ocean_shortcode_after_footer_bottom":"","ocean_display_top_bar":"default","ocean_display_header":"default","ocean_header_style":"","ocean_center_header_left_menu":"","ocean_custom_header_template":"","ocean_custom_logo":0,"ocean_custom_retina_logo":0,"ocean_custom_logo_max_width":0,"ocean_custom_logo_tablet_max_width":0,"ocean_custom_logo_mobile_max_width":0,"ocean_custom_logo_max_height":0,"ocean_custom_logo_tablet_max_height":0,"ocean_custom_logo_mobile_max_height":0,"ocean_header_custom_menu":"","ocean_menu_typo_font_family":"","ocean_menu_typo_font_subset":"","ocean_menu_typo_font_size":0,"ocean_menu_typo_font_size_tablet":0,"ocean_menu_typo_font_size_mobile":0,"ocean_menu_typo_font_size_unit":"px","ocean_menu_typo_font_weight":"","ocean_menu_typo_font_weight_tablet":"","ocean_menu_typo_font_weight_mobile":"","ocean_menu_typo_transform":"","ocean_menu_typo_transform_tablet":"","ocean_menu_typo_transform_mobile":"","ocean_menu_typo_line_height":0,"ocean_menu_typo_line_height_tablet":0,"ocean_menu_typo_line_height_mobile":0,"ocean_menu_typo_line_height_unit":"","ocean_menu_typo_spacing":0,"ocean_menu_typo_spacing_tablet":0,"ocean_menu_typo_spacing_mobile":0,"ocean_menu_typo_spacing_unit":"","ocean_menu_link_color":"","ocean_menu_link_color_hover":"","ocean_menu_link_color_active":"","ocean_menu_link_background":"","ocean_menu_link_hover_background":"","ocean_menu_link_active_background":"","ocean_menu_social_links_bg":"","ocean_menu_social_hover_links_bg":"","ocean_menu_social_links_color":"","ocean_menu_social_hover_links_color":"","ocean_disable_title":"default","ocean_disable_heading":"default","ocean_post_title":"","ocean_post_subheading":"","ocean_post_title_style":"","ocean_post_title_background_color":"","ocean_post_title_background":0,"ocean_post_title_bg_image_position":"","ocean_post_title_bg_image_attachment":"","ocean_post_title_bg_image_repeat":"","ocean_post_title_bg_image_size":"","ocean_post_title_height":0,"ocean_post_title_bg_overlay":0.5,"ocean_post_title_bg_overlay_color":"","ocean_disable_breadcrumbs":"default","ocean_breadcrumbs_color":"","ocean_breadcrumbs_separator_color":"","ocean_breadcrumbs_links_color":"","ocean_breadcrumbs_links_hover_color":"","ocean_display_footer_widgets":"default","ocean_display_footer_bottom":"default","ocean_custom_footer_template":"","footnotes":""},"class_list":["post-4730","page","type-page","status-publish","hentry","entry"],"_links":{"self":[{"href":"https:\/\/www.ch-shm.fr\/index.php?rest_route=\/wp\/v2\/pages\/4730","targetHints":{"allow":["GET"]}}],"collection":[{"href":"https:\/\/www.ch-shm.fr\/index.php?rest_route=\/wp\/v2\/pages"}],"about":[{"href":"https:\/\/www.ch-shm.fr\/index.php?rest_route=\/wp\/v2\/types\/page"}],"author":[{"embeddable":true,"href":"https:\/\/www.ch-shm.fr\/index.php?rest_route=\/wp\/v2\/users\/2"}],"replies":[{"embeddable":true,"href":"https:\/\/www.ch-shm.fr\/index.php?rest_route=%2Fwp%2Fv2%2Fcomments&post=4730"}],"version-history":[{"count":4,"href":"https:\/\/www.ch-shm.fr\/index.php?rest_route=\/wp\/v2\/pages\/4730\/revisions"}],"predecessor-version":[{"id":4736,"href":"https:\/\/www.ch-shm.fr\/index.php?rest_route=\/wp\/v2\/pages\/4730\/revisions\/4736"}],"wp:attachment":[{"href":"https:\/\/www.ch-shm.fr\/index.php?rest_route=%2Fwp%2Fv2%2Fmedia&parent=4730"}],"curies":[{"name":"wp","href":"https:\/\/api.w.org\/{rel}","templated":true}]}}