{"id":4412,"date":"2025-02-07T14:51:46","date_gmt":"2025-02-07T13:51:46","guid":{"rendered":"https:\/\/www.ch-shm.fr\/?page_id=4412"},"modified":"2026-04-07T11:43:36","modified_gmt":"2026-04-07T09:43:36","slug":"l-nos-engagements","status":"publish","type":"page","link":"https:\/\/www.ch-shm.fr\/?page_id=4412","title":{"rendered":"Nos engagements Langres"},"content":{"rendered":"\t\t<div data-elementor-type=\"wp-page\" data-elementor-id=\"4412\" class=\"elementor elementor-4412\">\n\t\t\t\t\t\t<section class=\"elementor-section elementor-top-section elementor-element elementor-element-be04b0d elementor-section-boxed elementor-section-height-default elementor-section-height-default\" data-id=\"be04b0d\" data-element_type=\"section\">\n\t\t\t\t\t\t<div class=\"elementor-container elementor-column-gap-default\">\n\t\t\t\t\t<div class=\"elementor-column elementor-col-100 elementor-top-column elementor-element elementor-element-bb6674b\" data-id=\"bb6674b\" data-element_type=\"column\">\n\t\t\t<div class=\"elementor-widget-wrap elementor-element-populated\">\n\t\t\t\t\t\t<div class=\"elementor-element elementor-element-5c974b7 elementor-widget elementor-widget-heading\" data-id=\"5c974b7\" data-element_type=\"widget\" data-widget_type=\"heading.default\">\n\t\t\t\t<div class=\"elementor-widget-container\">\n\t\t\t\t\t<h2 class=\"elementor-heading-title elementor-size-default\">Nos engagements<\/h2>\t\t\t\t<\/div>\n\t\t\t\t<\/div>\n\t\t\t\t<div class=\"elementor-element elementor-element-b878fcc elementor-widget-divider--view-line elementor-widget elementor-widget-divider\" data-id=\"b878fcc\" data-element_type=\"widget\" data-widget_type=\"divider.default\">\n\t\t\t\t<div class=\"elementor-widget-container\">\n\t\t\t\t\t\t\t<div class=\"elementor-divider\">\n\t\t\t<span class=\"elementor-divider-separator\">\n\t\t\t\t\t\t<\/span>\n\t\t<\/div>\n\t\t\t\t\t\t<\/div>\n\t\t\t\t<\/div>\n\t\t\t\t<section class=\"elementor-section elementor-inner-section elementor-element elementor-element-a3d1cd8 elementor-section-boxed elementor-section-height-default elementor-section-height-default\" data-id=\"a3d1cd8\" data-element_type=\"section\">\n\t\t\t\t\t\t<div class=\"elementor-container elementor-column-gap-default\">\n\t\t\t\t\t<div class=\"elementor-column elementor-col-100 elementor-inner-column elementor-element elementor-element-2b8e1ad\" data-id=\"2b8e1ad\" data-element_type=\"column\">\n\t\t\t<div class=\"elementor-widget-wrap elementor-element-populated\">\n\t\t\t\t\t\t<div class=\"elementor-element elementor-element-cead8b1 elementor-widget elementor-widget-image\" data-id=\"cead8b1\" data-element_type=\"widget\" data-widget_type=\"image.default\">\n\t\t\t\t<div class=\"elementor-widget-container\">\n\t\t\t\t\t\t\t\t\t\t\t\t\t\t\t<img decoding=\"async\" width=\"150\" height=\"150\" src=\"https:\/\/www.ch-shm.fr\/wp-content\/uploads\/2025\/02\/images-4-150x150.jpg\" class=\"attachment-thumbnail size-thumbnail wp-image-4438\" alt=\"\" srcset=\"https:\/\/www.ch-shm.fr\/wp-content\/uploads\/2025\/02\/images-4-150x150.jpg 150w, https:\/\/www.ch-shm.fr\/wp-content\/uploads\/2025\/02\/images-4-144x144.jpg 144w, https:\/\/www.ch-shm.fr\/wp-content\/uploads\/2025\/02\/images-4.jpg 225w\" sizes=\"(max-width: 150px) 100vw, 150px\" \/>\t\t\t\t\t\t\t\t\t\t\t\t\t\t\t<\/div>\n\t\t\t\t<\/div>\n\t\t\t\t<div class=\"elementor-element elementor-element-0db4b4d elementor-widget elementor-widget-heading\" data-id=\"0db4b4d\" data-element_type=\"widget\" data-widget_type=\"heading.default\">\n\t\t\t\t<div class=\"elementor-widget-container\">\n\t\t\t\t\t<h2 class=\"elementor-heading-title elementor-size-default\">Chartes<\/h2>\t\t\t\t<\/div>\n\t\t\t\t<\/div>\n\t\t\t\t\t<\/div>\n\t\t<\/div>\n\t\t\t\t\t<\/div>\n\t\t<\/section>\n\t\t\t\t<div class=\"elementor-element elementor-element-ec65acb elementor-widget elementor-widget-text-editor\" data-id=\"ec65acb\" data-element_type=\"widget\" data-widget_type=\"text-editor.default\">\n\t\t\t\t<div class=\"elementor-widget-container\">\n\t\t\t\t\t\t\t\t\t<ul><li><a href=\"http:\/\/www.ch-shm.fr\/wp-content\/uploads\/2025\/02\/Charte-bientraitance_CHC-scaled.jpg\"><span style=\"text-decoration: underline;\"><em><strong><span style=\"color: #00003f; text-decoration: underline;\">Charte de bientraitance<\/span><\/strong><\/em><\/span><\/a><\/li><li><a href=\"http:\/\/www.ch-shm.fr\/wp-content\/uploads\/2025\/02\/charte-romain-jacob.pdf\"><span style=\"text-decoration: underline;\"><em><strong><span style=\"color: #00003f; text-decoration: underline;\">Charte Romain Jacob<\/span><\/strong><\/em><\/span><\/a><\/li><\/ul>\t\t\t\t\t\t\t\t<\/div>\n\t\t\t\t<\/div>\n\t\t\t\t<div class=\"elementor-element elementor-element-1773de3 elementor-widget-divider--view-line elementor-widget elementor-widget-divider\" data-id=\"1773de3\" data-element_type=\"widget\" data-widget_type=\"divider.default\">\n\t\t\t\t<div class=\"elementor-widget-container\">\n\t\t\t\t\t\t\t<div class=\"elementor-divider\">\n\t\t\t<span class=\"elementor-divider-separator\">\n\t\t\t\t\t\t<\/span>\n\t\t<\/div>\n\t\t\t\t\t\t<\/div>\n\t\t\t\t<\/div>\n\t\t\t\t<div class=\"elementor-element elementor-element-d4e3d44 elementor-widget elementor-widget-image\" data-id=\"d4e3d44\" data-element_type=\"widget\" data-widget_type=\"image.default\">\n\t\t\t\t<div class=\"elementor-widget-container\">\n\t\t\t\t\t\t\t\t\t\t\t\t\t\t\t<img decoding=\"async\" width=\"300\" height=\"113\" src=\"https:\/\/www.ch-shm.fr\/wp-content\/uploads\/2025\/02\/Sans-titre-2-300x113.png\" class=\"attachment-medium size-medium wp-image-4380\" alt=\"\" srcset=\"https:\/\/www.ch-shm.fr\/wp-content\/uploads\/2025\/02\/Sans-titre-2-300x113.png 300w, https:\/\/www.ch-shm.fr\/wp-content\/uploads\/2025\/02\/Sans-titre-2.png 366w\" sizes=\"(max-width: 300px) 100vw, 300px\" \/>\t\t\t\t\t\t\t\t\t\t\t\t\t\t\t<\/div>\n\t\t\t\t<\/div>\n\t\t\t\t<div class=\"elementor-element elementor-element-96465d6 elementor-widget elementor-widget-text-editor\" data-id=\"96465d6\" data-element_type=\"widget\" data-widget_type=\"text-editor.default\">\n\t\t\t\t<div class=\"elementor-widget-container\">\n\t\t\t\t\t\t\t\t\t<div class=\"elementor-element elementor-element-dc71c5e elementor-widget elementor-widget-heading\" data-id=\"dc71c5e\" data-element_type=\"widget\" data-widget_type=\"heading.default\"><div class=\"elementor-widget-container\"><h2 class=\"elementor-heading-title elementor-size-default\"><span style=\"color: #00003f;\">Les r\u00e9sultats \u00ab Qualiscope \u00bb :<\/span><\/h2><\/div><\/div><div class=\"elementor-element elementor-element-861ef00 elementor-widget elementor-widget-text-editor\" data-id=\"861ef00\" data-element_type=\"widget\" data-widget_type=\"text-editor.default\"><div class=\"elementor-widget-container\"><p><span style=\"color: #00003f;\">Parce que la qualit\u00e9 des soins est au c\u0153ur de nos engagements, nous partageons en toute transparence nos r\u00e9sultats Qualiscope. Nous travaillons chaque jour \u00e0 les am\u00e9liorer pour mieux vous accompagner.<\/span><\/p><\/div><\/div>\t\t\t\t\t\t\t\t<\/div>\n\t\t\t\t<\/div>\n\t\t\t\t<div class=\"elementor-element elementor-element-963778c elementor-widget elementor-widget-button\" data-id=\"963778c\" data-element_type=\"widget\" data-widget_type=\"button.default\">\n\t\t\t\t<div class=\"elementor-widget-container\">\n\t\t\t\t\t\t\t\t\t<div class=\"elementor-button-wrapper\">\n\t\t\t\t\t<a class=\"elementor-button elementor-button-link elementor-size-sm\" href=\"https:\/\/www.has-sante.fr\/jcms\/1660_FicheEtablissement\/fr\/centre-hospitalier-de-langres%20\">\n\t\t\t\t\t\t<span class=\"elementor-button-content-wrapper\">\n\t\t\t\t\t\t<span class=\"elementor-button-icon\">\n\t\t\t\t<i aria-hidden=\"true\" class=\"fas fa-arrow-right\"><\/i>\t\t\t<\/span>\n\t\t\t\t\t\t\t\t\t<span class=\"elementor-button-text\">Consulter nos r\u00e9sultats<\/span>\n\t\t\t\t\t<\/span>\n\t\t\t\t\t<\/a>\n\t\t\t\t<\/div>\n\t\t\t\t\t\t\t\t<\/div>\n\t\t\t\t<\/div>\n\t\t\t\t<div class=\"elementor-element elementor-element-391fd3b elementor-widget-divider--view-line elementor-widget elementor-widget-divider\" data-id=\"391fd3b\" data-element_type=\"widget\" data-widget_type=\"divider.default\">\n\t\t\t\t<div class=\"elementor-widget-container\">\n\t\t\t\t\t\t\t<div class=\"elementor-divider\">\n\t\t\t<span class=\"elementor-divider-separator\">\n\t\t\t\t\t\t<\/span>\n\t\t<\/div>\n\t\t\t\t\t\t<\/div>\n\t\t\t\t<\/div>\n\t\t\t\t<div class=\"elementor-element elementor-element-0f100ee elementor-widget elementor-widget-heading\" data-id=\"0f100ee\" data-element_type=\"widget\" data-widget_type=\"heading.default\">\n\t\t\t\t<div class=\"elementor-widget-container\">\n\t\t\t\t\t<h2 class=\"elementor-heading-title elementor-size-default\">Subventions<\/h2>\t\t\t\t<\/div>\n\t\t\t\t<\/div>\n\t\t\t\t<div class=\"elementor-element elementor-element-072dea0 elementor-widget-divider--view-line elementor-widget elementor-widget-divider\" data-id=\"072dea0\" data-element_type=\"widget\" data-widget_type=\"divider.default\">\n\t\t\t\t<div class=\"elementor-widget-container\">\n\t\t\t\t\t\t\t<div class=\"elementor-divider\">\n\t\t\t<span class=\"elementor-divider-separator\">\n\t\t\t\t\t\t<\/span>\n\t\t<\/div>\n\t\t\t\t\t\t<\/div>\n\t\t\t\t<\/div>\n\t\t\t\t<div class=\"elementor-element elementor-element-53adceb elementor-widget elementor-widget-text-editor\" data-id=\"53adceb\" data-element_type=\"widget\" data-widget_type=\"text-editor.default\">\n\t\t\t\t<div class=\"elementor-widget-container\">\n\t\t\t\t\t\t\t\t\t<div class=\"elementor-widget-container\"><p><span style=\"font-size: 14pt; color: #00003f;\"><strong>Fonds Europ\u00e9ens<\/strong><\/span><\/p><p><span style=\"color: #00003f;\">Dans le cadre du programme <strong>\u00ab\u00a0L\u2019Europe s\u2019engage en Grand Est\u00a0\u00bb<\/strong>, notre organisation b\u00e9n\u00e9ficie du soutien du <strong>Fonds Europ\u00e9en de D\u00e9veloppement R\u00e9gional (FEDER)<\/strong>. Ces financements nous permettent de d\u00e9velopper nos projets et d\u2019am\u00e9liorer nos services pour r\u00e9pondre aux besoins des citoyens. Retrouvez ici les mises \u00e0 jour sur les aides re\u00e7ues et leur impact.<\/span><\/p><\/div><p><span style=\"text-decoration: underline;\"><span style=\"color: #00003f;\"><strong>Consultez les projets ci-dessous :<\/strong><\/span><\/span><\/p><ul><li><a href=\"http:\/\/www.ch-shm.fr\/wp-content\/uploads\/2025\/02\/Projet-SAU-L.pdf\"><span style=\"text-decoration: underline;\"><em><strong><span style=\"color: #00003f; text-decoration: underline;\">Restructuration du Service d&rsquo;Accueil des Urgences<\/span><\/strong><\/em><\/span><\/a><\/li><li><a href=\"http:\/\/www.ch-shm.fr\/wp-content\/uploads\/2025\/02\/Projet-SAU-L.pdf\"><span style=\"text-decoration: underline;\"><em><strong><span style=\"color: #00003f; text-decoration: underline;\">Cr\u00e9ation d&rsquo;une HDJ endocrinologie<\/span><\/strong><\/em><\/span><\/a><\/li><li><a href=\"http:\/\/www.ch-shm.fr\/wp-content\/uploads\/2025\/02\/projet-antibigouvernance.pdf\"><span style=\"text-decoration: underline;\"><em><strong><span style=\"color: #00003f; text-decoration: underline;\">Pr\u00e9vention du risque infectieux et d&rsquo;antibiogouvernance, par l&rsquo;acquisition d&rsquo;un logiciel m\u00e9tier<\/span><\/strong><\/em><\/span><\/a><\/li><li><a href=\"http:\/\/www.ch-shm.fr\/wp-content\/uploads\/2025\/02\/Projet-CH-L-equipement-labo.pdf\"><span style=\"text-decoration: underline;\"><em><strong><span style=\"color: #00003f; text-decoration: underline;\">S\u00e9curisation des prises en charge par l\u2019acquisition de mat\u00e9riels et \u00e9quipements informatiques<\/span><\/strong><\/em><\/span><\/a><\/li><li><a href=\"http:\/\/www.ch-shm.fr\/wp-content\/uploads\/2025\/02\/projet-service-admissions.pdf\"><span style=\"text-decoration: underline;\"><em><strong><span style=\"color: #00003f; text-decoration: underline;\">Restructuration du service des admissions<\/span><\/strong><\/em><\/span><\/a><\/li><li><a href=\"http:\/\/www.ch-shm.fr\/wp-content\/uploads\/2025\/02\/projet-med-A-et-C.pdf\"><span style=\"text-decoration: underline;\"><em><strong><span style=\"color: #00003f; text-decoration: underline;\">Restructuration des salles de soins des services de m\u00e9decine A et C<\/span><\/strong><\/em><\/span><\/a><\/li><\/ul>\t\t\t\t\t\t\t\t<\/div>\n\t\t\t\t<\/div>\n\t\t\t\t\t<\/div>\n\t\t<\/div>\n\t\t\t\t\t<\/div>\n\t\t<\/section>\n\t\t\t\t<\/div>\n\t\t","protected":false},"excerpt":{"rendered":"<p>Nos engagements Chartes Charte de bientraitance Charte Romain Jacob Les r\u00e9sultats \u00ab Qualiscope \u00bb : Parce que la qualit\u00e9 des soins est au c\u0153ur de nos engagements, nous partageons en toute transparence nos r\u00e9sultats Qualiscope. Nous travaillons chaque jour \u00e0 les am\u00e9liorer pour mieux vous accompagner. Consulter nos r\u00e9sultats Subventions Fonds Europ\u00e9ens Dans le cadre [&hellip;]<\/p>\n","protected":false},"author":2,"featured_media":0,"parent":0,"menu_order":0,"comment_status":"closed","ping_status":"closed","template":"","meta":{"ocean_post_layout":"","ocean_both_sidebars_style":"","ocean_both_sidebars_content_width":0,"ocean_both_sidebars_sidebars_width":0,"ocean_sidebar":"","ocean_second_sidebar":"","ocean_disable_margins":"enable","ocean_add_body_class":"","ocean_shortcode_before_top_bar":"","ocean_shortcode_after_top_bar":"","ocean_shortcode_before_header":"","ocean_shortcode_after_header":"","ocean_has_shortcode":"","ocean_shortcode_after_title":"","ocean_shortcode_before_footer_widgets":"","ocean_shortcode_after_footer_widgets":"","ocean_shortcode_before_footer_bottom":"","ocean_shortcode_after_footer_bottom":"","ocean_display_top_bar":"default","ocean_display_header":"default","ocean_header_style":"","ocean_center_header_left_menu":"","ocean_custom_header_template":"","ocean_custom_logo":0,"ocean_custom_retina_logo":0,"ocean_custom_logo_max_width":0,"ocean_custom_logo_tablet_max_width":0,"ocean_custom_logo_mobile_max_width":0,"ocean_custom_logo_max_height":0,"ocean_custom_logo_tablet_max_height":0,"ocean_custom_logo_mobile_max_height":0,"ocean_header_custom_menu":"","ocean_menu_typo_font_family":"","ocean_menu_typo_font_subset":"","ocean_menu_typo_font_size":0,"ocean_menu_typo_font_size_tablet":0,"ocean_menu_typo_font_size_mobile":0,"ocean_menu_typo_font_size_unit":"px","ocean_menu_typo_font_weight":"","ocean_menu_typo_font_weight_tablet":"","ocean_menu_typo_font_weight_mobile":"","ocean_menu_typo_transform":"","ocean_menu_typo_transform_tablet":"","ocean_menu_typo_transform_mobile":"","ocean_menu_typo_line_height":0,"ocean_menu_typo_line_height_tablet":0,"ocean_menu_typo_line_height_mobile":0,"ocean_menu_typo_line_height_unit":"","ocean_menu_typo_spacing":0,"ocean_menu_typo_spacing_tablet":0,"ocean_menu_typo_spacing_mobile":0,"ocean_menu_typo_spacing_unit":"","ocean_menu_link_color":"","ocean_menu_link_color_hover":"","ocean_menu_link_color_active":"","ocean_menu_link_background":"","ocean_menu_link_hover_background":"","ocean_menu_link_active_background":"","ocean_menu_social_links_bg":"","ocean_menu_social_hover_links_bg":"","ocean_menu_social_links_color":"","ocean_menu_social_hover_links_color":"","ocean_disable_title":"default","ocean_disable_heading":"default","ocean_post_title":"","ocean_post_subheading":"","ocean_post_title_style":"","ocean_post_title_background_color":"","ocean_post_title_background":0,"ocean_post_title_bg_image_position":"","ocean_post_title_bg_image_attachment":"","ocean_post_title_bg_image_repeat":"","ocean_post_title_bg_image_size":"","ocean_post_title_height":0,"ocean_post_title_bg_overlay":0.5,"ocean_post_title_bg_overlay_color":"","ocean_disable_breadcrumbs":"default","ocean_breadcrumbs_color":"","ocean_breadcrumbs_separator_color":"","ocean_breadcrumbs_links_color":"","ocean_breadcrumbs_links_hover_color":"","ocean_display_footer_widgets":"default","ocean_display_footer_bottom":"default","ocean_custom_footer_template":"","footnotes":""},"class_list":["post-4412","page","type-page","status-publish","hentry","entry"],"_links":{"self":[{"href":"https:\/\/www.ch-shm.fr\/index.php?rest_route=\/wp\/v2\/pages\/4412","targetHints":{"allow":["GET"]}}],"collection":[{"href":"https:\/\/www.ch-shm.fr\/index.php?rest_route=\/wp\/v2\/pages"}],"about":[{"href":"https:\/\/www.ch-shm.fr\/index.php?rest_route=\/wp\/v2\/types\/page"}],"author":[{"embeddable":true,"href":"https:\/\/www.ch-shm.fr\/index.php?rest_route=\/wp\/v2\/users\/2"}],"replies":[{"embeddable":true,"href":"https:\/\/www.ch-shm.fr\/index.php?rest_route=%2Fwp%2Fv2%2Fcomments&post=4412"}],"version-history":[{"count":17,"href":"https:\/\/www.ch-shm.fr\/index.php?rest_route=\/wp\/v2\/pages\/4412\/revisions"}],"predecessor-version":[{"id":5899,"href":"https:\/\/www.ch-shm.fr\/index.php?rest_route=\/wp\/v2\/pages\/4412\/revisions\/5899"}],"wp:attachment":[{"href":"https:\/\/www.ch-shm.fr\/index.php?rest_route=%2Fwp%2Fv2%2Fmedia&parent=4412"}],"curies":[{"name":"wp","href":"https:\/\/api.w.org\/{rel}","templated":true}]}}