{"id":4070,"date":"2025-02-05T14:10:34","date_gmt":"2025-02-05T13:10:34","guid":{"rendered":"https:\/\/www.ch-shm.fr\/?page_id=4070"},"modified":"2026-04-07T11:43:58","modified_gmt":"2026-04-07T09:43:58","slug":"ch-nos-engagements","status":"publish","type":"page","link":"https:\/\/www.ch-shm.fr\/?page_id=4070","title":{"rendered":"Nos engagements Chaumont"},"content":{"rendered":"\t\t<div data-elementor-type=\"wp-page\" data-elementor-id=\"4070\" class=\"elementor elementor-4070\">\n\t\t\t\t\t\t<section class=\"elementor-section elementor-top-section elementor-element elementor-element-096f158 elementor-section-boxed elementor-section-height-default elementor-section-height-default\" data-id=\"096f158\" data-element_type=\"section\">\n\t\t\t\t\t\t<div class=\"elementor-container elementor-column-gap-default\">\n\t\t\t\t\t<div class=\"elementor-column elementor-col-100 elementor-top-column elementor-element elementor-element-4b913db\" data-id=\"4b913db\" data-element_type=\"column\">\n\t\t\t<div class=\"elementor-widget-wrap elementor-element-populated\">\n\t\t\t\t\t\t<div class=\"elementor-element elementor-element-a3aa2ab elementor-widget elementor-widget-heading\" data-id=\"a3aa2ab\" data-element_type=\"widget\" data-widget_type=\"heading.default\">\n\t\t\t\t<div class=\"elementor-widget-container\">\n\t\t\t\t\t<h2 class=\"elementor-heading-title elementor-size-default\">Nos engagements<\/h2>\t\t\t\t<\/div>\n\t\t\t\t<\/div>\n\t\t\t\t\t<\/div>\n\t\t<\/div>\n\t\t\t\t\t<\/div>\n\t\t<\/section>\n\t\t\t\t<section class=\"elementor-section elementor-top-section elementor-element elementor-element-1b1eaa1 elementor-section-boxed elementor-section-height-default elementor-section-height-default\" data-id=\"1b1eaa1\" data-element_type=\"section\">\n\t\t\t\t\t\t<div class=\"elementor-container elementor-column-gap-default\">\n\t\t\t\t\t<div class=\"elementor-column elementor-col-100 elementor-top-column elementor-element elementor-element-5205e2a\" data-id=\"5205e2a\" data-element_type=\"column\">\n\t\t\t<div class=\"elementor-widget-wrap elementor-element-populated\">\n\t\t\t\t\t\t<div class=\"elementor-element elementor-element-e0d2e19 elementor-widget-divider--view-line elementor-widget elementor-widget-divider\" data-id=\"e0d2e19\" data-element_type=\"widget\" data-widget_type=\"divider.default\">\n\t\t\t\t<div class=\"elementor-widget-container\">\n\t\t\t\t\t\t\t<div class=\"elementor-divider\">\n\t\t\t<span class=\"elementor-divider-separator\">\n\t\t\t\t\t\t<\/span>\n\t\t<\/div>\n\t\t\t\t\t\t<\/div>\n\t\t\t\t<\/div>\n\t\t\t\t<div class=\"elementor-element elementor-element-eb5cbe4 elementor-widget elementor-widget-image\" data-id=\"eb5cbe4\" data-element_type=\"widget\" data-widget_type=\"image.default\">\n\t\t\t\t<div class=\"elementor-widget-container\">\n\t\t\t\t\t\t\t\t\t\t\t\t\t\t\t<img fetchpriority=\"high\" decoding=\"async\" width=\"225\" height=\"225\" src=\"https:\/\/www.ch-shm.fr\/wp-content\/uploads\/2025\/02\/images-4.jpg\" class=\"attachment-large size-large wp-image-4438\" alt=\"\" srcset=\"https:\/\/www.ch-shm.fr\/wp-content\/uploads\/2025\/02\/images-4.jpg 225w, https:\/\/www.ch-shm.fr\/wp-content\/uploads\/2025\/02\/images-4-150x150.jpg 150w, https:\/\/www.ch-shm.fr\/wp-content\/uploads\/2025\/02\/images-4-144x144.jpg 144w\" sizes=\"(max-width: 225px) 100vw, 225px\" \/>\t\t\t\t\t\t\t\t\t\t\t\t\t\t\t<\/div>\n\t\t\t\t<\/div>\n\t\t\t\t<div class=\"elementor-element elementor-element-b272d28 elementor-widget elementor-widget-heading\" data-id=\"b272d28\" data-element_type=\"widget\" data-widget_type=\"heading.default\">\n\t\t\t\t<div class=\"elementor-widget-container\">\n\t\t\t\t\t<h2 class=\"elementor-heading-title elementor-size-default\">Chartes<\/h2>\t\t\t\t<\/div>\n\t\t\t\t<\/div>\n\t\t\t\t<div class=\"elementor-element elementor-element-2476427 elementor-widget elementor-widget-text-editor\" data-id=\"2476427\" data-element_type=\"widget\" data-widget_type=\"text-editor.default\">\n\t\t\t\t<div class=\"elementor-widget-container\">\n\t\t\t\t\t\t\t\t\t<ul><li><a href=\"http:\/\/www.ch-shm.fr\/wp-content\/uploads\/2025\/02\/Charte-bientraitance_CHC-scaled.jpg\"><span style=\"text-decoration: underline;\"><em><strong><span style=\"color: #00003f; text-decoration: underline;\">Chartes de bientraitance<\/span><\/strong><\/em><\/span><\/a><\/li><li><a href=\"http:\/\/www.ch-shm.fr\/wp-content\/uploads\/2025\/02\/Charte-douleur-2016_livret-daccueil.pdf\"><span style=\"text-decoration: underline;\"><em><strong><span style=\"color: #00003f; text-decoration: underline;\">Charte de la douleur<\/span><\/strong><\/em><\/span><\/a><\/li><li><span style=\"text-decoration: underline;\"><em><strong><span style=\"color: #00003f; text-decoration: underline;\">Charte Romain Jacob<\/span> <\/strong><\/em><\/span><\/li><\/ul>\t\t\t\t\t\t\t\t<\/div>\n\t\t\t\t<\/div>\n\t\t\t\t<div class=\"elementor-element elementor-element-02169dc elementor-widget-divider--view-line elementor-widget elementor-widget-divider\" data-id=\"02169dc\" data-element_type=\"widget\" data-widget_type=\"divider.default\">\n\t\t\t\t<div class=\"elementor-widget-container\">\n\t\t\t\t\t\t\t<div class=\"elementor-divider\">\n\t\t\t<span class=\"elementor-divider-separator\">\n\t\t\t\t\t\t<\/span>\n\t\t<\/div>\n\t\t\t\t\t\t<\/div>\n\t\t\t\t<\/div>\n\t\t\t\t<div class=\"elementor-element elementor-element-5b9c5de elementor-widget elementor-widget-image\" data-id=\"5b9c5de\" data-element_type=\"widget\" data-widget_type=\"image.default\">\n\t\t\t\t<div class=\"elementor-widget-container\">\n\t\t\t\t\t\t\t\t\t\t\t\t\t\t\t<img decoding=\"async\" width=\"225\" height=\"76\" src=\"https:\/\/www.ch-shm.fr\/wp-content\/uploads\/2025\/02\/Sans-titre-1-e1738934697337.png\" class=\"attachment-medium size-medium wp-image-4378\" alt=\"\" \/>\t\t\t\t\t\t\t\t\t\t\t\t\t\t\t<\/div>\n\t\t\t\t<\/div>\n\t\t\t\t<div class=\"elementor-element elementor-element-43a62a9 elementor-widget elementor-widget-heading\" data-id=\"43a62a9\" data-element_type=\"widget\" data-widget_type=\"heading.default\">\n\t\t\t\t<div class=\"elementor-widget-container\">\n\t\t\t\t\t<h2 class=\"elementor-heading-title elementor-size-default\">Politique d'Am\u00e9lioration de la Qualit\u00e9 et de la S\u00e9curit\u00e9 des soins<\/h2>\t\t\t\t<\/div>\n\t\t\t\t<\/div>\n\t\t\t\t<div class=\"elementor-element elementor-element-6f57121 elementor-widget elementor-widget-text-editor\" data-id=\"6f57121\" data-element_type=\"widget\" data-widget_type=\"text-editor.default\">\n\t\t\t\t<div class=\"elementor-widget-container\">\n\t\t\t\t\t\t\t\t\t<p><span style=\"color: #00003f;\">Parce que la sant\u00e9 et le bien-\u00eatre de nos patients sont notre priorit\u00e9, nous mettons en place une politique rigoureuse d&rsquo;am\u00e9lioration continue de la qualit\u00e9 et de la s\u00e9curit\u00e9 des soins. D\u00e9couvrez notre charte qui refl\u00e8te nos engagements et nos actions pour garantir des soins fiables, bienveillants et adapt\u00e9s \u00e0 vos besoins.<\/span><\/p>\t\t\t\t\t\t\t\t<\/div>\n\t\t\t\t<\/div>\n\t\t\t\t<div class=\"elementor-element elementor-element-612058e elementor-widget elementor-widget-button\" data-id=\"612058e\" data-element_type=\"widget\" data-widget_type=\"button.default\">\n\t\t\t\t<div class=\"elementor-widget-container\">\n\t\t\t\t\t\t\t\t\t<div class=\"elementor-button-wrapper\">\n\t\t\t\t\t<a class=\"elementor-button elementor-button-link elementor-size-sm\" href=\"#\">\n\t\t\t\t\t\t<span class=\"elementor-button-content-wrapper\">\n\t\t\t\t\t\t<span class=\"elementor-button-icon\">\n\t\t\t\t<i aria-hidden=\"true\" class=\"fas fa-arrow-right\"><\/i>\t\t\t<\/span>\n\t\t\t\t\t\t\t\t\t<span class=\"elementor-button-text\">Consulter notre charte<\/span>\n\t\t\t\t\t<\/span>\n\t\t\t\t\t<\/a>\n\t\t\t\t<\/div>\n\t\t\t\t\t\t\t\t<\/div>\n\t\t\t\t<\/div>\n\t\t\t\t\t<\/div>\n\t\t<\/div>\n\t\t\t\t\t<\/div>\n\t\t<\/section>\n\t\t\t\t<section class=\"elementor-section elementor-top-section elementor-element elementor-element-386f86f elementor-section-boxed elementor-section-height-default elementor-section-height-default\" data-id=\"386f86f\" data-element_type=\"section\">\n\t\t\t\t\t\t<div class=\"elementor-container elementor-column-gap-default\">\n\t\t\t\t\t<div class=\"elementor-column elementor-col-100 elementor-top-column elementor-element elementor-element-ee19d31\" data-id=\"ee19d31\" data-element_type=\"column\">\n\t\t\t<div class=\"elementor-widget-wrap elementor-element-populated\">\n\t\t\t\t\t\t<div class=\"elementor-element elementor-element-1cae331 elementor-widget-divider--view-line elementor-widget elementor-widget-divider\" data-id=\"1cae331\" data-element_type=\"widget\" data-widget_type=\"divider.default\">\n\t\t\t\t<div class=\"elementor-widget-container\">\n\t\t\t\t\t\t\t<div class=\"elementor-divider\">\n\t\t\t<span class=\"elementor-divider-separator\">\n\t\t\t\t\t\t<\/span>\n\t\t<\/div>\n\t\t\t\t\t\t<\/div>\n\t\t\t\t<\/div>\n\t\t\t\t<div class=\"elementor-element elementor-element-59e692a elementor-widget elementor-widget-image\" data-id=\"59e692a\" data-element_type=\"widget\" data-widget_type=\"image.default\">\n\t\t\t\t<div class=\"elementor-widget-container\">\n\t\t\t\t\t\t\t\t\t\t\t\t\t\t\t<img decoding=\"async\" width=\"366\" height=\"138\" src=\"https:\/\/www.ch-shm.fr\/wp-content\/uploads\/2025\/02\/Sans-titre-2.png\" class=\"attachment-large size-large wp-image-4380\" alt=\"\" srcset=\"https:\/\/www.ch-shm.fr\/wp-content\/uploads\/2025\/02\/Sans-titre-2.png 366w, https:\/\/www.ch-shm.fr\/wp-content\/uploads\/2025\/02\/Sans-titre-2-300x113.png 300w\" sizes=\"(max-width: 366px) 100vw, 366px\" \/>\t\t\t\t\t\t\t\t\t\t\t\t\t\t\t<\/div>\n\t\t\t\t<\/div>\n\t\t\t\t<div class=\"elementor-element elementor-element-dc71c5e elementor-widget elementor-widget-heading\" data-id=\"dc71c5e\" data-element_type=\"widget\" data-widget_type=\"heading.default\">\n\t\t\t\t<div class=\"elementor-widget-container\">\n\t\t\t\t\t<h2 class=\"elementor-heading-title elementor-size-default\">Les r\u00e9sultats \u00ab Qualiscope \u00bb : <\/h2>\t\t\t\t<\/div>\n\t\t\t\t<\/div>\n\t\t\t\t<div class=\"elementor-element elementor-element-861ef00 elementor-widget elementor-widget-text-editor\" data-id=\"861ef00\" data-element_type=\"widget\" data-widget_type=\"text-editor.default\">\n\t\t\t\t<div class=\"elementor-widget-container\">\n\t\t\t\t\t\t\t\t\t<p><span style=\"color: #00003f;\">Parce que la qualit\u00e9 des soins est au c\u0153ur de nos engagements, nous partageons en toute transparence nos r\u00e9sultats Qualiscope. Nous travaillons chaque jour \u00e0 les am\u00e9liorer pour mieux vous accompagner.<\/span><\/p>\t\t\t\t\t\t\t\t<\/div>\n\t\t\t\t<\/div>\n\t\t\t\t<div class=\"elementor-element elementor-element-e5458fd elementor-widget elementor-widget-button\" data-id=\"e5458fd\" data-element_type=\"widget\" data-widget_type=\"button.default\">\n\t\t\t\t<div class=\"elementor-widget-container\">\n\t\t\t\t\t\t\t\t\t<div class=\"elementor-button-wrapper\">\n\t\t\t\t\t<a class=\"elementor-button elementor-button-link elementor-size-sm\" href=\"https:\/\/www.has-sante.fr\/jcms\/1658_FicheEtablissement\/fr\/centre-hospitalier-de-chaumont\">\n\t\t\t\t\t\t<span class=\"elementor-button-content-wrapper\">\n\t\t\t\t\t\t<span class=\"elementor-button-icon\">\n\t\t\t\t<i aria-hidden=\"true\" class=\"fas fa-arrow-right\"><\/i>\t\t\t<\/span>\n\t\t\t\t\t\t\t\t\t<span class=\"elementor-button-text\">Consulter nos r\u00e9sultats<\/span>\n\t\t\t\t\t<\/span>\n\t\t\t\t\t<\/a>\n\t\t\t\t<\/div>\n\t\t\t\t\t\t\t\t<\/div>\n\t\t\t\t<\/div>\n\t\t\t\t<div class=\"elementor-element elementor-element-57a2ac3 elementor-widget-divider--view-line elementor-widget elementor-widget-divider\" data-id=\"57a2ac3\" data-element_type=\"widget\" data-widget_type=\"divider.default\">\n\t\t\t\t<div class=\"elementor-widget-container\">\n\t\t\t\t\t\t\t<div class=\"elementor-divider\">\n\t\t\t<span class=\"elementor-divider-separator\">\n\t\t\t\t\t\t<\/span>\n\t\t<\/div>\n\t\t\t\t\t\t<\/div>\n\t\t\t\t<\/div>\n\t\t\t\t\t<\/div>\n\t\t<\/div>\n\t\t\t\t\t<\/div>\n\t\t<\/section>\n\t\t\t\t<section class=\"elementor-section elementor-top-section elementor-element elementor-element-b6ae971 elementor-section-boxed elementor-section-height-default elementor-section-height-default\" data-id=\"b6ae971\" data-element_type=\"section\">\n\t\t\t\t\t\t<div class=\"elementor-container elementor-column-gap-default\">\n\t\t\t\t\t<div class=\"elementor-column elementor-col-100 elementor-top-column elementor-element elementor-element-6805eef\" data-id=\"6805eef\" data-element_type=\"column\">\n\t\t\t<div class=\"elementor-widget-wrap elementor-element-populated\">\n\t\t\t\t\t\t<div class=\"elementor-element elementor-element-8a5cfee elementor-widget elementor-widget-image\" data-id=\"8a5cfee\" data-element_type=\"widget\" data-widget_type=\"image.default\">\n\t\t\t\t<div class=\"elementor-widget-container\">\n\t\t\t\t\t\t\t\t\t\t\t\t\t\t\t<img loading=\"lazy\" decoding=\"async\" width=\"279\" height=\"181\" src=\"https:\/\/www.ch-shm.fr\/wp-content\/uploads\/2025\/02\/Sans-titre-5.jpg\" class=\"attachment-large size-large wp-image-4381\" alt=\"\" \/>\t\t\t\t\t\t\t\t\t\t\t\t\t\t\t<\/div>\n\t\t\t\t<\/div>\n\t\t\t\t<div class=\"elementor-element elementor-element-edfdc4a elementor-widget elementor-widget-heading\" data-id=\"edfdc4a\" data-element_type=\"widget\" data-widget_type=\"heading.default\">\n\t\t\t\t<div class=\"elementor-widget-container\">\n\t\t\t\t\t<h2 class=\"elementor-heading-title elementor-size-default\">\u00ab Signaler un risque pour la sant\u00e9 publique, agir pour sa sant\u00e9 et celle des autres \u00bb <\/h2>\t\t\t\t<\/div>\n\t\t\t\t<\/div>\n\t\t\t\t<div class=\"elementor-element elementor-element-0bc967b elementor-widget elementor-widget-text-editor\" data-id=\"0bc967b\" data-element_type=\"widget\" data-widget_type=\"text-editor.default\">\n\t\t\t\t<div class=\"elementor-widget-container\">\n\t\t\t\t\t\t\t\t\t<p><span style=\"color: #00003f;\">Votre vigilance peut faire la diff\u00e9rence. Signaler un risque pour la sant\u00e9 publique, c\u2019est contribuer \u00e0 la s\u00e9curit\u00e9 de tous.<\/span><\/p>\t\t\t\t\t\t\t\t<\/div>\n\t\t\t\t<\/div>\n\t\t\t\t<div class=\"elementor-element elementor-element-67d087a elementor-widget elementor-widget-button\" data-id=\"67d087a\" data-element_type=\"widget\" data-widget_type=\"button.default\">\n\t\t\t\t<div class=\"elementor-widget-container\">\n\t\t\t\t\t\t\t\t\t<div class=\"elementor-button-wrapper\">\n\t\t\t\t\t<a class=\"elementor-button elementor-button-link elementor-size-sm\" href=\"https:\/\/signalement.social-sante.gouv.fr\/#\/accueil%20\">\n\t\t\t\t\t\t<span class=\"elementor-button-content-wrapper\">\n\t\t\t\t\t\t<span class=\"elementor-button-icon\">\n\t\t\t\t<i aria-hidden=\"true\" class=\"far fa-envelope\"><\/i>\t\t\t<\/span>\n\t\t\t\t\t\t\t\t\t<span class=\"elementor-button-text\">Signaler un \u00e9v\u00e8nement ind\u00e9sirable<\/span>\n\t\t\t\t\t<\/span>\n\t\t\t\t\t<\/a>\n\t\t\t\t<\/div>\n\t\t\t\t\t\t\t\t<\/div>\n\t\t\t\t<\/div>\n\t\t\t\t<div class=\"elementor-element elementor-element-ca21189 elementor-widget-divider--view-line elementor-widget elementor-widget-divider\" data-id=\"ca21189\" data-element_type=\"widget\" data-widget_type=\"divider.default\">\n\t\t\t\t<div class=\"elementor-widget-container\">\n\t\t\t\t\t\t\t<div class=\"elementor-divider\">\n\t\t\t<span class=\"elementor-divider-separator\">\n\t\t\t\t\t\t<\/span>\n\t\t<\/div>\n\t\t\t\t\t\t<\/div>\n\t\t\t\t<\/div>\n\t\t\t\t<div class=\"elementor-element elementor-element-6906fbc elementor-widget elementor-widget-heading\" data-id=\"6906fbc\" data-element_type=\"widget\" data-widget_type=\"heading.default\">\n\t\t\t\t<div class=\"elementor-widget-container\">\n\t\t\t\t\t<h2 class=\"elementor-heading-title elementor-size-default\">Subventions<\/h2>\t\t\t\t<\/div>\n\t\t\t\t<\/div>\n\t\t\t\t<div class=\"elementor-element elementor-element-e2e6b87 elementor-widget-divider--view-line elementor-widget elementor-widget-divider\" data-id=\"e2e6b87\" data-element_type=\"widget\" data-widget_type=\"divider.default\">\n\t\t\t\t<div class=\"elementor-widget-container\">\n\t\t\t\t\t\t\t<div class=\"elementor-divider\">\n\t\t\t<span class=\"elementor-divider-separator\">\n\t\t\t\t\t\t<\/span>\n\t\t<\/div>\n\t\t\t\t\t\t<\/div>\n\t\t\t\t<\/div>\n\t\t\t\t<div class=\"elementor-element elementor-element-5c8fb15 elementor-widget elementor-widget-text-editor\" data-id=\"5c8fb15\" data-element_type=\"widget\" data-widget_type=\"text-editor.default\">\n\t\t\t\t<div class=\"elementor-widget-container\">\n\t\t\t\t\t\t\t\t\t<div class=\"elementor-element elementor-element-57e2989 elementor-widget elementor-widget-text-editor\" data-id=\"57e2989\" data-element_type=\"widget\" data-widget_type=\"text-editor.default\"><div class=\"elementor-widget-container\"><p><span style=\"font-size: 14pt; color: #00003f;\"><strong>Fonds Europ\u00e9ens<\/strong><\/span><\/p><p><span style=\"color: #00003f;\">Dans le cadre du programme <strong>\u00ab\u00a0L\u2019Europe s\u2019engage en Grand Est\u00a0\u00bb<\/strong>, notre organisation b\u00e9n\u00e9ficie du soutien du <strong>Fonds Europ\u00e9en de D\u00e9veloppement R\u00e9gional (FEDER)<\/strong>. Ces financements nous permettent de d\u00e9velopper nos projets et d\u2019am\u00e9liorer nos services pour r\u00e9pondre aux besoins des citoyens. Retrouvez ici les mises \u00e0 jour sur les aides re\u00e7ues et leur impact.<\/span><\/p><\/div><p><strong><span style=\"color: #00003f;\">Consultez les projets ci-dessous :<\/span><\/strong><\/p><ul><li><a href=\"http:\/\/www.ch-shm.fr\/wp-content\/uploads\/2025\/02\/PROJET-SAU.pdf\"><span style=\"text-decoration: underline;\"><em><strong><span style=\"color: #00003f; text-decoration: underline;\">Restructuration du Service d\u2019Accueil des Urgences<\/span><\/strong><\/em><\/span><\/a><\/li><li><em><span style=\"text-decoration: underline;\"><strong><a href=\"http:\/\/www.ch-shm.fr\/wp-content\/uploads\/2025\/02\/Projet-Autocom.pdf\"><span style=\"color: #00003f; text-decoration: underline;\">Autocom du SAMU centre 15 de Haute-Marne<\/span><\/a><\/strong><\/span><\/em><\/li><li><a href=\"http:\/\/www.ch-shm.fr\/wp-content\/uploads\/2025\/02\/projet-smr.pdf\"><span style=\"text-decoration: underline;\"><em><strong><span style=\"color: #00003f; text-decoration: underline;\">R\u00e9adaptation du SMR HC<\/span><\/strong><\/em><\/span><\/a><\/li><li><a href=\"http:\/\/www.ch-shm.fr\/wp-content\/uploads\/2025\/02\/PROJET-FME.pdf\"><span style=\"text-decoration: underline;\"><strong><em><span style=\"color: #00003f; text-decoration: underline;\">Restructuration du p\u00f4le Femme M\u00e8re Enfant<\/span><\/em><\/strong><\/span><\/a><\/li><li><a href=\"http:\/\/www.ch-shm.fr\/wp-content\/uploads\/2025\/02\/Projet-CH-L-equipement-labo.pdf\"><span style=\"text-decoration: underline;\"><em><strong><span style=\"color: #00003f; text-decoration: underline;\">S\u00e9curisation des prises en charge par l\u2019acquisition de mat\u00e9riels et \u00e9quipements informatiques<\/span><\/strong><\/em><\/span><\/a><\/li><\/ul><\/div>\t\t\t\t\t\t\t\t<\/div>\n\t\t\t\t<\/div>\n\t\t\t\t\t<\/div>\n\t\t<\/div>\n\t\t\t\t\t<\/div>\n\t\t<\/section>\n\t\t\t\t<\/div>\n\t\t","protected":false},"excerpt":{"rendered":"<p>Nos engagements Chartes Chartes de bientraitance Charte de la douleur Charte Romain Jacob Politique d&rsquo;Am\u00e9lioration de la Qualit\u00e9 et de la S\u00e9curit\u00e9 des soins Parce que la sant\u00e9 et le bien-\u00eatre de nos patients sont notre priorit\u00e9, nous mettons en place une politique rigoureuse d&rsquo;am\u00e9lioration continue de la qualit\u00e9 et de la s\u00e9curit\u00e9 des soins. [&hellip;]<\/p>\n","protected":false},"author":2,"featured_media":0,"parent":0,"menu_order":0,"comment_status":"closed","ping_status":"closed","template":"","meta":{"ocean_post_layout":"","ocean_both_sidebars_style":"","ocean_both_sidebars_content_width":0,"ocean_both_sidebars_sidebars_width":0,"ocean_sidebar":"","ocean_second_sidebar":"","ocean_disable_margins":"enable","ocean_add_body_class":"","ocean_shortcode_before_top_bar":"","ocean_shortcode_after_top_bar":"","ocean_shortcode_before_header":"","ocean_shortcode_after_header":"","ocean_has_shortcode":"","ocean_shortcode_after_title":"","ocean_shortcode_before_footer_widgets":"","ocean_shortcode_after_footer_widgets":"","ocean_shortcode_before_footer_bottom":"","ocean_shortcode_after_footer_bottom":"","ocean_display_top_bar":"default","ocean_display_header":"default","ocean_header_style":"","ocean_center_header_left_menu":"","ocean_custom_header_template":"","ocean_custom_logo":0,"ocean_custom_retina_logo":0,"ocean_custom_logo_max_width":0,"ocean_custom_logo_tablet_max_width":0,"ocean_custom_logo_mobile_max_width":0,"ocean_custom_logo_max_height":0,"ocean_custom_logo_tablet_max_height":0,"ocean_custom_logo_mobile_max_height":0,"ocean_header_custom_menu":"","ocean_menu_typo_font_family":"","ocean_menu_typo_font_subset":"","ocean_menu_typo_font_size":0,"ocean_menu_typo_font_size_tablet":0,"ocean_menu_typo_font_size_mobile":0,"ocean_menu_typo_font_size_unit":"px","ocean_menu_typo_font_weight":"","ocean_menu_typo_font_weight_tablet":"","ocean_menu_typo_font_weight_mobile":"","ocean_menu_typo_transform":"","ocean_menu_typo_transform_tablet":"","ocean_menu_typo_transform_mobile":"","ocean_menu_typo_line_height":0,"ocean_menu_typo_line_height_tablet":0,"ocean_menu_typo_line_height_mobile":0,"ocean_menu_typo_line_height_unit":"","ocean_menu_typo_spacing":0,"ocean_menu_typo_spacing_tablet":0,"ocean_menu_typo_spacing_mobile":0,"ocean_menu_typo_spacing_unit":"","ocean_menu_link_color":"","ocean_menu_link_color_hover":"","ocean_menu_link_color_active":"","ocean_menu_link_background":"","ocean_menu_link_hover_background":"","ocean_menu_link_active_background":"","ocean_menu_social_links_bg":"","ocean_menu_social_hover_links_bg":"","ocean_menu_social_links_color":"","ocean_menu_social_hover_links_color":"","ocean_disable_title":"default","ocean_disable_heading":"default","ocean_post_title":"","ocean_post_subheading":"","ocean_post_title_style":"","ocean_post_title_background_color":"","ocean_post_title_background":0,"ocean_post_title_bg_image_position":"","ocean_post_title_bg_image_attachment":"","ocean_post_title_bg_image_repeat":"","ocean_post_title_bg_image_size":"","ocean_post_title_height":0,"ocean_post_title_bg_overlay":0.5,"ocean_post_title_bg_overlay_color":"","ocean_disable_breadcrumbs":"default","ocean_breadcrumbs_color":"","ocean_breadcrumbs_separator_color":"","ocean_breadcrumbs_links_color":"","ocean_breadcrumbs_links_hover_color":"","ocean_display_footer_widgets":"default","ocean_display_footer_bottom":"default","ocean_custom_footer_template":"","footnotes":""},"class_list":["post-4070","page","type-page","status-publish","hentry","entry"],"_links":{"self":[{"href":"https:\/\/www.ch-shm.fr\/index.php?rest_route=\/wp\/v2\/pages\/4070","targetHints":{"allow":["GET"]}}],"collection":[{"href":"https:\/\/www.ch-shm.fr\/index.php?rest_route=\/wp\/v2\/pages"}],"about":[{"href":"https:\/\/www.ch-shm.fr\/index.php?rest_route=\/wp\/v2\/types\/page"}],"author":[{"embeddable":true,"href":"https:\/\/www.ch-shm.fr\/index.php?rest_route=\/wp\/v2\/users\/2"}],"replies":[{"embeddable":true,"href":"https:\/\/www.ch-shm.fr\/index.php?rest_route=%2Fwp%2Fv2%2Fcomments&post=4070"}],"version-history":[{"count":29,"href":"https:\/\/www.ch-shm.fr\/index.php?rest_route=\/wp\/v2\/pages\/4070\/revisions"}],"predecessor-version":[{"id":5901,"href":"https:\/\/www.ch-shm.fr\/index.php?rest_route=\/wp\/v2\/pages\/4070\/revisions\/5901"}],"wp:attachment":[{"href":"https:\/\/www.ch-shm.fr\/index.php?rest_route=%2Fwp%2Fv2%2Fmedia&parent=4070"}],"curies":[{"name":"wp","href":"https:\/\/api.w.org\/{rel}","templated":true}]}}