{"id":371,"date":"2021-04-08T09:44:33","date_gmt":"2021-04-08T07:44:33","guid":{"rendered":"http:\/\/192.0.0.130\/wordpress\/?page_id=371"},"modified":"2025-01-31T15:30:09","modified_gmt":"2025-01-31T14:30:09","slug":"pole-dactivites-et-de-soins-adaptes","status":"publish","type":"page","link":"https:\/\/www.ch-shm.fr\/?page_id=371","title":{"rendered":"P\u00f4le d&rsquo;activit\u00e9s et de soins adapt\u00e9s"},"content":{"rendered":"\t\t<div data-elementor-type=\"wp-page\" data-elementor-id=\"371\" class=\"elementor elementor-371\">\n\t\t\t\t\t\t<section class=\"elementor-section elementor-top-section elementor-element elementor-element-bcf0da1 elementor-section-boxed elementor-section-height-default elementor-section-height-default\" data-id=\"bcf0da1\" data-element_type=\"section\">\n\t\t\t\t\t\t<div class=\"elementor-container elementor-column-gap-default\">\n\t\t\t\t\t<div class=\"elementor-column elementor-col-100 elementor-top-column elementor-element elementor-element-d68457e\" data-id=\"d68457e\" data-element_type=\"column\">\n\t\t\t<div class=\"elementor-widget-wrap elementor-element-populated\">\n\t\t\t\t\t\t<div class=\"elementor-element elementor-element-ddc61e1 elementor-widget elementor-widget-heading\" data-id=\"ddc61e1\" data-element_type=\"widget\" data-widget_type=\"heading.default\">\n\t\t\t\t<div class=\"elementor-widget-container\">\n\t\t\t\t\t<h2 class=\"elementor-heading-title elementor-size-large\">P\u00f4le d'Activit\u00e9s et de Soins Adapt\u00e9s - PASA<\/h2>\t\t\t\t<\/div>\n\t\t\t\t<\/div>\n\t\t\t\t\t<\/div>\n\t\t<\/div>\n\t\t\t\t\t<\/div>\n\t\t<\/section>\n\t\t\t\t<section class=\"elementor-section elementor-top-section elementor-element elementor-element-f0ba927 elementor-section-boxed elementor-section-height-default elementor-section-height-default\" data-id=\"f0ba927\" data-element_type=\"section\">\n\t\t\t\t\t\t<div class=\"elementor-container elementor-column-gap-default\">\n\t\t\t\t\t<div class=\"elementor-column elementor-col-100 elementor-top-column elementor-element elementor-element-34ba732\" data-id=\"34ba732\" data-element_type=\"column\">\n\t\t\t<div class=\"elementor-widget-wrap elementor-element-populated\">\n\t\t\t\t\t\t<div class=\"elementor-element elementor-element-6cdfc04 elementor-widget elementor-widget-image\" data-id=\"6cdfc04\" data-element_type=\"widget\" data-widget_type=\"image.default\">\n\t\t\t\t<div class=\"elementor-widget-container\">\n\t\t\t\t\t\t\t\t\t\t\t\t\t\t\t\t<a href=\"https:\/\/master-7rqtwti-5c5qntwqgnbgs.fr-1.platformsh.site\/wp-content\/uploads\/2021\/04\/pasa1-scaled.jpg\" data-elementor-open-lightbox=\"yes\" data-elementor-lightbox-title=\"pasa1\" data-e-action-hash=\"#elementor-action%3Aaction%3Dlightbox%26settings%3DeyJpZCI6NTI3LCJ1cmwiOiJodHRwczpcL1wvd3d3LmNoLXNobS5mclwvd3AtY29udGVudFwvdXBsb2Fkc1wvMjAyMVwvMDRcL3Bhc2ExLXNjYWxlZC5qcGcifQ%3D%3D\">\n\t\t\t\t\t\t\t<img fetchpriority=\"high\" decoding=\"async\" width=\"768\" height=\"432\" src=\"https:\/\/www.ch-shm.fr\/wp-content\/uploads\/2021\/04\/pasa1-768x432.jpg\" class=\"attachment-medium_large size-medium_large wp-image-527\" alt=\"\" srcset=\"https:\/\/www.ch-shm.fr\/wp-content\/uploads\/2021\/04\/pasa1-768x432.jpg 768w, https:\/\/www.ch-shm.fr\/wp-content\/uploads\/2021\/04\/pasa1-300x169.jpg 300w, https:\/\/www.ch-shm.fr\/wp-content\/uploads\/2021\/04\/pasa1-1024x576.jpg 1024w, https:\/\/www.ch-shm.fr\/wp-content\/uploads\/2021\/04\/pasa1-1536x864.jpg 1536w, https:\/\/www.ch-shm.fr\/wp-content\/uploads\/2021\/04\/pasa1-2048x1152.jpg 2048w\" sizes=\"(max-width: 768px) 100vw, 768px\" \/>\t\t\t\t\t\t\t\t<\/a>\n\t\t\t\t\t\t\t\t\t\t\t\t\t\t\t<\/div>\n\t\t\t\t<\/div>\n\t\t\t\t\t<\/div>\n\t\t<\/div>\n\t\t\t\t\t<\/div>\n\t\t<\/section>\n\t\t\t\t<section class=\"elementor-section elementor-top-section elementor-element elementor-element-82c7008 elementor-section-boxed elementor-section-height-default elementor-section-height-default\" data-id=\"82c7008\" data-element_type=\"section\">\n\t\t\t\t\t\t<div class=\"elementor-container elementor-column-gap-default\">\n\t\t\t\t\t<div class=\"elementor-column elementor-col-100 elementor-top-column elementor-element elementor-element-fe6f049\" data-id=\"fe6f049\" data-element_type=\"column\">\n\t\t\t<div class=\"elementor-widget-wrap elementor-element-populated\">\n\t\t\t\t\t\t<div class=\"elementor-element elementor-element-d218190 elementor-widget elementor-widget-text-editor\" data-id=\"d218190\" data-element_type=\"widget\" data-widget_type=\"text-editor.default\">\n\t\t\t\t<div class=\"elementor-widget-container\">\n\t\t\t\t\t\t\t\t\t<p style=\"text-align: left;\"><span style=\"color: #00003f;\">L&rsquo;unit\u00e9 accueille des\u00a0<b>r\u00e9sidents de l&rsquo;EHPAD<\/b>\u00a0dont le\u00a0<b>diagnostic de la maladie d&rsquo;Alzheimer ou apparent\u00e9 a \u00e9t\u00e9 pos\u00e9.<\/b>\u00a0Seuls certains r\u00e9sidents peuvent y pr\u00e9tendre sur prescription m\u00e9dicale.<\/span><br \/><span style=\"color: #00003f;\">Le service est ouvert du\u00a0<b>Lundi au Vendredi de 9h \u00e0 16h30.<\/b><\/span><\/p><p style=\"text-align: left;\"><span style=\"color: #00003f;\">Les objectifs sont :<\/span><\/p><p style=\"text-align: left;\"><span style=\"color: #00003f;\">\u2022 Accompagner de mani\u00e8re sp\u00e9cifique les personnes atteintes de la maladie d&rsquo;Alzheimer ou syndromes apparent\u00e9s,<\/span><\/p><p style=\"text-align: left;\"><span style=\"color: #00003f;\">\u2022 Pour pr\u00e9server et maintenir une certaine autonomie,<\/span><\/p><p style=\"text-align: left;\"><span style=\"color: #00003f;\">\u2022 Proposer des activit\u00e9s collectives ou individuelles en vue de limiter les troubles du comportement,<\/span><\/p><p style=\"text-align: left;\"><span style=\"color: #00003f;\">\u2022 Permettre aux personnes accueillies de maintenir des liens sociaux,<\/span><\/p><p style=\"text-align: left;\"><span style=\"color: #00003f;\">\u2022 Procurer des temps de bien-\u00eatre et de d\u00e9tente.<\/span><\/p><p style=\"text-align: left;\"><span style=\"color: #00003f;\">\u2022 Maintenir les espacit\u00e9s actuelles<\/span><\/p><p style=\"text-align: left;\"><span style=\"color: #00003f;\"><b>Cadre de sant\u00e9\u00a0<\/b>: Christelle ROYER<\/span><br \/><span style=\"color: #00003f;\"><b>Ergoth\u00e9rapeute\u00a0<\/b>: Christine LENNINGER<\/span><br \/><span style=\"color: #00003f;\"><b>A.S.G\u00a0<\/b>: V\u00e9ronique CHAMPONNOIS &#8211; Viviane VILLENEUVE<\/span><\/p>\t\t\t\t\t\t\t\t<\/div>\n\t\t\t\t<\/div>\n\t\t\t\t\t<\/div>\n\t\t<\/div>\n\t\t\t\t\t<\/div>\n\t\t<\/section>\n\t\t\t\t<section class=\"elementor-section elementor-top-section elementor-element elementor-element-b3b548b elementor-section-boxed elementor-section-height-default elementor-section-height-default\" data-id=\"b3b548b\" data-element_type=\"section\">\n\t\t\t\t\t\t<div class=\"elementor-container elementor-column-gap-default\">\n\t\t\t\t\t<div class=\"elementor-column elementor-col-100 elementor-top-column elementor-element elementor-element-3cbea4a\" data-id=\"3cbea4a\" data-element_type=\"column\">\n\t\t\t<div class=\"elementor-widget-wrap elementor-element-populated\">\n\t\t\t\t\t\t<div class=\"elementor-element elementor-element-bf32cfe elementor-widget-divider--view-line elementor-widget elementor-widget-divider\" data-id=\"bf32cfe\" data-element_type=\"widget\" data-widget_type=\"divider.default\">\n\t\t\t\t<div class=\"elementor-widget-container\">\n\t\t\t\t\t\t\t<div class=\"elementor-divider\">\n\t\t\t<span class=\"elementor-divider-separator\">\n\t\t\t\t\t\t<\/span>\n\t\t<\/div>\n\t\t\t\t\t\t<\/div>\n\t\t\t\t<\/div>\n\t\t\t\t<div class=\"elementor-element elementor-element-412368f elementor-widget elementor-widget-heading\" data-id=\"412368f\" data-element_type=\"widget\" data-widget_type=\"heading.default\">\n\t\t\t\t<div class=\"elementor-widget-container\">\n\t\t\t\t\t<h2 class=\"elementor-heading-title elementor-size-large\">Admission<\/h2>\t\t\t\t<\/div>\n\t\t\t\t<\/div>\n\t\t\t\t\t<\/div>\n\t\t<\/div>\n\t\t\t\t\t<\/div>\n\t\t<\/section>\n\t\t\t\t<section class=\"elementor-section elementor-top-section elementor-element elementor-element-878f961 elementor-section-boxed elementor-section-height-default elementor-section-height-default\" data-id=\"878f961\" data-element_type=\"section\">\n\t\t\t\t\t\t<div class=\"elementor-container elementor-column-gap-default\">\n\t\t\t\t\t<div class=\"elementor-column elementor-col-100 elementor-top-column elementor-element elementor-element-b50f141\" data-id=\"b50f141\" data-element_type=\"column\">\n\t\t\t<div class=\"elementor-widget-wrap elementor-element-populated\">\n\t\t\t\t\t\t<div class=\"elementor-element elementor-element-3f0fdb8 elementor-widget elementor-widget-heading\" data-id=\"3f0fdb8\" data-element_type=\"widget\" data-widget_type=\"heading.default\">\n\t\t\t\t<div class=\"elementor-widget-container\">\n\t\t\t\t\t<h2 class=\"elementor-heading-title elementor-size-default\"><span style=\", sans-serif;font-size: 25px;font-style: normal;font-weight: 300;text-align: justify;white-space: normal\">Comment y acc\u00e9der ?<\/span><\/h2>\t\t\t\t<\/div>\n\t\t\t\t<\/div>\n\t\t\t\t\t<\/div>\n\t\t<\/div>\n\t\t\t\t\t<\/div>\n\t\t<\/section>\n\t\t\t\t<section class=\"elementor-section elementor-top-section elementor-element elementor-element-857c676 elementor-section-boxed elementor-section-height-default elementor-section-height-default\" data-id=\"857c676\" data-element_type=\"section\">\n\t\t\t\t\t\t<div class=\"elementor-container elementor-column-gap-default\">\n\t\t\t\t\t<div class=\"elementor-column elementor-col-100 elementor-top-column elementor-element elementor-element-14d13a4\" data-id=\"14d13a4\" data-element_type=\"column\">\n\t\t\t<div class=\"elementor-widget-wrap elementor-element-populated\">\n\t\t\t\t\t\t<div class=\"elementor-element elementor-element-f3274d1 elementor-widget elementor-widget-text-editor\" data-id=\"f3274d1\" data-element_type=\"widget\" data-widget_type=\"text-editor.default\">\n\t\t\t\t<div class=\"elementor-widget-container\">\n\t\t\t\t\t\t\t\t\t<div id=\"AdmPA\" style=\"text-align: left;\"><article><p><span style=\"color: #00003f;\">Etant des r\u00e9sidents de l&rsquo;EHPAD, il n&rsquo;y a pas d&rsquo;admission.<\/span><\/p><\/article><\/div><div id=\"SejPA\"><article><header><div id=\"titre\">\u00a0<\/div><\/header><\/article><\/div>\t\t\t\t\t\t\t\t<\/div>\n\t\t\t\t<\/div>\n\t\t\t\t<div class=\"elementor-element elementor-element-988cf00 elementor-widget-divider--view-line elementor-widget elementor-widget-divider\" data-id=\"988cf00\" data-element_type=\"widget\" data-widget_type=\"divider.default\">\n\t\t\t\t<div class=\"elementor-widget-container\">\n\t\t\t\t\t\t\t<div class=\"elementor-divider\">\n\t\t\t<span class=\"elementor-divider-separator\">\n\t\t\t\t\t\t<\/span>\n\t\t<\/div>\n\t\t\t\t\t\t<\/div>\n\t\t\t\t<\/div>\n\t\t\t\t\t<\/div>\n\t\t<\/div>\n\t\t\t\t\t<\/div>\n\t\t<\/section>\n\t\t\t\t<section class=\"elementor-section elementor-top-section elementor-element elementor-element-8f978a9 elementor-section-boxed elementor-section-height-default elementor-section-height-default\" data-id=\"8f978a9\" data-element_type=\"section\">\n\t\t\t\t\t\t<div class=\"elementor-container elementor-column-gap-default\">\n\t\t\t\t\t<div class=\"elementor-column elementor-col-100 elementor-top-column elementor-element elementor-element-8dc4fa6\" data-id=\"8dc4fa6\" data-element_type=\"column\">\n\t\t\t<div class=\"elementor-widget-wrap elementor-element-populated\">\n\t\t\t\t\t\t<div class=\"elementor-element elementor-element-b3fc62a elementor-widget elementor-widget-heading\" data-id=\"b3fc62a\" data-element_type=\"widget\" data-widget_type=\"heading.default\">\n\t\t\t\t<div class=\"elementor-widget-container\">\n\t\t\t\t\t<h2 class=\"elementor-heading-title elementor-size-large\">Activit\u00e9s<\/h2>\t\t\t\t<\/div>\n\t\t\t\t<\/div>\n\t\t\t\t\t<\/div>\n\t\t<\/div>\n\t\t\t\t\t<\/div>\n\t\t<\/section>\n\t\t\t\t<section class=\"elementor-section elementor-top-section elementor-element elementor-element-3e6a1a7 elementor-section-boxed elementor-section-height-default elementor-section-height-default\" data-id=\"3e6a1a7\" data-element_type=\"section\">\n\t\t\t\t\t\t<div class=\"elementor-container elementor-column-gap-default\">\n\t\t\t\t\t<div class=\"elementor-column elementor-col-100 elementor-top-column elementor-element elementor-element-c50f32e\" data-id=\"c50f32e\" data-element_type=\"column\">\n\t\t\t<div class=\"elementor-widget-wrap elementor-element-populated\">\n\t\t\t\t\t\t<div class=\"elementor-element elementor-element-cabf8bd elementor-widget elementor-widget-heading\" data-id=\"cabf8bd\" data-element_type=\"widget\" data-widget_type=\"heading.default\">\n\t\t\t\t<div class=\"elementor-widget-container\">\n\t\t\t\t\t<h2 class=\"elementor-heading-title elementor-size-default\"><span style=\", sans-serif;font-size: 25px;font-style: normal;font-weight: 300;text-align: justify;white-space: normal\">Qu'est-ce que l'on y fait ?<\/span><\/h2>\t\t\t\t<\/div>\n\t\t\t\t<\/div>\n\t\t\t\t\t<\/div>\n\t\t<\/div>\n\t\t\t\t\t<\/div>\n\t\t<\/section>\n\t\t\t\t<section class=\"elementor-section elementor-top-section elementor-element elementor-element-d261d65 elementor-section-boxed elementor-section-height-default elementor-section-height-default\" data-id=\"d261d65\" data-element_type=\"section\">\n\t\t\t\t\t\t<div class=\"elementor-container elementor-column-gap-default\">\n\t\t\t\t\t<div class=\"elementor-column elementor-col-100 elementor-top-column elementor-element elementor-element-4ad912b\" data-id=\"4ad912b\" data-element_type=\"column\">\n\t\t\t<div class=\"elementor-widget-wrap elementor-element-populated\">\n\t\t\t\t\t\t<div class=\"elementor-element elementor-element-0d2c4ae elementor-widget elementor-widget-image\" data-id=\"0d2c4ae\" data-element_type=\"widget\" data-widget_type=\"image.default\">\n\t\t\t\t<div class=\"elementor-widget-container\">\n\t\t\t\t\t\t\t\t\t\t\t\t\t\t\t\t<a href=\"https:\/\/master-7rqtwti-5c5qntwqgnbgs.fr-1.platformsh.site\/wp-content\/uploads\/2021\/04\/pasa2-scaled.jpg\" data-elementor-open-lightbox=\"yes\" data-elementor-lightbox-title=\"pasa2\" data-e-action-hash=\"#elementor-action%3Aaction%3Dlightbox%26settings%3DeyJpZCI6NTI4LCJ1cmwiOiJodHRwczpcL1wvd3d3LmNoLXNobS5mclwvd3AtY29udGVudFwvdXBsb2Fkc1wvMjAyMVwvMDRcL3Bhc2EyLXNjYWxlZC5qcGcifQ%3D%3D\">\n\t\t\t\t\t\t\t<img decoding=\"async\" width=\"768\" height=\"432\" src=\"https:\/\/www.ch-shm.fr\/wp-content\/uploads\/2021\/04\/pasa2-768x432.jpg\" class=\"attachment-medium_large size-medium_large wp-image-528\" alt=\"\" srcset=\"https:\/\/www.ch-shm.fr\/wp-content\/uploads\/2021\/04\/pasa2-768x432.jpg 768w, https:\/\/www.ch-shm.fr\/wp-content\/uploads\/2021\/04\/pasa2-300x169.jpg 300w, https:\/\/www.ch-shm.fr\/wp-content\/uploads\/2021\/04\/pasa2-1024x576.jpg 1024w, https:\/\/www.ch-shm.fr\/wp-content\/uploads\/2021\/04\/pasa2-1536x864.jpg 1536w, https:\/\/www.ch-shm.fr\/wp-content\/uploads\/2021\/04\/pasa2-2048x1152.jpg 2048w\" sizes=\"(max-width: 768px) 100vw, 768px\" \/>\t\t\t\t\t\t\t\t<\/a>\n\t\t\t\t\t\t\t\t\t\t\t\t\t\t\t<\/div>\n\t\t\t\t<\/div>\n\t\t\t\t\t<\/div>\n\t\t<\/div>\n\t\t\t\t\t<\/div>\n\t\t<\/section>\n\t\t\t\t<section class=\"elementor-section elementor-top-section elementor-element elementor-element-73d4bdd elementor-section-boxed elementor-section-height-default elementor-section-height-default\" data-id=\"73d4bdd\" data-element_type=\"section\">\n\t\t\t\t\t\t<div class=\"elementor-container elementor-column-gap-default\">\n\t\t\t\t\t<div class=\"elementor-column elementor-col-100 elementor-top-column elementor-element elementor-element-9786515\" data-id=\"9786515\" data-element_type=\"column\">\n\t\t\t<div class=\"elementor-widget-wrap elementor-element-populated\">\n\t\t\t\t\t\t<div class=\"elementor-element elementor-element-aba7983 elementor-widget elementor-widget-text-editor\" data-id=\"aba7983\" data-element_type=\"widget\" data-widget_type=\"text-editor.default\">\n\t\t\t\t<div class=\"elementor-widget-container\">\n\t\t\t\t\t\t\t\t\t<p style=\"text-align: left;\"><span style=\"color: #00003f;\"><b>La journ\u00e9e type au PASA :<\/b><\/span><br \/><span style=\"color: #00003f;\">9h10-10h : Invitation \u00e0 passer la journ\u00e9e au PASA<\/span><br \/><span style=\"color: #00003f;\">10h-11h30 : activit\u00e9s cognitives<\/span><br \/><span style=\"color: #00003f;\">12h : d\u00e9jeuner en commun<\/span><br \/><span style=\"color: #00003f;\">13h30 : temps de repos, si souhait\u00e9<\/span><br \/><span style=\"color: #00003f;\">14h00 : activit\u00e9s ludiques<\/span><br \/><span style=\"color: #00003f;\">15h30. : collation<\/span><br \/><span style=\"color: #00003f;\">16h15 : retour dans le service<\/span><\/p><p style=\"text-align: left;\"><span style=\"color: #00003f;\">Les activit\u00e9s propos\u00e9es visent la pr\u00e9servation des capacit\u00e9s et le bien \u00eatre des personnes accueillies.<\/span><\/p><p style=\"text-align: left;\"><span style=\"color: #00003f;\"><b>Activit\u00e9s m\u00e9moire<\/b><\/span><br \/><span style=\"color: #00003f;\">Reconnaissance de mots, associations objets\/mots, jeux de soci\u00e9t\u00e9s adapt\u00e9s, jeux de lettres\u2026<\/span><\/p><p style=\"text-align: left;\"><span style=\"color: #00003f;\"><b>Activit\u00e9s de la vie quotidienne<\/b><\/span><br \/><span style=\"color: #00003f;\">Cuisiner, mettre la table, d\u00e9barrasser, faire la vaisselle\u2026<\/span><\/p><p style=\"text-align: left;\"><span style=\"color: #00003f;\"><b>Activit\u00e9s manuelles<\/b><\/span><br \/><span style=\"color: #00003f;\">Jardinage, couture, tricot, jeux de ballon, r\u00e9alisation de d\u00e9corations selon les saisons\u2026<\/span><\/p><p style=\"text-align: left;\"><span style=\"color: #00003f;\"><b>Activit\u00e9s sensorielles<\/b><\/span><br \/><span style=\"color: #00003f;\">Reconna\u00eetre des odeurs, des saveurs, \u00e9couter et d\u00e9couvrir des musiques\u2026<\/span><\/p><p style=\"text-align: left;\"><span style=\"color: #00003f;\"><b>Activit\u00e9s physiques<\/b><\/span><br \/><span style=\"color: #00003f;\">Atelier \u00e9quilibre, gymnastique douce anim\u00e9s par l&rsquo;ergoth\u00e9rapeute.<\/span><\/p>\t\t\t\t\t\t\t\t<\/div>\n\t\t\t\t<\/div>\n\t\t\t\t\t<\/div>\n\t\t<\/div>\n\t\t\t\t\t<\/div>\n\t\t<\/section>\n\t\t\t\t<\/div>\n\t\t","protected":false},"excerpt":{"rendered":"<p>P\u00f4le d&rsquo;Activit\u00e9s et de Soins Adapt\u00e9s &#8211; PASA L&rsquo;unit\u00e9 accueille des\u00a0r\u00e9sidents de l&rsquo;EHPAD\u00a0dont le\u00a0diagnostic de la maladie d&rsquo;Alzheimer ou apparent\u00e9 a \u00e9t\u00e9 pos\u00e9.\u00a0Seuls certains r\u00e9sidents peuvent y pr\u00e9tendre sur prescription m\u00e9dicale.Le service est ouvert du\u00a0Lundi au Vendredi de 9h \u00e0 16h30. Les objectifs sont : \u2022 Accompagner de mani\u00e8re sp\u00e9cifique les personnes atteintes de la [&hellip;]<\/p>\n","protected":false},"author":1,"featured_media":0,"parent":54,"menu_order":0,"comment_status":"closed","ping_status":"closed","template":"","meta":{"ocean_post_layout":"full-screen","ocean_both_sidebars_style":"","ocean_both_sidebars_content_width":0,"ocean_both_sidebars_sidebars_width":0,"ocean_sidebar":"0","ocean_second_sidebar":"0","ocean_disable_margins":"enable","ocean_add_body_class":"","ocean_shortcode_before_top_bar":"","ocean_shortcode_after_top_bar":"","ocean_shortcode_before_header":"","ocean_shortcode_after_header":"","ocean_has_shortcode":"","ocean_shortcode_after_title":"","ocean_shortcode_before_footer_widgets":"","ocean_shortcode_after_footer_widgets":"","ocean_shortcode_before_footer_bottom":"","ocean_shortcode_after_footer_bottom":"","ocean_display_top_bar":"default","ocean_display_header":"default","ocean_header_style":"","ocean_center_header_left_menu":"0","ocean_custom_header_template":"0","ocean_custom_logo":0,"ocean_custom_retina_logo":0,"ocean_custom_logo_max_width":0,"ocean_custom_logo_tablet_max_width":0,"ocean_custom_logo_mobile_max_width":0,"ocean_custom_logo_max_height":0,"ocean_custom_logo_tablet_max_height":0,"ocean_custom_logo_mobile_max_height":0,"ocean_header_custom_menu":"0","ocean_menu_typo_font_family":"0","ocean_menu_typo_font_subset":"","ocean_menu_typo_font_size":0,"ocean_menu_typo_font_size_tablet":0,"ocean_menu_typo_font_size_mobile":0,"ocean_menu_typo_font_size_unit":"px","ocean_menu_typo_font_weight":"","ocean_menu_typo_font_weight_tablet":"","ocean_menu_typo_font_weight_mobile":"","ocean_menu_typo_transform":"","ocean_menu_typo_transform_tablet":"","ocean_menu_typo_transform_mobile":"","ocean_menu_typo_line_height":0,"ocean_menu_typo_line_height_tablet":0,"ocean_menu_typo_line_height_mobile":0,"ocean_menu_typo_line_height_unit":"","ocean_menu_typo_spacing":0,"ocean_menu_typo_spacing_tablet":0,"ocean_menu_typo_spacing_mobile":0,"ocean_menu_typo_spacing_unit":"","ocean_menu_link_color":"","ocean_menu_link_color_hover":"","ocean_menu_link_color_active":"","ocean_menu_link_background":"","ocean_menu_link_hover_background":"","ocean_menu_link_active_background":"","ocean_menu_social_links_bg":"","ocean_menu_social_hover_links_bg":"","ocean_menu_social_links_color":"","ocean_menu_social_hover_links_color":"","ocean_disable_title":"default","ocean_disable_heading":"on","ocean_post_title":"","ocean_post_subheading":"","ocean_post_title_style":"","ocean_post_title_background_color":"","ocean_post_title_background":0,"ocean_post_title_bg_image_position":"","ocean_post_title_bg_image_attachment":"","ocean_post_title_bg_image_repeat":"","ocean_post_title_bg_image_size":"","ocean_post_title_height":0,"ocean_post_title_bg_overlay":0.5,"ocean_post_title_bg_overlay_color":"","ocean_disable_breadcrumbs":"default","ocean_breadcrumbs_color":"","ocean_breadcrumbs_separator_color":"","ocean_breadcrumbs_links_color":"","ocean_breadcrumbs_links_hover_color":"","ocean_display_footer_widgets":"default","ocean_display_footer_bottom":"default","ocean_custom_footer_template":"0","footnotes":""},"class_list":["post-371","page","type-page","status-publish","hentry","entry"],"_links":{"self":[{"href":"https:\/\/www.ch-shm.fr\/index.php?rest_route=\/wp\/v2\/pages\/371","targetHints":{"allow":["GET"]}}],"collection":[{"href":"https:\/\/www.ch-shm.fr\/index.php?rest_route=\/wp\/v2\/pages"}],"about":[{"href":"https:\/\/www.ch-shm.fr\/index.php?rest_route=\/wp\/v2\/types\/page"}],"author":[{"embeddable":true,"href":"https:\/\/www.ch-shm.fr\/index.php?rest_route=\/wp\/v2\/users\/1"}],"replies":[{"embeddable":true,"href":"https:\/\/www.ch-shm.fr\/index.php?rest_route=%2Fwp%2Fv2%2Fcomments&post=371"}],"version-history":[{"count":17,"href":"https:\/\/www.ch-shm.fr\/index.php?rest_route=\/wp\/v2\/pages\/371\/revisions"}],"predecessor-version":[{"id":3781,"href":"https:\/\/www.ch-shm.fr\/index.php?rest_route=\/wp\/v2\/pages\/371\/revisions\/3781"}],"up":[{"embeddable":true,"href":"https:\/\/www.ch-shm.fr\/index.php?rest_route=\/wp\/v2\/pages\/54"}],"wp:attachment":[{"href":"https:\/\/www.ch-shm.fr\/index.php?rest_route=%2Fwp%2Fv2%2Fmedia&parent=371"}],"curies":[{"name":"wp","href":"https:\/\/api.w.org\/{rel}","templated":true}]}}