{"id":3488,"date":"2025-01-24T14:57:02","date_gmt":"2025-01-24T13:57:02","guid":{"rendered":"https:\/\/www.ch-shm.fr\/?page_id=3488"},"modified":"2025-01-24T14:58:24","modified_gmt":"2025-01-24T13:58:24","slug":"l-aumonerie","status":"publish","type":"page","link":"https:\/\/www.ch-shm.fr\/?page_id=3488","title":{"rendered":"L- Aum\u00f4nerie"},"content":{"rendered":"\t\t<div data-elementor-type=\"wp-page\" data-elementor-id=\"3488\" class=\"elementor elementor-3488\">\n\t\t\t\t\t\t<section class=\"elementor-section elementor-top-section elementor-element elementor-element-8db66e5 elementor-section-boxed elementor-section-height-default elementor-section-height-default\" data-id=\"8db66e5\" data-element_type=\"section\" data-settings=\"{&quot;background_background&quot;:&quot;classic&quot;}\">\n\t\t\t\t\t\t<div class=\"elementor-container elementor-column-gap-default\">\n\t\t\t\t\t<div class=\"elementor-column elementor-col-100 elementor-top-column elementor-element elementor-element-6631cb8\" data-id=\"6631cb8\" data-element_type=\"column\">\n\t\t\t<div class=\"elementor-widget-wrap elementor-element-populated\">\n\t\t\t\t\t\t<div class=\"elementor-element elementor-element-0981c29 elementor-widget elementor-widget-heading\" data-id=\"0981c29\" data-element_type=\"widget\" data-widget_type=\"heading.default\">\n\t\t\t\t<div class=\"elementor-widget-container\">\n\t\t\t\t\t<h2 class=\"elementor-heading-title elementor-size-default\">Aum\u00f4nerie<\/h2>\t\t\t\t<\/div>\n\t\t\t\t<\/div>\n\t\t\t\t\t<\/div>\n\t\t<\/div>\n\t\t\t\t\t<\/div>\n\t\t<\/section>\n\t\t\t\t<section class=\"elementor-section elementor-top-section elementor-element elementor-element-c2597d5 elementor-section-boxed elementor-section-height-default elementor-section-height-default\" data-id=\"c2597d5\" data-element_type=\"section\">\n\t\t\t\t\t\t<div class=\"elementor-container elementor-column-gap-default\">\n\t\t\t\t\t<div class=\"elementor-column elementor-col-100 elementor-top-column elementor-element elementor-element-68af8e2\" data-id=\"68af8e2\" data-element_type=\"column\">\n\t\t\t<div class=\"elementor-widget-wrap elementor-element-populated\">\n\t\t\t\t\t\t<div class=\"elementor-element elementor-element-0cb13b8 elementor-widget elementor-widget-text-editor\" data-id=\"0cb13b8\" data-element_type=\"widget\" data-widget_type=\"text-editor.default\">\n\t\t\t\t<div class=\"elementor-widget-container\">\n\t\t\t\t\t\t\t\t\t<div id=\"content\" class=\"site-content clr\"><article class=\"single-page-article clr\"><div class=\"entry clr\"><div class=\"elementor elementor-3465\" data-elementor-type=\"wp-page\" data-elementor-id=\"3465\"><section class=\"elementor-section elementor-top-section elementor-element elementor-element-e9b469e elementor-section-boxed elementor-section-height-default elementor-section-height-default\" data-id=\"e9b469e\" data-element_type=\"section\"><div class=\"elementor-container elementor-column-gap-default\"><div class=\"elementor-column elementor-col-100 elementor-top-column elementor-element elementor-element-3317e44\" data-id=\"3317e44\" data-element_type=\"column\"><div class=\"elementor-widget-wrap elementor-element-populated\"><div class=\"elementor-element elementor-element-fcc1376 elementor-widget elementor-widget-heading\" data-id=\"fcc1376\" data-element_type=\"widget\" data-widget_type=\"heading.default\"><div class=\"elementor-widget-container\"><h2 class=\"elementor-heading-title elementor-size-default\"><span style=\"color: #00003f;\">Un service de l&rsquo;Eglise catholique<\/span><\/h2><\/div><\/div><\/div><\/div><\/div><\/section><section class=\"elementor-section elementor-top-section elementor-element elementor-element-c0ca03a elementor-section-boxed elementor-section-height-default elementor-section-height-default\" data-id=\"c0ca03a\" data-element_type=\"section\"><\/section><section class=\"elementor-section elementor-top-section elementor-element elementor-element-9cb0b98 elementor-section-boxed elementor-section-height-default elementor-section-height-default\" data-id=\"9cb0b98\" data-element_type=\"section\"><div class=\"elementor-container elementor-column-gap-default\"><div class=\"elementor-column elementor-col-100 elementor-top-column elementor-element elementor-element-78c49b6\" data-id=\"78c49b6\" data-element_type=\"column\"><div class=\"elementor-widget-wrap elementor-element-populated\"><div class=\"elementor-element elementor-element-5740e54 elementor-widget elementor-widget-text-editor\" data-id=\"5740e54\" data-element_type=\"widget\" data-widget_type=\"text-editor.default\"><div class=\"elementor-widget-container\"><ul><li><span style=\"color: #00003f;\">Pour une \u00e9coute des personnes hospitali\u00e8res, des r\u00e9sidents de l\u2019EHPAD et de ceux qui les entourent.<\/span><\/li><li><span style=\"color: #00003f;\">Pour une pr\u00e9sence et une parole respectueuse des convictions de chacun, dans un d\u00e9sir de soutien et d\u2019aide \u00e0 ceux qui le souhaitent.<\/span><\/li><li><span style=\"color: #00003f;\">Pour la pri\u00e8re et la c\u00e9l\u00e9bration des sacrements \u00e0 la demande des malades\u00a0<\/span><\/li><\/ul><\/div><\/div><\/div><\/div><\/div><\/section><section class=\"elementor-section elementor-top-section elementor-element elementor-element-03caea1 elementor-section-boxed elementor-section-height-default elementor-section-height-default\" data-id=\"03caea1\" data-element_type=\"section\"><div class=\"elementor-container elementor-column-gap-default\"><div class=\"elementor-column elementor-col-100 elementor-top-column elementor-element elementor-element-3444988\" data-id=\"3444988\" data-element_type=\"column\"><div class=\"elementor-widget-wrap elementor-element-populated\"><div class=\"elementor-element elementor-element-a1b868e elementor-widget elementor-widget-heading\" data-id=\"a1b868e\" data-element_type=\"widget\" data-widget_type=\"heading.default\"><div class=\"elementor-widget-container\"><h2 class=\"elementor-heading-title elementor-size-default\"><span style=\"color: #00003f;\">Aum\u00f4nerie<\/span><\/h2><\/div><\/div><div class=\"elementor-element elementor-element-60650f8 elementor-widget elementor-widget-text-editor\" data-id=\"60650f8\" data-element_type=\"widget\" data-widget_type=\"text-editor.default\"><div class=\"elementor-widget-container\"><p><span style=\"color: #00003f;\">Sabine VANHOUTTE : <a href=\"http:\/\/06.20.80.09.11\">06.20.80.09.11<\/a><\/span><\/p><ul><li><span style=\"color: #00003f;\">Organise le service d\u2019aum\u00f4nerie,<\/span><\/li><li><span style=\"color: #00003f;\">Assure la formation des auxiliaires b\u00e9n\u00e9voles,<\/span><\/li><li><span style=\"color: #00003f;\">Visite les malades \u00e0 leurs demandes ou \u00e0 la demande des soignants ou des familles,<\/span><\/li><li><span style=\"color: #00003f;\">Rencontre les familles qui le d\u00e9sirent (de pr\u00e9f\u00e9rence le mardi, jeudi ou vendredi).<\/span><\/li><\/ul><\/div><\/div><\/div><\/div><\/div><\/section><section class=\"elementor-section elementor-top-section elementor-element elementor-element-9a29edf elementor-section-boxed elementor-section-height-default elementor-section-height-default\" data-id=\"9a29edf\" data-element_type=\"section\"><div class=\"elementor-container elementor-column-gap-default\"><div class=\"elementor-column elementor-col-100 elementor-top-column elementor-element elementor-element-942edad\" data-id=\"942edad\" data-element_type=\"column\"><div class=\"elementor-widget-wrap elementor-element-populated\"><div class=\"elementor-element elementor-element-2e2606e elementor-widget elementor-widget-heading\" data-id=\"2e2606e\" data-element_type=\"widget\" data-widget_type=\"heading.default\"><div class=\"elementor-widget-container\"><h2 class=\"elementor-heading-title elementor-size-default\"><span style=\"color: #00003f;\">Pr\u00eatres<\/span><\/h2><\/div><\/div><div class=\"elementor-element elementor-element-dda805e elementor-widget elementor-widget-text-editor\" data-id=\"dda805e\" data-element_type=\"widget\" data-widget_type=\"text-editor.default\"><div class=\"elementor-widget-container\"><p><span style=\"color: #00003f;\">Accompagnateur : <strong>P\u00e8re Henri MICHEL : <a style=\"color: #00003f;\" href=\"http:\/\/06.42.02.72.52\">06.42.02.72.52<\/a><\/strong><\/span><\/p><p><span style=\"color: #00003f;\">Des pr\u00eatres assurent la messe le vendredi, \u00e0 l\u2019EHPAD\u00a0<\/span><\/p><blockquote><p><span style=\"color: #00003f;\">Pour les demandes d\u2019urgence, appeler le presbyt\u00e8re au <a style=\"color: #00003f;\" href=\"http:\/\/03.25.87.11.48\">03.25.87.11.48<\/a><\/span><\/p><\/blockquote><\/div><\/div><\/div><\/div><\/div><\/section><section class=\"elementor-section elementor-top-section elementor-element elementor-element-93a23b7 elementor-section-boxed elementor-section-height-default elementor-section-height-default\" data-id=\"93a23b7\" data-element_type=\"section\"><div class=\"elementor-container elementor-column-gap-default\"><div class=\"elementor-column elementor-col-100 elementor-top-column elementor-element elementor-element-97c2bfa\" data-id=\"97c2bfa\" data-element_type=\"column\"><div class=\"elementor-widget-wrap elementor-element-populated\"><div class=\"elementor-element elementor-element-17cd03a elementor-widget elementor-widget-heading\" data-id=\"17cd03a\" data-element_type=\"widget\" data-widget_type=\"heading.default\"><div class=\"elementor-widget-container\"><h2 class=\"elementor-heading-title elementor-size-default\"><span style=\"color: #00003f;\">B\u00e9n\u00e9voles<\/span><\/h2><\/div><\/div><div class=\"elementor-element elementor-element-77c60d3 elementor-widget elementor-widget-text-editor\" data-id=\"77c60d3\" data-element_type=\"widget\" data-widget_type=\"text-editor.default\"><div class=\"elementor-widget-container\"><ul><li><span style=\"color: #00003f;\">Visitent les malades dans les services de l\u2019h\u00f4pital et de la clinique :<\/span><\/li><\/ul><p><span style=\"color: #00003f;\">Sabine VANHOUTTE, Marie-C\u00e9cicle DECLOCK, Christiane MARCHAND, C\u00e9cile ROUSSEL et soeur Monique TALNET<\/span><\/p><ul><li><span style=\"color: #00003f;\">Portent la communion (habituellement le lundi)<\/span><\/li><\/ul><p><span style=\"color: #00003f;\">Gis\u00e8le JEANNELLE<\/span><\/p><ul><li><span style=\"color: #00003f;\">Visitent et assurent l\u2019animation des messes \u00e0 l\u2019EHPAD)<\/span><\/li><\/ul><p><span style=\"color: #00003f;\">Marie-B\u00e9n\u00e9dicte GREGOIRE, Mauricette VION, Jacques MOISSON, Elisabeth DEGREZ, Charline et Beno\u00eet DEZE, Jacqueline BILLAND.<\/span><\/p><\/div><\/div><\/div><\/div><\/div><\/section><\/div><\/div><\/article><\/div>\t\t\t\t\t\t\t\t<\/div>\n\t\t\t\t<\/div>\n\t\t\t\t\t<\/div>\n\t\t<\/div>\n\t\t\t\t\t<\/div>\n\t\t<\/section>\n\t\t\t\t<\/div>\n\t\t","protected":false},"excerpt":{"rendered":"<p>Aum\u00f4nerie Un service de l&rsquo;Eglise catholique Pour une \u00e9coute des personnes hospitali\u00e8res, des r\u00e9sidents de l\u2019EHPAD et de ceux qui les entourent. Pour une pr\u00e9sence et une parole respectueuse des convictions de chacun, dans un d\u00e9sir de soutien et d\u2019aide \u00e0 ceux qui le souhaitent. Pour la pri\u00e8re et la c\u00e9l\u00e9bration des sacrements \u00e0 la [&hellip;]<\/p>\n","protected":false},"author":2,"featured_media":0,"parent":0,"menu_order":0,"comment_status":"closed","ping_status":"closed","template":"","meta":{"ocean_post_layout":"","ocean_both_sidebars_style":"","ocean_both_sidebars_content_width":0,"ocean_both_sidebars_sidebars_width":0,"ocean_sidebar":"","ocean_second_sidebar":"","ocean_disable_margins":"enable","ocean_add_body_class":"","ocean_shortcode_before_top_bar":"","ocean_shortcode_after_top_bar":"","ocean_shortcode_before_header":"","ocean_shortcode_after_header":"","ocean_has_shortcode":"","ocean_shortcode_after_title":"","ocean_shortcode_before_footer_widgets":"","ocean_shortcode_after_footer_widgets":"","ocean_shortcode_before_footer_bottom":"","ocean_shortcode_after_footer_bottom":"","ocean_display_top_bar":"default","ocean_display_header":"default","ocean_header_style":"","ocean_center_header_left_menu":"","ocean_custom_header_template":"","ocean_custom_logo":0,"ocean_custom_retina_logo":0,"ocean_custom_logo_max_width":0,"ocean_custom_logo_tablet_max_width":0,"ocean_custom_logo_mobile_max_width":0,"ocean_custom_logo_max_height":0,"ocean_custom_logo_tablet_max_height":0,"ocean_custom_logo_mobile_max_height":0,"ocean_header_custom_menu":"","ocean_menu_typo_font_family":"","ocean_menu_typo_font_subset":"","ocean_menu_typo_font_size":0,"ocean_menu_typo_font_size_tablet":0,"ocean_menu_typo_font_size_mobile":0,"ocean_menu_typo_font_size_unit":"px","ocean_menu_typo_font_weight":"","ocean_menu_typo_font_weight_tablet":"","ocean_menu_typo_font_weight_mobile":"","ocean_menu_typo_transform":"","ocean_menu_typo_transform_tablet":"","ocean_menu_typo_transform_mobile":"","ocean_menu_typo_line_height":0,"ocean_menu_typo_line_height_tablet":0,"ocean_menu_typo_line_height_mobile":0,"ocean_menu_typo_line_height_unit":"","ocean_menu_typo_spacing":0,"ocean_menu_typo_spacing_tablet":0,"ocean_menu_typo_spacing_mobile":0,"ocean_menu_typo_spacing_unit":"","ocean_menu_link_color":"","ocean_menu_link_color_hover":"","ocean_menu_link_color_active":"","ocean_menu_link_background":"","ocean_menu_link_hover_background":"","ocean_menu_link_active_background":"","ocean_menu_social_links_bg":"","ocean_menu_social_hover_links_bg":"","ocean_menu_social_links_color":"","ocean_menu_social_hover_links_color":"","ocean_disable_title":"default","ocean_disable_heading":"default","ocean_post_title":"","ocean_post_subheading":"","ocean_post_title_style":"","ocean_post_title_background_color":"","ocean_post_title_background":0,"ocean_post_title_bg_image_position":"","ocean_post_title_bg_image_attachment":"","ocean_post_title_bg_image_repeat":"","ocean_post_title_bg_image_size":"","ocean_post_title_height":0,"ocean_post_title_bg_overlay":0.5,"ocean_post_title_bg_overlay_color":"","ocean_disable_breadcrumbs":"default","ocean_breadcrumbs_color":"","ocean_breadcrumbs_separator_color":"","ocean_breadcrumbs_links_color":"","ocean_breadcrumbs_links_hover_color":"","ocean_display_footer_widgets":"default","ocean_display_footer_bottom":"default","ocean_custom_footer_template":"","footnotes":""},"class_list":["post-3488","page","type-page","status-publish","hentry","entry"],"_links":{"self":[{"href":"https:\/\/www.ch-shm.fr\/index.php?rest_route=\/wp\/v2\/pages\/3488","targetHints":{"allow":["GET"]}}],"collection":[{"href":"https:\/\/www.ch-shm.fr\/index.php?rest_route=\/wp\/v2\/pages"}],"about":[{"href":"https:\/\/www.ch-shm.fr\/index.php?rest_route=\/wp\/v2\/types\/page"}],"author":[{"embeddable":true,"href":"https:\/\/www.ch-shm.fr\/index.php?rest_route=\/wp\/v2\/users\/2"}],"replies":[{"embeddable":true,"href":"https:\/\/www.ch-shm.fr\/index.php?rest_route=%2Fwp%2Fv2%2Fcomments&post=3488"}],"version-history":[{"count":4,"href":"https:\/\/www.ch-shm.fr\/index.php?rest_route=\/wp\/v2\/pages\/3488\/revisions"}],"predecessor-version":[{"id":3492,"href":"https:\/\/www.ch-shm.fr\/index.php?rest_route=\/wp\/v2\/pages\/3488\/revisions\/3492"}],"wp:attachment":[{"href":"https:\/\/www.ch-shm.fr\/index.php?rest_route=%2Fwp%2Fv2%2Fmedia&parent=3488"}],"curies":[{"name":"wp","href":"https:\/\/api.w.org\/{rel}","templated":true}]}}