{"id":3423,"date":"2025-01-24T12:41:55","date_gmt":"2025-01-24T11:41:55","guid":{"rendered":"https:\/\/www.ch-shm.fr\/?page_id=3423"},"modified":"2025-01-24T12:43:50","modified_gmt":"2025-01-24T11:43:50","slug":"connaitre-le-centre-hospitalier-de-bourbonne-les-bains","status":"publish","type":"page","link":"https:\/\/www.ch-shm.fr\/?page_id=3423","title":{"rendered":"Conna\u00eetre le Centre hospitalier de Bourbonne-les-bains"},"content":{"rendered":"\t\t<div data-elementor-type=\"wp-page\" data-elementor-id=\"3423\" class=\"elementor elementor-3423\">\n\t\t\t\t\t\t<section class=\"elementor-section elementor-top-section elementor-element elementor-element-3a903da elementor-section-boxed elementor-section-height-default elementor-section-height-default\" data-id=\"3a903da\" data-element_type=\"section\" data-settings=\"{&quot;background_background&quot;:&quot;classic&quot;}\">\n\t\t\t\t\t\t<div class=\"elementor-container elementor-column-gap-default\">\n\t\t\t\t\t<div class=\"elementor-column elementor-col-100 elementor-top-column elementor-element elementor-element-9c7d395\" data-id=\"9c7d395\" data-element_type=\"column\">\n\t\t\t<div class=\"elementor-widget-wrap elementor-element-populated\">\n\t\t\t\t\t\t<div class=\"elementor-element elementor-element-bd079dc elementor-widget elementor-widget-heading\" data-id=\"bd079dc\" data-element_type=\"widget\" data-widget_type=\"heading.default\">\n\t\t\t\t<div class=\"elementor-widget-container\">\n\t\t\t\t\t<h2 class=\"elementor-heading-title elementor-size-default\">\u00c9tablissement<\/h2>\t\t\t\t<\/div>\n\t\t\t\t<\/div>\n\t\t\t\t\t<\/div>\n\t\t<\/div>\n\t\t\t\t\t<\/div>\n\t\t<\/section>\n\t\t\t\t<section class=\"elementor-section elementor-top-section elementor-element elementor-element-5314c1a elementor-section-boxed elementor-section-height-default elementor-section-height-default\" data-id=\"5314c1a\" data-element_type=\"section\">\n\t\t\t\t\t\t<div class=\"elementor-container elementor-column-gap-default\">\n\t\t\t\t\t<div class=\"elementor-column elementor-col-100 elementor-top-column elementor-element elementor-element-f984db3\" data-id=\"f984db3\" data-element_type=\"column\">\n\t\t\t<div class=\"elementor-widget-wrap elementor-element-populated\">\n\t\t\t\t\t\t<div class=\"elementor-element elementor-element-0e3b9e2 elementor-widget elementor-widget-text-editor\" data-id=\"0e3b9e2\" data-element_type=\"widget\" data-widget_type=\"text-editor.default\">\n\t\t\t\t<div class=\"elementor-widget-container\">\n\t\t\t\t\t\t\t\t\t<section class=\"elementor-section elementor-top-section elementor-element elementor-element-3763a3f elementor-section-boxed elementor-section-height-default elementor-section-height-default\" data-id=\"3763a3f\" data-element_type=\"section\"><div class=\"elementor-container elementor-column-gap-default\"><div class=\"elementor-column elementor-col-100 elementor-top-column elementor-element elementor-element-275c8ea\" data-id=\"275c8ea\" data-element_type=\"column\"><div class=\"elementor-widget-wrap elementor-element-populated\"><div class=\"elementor-element elementor-element-0033360 elementor-widget elementor-widget-heading\" data-id=\"0033360\" data-element_type=\"widget\" data-widget_type=\"heading.default\"><div class=\"elementor-widget-container\"><h2 class=\"elementor-heading-title elementor-size-default\"><span style=\"color: #00003f;\">Pr\u00e9sentation<\/span><\/h2><\/div><\/div><div class=\"elementor-element elementor-element-25262d6 elementor-widget elementor-widget-text-editor\" data-id=\"25262d6\" data-element_type=\"widget\" data-widget_type=\"text-editor.default\"><div class=\"elementor-widget-container\"><p><span style=\"color: #00003f;\">Le Centre Hospitalier de Bourbonne-les-Bains, situ\u00e9 au 1 Rue Terrail Lemoine, 52400 Bourbonne-les-Bains, est un \u00e9tablissement de sant\u00e9 offrant divers services m\u00e9dicaux et d\u2019h\u00e9bergement.<\/span><\/p><p><span style=\"color: #00003f;\"><strong>Services propos\u00e9s :<\/strong><\/span><\/p><ul><li><p><span style=\"color: #00003f;\"><strong>M\u00e9decine Physique et de R\u00e9adaptation (MPR)<\/strong> : Prise en charge des patients n\u00e9cessitant des soins de r\u00e9\u00e9ducation fonctionnelle.<\/span><\/p><\/li><li><p><span style=\"color: #00003f;\"><strong>Soins de Suite et de R\u00e9adaptation (SSR)<\/strong> : Accompagnement des patients en convalescence pour une r\u00e9adaptation optimale.<\/span><\/p><\/li><li><p><span style=\"color: #00003f;\"><strong>EHPAD (\u00c9tablissement d\u2019H\u00e9bergement pour Personnes \u00c2g\u00e9es D\u00e9pendantes)<\/strong> : H\u00e9bergement m\u00e9dicalis\u00e9 pour les personnes \u00e2g\u00e9es d\u00e9pendantes, avec une capacit\u00e9 de 120 lits.<\/span><\/p><\/li><li><p><span style=\"color: #00003f;\"><strong>Accueil de jour<\/strong> : Service destin\u00e9 \u00e0 accueillir en journ\u00e9e des personnes \u00e2g\u00e9es vivant \u00e0 domicile, offrant des activit\u00e9s et un accompagnement adapt\u00e9.<\/span><\/p><\/li><li><p><span style=\"color: #00003f;\"><strong>SSIAD (Service de Soins Infirmiers \u00c0 Domicile)<\/strong> : Service proposant des soins infirmiers \u00e0 domicile pour les personnes \u00e2g\u00e9es ou handicap\u00e9es, avec une capacit\u00e9 de 50 places.<\/span><\/p><\/li><\/ul><p><span style=\"color: #00003f;\">Des projets de modernisation et de d\u00e9veloppement visant \u00e0 am\u00e9liorer l\u2019offre de soins et les infrastructures pour r\u00e9pondre aux besoins croissants de la population.<\/span><\/p><p><span style=\"color: #00003f;\"><strong>Contact<\/strong><\/span><\/p><ul><li><p><span style=\"color: #00003f;\">Standard :<a style=\"color: #00003f;\" href=\"http:\/\/03.25.87.70.00\"> 03 25 87 70 00<\/a><\/span><\/p><\/li><\/ul><\/div><\/div><div class=\"elementor-element elementor-element-a818ec2 elementor-widget elementor-widget-heading\" data-id=\"a818ec2\" data-element_type=\"widget\" data-widget_type=\"heading.default\"><div class=\"elementor-widget-container\"><h2 class=\"elementor-heading-title elementor-size-default\"><span style=\"color: #00003f;\">Acc\u00e8s\/Parking<\/span><\/h2><\/div><\/div><div class=\"elementor-element elementor-element-42c924e elementor-widget elementor-widget-text-editor\" data-id=\"42c924e\" data-element_type=\"widget\" data-widget_type=\"text-editor.default\"><div class=\"elementor-widget-container\"><p><span style=\"color: #00003f;\">\u00a0Des places de stationnement sont disponibles \u00e0 proximit\u00e9 pour les visiteurs.(gratuit)<\/span><\/p><\/div><\/div><\/div><\/div><\/div><\/section>\t\t\t\t\t\t\t\t<\/div>\n\t\t\t\t<\/div>\n\t\t\t\t<div class=\"elementor-element elementor-element-e58de15 elementor-widget elementor-widget-google_maps\" data-id=\"e58de15\" data-element_type=\"widget\" data-widget_type=\"google_maps.default\">\n\t\t\t\t<div class=\"elementor-widget-container\">\n\t\t\t\t\t\t\t<div class=\"elementor-custom-embed\">\n\t\t\t<iframe loading=\"lazy\"\n\t\t\t\t\tsrc=\"https:\/\/maps.google.com\/maps?q=h%C3%B4pital%20bourbonne%20les%20bains&#038;t=m&#038;z=15&#038;output=embed&#038;iwloc=near\"\n\t\t\t\t\ttitle=\"h\u00f4pital bourbonne les bains\"\n\t\t\t\t\taria-label=\"h\u00f4pital bourbonne les bains\"\n\t\t\t><\/iframe>\n\t\t<\/div>\n\t\t\t\t\t\t<\/div>\n\t\t\t\t<\/div>\n\t\t\t\t\t<\/div>\n\t\t<\/div>\n\t\t\t\t\t<\/div>\n\t\t<\/section>\n\t\t\t\t<\/div>\n\t\t","protected":false},"excerpt":{"rendered":"<p>\u00c9tablissement Pr\u00e9sentation Le Centre Hospitalier de Bourbonne-les-Bains, situ\u00e9 au 1 Rue Terrail Lemoine, 52400 Bourbonne-les-Bains, est un \u00e9tablissement de sant\u00e9 offrant divers services m\u00e9dicaux et d\u2019h\u00e9bergement. Services propos\u00e9s : M\u00e9decine Physique et de R\u00e9adaptation (MPR) : Prise en charge des patients n\u00e9cessitant des soins de r\u00e9\u00e9ducation fonctionnelle. Soins de Suite et de R\u00e9adaptation (SSR) : [&hellip;]<\/p>\n","protected":false},"author":2,"featured_media":0,"parent":0,"menu_order":0,"comment_status":"closed","ping_status":"closed","template":"","meta":{"ocean_post_layout":"","ocean_both_sidebars_style":"","ocean_both_sidebars_content_width":0,"ocean_both_sidebars_sidebars_width":0,"ocean_sidebar":"","ocean_second_sidebar":"","ocean_disable_margins":"enable","ocean_add_body_class":"","ocean_shortcode_before_top_bar":"","ocean_shortcode_after_top_bar":"","ocean_shortcode_before_header":"","ocean_shortcode_after_header":"","ocean_has_shortcode":"","ocean_shortcode_after_title":"","ocean_shortcode_before_footer_widgets":"","ocean_shortcode_after_footer_widgets":"","ocean_shortcode_before_footer_bottom":"","ocean_shortcode_after_footer_bottom":"","ocean_display_top_bar":"default","ocean_display_header":"default","ocean_header_style":"","ocean_center_header_left_menu":"","ocean_custom_header_template":"","ocean_custom_logo":0,"ocean_custom_retina_logo":0,"ocean_custom_logo_max_width":0,"ocean_custom_logo_tablet_max_width":0,"ocean_custom_logo_mobile_max_width":0,"ocean_custom_logo_max_height":0,"ocean_custom_logo_tablet_max_height":0,"ocean_custom_logo_mobile_max_height":0,"ocean_header_custom_menu":"","ocean_menu_typo_font_family":"","ocean_menu_typo_font_subset":"","ocean_menu_typo_font_size":0,"ocean_menu_typo_font_size_tablet":0,"ocean_menu_typo_font_size_mobile":0,"ocean_menu_typo_font_size_unit":"px","ocean_menu_typo_font_weight":"","ocean_menu_typo_font_weight_tablet":"","ocean_menu_typo_font_weight_mobile":"","ocean_menu_typo_transform":"","ocean_menu_typo_transform_tablet":"","ocean_menu_typo_transform_mobile":"","ocean_menu_typo_line_height":0,"ocean_menu_typo_line_height_tablet":0,"ocean_menu_typo_line_height_mobile":0,"ocean_menu_typo_line_height_unit":"","ocean_menu_typo_spacing":0,"ocean_menu_typo_spacing_tablet":0,"ocean_menu_typo_spacing_mobile":0,"ocean_menu_typo_spacing_unit":"","ocean_menu_link_color":"","ocean_menu_link_color_hover":"","ocean_menu_link_color_active":"","ocean_menu_link_background":"","ocean_menu_link_hover_background":"","ocean_menu_link_active_background":"","ocean_menu_social_links_bg":"","ocean_menu_social_hover_links_bg":"","ocean_menu_social_links_color":"","ocean_menu_social_hover_links_color":"","ocean_disable_title":"default","ocean_disable_heading":"default","ocean_post_title":"","ocean_post_subheading":"","ocean_post_title_style":"","ocean_post_title_background_color":"","ocean_post_title_background":0,"ocean_post_title_bg_image_position":"","ocean_post_title_bg_image_attachment":"","ocean_post_title_bg_image_repeat":"","ocean_post_title_bg_image_size":"","ocean_post_title_height":0,"ocean_post_title_bg_overlay":0.5,"ocean_post_title_bg_overlay_color":"","ocean_disable_breadcrumbs":"default","ocean_breadcrumbs_color":"","ocean_breadcrumbs_separator_color":"","ocean_breadcrumbs_links_color":"","ocean_breadcrumbs_links_hover_color":"","ocean_display_footer_widgets":"default","ocean_display_footer_bottom":"default","ocean_custom_footer_template":"","footnotes":""},"class_list":["post-3423","page","type-page","status-publish","hentry","entry"],"_links":{"self":[{"href":"https:\/\/www.ch-shm.fr\/index.php?rest_route=\/wp\/v2\/pages\/3423","targetHints":{"allow":["GET"]}}],"collection":[{"href":"https:\/\/www.ch-shm.fr\/index.php?rest_route=\/wp\/v2\/pages"}],"about":[{"href":"https:\/\/www.ch-shm.fr\/index.php?rest_route=\/wp\/v2\/types\/page"}],"author":[{"embeddable":true,"href":"https:\/\/www.ch-shm.fr\/index.php?rest_route=\/wp\/v2\/users\/2"}],"replies":[{"embeddable":true,"href":"https:\/\/www.ch-shm.fr\/index.php?rest_route=%2Fwp%2Fv2%2Fcomments&post=3423"}],"version-history":[{"count":4,"href":"https:\/\/www.ch-shm.fr\/index.php?rest_route=\/wp\/v2\/pages\/3423\/revisions"}],"predecessor-version":[{"id":3427,"href":"https:\/\/www.ch-shm.fr\/index.php?rest_route=\/wp\/v2\/pages\/3423\/revisions\/3427"}],"wp:attachment":[{"href":"https:\/\/www.ch-shm.fr\/index.php?rest_route=%2Fwp%2Fv2%2Fmedia&parent=3423"}],"curies":[{"name":"wp","href":"https:\/\/api.w.org\/{rel}","templated":true}]}}