{"id":3288,"date":"2025-01-24T10:38:43","date_gmt":"2025-01-24T09:38:43","guid":{"rendered":"https:\/\/www.ch-shm.fr\/?page_id=3288"},"modified":"2025-02-05T10:29:35","modified_gmt":"2025-02-05T09:29:35","slug":"equipe-mobile-geriatrie-emg","status":"publish","type":"page","link":"https:\/\/www.ch-shm.fr\/?page_id=3288","title":{"rendered":"\u00c9quipe Mobile G\u00e9riatrie &#8211; EMG"},"content":{"rendered":"\t\t<div data-elementor-type=\"wp-page\" data-elementor-id=\"3288\" class=\"elementor elementor-3288\">\n\t\t\t\t\t\t<section class=\"elementor-section elementor-top-section elementor-element elementor-element-435590c elementor-section-boxed elementor-section-height-default elementor-section-height-default\" data-id=\"435590c\" data-element_type=\"section\" data-settings=\"{&quot;background_background&quot;:&quot;classic&quot;}\">\n\t\t\t\t\t\t<div class=\"elementor-container elementor-column-gap-default\">\n\t\t\t\t\t<div class=\"elementor-column elementor-col-100 elementor-top-column elementor-element elementor-element-64efac5\" data-id=\"64efac5\" data-element_type=\"column\">\n\t\t\t<div class=\"elementor-widget-wrap elementor-element-populated\">\n\t\t\t\t\t\t<div class=\"elementor-element elementor-element-efe8662 elementor-widget elementor-widget-heading\" data-id=\"efe8662\" data-element_type=\"widget\" data-widget_type=\"heading.default\">\n\t\t\t\t<div class=\"elementor-widget-container\">\n\t\t\t\t\t<h2 class=\"elementor-heading-title elementor-size-default\">\n\u00c9quipe Mobile G\u00e9riatrie - EMG\n<\/h2>\t\t\t\t<\/div>\n\t\t\t\t<\/div>\n\t\t\t\t\t<\/div>\n\t\t<\/div>\n\t\t\t\t\t<\/div>\n\t\t<\/section>\n\t\t\t\t<section class=\"elementor-section elementor-top-section elementor-element elementor-element-63ce725 elementor-section-boxed elementor-section-height-default elementor-section-height-default\" data-id=\"63ce725\" data-element_type=\"section\">\n\t\t\t\t\t\t<div class=\"elementor-container elementor-column-gap-default\">\n\t\t\t\t\t<div class=\"elementor-column elementor-col-100 elementor-top-column elementor-element elementor-element-c0947a1\" data-id=\"c0947a1\" data-element_type=\"column\">\n\t\t\t<div class=\"elementor-widget-wrap elementor-element-populated\">\n\t\t\t\t\t\t<div class=\"elementor-element elementor-element-26fc467 elementor-widget elementor-widget-spacer\" data-id=\"26fc467\" data-element_type=\"widget\" data-widget_type=\"spacer.default\">\n\t\t\t\t<div class=\"elementor-widget-container\">\n\t\t\t\t\t\t\t<div class=\"elementor-spacer\">\n\t\t\t<div class=\"elementor-spacer-inner\"><\/div>\n\t\t<\/div>\n\t\t\t\t\t\t<\/div>\n\t\t\t\t<\/div>\n\t\t\t\t<div class=\"elementor-element elementor-element-ae2a926 elementor-widget elementor-widget-heading\" data-id=\"ae2a926\" data-element_type=\"widget\" data-widget_type=\"heading.default\">\n\t\t\t\t<div class=\"elementor-widget-container\">\n\t\t\t\t\t<h2 class=\"elementor-heading-title elementor-size-default\">Secr\u00e9tariat<\/h2>\t\t\t\t<\/div>\n\t\t\t\t<\/div>\n\t\t\t\t<div class=\"elementor-element elementor-element-7f3b1f7 elementor-widget elementor-widget-text-editor\" data-id=\"7f3b1f7\" data-element_type=\"widget\" data-widget_type=\"text-editor.default\">\n\t\t\t\t<div class=\"elementor-widget-container\">\n\t\t\t\t\t\t\t\t\t<p style=\"text-align: center;\"><span style=\"color: #00003f;\"><strong>Du lundi au vendredi d<\/strong><\/span><span style=\"color: #00003f;\"><strong>e 8h30 \u00e0 17h00.<\/strong><\/span><\/p><p style=\"text-align: center;\"><span style=\"color: #00003f;\">T\u00e9l\u00e9phone : <\/span><a href=\"http:\/\/03.25.30.70.19\"><span style=\"text-decoration: underline;\"><span style=\"color: #00003f; text-decoration: underline;\">03 25 30 70 19<\/span><\/span><\/a><\/p>\t\t\t\t\t\t\t\t<\/div>\n\t\t\t\t<\/div>\n\t\t\t\t\t<\/div>\n\t\t<\/div>\n\t\t\t\t\t<\/div>\n\t\t<\/section>\n\t\t\t\t<section class=\"elementor-section elementor-top-section elementor-element elementor-element-afd58b7 elementor-section-boxed elementor-section-height-default elementor-section-height-default\" data-id=\"afd58b7\" data-element_type=\"section\">\n\t\t\t\t\t\t<div class=\"elementor-container elementor-column-gap-default\">\n\t\t\t\t\t<div class=\"elementor-column elementor-col-100 elementor-top-column elementor-element elementor-element-7c7ba29\" data-id=\"7c7ba29\" data-element_type=\"column\">\n\t\t\t<div class=\"elementor-widget-wrap elementor-element-populated\">\n\t\t\t\t\t\t<div class=\"elementor-element elementor-element-dc6fa3a elementor-widget-divider--view-line elementor-widget elementor-widget-divider\" data-id=\"dc6fa3a\" data-element_type=\"widget\" data-widget_type=\"divider.default\">\n\t\t\t\t<div class=\"elementor-widget-container\">\n\t\t\t\t\t\t\t<div class=\"elementor-divider\">\n\t\t\t<span class=\"elementor-divider-separator\">\n\t\t\t\t\t\t<\/span>\n\t\t<\/div>\n\t\t\t\t\t\t<\/div>\n\t\t\t\t<\/div>\n\t\t\t\t\t<\/div>\n\t\t<\/div>\n\t\t\t\t\t<\/div>\n\t\t<\/section>\n\t\t\t\t<section class=\"elementor-section elementor-top-section elementor-element elementor-element-5e49a09 elementor-section-boxed elementor-section-height-default elementor-section-height-default\" data-id=\"5e49a09\" data-element_type=\"section\">\n\t\t\t\t\t\t<div class=\"elementor-container elementor-column-gap-default\">\n\t\t\t\t\t<div class=\"elementor-column elementor-col-100 elementor-top-column elementor-element elementor-element-9a4e013\" data-id=\"9a4e013\" data-element_type=\"column\">\n\t\t\t<div class=\"elementor-widget-wrap elementor-element-populated\">\n\t\t\t\t\t\t<div class=\"elementor-element elementor-element-f644d50 elementor-widget elementor-widget-text-editor\" data-id=\"f644d50\" data-element_type=\"widget\" data-widget_type=\"text-editor.default\">\n\t\t\t\t<div class=\"elementor-widget-container\">\n\t\t\t\t\t\t\t\t\t<section class=\"elementor-section elementor-top-section elementor-element elementor-element-eee791c elementor-section-boxed elementor-section-height-default elementor-section-height-default\" data-id=\"eee791c\" data-element_type=\"section\"><div class=\"elementor-container elementor-column-gap-default\"><div class=\"elementor-column elementor-col-100 elementor-top-column elementor-element elementor-element-f7bf7d6\" data-id=\"f7bf7d6\" data-element_type=\"column\"><div class=\"elementor-widget-wrap elementor-element-populated\"><div class=\"elementor-element elementor-element-5adefbc elementor-widget elementor-widget-heading\" data-id=\"5adefbc\" data-element_type=\"widget\" data-widget_type=\"heading.default\"><div class=\"elementor-widget-container\"><h2 class=\"elementor-heading-title elementor-size-default\"><span style=\"color: #00003f;\">A propos<\/span><\/h2><\/div><\/div><div class=\"elementor-element elementor-element-b2f9c43 elementor-widget elementor-widget-text-editor\" data-id=\"b2f9c43\" data-element_type=\"widget\" data-widget_type=\"text-editor.default\"><div class=\"elementor-widget-container\"><p><span style=\"color: #00003f;\">L\u2019\u00c9quipe Mobile G\u00e9riatrique est une \u00e9quipe pluri-professionnelle, compos\u00e9e d\u2019un m\u00e9decin g\u00e9riatre et d\u2019une infirmi\u00e8re.<\/span><\/p><p class=\"cvgsua\" style=\"line-height: 18.0pt;\"><span class=\"oypena\" style=\"color: #00003f;\">L\u2019\u00e9quipe intervient dans toutes les unit\u00e9s du Centre Hospitalier de Chaumont (intra) et en extra-hospitalier pour les personnes <span style=\"text-decoration: underline;\"><strong>de plus de 75 ans<\/strong> <\/span>polypathologiques.<\/span><\/p><\/div><\/div><div class=\"elementor-element elementor-element-b7136d5 elementor-widget elementor-widget-heading\" data-id=\"b7136d5\" data-element_type=\"widget\" data-widget_type=\"heading.default\"><div class=\"elementor-widget-container\"><h2 class=\"elementor-heading-title elementor-size-default\"><span style=\"color: #00003f;\">Objectifs<\/span><\/h2><\/div><\/div><div class=\"elementor-element elementor-element-89852e5 elementor-widget elementor-widget-text-editor\" data-id=\"89852e5\" data-element_type=\"widget\" data-widget_type=\"text-editor.default\"><div class=\"elementor-widget-container\"><p><span style=\"color: #00003f;\">\u00c9viter les complications li\u00e9es \u00e0 l\u2019hospitalisation et fluidifier les parcours de soin.<\/span><\/p><ul><li><span style=\"color: #00003f;\"><span style=\"text-decoration: underline;\"><strong>En intra-hospitalier<\/strong> <\/span>: L&rsquo;\u00e9quipe se d\u00e9place aupr\u00e8s du patient dans toutes les unit\u00e9s de soins (sauf les services de g\u00e9riatrie) \u00e0 la demande du m\u00e9decin r\u00e9f\u00e9rent du patient.<\/span><\/li><li><span style=\"color: #00003f;\"><span style=\"text-decoration: underline;\"><strong>En extra-hospitalier<\/strong> <\/span>: L&rsquo;\u00e9quipe se d\u00e9place dans les lieux de vie, domicile, EHPAD&#8230; \u00e0 la demande du m\u00e9decin traitant.<\/span><\/li><\/ul><\/div><\/div><div class=\"elementor-element elementor-element-1bf0496 elementor-widget elementor-widget-heading\" data-id=\"1bf0496\" data-element_type=\"widget\" data-widget_type=\"heading.default\"><div class=\"elementor-widget-container\"><h2 class=\"elementor-heading-title elementor-size-default\"><span style=\"color: #00003f;\">Missions<\/span><\/h2><\/div><\/div><div class=\"elementor-element elementor-element-61cb1cf elementor-widget elementor-widget-text-editor\" data-id=\"61cb1cf\" data-element_type=\"widget\" data-widget_type=\"text-editor.default\"><div class=\"elementor-widget-container\"><p><span style=\"color: #00003f;\">L\u2019EMG a pour missions :<\/span><\/p><ul><li><span style=\"color: #00003f;\">Dispenser un avis g\u00e9riatrique \u00e0 vis\u00e9e diagnostique et\/ou th\u00e9rapeutique<\/span><\/li><li><span style=\"color: #00003f;\">R\u00e9aliser une \u00e9valuation g\u00e9riatrique standardis\u00e9e selon la probl\u00e9matique rencontr\u00e9e<\/span><\/li><li><span style=\"color: #00003f;\">Orienter le patient dans la fili\u00e8re de soins g\u00e9riatrique (domicile, h\u00f4pitaux, locaux, EHPAD\u2026)<\/span><\/li><li><span style=\"color: #00003f;\">Anticiper la sortie d\u2019hospitalisation, favoriser le maintien \u00e0 domicile et \u00e9viter les r\u00e9-hospitalisations<\/span><\/li><li><span style=\"color: #00003f;\">Conseiller, informer et soutenir les \u00e9quipes soignantes<\/span><\/li><\/ul><p><strong><span style=\"font-size: 18pt; color: #00003f;\">Domaines d&rsquo;expertises :<br \/><\/span><\/strong><\/p><ul><li><span style=\"color: #00003f;\">La iatrog\u00e9nie<\/span><\/li><li><span style=\"color: #00003f;\">Les troubles cognitifs<\/span><\/li><li><span style=\"color: #00003f;\">Les chutes it\u00e9ratives<\/span><\/li><li><span style=\"color: #00003f;\">L\u2019alt\u00e9ration de l\u2019\u00e9tat g\u00e9n\u00e9ral<\/span><\/li><li><span style=\"color: #00003f;\">La perte d\u2019ind\u00e9pendance fonctionnelle<\/span><\/li><\/ul><\/div><\/div><div class=\"elementor-element elementor-element-0c207bd elementor-widget elementor-widget-heading\" data-id=\"0c207bd\" data-element_type=\"widget\" data-widget_type=\"heading.default\"><div class=\"elementor-widget-container\"><h2 class=\"elementor-heading-title elementor-size-default\"><span style=\"color: #00003f;\">Modalit\u00e9s d&rsquo;intervention :<\/span><\/h2><\/div><\/div><div class=\"elementor-element elementor-element-28c66ab elementor-widget elementor-widget-text-editor\" data-id=\"28c66ab\" data-element_type=\"widget\" data-widget_type=\"text-editor.default\"><div class=\"elementor-widget-container\"><p><span style=\"color: #00003f;\">l\u2019EMG intervient sur demande m\u00e9dicale dans le service de soins pour aider \u00e0 la prise en soins des patients poly-pathologiques.<\/span><\/p><p><span style=\"color: #00003f;\">L\u2019\u00e9quipe mobile n\u2019a pas de vocation \u00e0 se substituer \u00e0 l\u2019\u00e9quipe m\u00e9dicale r\u00e9f\u00e9rente du patient.<\/span><\/p><p><span style=\"color: #00003f;\"><strong>POURQUOI ?<\/strong><\/span><\/p><ul><li><span style=\"color: #00003f;\">Identifier les syndromes g\u00e9riatrique et le risque de d\u00e9pendance.<\/span><\/li><li><span style=\"color: #00003f;\">\u00c9valuer le patient dans sa globalit\u00e9 : cognitif-fonctionnel-social-iatrog\u00e8ne-sensoriel.<\/span><\/li><\/ul><p><span style=\"color: #00003f;\"><strong>POUR QUI ?<\/strong><\/span><\/p><p><span style=\"color: #00003f;\">Les personnes \u00e2g\u00e9es de plus de 75 ans poly-pathologiques et \u00e0 risque de d\u00e9clin fonctionnel.<\/span><\/p><\/div><\/div><div class=\"elementor-element elementor-element-7a58d52 elementor-widget elementor-widget-heading\" data-id=\"7a58d52\" data-element_type=\"widget\" data-widget_type=\"heading.default\"><div class=\"elementor-widget-container\"><h2 class=\"elementor-heading-title elementor-size-default\"><span style=\"color: #00003f;\">Localisation<\/span><\/h2><\/div><\/div><div class=\"elementor-element elementor-element-8b286ef elementor-widget elementor-widget-text-editor\" data-id=\"8b286ef\" data-element_type=\"widget\" data-widget_type=\"text-editor.default\"><div class=\"elementor-widget-container\"><p><span style=\"color: #00003f;\">L\u2019EMG se trouve au 3\u00e9tage de l\u2019h\u00f4pital dans le service CSG (Court S\u00e9jour G\u00e9riatrique).<\/span><\/p><\/div><\/div><\/div><\/div><\/div><\/section>\t\t\t\t\t\t\t\t<\/div>\n\t\t\t\t<\/div>\n\t\t\t\t<div class=\"elementor-element elementor-element-aa11eed elementor-widget-divider--view-line elementor-widget elementor-widget-divider\" data-id=\"aa11eed\" data-element_type=\"widget\" data-widget_type=\"divider.default\">\n\t\t\t\t<div class=\"elementor-widget-container\">\n\t\t\t\t\t\t\t<div class=\"elementor-divider\">\n\t\t\t<span class=\"elementor-divider-separator\">\n\t\t\t\t\t\t<\/span>\n\t\t<\/div>\n\t\t\t\t\t\t<\/div>\n\t\t\t\t<\/div>\n\t\t\t\t<div class=\"elementor-element elementor-element-72f2645 elementor-widget elementor-widget-heading\" data-id=\"72f2645\" data-element_type=\"widget\" data-widget_type=\"heading.default\">\n\t\t\t\t<div class=\"elementor-widget-container\">\n\t\t\t\t\t<h2 class=\"elementor-heading-title elementor-size-default\">Le personnel<\/h2>\t\t\t\t<\/div>\n\t\t\t\t<\/div>\n\t\t\t\t<div class=\"elementor-element elementor-element-d89ef8e elementor-widget elementor-widget-text-editor\" data-id=\"d89ef8e\" data-element_type=\"widget\" data-widget_type=\"text-editor.default\">\n\t\t\t\t<div class=\"elementor-widget-container\">\n\t\t\t\t\t\t\t\t\t<ul><li><span style=\"color: #00003f;\">\u00a0<strong>Dr Boussard Pauline<\/strong> m\u00e9decin g\u00e9riatre<\/span><\/li><li><span style=\"color: #00003f;\">Mme <strong>Picart Fr\u00e9d\u00e9rique<\/strong> IDE<\/span><\/li><\/ul>\t\t\t\t\t\t\t\t<\/div>\n\t\t\t\t<\/div>\n\t\t\t\t\t<\/div>\n\t\t<\/div>\n\t\t\t\t\t<\/div>\n\t\t<\/section>\n\t\t\t\t<\/div>\n\t\t","protected":false},"excerpt":{"rendered":"<p>\u00c9quipe Mobile G\u00e9riatrie &#8211; EMG Secr\u00e9tariat Du lundi au vendredi de 8h30 \u00e0 17h00. T\u00e9l\u00e9phone : 03 25 30 70 19 A propos L\u2019\u00c9quipe Mobile G\u00e9riatrique est une \u00e9quipe pluri-professionnelle, compos\u00e9e d\u2019un m\u00e9decin g\u00e9riatre et d\u2019une infirmi\u00e8re. L\u2019\u00e9quipe intervient dans toutes les unit\u00e9s du Centre Hospitalier de Chaumont (intra) et en extra-hospitalier pour les personnes [&hellip;]<\/p>\n","protected":false},"author":2,"featured_media":0,"parent":0,"menu_order":0,"comment_status":"closed","ping_status":"closed","template":"","meta":{"ocean_post_layout":"","ocean_both_sidebars_style":"","ocean_both_sidebars_content_width":0,"ocean_both_sidebars_sidebars_width":0,"ocean_sidebar":"","ocean_second_sidebar":"","ocean_disable_margins":"enable","ocean_add_body_class":"","ocean_shortcode_before_top_bar":"","ocean_shortcode_after_top_bar":"","ocean_shortcode_before_header":"","ocean_shortcode_after_header":"","ocean_has_shortcode":"","ocean_shortcode_after_title":"","ocean_shortcode_before_footer_widgets":"","ocean_shortcode_after_footer_widgets":"","ocean_shortcode_before_footer_bottom":"","ocean_shortcode_after_footer_bottom":"","ocean_display_top_bar":"default","ocean_display_header":"default","ocean_header_style":"","ocean_center_header_left_menu":"","ocean_custom_header_template":"","ocean_custom_logo":0,"ocean_custom_retina_logo":0,"ocean_custom_logo_max_width":0,"ocean_custom_logo_tablet_max_width":0,"ocean_custom_logo_mobile_max_width":0,"ocean_custom_logo_max_height":0,"ocean_custom_logo_tablet_max_height":0,"ocean_custom_logo_mobile_max_height":0,"ocean_header_custom_menu":"","ocean_menu_typo_font_family":"","ocean_menu_typo_font_subset":"","ocean_menu_typo_font_size":0,"ocean_menu_typo_font_size_tablet":0,"ocean_menu_typo_font_size_mobile":0,"ocean_menu_typo_font_size_unit":"px","ocean_menu_typo_font_weight":"","ocean_menu_typo_font_weight_tablet":"","ocean_menu_typo_font_weight_mobile":"","ocean_menu_typo_transform":"","ocean_menu_typo_transform_tablet":"","ocean_menu_typo_transform_mobile":"","ocean_menu_typo_line_height":0,"ocean_menu_typo_line_height_tablet":0,"ocean_menu_typo_line_height_mobile":0,"ocean_menu_typo_line_height_unit":"","ocean_menu_typo_spacing":0,"ocean_menu_typo_spacing_tablet":0,"ocean_menu_typo_spacing_mobile":0,"ocean_menu_typo_spacing_unit":"","ocean_menu_link_color":"","ocean_menu_link_color_hover":"","ocean_menu_link_color_active":"","ocean_menu_link_background":"","ocean_menu_link_hover_background":"","ocean_menu_link_active_background":"","ocean_menu_social_links_bg":"","ocean_menu_social_hover_links_bg":"","ocean_menu_social_links_color":"","ocean_menu_social_hover_links_color":"","ocean_disable_title":"default","ocean_disable_heading":"default","ocean_post_title":"","ocean_post_subheading":"","ocean_post_title_style":"","ocean_post_title_background_color":"","ocean_post_title_background":0,"ocean_post_title_bg_image_position":"","ocean_post_title_bg_image_attachment":"","ocean_post_title_bg_image_repeat":"","ocean_post_title_bg_image_size":"","ocean_post_title_height":0,"ocean_post_title_bg_overlay":0.5,"ocean_post_title_bg_overlay_color":"","ocean_disable_breadcrumbs":"default","ocean_breadcrumbs_color":"","ocean_breadcrumbs_separator_color":"","ocean_breadcrumbs_links_color":"","ocean_breadcrumbs_links_hover_color":"","ocean_display_footer_widgets":"default","ocean_display_footer_bottom":"default","ocean_custom_footer_template":"","footnotes":""},"class_list":["post-3288","page","type-page","status-publish","hentry","entry"],"_links":{"self":[{"href":"https:\/\/www.ch-shm.fr\/index.php?rest_route=\/wp\/v2\/pages\/3288","targetHints":{"allow":["GET"]}}],"collection":[{"href":"https:\/\/www.ch-shm.fr\/index.php?rest_route=\/wp\/v2\/pages"}],"about":[{"href":"https:\/\/www.ch-shm.fr\/index.php?rest_route=\/wp\/v2\/types\/page"}],"author":[{"embeddable":true,"href":"https:\/\/www.ch-shm.fr\/index.php?rest_route=\/wp\/v2\/users\/2"}],"replies":[{"embeddable":true,"href":"https:\/\/www.ch-shm.fr\/index.php?rest_route=%2Fwp%2Fv2%2Fcomments&post=3288"}],"version-history":[{"count":31,"href":"https:\/\/www.ch-shm.fr\/index.php?rest_route=\/wp\/v2\/pages\/3288\/revisions"}],"predecessor-version":[{"id":4069,"href":"https:\/\/www.ch-shm.fr\/index.php?rest_route=\/wp\/v2\/pages\/3288\/revisions\/4069"}],"wp:attachment":[{"href":"https:\/\/www.ch-shm.fr\/index.php?rest_route=%2Fwp%2Fv2%2Fmedia&parent=3288"}],"curies":[{"name":"wp","href":"https:\/\/api.w.org\/{rel}","templated":true}]}}