{"id":3277,"date":"2025-01-24T10:25:30","date_gmt":"2025-01-24T09:25:30","guid":{"rendered":"https:\/\/www.ch-shm.fr\/?page_id=3277"},"modified":"2026-04-07T15:22:03","modified_gmt":"2026-04-07T13:22:03","slug":"pharmacie","status":"publish","type":"page","link":"https:\/\/www.ch-shm.fr\/?page_id=3277","title":{"rendered":"Pharmacie"},"content":{"rendered":"\t\t<div data-elementor-type=\"wp-page\" data-elementor-id=\"3277\" class=\"elementor elementor-3277\">\n\t\t\t\t\t\t<section class=\"elementor-section elementor-top-section elementor-element elementor-element-4f5040f elementor-section-boxed elementor-section-height-default elementor-section-height-default\" data-id=\"4f5040f\" data-element_type=\"section\" data-settings=\"{&quot;background_background&quot;:&quot;classic&quot;}\">\n\t\t\t\t\t\t<div class=\"elementor-container elementor-column-gap-default\">\n\t\t\t\t\t<div class=\"elementor-column elementor-col-100 elementor-top-column elementor-element elementor-element-6fd4059\" data-id=\"6fd4059\" data-element_type=\"column\">\n\t\t\t<div class=\"elementor-widget-wrap elementor-element-populated\">\n\t\t\t\t\t\t<div class=\"elementor-element elementor-element-2da4271 elementor-widget elementor-widget-heading\" data-id=\"2da4271\" data-element_type=\"widget\" data-widget_type=\"heading.default\">\n\t\t\t\t<div class=\"elementor-widget-container\">\n\t\t\t\t\t<h2 class=\"elementor-heading-title elementor-size-default\">Pharmacie<\/h2>\t\t\t\t<\/div>\n\t\t\t\t<\/div>\n\t\t\t\t\t<\/div>\n\t\t<\/div>\n\t\t\t\t\t<\/div>\n\t\t<\/section>\n\t\t\t\t<section class=\"elementor-section elementor-top-section elementor-element elementor-element-589cd70 elementor-section-boxed elementor-section-height-default elementor-section-height-default\" data-id=\"589cd70\" data-element_type=\"section\">\n\t\t\t\t\t\t<div class=\"elementor-container elementor-column-gap-default\">\n\t\t\t\t\t<div class=\"elementor-column elementor-col-20 elementor-top-column elementor-element elementor-element-b734266\" data-id=\"b734266\" data-element_type=\"column\">\n\t\t\t<div class=\"elementor-widget-wrap elementor-element-populated\">\n\t\t\t\t\t\t<div class=\"elementor-element elementor-element-f6a5b21 elementor-widget elementor-widget-text-editor\" data-id=\"f6a5b21\" data-element_type=\"widget\" data-widget_type=\"text-editor.default\">\n\t\t\t\t<div class=\"elementor-widget-container\">\n\t\t\t\t\t\t\t\t\t<p><a href=\"https:\/\/www.ch-shm.fr\/?page_id=2936\"><strong><span style=\"color: #00003f; font-size: 14pt;\">Retour \u00e0 l&rsquo;accueil <\/span><\/strong><\/a><\/p>\t\t\t\t\t\t\t\t<\/div>\n\t\t\t\t<\/div>\n\t\t\t\t\t<\/div>\n\t\t<\/div>\n\t\t\t\t<div class=\"elementor-column elementor-col-20 elementor-top-column elementor-element elementor-element-3509638\" data-id=\"3509638\" data-element_type=\"column\">\n\t\t\t<div class=\"elementor-widget-wrap\">\n\t\t\t\t\t\t\t<\/div>\n\t\t<\/div>\n\t\t\t\t<div class=\"elementor-column elementor-col-20 elementor-top-column elementor-element elementor-element-1f412ae\" data-id=\"1f412ae\" data-element_type=\"column\">\n\t\t\t<div class=\"elementor-widget-wrap\">\n\t\t\t\t\t\t\t<\/div>\n\t\t<\/div>\n\t\t\t\t<div class=\"elementor-column elementor-col-20 elementor-top-column elementor-element elementor-element-f14dd80\" data-id=\"f14dd80\" data-element_type=\"column\">\n\t\t\t<div class=\"elementor-widget-wrap\">\n\t\t\t\t\t\t\t<\/div>\n\t\t<\/div>\n\t\t\t\t<div class=\"elementor-column elementor-col-20 elementor-top-column elementor-element elementor-element-a576149\" data-id=\"a576149\" data-element_type=\"column\">\n\t\t\t<div class=\"elementor-widget-wrap\">\n\t\t\t\t\t\t\t<\/div>\n\t\t<\/div>\n\t\t\t\t\t<\/div>\n\t\t<\/section>\n\t\t\t\t<section class=\"elementor-section elementor-top-section elementor-element elementor-element-a99db0e elementor-section-boxed elementor-section-height-default elementor-section-height-default\" data-id=\"a99db0e\" data-element_type=\"section\">\n\t\t\t\t\t\t<div class=\"elementor-container elementor-column-gap-default\">\n\t\t\t\t\t<div class=\"elementor-column elementor-col-100 elementor-top-column elementor-element elementor-element-6d6e80d\" data-id=\"6d6e80d\" data-element_type=\"column\">\n\t\t\t<div class=\"elementor-widget-wrap elementor-element-populated\">\n\t\t\t\t\t\t<div class=\"elementor-element elementor-element-ba45242 elementor-widget elementor-widget-text-editor\" data-id=\"ba45242\" data-element_type=\"widget\" data-widget_type=\"text-editor.default\">\n\t\t\t\t<div class=\"elementor-widget-container\">\n\t\t\t\t\t\t\t\t\t<section class=\"elementor-section elementor-top-section elementor-element elementor-element-bd41f75 elementor-section-boxed elementor-section-height-default elementor-section-height-default\" data-id=\"bd41f75\" data-element_type=\"section\" data-settings=\"{&quot;background_background&quot;:&quot;classic&quot;}\"><div class=\"elementor-container elementor-column-gap-default\"><div class=\"elementor-column elementor-col-100 elementor-top-column elementor-element elementor-element-7956422\" data-id=\"7956422\" data-element_type=\"column\"><div class=\"elementor-widget-wrap elementor-element-populated\"><div class=\"elementor-element elementor-element-04b27d5 elementor-widget elementor-widget-heading\" data-id=\"04b27d5\" data-element_type=\"widget\" data-widget_type=\"heading.default\"><div class=\"elementor-widget-container\"><div class=\"elementor-widget-container\"><div class=\"elementor-divider\"><div class=\"elementor-widget-container\"><h2 class=\"elementor-heading-title elementor-size-default\"><span style=\"color: #00003f;\">Contact<\/span><\/h2><\/div><\/div><\/div><\/div><\/div><\/div><\/div><\/div><\/section><section class=\"elementor-section elementor-top-section elementor-element elementor-element-bd29e12 elementor-section-boxed elementor-section-height-default elementor-section-height-default\" data-id=\"bd29e12\" data-element_type=\"section\"><div class=\"elementor-container elementor-column-gap-default\"><div class=\"elementor-column elementor-col-100 elementor-top-column elementor-element elementor-element-125bb51\" data-id=\"125bb51\" data-element_type=\"column\"><div class=\"elementor-widget-wrap elementor-element-populated\"><div class=\"elementor-element elementor-element-2773691 elementor-widget elementor-widget-text-editor\" data-id=\"2773691\" data-element_type=\"widget\" data-widget_type=\"text-editor.default\"><div class=\"elementor-widget-container\"><ul><li><span style=\"color: #00003f;\">T\u00e9l\u00e9phone<\/span><strong><span style=\"color: #00003f;\"> : <a href=\"http:\/\/03.25.30.70.23\">03.25.30.70.23<\/a><\/span><\/strong><\/li><\/ul><\/div><\/div><\/div><\/div><\/div><\/section>\t\t\t\t\t\t\t\t<\/div>\n\t\t\t\t<\/div>\n\t\t\t\t\t<\/div>\n\t\t<\/div>\n\t\t\t\t\t<\/div>\n\t\t<\/section>\n\t\t\t\t<section class=\"elementor-section elementor-top-section elementor-element elementor-element-adce8bd elementor-section-boxed elementor-section-height-default elementor-section-height-default\" data-id=\"adce8bd\" data-element_type=\"section\">\n\t\t\t\t\t\t<div class=\"elementor-container elementor-column-gap-default\">\n\t\t\t\t\t<div class=\"elementor-column elementor-col-100 elementor-top-column elementor-element elementor-element-ff89a3f\" data-id=\"ff89a3f\" data-element_type=\"column\">\n\t\t\t<div class=\"elementor-widget-wrap elementor-element-populated\">\n\t\t\t\t\t\t<div class=\"elementor-element elementor-element-dfa82d3 elementor-widget elementor-widget-text-editor\" data-id=\"dfa82d3\" data-element_type=\"widget\" data-widget_type=\"text-editor.default\">\n\t\t\t\t<div class=\"elementor-widget-container\">\n\t\t\t\t\t\t\t\t\t<div id=\"primary\" class=\"content-area clr\"><div id=\"content\" class=\"site-content clr\"><article class=\"single-page-article clr\"><div class=\"entry clr\"><div class=\"elementor elementor-3400\" data-elementor-type=\"wp-page\" data-elementor-id=\"3400\"><section class=\"elementor-section elementor-top-section elementor-element elementor-element-bd41f75 elementor-section-boxed elementor-section-height-default elementor-section-height-default\" data-id=\"bd41f75\" data-element_type=\"section\" data-settings=\"{&quot;background_background&quot;:&quot;classic&quot;}\"><div class=\"elementor-container elementor-column-gap-default\"><div class=\"elementor-column elementor-col-100 elementor-top-column elementor-element elementor-element-7956422\" data-id=\"7956422\" data-element_type=\"column\"><div class=\"elementor-widget-wrap elementor-element-populated\"><div class=\"elementor-element elementor-element-04b27d5 elementor-widget elementor-widget-heading\" data-id=\"04b27d5\" data-element_type=\"widget\" data-widget_type=\"heading.default\"><div class=\"elementor-widget-container\"><div class=\"elementor-widget-container\"><div class=\"elementor-divider\"><div class=\"elementor-widget-container\"><div class=\"elementor-widget-container\"><div class=\"elementor-widget-container\"><div class=\"elementor-divider\"><div class=\"elementor-widget-container\"><h2 class=\"elementor-heading-title elementor-size-default\"><span style=\"color: #00003f;\">Horaires<\/span><\/h2><\/div><\/div><\/div><\/div><\/div><\/div><\/div><\/div><\/div><\/div><\/div><\/div><\/section><section class=\"elementor-section elementor-top-section elementor-element elementor-element-bd29e12 elementor-section-boxed elementor-section-height-default elementor-section-height-default\" data-id=\"bd29e12\" data-element_type=\"section\"><div class=\"elementor-container elementor-column-gap-default\"><div class=\"elementor-column elementor-col-100 elementor-top-column elementor-element elementor-element-125bb51\" data-id=\"125bb51\" data-element_type=\"column\"><div class=\"elementor-widget-wrap elementor-element-populated\"><div class=\"elementor-element elementor-element-e48d6e6 elementor-widget elementor-widget-text-editor\" data-id=\"e48d6e6\" data-element_type=\"widget\" data-widget_type=\"text-editor.default\"><div class=\"elementor-widget-container\"><ul><li><span style=\"color: #00003f;\">Lundi au vendredi de 8h00 \u00e0 12h00 et de 13h00 \u00e0 18h00<\/span><\/li><li><span style=\"color: #00003f;\">Le Service de Pharmacie est un service fonctionnant 24h\/24h pour le centre hospitalier, une astreinte est assur\u00e9e par un pharmacien praticien hospitalier en dehors des heures d\u2019ouverture<\/span><\/li><\/ul><\/div><\/div><div class=\"elementor-element elementor-element-e78ee1b elementor-widget elementor-widget-heading\" data-id=\"e78ee1b\" data-element_type=\"widget\" data-widget_type=\"heading.default\"><div class=\"elementor-widget-container\"><h2 class=\"elementor-heading-title elementor-size-default\"><span style=\"color: #00003f;\">Pr\u00e9parez votre venue<\/span><\/h2><\/div><\/div><div class=\"elementor-element elementor-element-ab36608 elementor-widget elementor-widget-text-editor\" data-id=\"ab36608\" data-element_type=\"widget\" data-widget_type=\"text-editor.default\"><div class=\"elementor-widget-container\"><p><span style=\"color: #00003f;\">Les documents \u00e0 fournir :<\/span><\/p><ul><li><span style=\"color: #00003f;\">La prescription m\u00e9dicale<\/span><\/li><li><span style=\"color: #00003f;\">La carte vitale ou l\u2019attestation de s\u00e9curit\u00e9 sociale \u00e0 jour<\/span><\/li><li><span style=\"color: #00003f;\">L\u2019attestation de la mutuelle \u00e0 jour<\/span><\/li><li><span style=\"color: #00003f;\">La carte d\u2019identit\u00e9<\/span><\/li><li><span style=\"color: #00003f;\">ALD : prescription r\u00e9dig\u00e9e sur ordonnancier<\/span><\/li><\/ul><p><span style=\"color: #00003f;\"><strong>Activit\u00e9s<\/strong><\/span><\/p><ul><li><span style=\"color: #00003f;\">Dispensation des m\u00e9dicaments et dispositifs m\u00e9dicaux st\u00e9riles \u00e0 usage unique aux diff\u00e9rentes unit\u00e9s fonctionnelles.<\/span><\/li><li><span style=\"color: #00003f;\">Dispensation \u00e0 d\u00e9livrance nominative des m\u00e9dicaments pour le Centre Jean Fran\u00e7ois Bonnet<\/span><\/li><li><span style=\"color: #00003f;\">R\u00e9alisation de pr\u00e9paration magistrales<\/span><\/li><li><span style=\"color: #00003f;\">R\u00e9trocession aux patients externes des m\u00e9dicaments inscrits sur la liste des produits r\u00e9troc\u00e9dables<\/span><\/li><\/ul><\/div><\/div><div class=\"elementor-element elementor-element-5b83a79 elementor-widget elementor-widget-heading\" data-id=\"5b83a79\" data-element_type=\"widget\" data-widget_type=\"heading.default\"><div class=\"elementor-widget-container\"><h2 class=\"elementor-heading-title elementor-size-default\"><span style=\"color: #00003f;\">Personnels<\/span><\/h2><\/div><\/div><div class=\"elementor-element elementor-element-981a266 elementor-widget elementor-widget-text-editor\" data-id=\"981a266\" data-element_type=\"widget\" data-widget_type=\"text-editor.default\"><div class=\"elementor-widget-container\"><ul><li><span style=\"color: #00003f;\">Pharmacien Praticien Hospitalier, chef de service\u00a0: Dr ROY B\u00e9n\u00e9dicte<\/span><\/li><li><span style=\"color: #00003f;\">Pharmacien Praticien Hospitalier, Pr\u00e9sidente du CLAN et correspondante locale de pharmacovigilance\u00a0: Dr POTTIER Christine<\/span><\/li><li><span style=\"color: #00003f;\">Cadre de sant\u00e9 ff\u00a0: JACQUOT Christine<\/span><\/li><li><span style=\"color: #00003f;\">5 pr\u00e9parateurs en pharmacie hospitali\u00e8re<\/span><\/li><li><span style=\"color: #00003f;\">1 adjoint administratif<\/span><\/li><li><span style=\"color: #00003f;\">1 magasinier<\/span><\/li><\/ul><\/div><\/div><div class=\"elementor-element elementor-element-dcff9fc elementor-widget elementor-widget-heading\" data-id=\"dcff9fc\" data-element_type=\"widget\" data-widget_type=\"heading.default\"><div class=\"elementor-widget-container\"><h2 class=\"elementor-heading-title elementor-size-default\"><span style=\"color: #00003f;\">Localisation<\/span><\/h2><\/div><\/div><div class=\"elementor-element elementor-element-6a1aa6f elementor-widget elementor-widget-text-editor\" data-id=\"6a1aa6f\" data-element_type=\"widget\" data-widget_type=\"text-editor.default\"><div class=\"elementor-widget-container\"><p><span style=\"color: #00003f;\">Le Service de pharmacie est situ\u00e9 au rez-de-chauss\u00e9e du Centre Hospitalier de Chaumont, dans le b\u00e2timent aile gauche.<\/span><\/p><p><span style=\"color: #00003f;\">Sur votre gauche avant de franchir le sofratel (la boutique).<\/span><\/p><\/div><\/div><\/div><\/div><\/div><\/section><\/div><\/div><\/article><\/div><\/div>\t\t\t\t\t\t\t\t<\/div>\n\t\t\t\t<\/div>\n\t\t\t\t\t<\/div>\n\t\t<\/div>\n\t\t\t\t\t<\/div>\n\t\t<\/section>\n\t\t\t\t<\/div>\n\t\t","protected":false},"excerpt":{"rendered":"<p>Pharmacie Retour \u00e0 l&rsquo;accueil Contact T\u00e9l\u00e9phone : 03.25.30.70.23 Horaires Lundi au vendredi de 8h00 \u00e0 12h00 et de 13h00 \u00e0 18h00 Le Service de Pharmacie est un service fonctionnant 24h\/24h pour le centre hospitalier, une astreinte est assur\u00e9e par un pharmacien praticien hospitalier en dehors des heures d\u2019ouverture Pr\u00e9parez votre venue Les documents \u00e0 fournir [&hellip;]<\/p>\n","protected":false},"author":2,"featured_media":0,"parent":0,"menu_order":0,"comment_status":"closed","ping_status":"closed","template":"","meta":{"ocean_post_layout":"","ocean_both_sidebars_style":"","ocean_both_sidebars_content_width":0,"ocean_both_sidebars_sidebars_width":0,"ocean_sidebar":"","ocean_second_sidebar":"","ocean_disable_margins":"enable","ocean_add_body_class":"","ocean_shortcode_before_top_bar":"","ocean_shortcode_after_top_bar":"","ocean_shortcode_before_header":"","ocean_shortcode_after_header":"","ocean_has_shortcode":"","ocean_shortcode_after_title":"","ocean_shortcode_before_footer_widgets":"","ocean_shortcode_after_footer_widgets":"","ocean_shortcode_before_footer_bottom":"","ocean_shortcode_after_footer_bottom":"","ocean_display_top_bar":"default","ocean_display_header":"default","ocean_header_style":"","ocean_center_header_left_menu":"","ocean_custom_header_template":"","ocean_custom_logo":0,"ocean_custom_retina_logo":0,"ocean_custom_logo_max_width":0,"ocean_custom_logo_tablet_max_width":0,"ocean_custom_logo_mobile_max_width":0,"ocean_custom_logo_max_height":0,"ocean_custom_logo_tablet_max_height":0,"ocean_custom_logo_mobile_max_height":0,"ocean_header_custom_menu":"","ocean_menu_typo_font_family":"","ocean_menu_typo_font_subset":"","ocean_menu_typo_font_size":0,"ocean_menu_typo_font_size_tablet":0,"ocean_menu_typo_font_size_mobile":0,"ocean_menu_typo_font_size_unit":"px","ocean_menu_typo_font_weight":"","ocean_menu_typo_font_weight_tablet":"","ocean_menu_typo_font_weight_mobile":"","ocean_menu_typo_transform":"","ocean_menu_typo_transform_tablet":"","ocean_menu_typo_transform_mobile":"","ocean_menu_typo_line_height":0,"ocean_menu_typo_line_height_tablet":0,"ocean_menu_typo_line_height_mobile":0,"ocean_menu_typo_line_height_unit":"","ocean_menu_typo_spacing":0,"ocean_menu_typo_spacing_tablet":0,"ocean_menu_typo_spacing_mobile":0,"ocean_menu_typo_spacing_unit":"","ocean_menu_link_color":"","ocean_menu_link_color_hover":"","ocean_menu_link_color_active":"","ocean_menu_link_background":"","ocean_menu_link_hover_background":"","ocean_menu_link_active_background":"","ocean_menu_social_links_bg":"","ocean_menu_social_hover_links_bg":"","ocean_menu_social_links_color":"","ocean_menu_social_hover_links_color":"","ocean_disable_title":"default","ocean_disable_heading":"default","ocean_post_title":"","ocean_post_subheading":"","ocean_post_title_style":"","ocean_post_title_background_color":"","ocean_post_title_background":0,"ocean_post_title_bg_image_position":"","ocean_post_title_bg_image_attachment":"","ocean_post_title_bg_image_repeat":"","ocean_post_title_bg_image_size":"","ocean_post_title_height":0,"ocean_post_title_bg_overlay":0.5,"ocean_post_title_bg_overlay_color":"","ocean_disable_breadcrumbs":"default","ocean_breadcrumbs_color":"","ocean_breadcrumbs_separator_color":"","ocean_breadcrumbs_links_color":"","ocean_breadcrumbs_links_hover_color":"","ocean_display_footer_widgets":"default","ocean_display_footer_bottom":"default","ocean_custom_footer_template":"","footnotes":""},"class_list":["post-3277","page","type-page","status-publish","hentry","entry"],"_links":{"self":[{"href":"https:\/\/www.ch-shm.fr\/index.php?rest_route=\/wp\/v2\/pages\/3277","targetHints":{"allow":["GET"]}}],"collection":[{"href":"https:\/\/www.ch-shm.fr\/index.php?rest_route=\/wp\/v2\/pages"}],"about":[{"href":"https:\/\/www.ch-shm.fr\/index.php?rest_route=\/wp\/v2\/types\/page"}],"author":[{"embeddable":true,"href":"https:\/\/www.ch-shm.fr\/index.php?rest_route=\/wp\/v2\/users\/2"}],"replies":[{"embeddable":true,"href":"https:\/\/www.ch-shm.fr\/index.php?rest_route=%2Fwp%2Fv2%2Fcomments&post=3277"}],"version-history":[{"count":13,"href":"https:\/\/www.ch-shm.fr\/index.php?rest_route=\/wp\/v2\/pages\/3277\/revisions"}],"predecessor-version":[{"id":6020,"href":"https:\/\/www.ch-shm.fr\/index.php?rest_route=\/wp\/v2\/pages\/3277\/revisions\/6020"}],"wp:attachment":[{"href":"https:\/\/www.ch-shm.fr\/index.php?rest_route=%2Fwp%2Fv2%2Fmedia&parent=3277"}],"curies":[{"name":"wp","href":"https:\/\/api.w.org\/{rel}","templated":true}]}}