{"id":306,"date":"2021-04-06T16:11:58","date_gmt":"2021-04-06T14:11:58","guid":{"rendered":"http:\/\/192.0.0.130\/wordpress\/?page_id=306"},"modified":"2026-04-07T13:52:42","modified_gmt":"2026-04-07T11:52:42","slug":"utacap","status":"publish","type":"page","link":"https:\/\/www.ch-shm.fr\/?page_id=306","title":{"rendered":"UTACAP"},"content":{"rendered":"\t\t<div data-elementor-type=\"wp-page\" data-elementor-id=\"306\" class=\"elementor elementor-306\">\n\t\t\t\t\t\t<section class=\"elementor-section elementor-top-section elementor-element elementor-element-2a32097 elementor-section-boxed elementor-section-height-default elementor-section-height-default\" data-id=\"2a32097\" data-element_type=\"section\">\n\t\t\t\t\t\t<div class=\"elementor-container elementor-column-gap-default\">\n\t\t\t\t\t<div class=\"elementor-column elementor-col-100 elementor-top-column elementor-element elementor-element-a40c1fd\" data-id=\"a40c1fd\" data-element_type=\"column\" data-settings=\"{&quot;background_background&quot;:&quot;classic&quot;}\">\n\t\t\t<div class=\"elementor-widget-wrap elementor-element-populated\">\n\t\t\t\t\t\t<div class=\"elementor-element elementor-element-c38fd60 elementor-widget elementor-widget-heading\" data-id=\"c38fd60\" data-element_type=\"widget\" data-widget_type=\"heading.default\">\n\t\t\t\t<div class=\"elementor-widget-container\">\n\t\t\t\t\t<h1 class=\"elementor-heading-title elementor-size-large\">Unit\u00e9 Technique d'Accompagnement et des Conseils \u00e0 l'Autonomie des Personnes (UTACAP)<\/h1>\t\t\t\t<\/div>\n\t\t\t\t<\/div>\n\t\t\t\t\t<\/div>\n\t\t<\/div>\n\t\t\t\t\t<\/div>\n\t\t<\/section>\n\t\t\t\t<section class=\"elementor-section elementor-top-section elementor-element elementor-element-add6505 elementor-section-boxed elementor-section-height-default elementor-section-height-default\" data-id=\"add6505\" data-element_type=\"section\">\n\t\t\t\t\t\t<div class=\"elementor-container elementor-column-gap-default\">\n\t\t\t\t\t<div class=\"elementor-column elementor-col-16 elementor-top-column elementor-element elementor-element-b3a8105\" data-id=\"b3a8105\" data-element_type=\"column\" data-settings=\"{&quot;background_background&quot;:&quot;classic&quot;}\">\n\t\t\t<div class=\"elementor-widget-wrap elementor-element-populated\">\n\t\t\t\t\t<div class=\"elementor-background-overlay\"><\/div>\n\t\t\t\t\t\t<div class=\"elementor-element elementor-element-a49780a elementor-widget elementor-widget-text-editor\" data-id=\"a49780a\" data-element_type=\"widget\" data-widget_type=\"text-editor.default\">\n\t\t\t\t<div class=\"elementor-widget-container\">\n\t\t\t\t\t\t\t\t\t<p style=\"text-align: left;\"><span style=\"color: #00003f;\"><a style=\"color: #00003f;\" href=\"https:\/\/www.ch-shm.fr\/?page_id=54\"><strong><span style=\"font-size: 14pt;\">Retour \u00e0 l&rsquo;accueil<\/span><\/strong><\/a><\/span><\/p>\t\t\t\t\t\t\t\t<\/div>\n\t\t\t\t<\/div>\n\t\t\t\t\t<\/div>\n\t\t<\/div>\n\t\t\t\t<div class=\"elementor-column elementor-col-16 elementor-top-column elementor-element elementor-element-b06769e\" data-id=\"b06769e\" data-element_type=\"column\">\n\t\t\t<div class=\"elementor-widget-wrap\">\n\t\t\t\t\t\t\t<\/div>\n\t\t<\/div>\n\t\t\t\t<div class=\"elementor-column elementor-col-16 elementor-top-column elementor-element elementor-element-585eba8\" data-id=\"585eba8\" data-element_type=\"column\">\n\t\t\t<div class=\"elementor-widget-wrap\">\n\t\t\t\t\t\t\t<\/div>\n\t\t<\/div>\n\t\t\t\t<div class=\"elementor-column elementor-col-16 elementor-top-column elementor-element elementor-element-c831a15\" data-id=\"c831a15\" data-element_type=\"column\">\n\t\t\t<div class=\"elementor-widget-wrap\">\n\t\t\t\t\t\t\t<\/div>\n\t\t<\/div>\n\t\t\t\t<div class=\"elementor-column elementor-col-16 elementor-top-column elementor-element elementor-element-6cab72b\" data-id=\"6cab72b\" data-element_type=\"column\">\n\t\t\t<div class=\"elementor-widget-wrap\">\n\t\t\t\t\t\t\t<\/div>\n\t\t<\/div>\n\t\t\t\t<div class=\"elementor-column elementor-col-16 elementor-top-column elementor-element elementor-element-f7848d3\" data-id=\"f7848d3\" data-element_type=\"column\">\n\t\t\t<div class=\"elementor-widget-wrap\">\n\t\t\t\t\t\t\t<\/div>\n\t\t<\/div>\n\t\t\t\t\t<\/div>\n\t\t<\/section>\n\t\t\t\t<section class=\"elementor-section elementor-top-section elementor-element elementor-element-77303b3 elementor-section-boxed elementor-section-height-default elementor-section-height-default\" data-id=\"77303b3\" data-element_type=\"section\">\n\t\t\t\t\t\t<div class=\"elementor-container elementor-column-gap-default\">\n\t\t\t\t\t<div class=\"elementor-column elementor-col-100 elementor-top-column elementor-element elementor-element-2f05478\" data-id=\"2f05478\" data-element_type=\"column\">\n\t\t\t<div class=\"elementor-widget-wrap elementor-element-populated\">\n\t\t\t\t\t\t<section class=\"elementor-section elementor-inner-section elementor-element elementor-element-ccdd97e elementor-section-boxed elementor-section-height-default elementor-section-height-default\" data-id=\"ccdd97e\" data-element_type=\"section\">\n\t\t\t\t\t\t<div class=\"elementor-container elementor-column-gap-default\">\n\t\t\t\t\t<div class=\"elementor-column elementor-col-50 elementor-inner-column elementor-element elementor-element-010f789\" data-id=\"010f789\" data-element_type=\"column\">\n\t\t\t<div class=\"elementor-widget-wrap elementor-element-populated\">\n\t\t\t\t\t\t<div class=\"elementor-element elementor-element-21642c2 elementor-widget elementor-widget-image\" data-id=\"21642c2\" data-element_type=\"widget\" data-widget_type=\"image.default\">\n\t\t\t\t<div class=\"elementor-widget-container\">\n\t\t\t\t\t\t\t\t\t\t\t\t\t\t\t<img fetchpriority=\"high\" decoding=\"async\" width=\"1024\" height=\"768\" src=\"https:\/\/www.ch-shm.fr\/wp-content\/uploads\/2025\/01\/sport-blb-1024x768.jpg\" class=\"attachment-large size-large wp-image-3785\" alt=\"\" srcset=\"https:\/\/www.ch-shm.fr\/wp-content\/uploads\/2025\/01\/sport-blb-1024x768.jpg 1024w, https:\/\/www.ch-shm.fr\/wp-content\/uploads\/2025\/01\/sport-blb-300x225.jpg 300w, https:\/\/www.ch-shm.fr\/wp-content\/uploads\/2025\/01\/sport-blb-768x576.jpg 768w, https:\/\/www.ch-shm.fr\/wp-content\/uploads\/2025\/01\/sport-blb-1536x1152.jpg 1536w, https:\/\/www.ch-shm.fr\/wp-content\/uploads\/2025\/01\/sport-blb-2048x1536.jpg 2048w\" sizes=\"(max-width: 1024px) 100vw, 1024px\" \/>\t\t\t\t\t\t\t\t\t\t\t\t\t\t\t<\/div>\n\t\t\t\t<\/div>\n\t\t\t\t\t<\/div>\n\t\t<\/div>\n\t\t\t\t<div class=\"elementor-column elementor-col-50 elementor-inner-column elementor-element elementor-element-08ee10b\" data-id=\"08ee10b\" data-element_type=\"column\">\n\t\t\t<div class=\"elementor-widget-wrap elementor-element-populated\">\n\t\t\t\t\t\t<div class=\"elementor-element elementor-element-cef2937 elementor-widget elementor-widget-image\" data-id=\"cef2937\" data-element_type=\"widget\" data-widget_type=\"image.default\">\n\t\t\t\t<div class=\"elementor-widget-container\">\n\t\t\t\t\t\t\t\t\t\t\t\t\t\t\t<img decoding=\"async\" width=\"1024\" height=\"771\" src=\"https:\/\/www.ch-shm.fr\/wp-content\/uploads\/2026\/04\/UTACAP-batiment-1024x771.jpg\" class=\"attachment-large size-large wp-image-5957\" alt=\"\" srcset=\"https:\/\/www.ch-shm.fr\/wp-content\/uploads\/2026\/04\/UTACAP-batiment-1024x771.jpg 1024w, https:\/\/www.ch-shm.fr\/wp-content\/uploads\/2026\/04\/UTACAP-batiment-300x226.jpg 300w, https:\/\/www.ch-shm.fr\/wp-content\/uploads\/2026\/04\/UTACAP-batiment-768x578.jpg 768w, https:\/\/www.ch-shm.fr\/wp-content\/uploads\/2026\/04\/UTACAP-batiment-1536x1157.jpg 1536w, https:\/\/www.ch-shm.fr\/wp-content\/uploads\/2026\/04\/UTACAP-batiment.jpg 2048w\" sizes=\"(max-width: 1024px) 100vw, 1024px\" \/>\t\t\t\t\t\t\t\t\t\t\t\t\t\t\t<\/div>\n\t\t\t\t<\/div>\n\t\t\t\t\t<\/div>\n\t\t<\/div>\n\t\t\t\t\t<\/div>\n\t\t<\/section>\n\t\t\t\t\t<\/div>\n\t\t<\/div>\n\t\t\t\t\t<\/div>\n\t\t<\/section>\n\t\t\t\t<section class=\"elementor-section elementor-top-section elementor-element elementor-element-76b7245 elementor-section-boxed elementor-section-height-default elementor-section-height-default\" data-id=\"76b7245\" data-element_type=\"section\">\n\t\t\t\t\t\t<div class=\"elementor-container elementor-column-gap-default\">\n\t\t\t\t\t<div class=\"elementor-column elementor-col-100 elementor-top-column elementor-element elementor-element-07c5b8b\" data-id=\"07c5b8b\" data-element_type=\"column\">\n\t\t\t<div class=\"elementor-widget-wrap elementor-element-populated\">\n\t\t\t\t\t\t<div class=\"elementor-element elementor-element-5588068 elementor-widget elementor-widget-text-editor\" data-id=\"5588068\" data-element_type=\"widget\" data-widget_type=\"text-editor.default\">\n\t\t\t\t<div class=\"elementor-widget-container\">\n\t\t\t\t\t\t\t\t\t<p style=\"text-align: left;\"><span style=\"color: #00003f;\">Le service accueille toute personne confront\u00e9e \u00e0 une\u00a0<b>situation de handicap<\/b>.<\/span><\/p><p style=\"text-align: left;\"><span style=\"color: #00003f;\">Il informe et conseille sur les aides techniques, les am\u00e9nagements, les adaptations et les aides \u00e0 la personne.<\/span><br \/><span style=\"color: #00003f;\">L&rsquo;ergoth\u00e9rapeute r\u00e9alise une \u00e9valuation de vos besoins en aide technique et en am\u00e9nagement de domicile des capacit\u00e9s fonctionnelles.<\/span><br \/><span style=\"color: #00003f;\">L&rsquo;\u00e9quipe m\u00e9dico-technique r\u00e9alise des bilans m\u00e9dico-techniques et des expertises.<\/span><\/p><p style=\"text-align: left;\"><span style=\"color: #00003f;\">L&rsquo;UTACAP dispose de plusieurs \u00e9quipements : simulateur de conduite, salle d&rsquo;exposition, salle d&rsquo;appareillage ainsi qu&rsquo;une salle d&rsquo;activit\u00e9 physique adapt\u00e9e.<\/span><\/p><p style=\"text-align: left;\"><span style=\"color: #00003f;\">Cette structure est ouverte toute l&rsquo;ann\u00e9e de\u00a0<b>8 heures 30 \u00e0 12 heures et 13 heures \u00e0 17 heures<\/b>.<\/span><\/p><p style=\"text-align: left;\"><span style=\"color: #00003f;\"><b>M\u00e9decin\u00a0<\/b>: Dr MORINEAUX<\/span><\/p>\t\t\t\t\t\t\t\t<\/div>\n\t\t\t\t<\/div>\n\t\t\t\t\t<\/div>\n\t\t<\/div>\n\t\t\t\t\t<\/div>\n\t\t<\/section>\n\t\t\t\t<section class=\"elementor-section elementor-top-section elementor-element elementor-element-b19cb0f elementor-section-boxed elementor-section-height-default elementor-section-height-default\" data-id=\"b19cb0f\" data-element_type=\"section\">\n\t\t\t\t\t\t<div class=\"elementor-container elementor-column-gap-default\">\n\t\t\t\t\t<div class=\"elementor-column elementor-col-100 elementor-top-column elementor-element elementor-element-35235a3\" data-id=\"35235a3\" data-element_type=\"column\">\n\t\t\t<div class=\"elementor-widget-wrap elementor-element-populated\">\n\t\t\t\t\t\t<div class=\"elementor-element elementor-element-4bd986f elementor-widget-divider--view-line elementor-widget elementor-widget-divider\" data-id=\"4bd986f\" data-element_type=\"widget\" data-widget_type=\"divider.default\">\n\t\t\t\t<div class=\"elementor-widget-container\">\n\t\t\t\t\t\t\t<div class=\"elementor-divider\">\n\t\t\t<span class=\"elementor-divider-separator\">\n\t\t\t\t\t\t<\/span>\n\t\t<\/div>\n\t\t\t\t\t\t<\/div>\n\t\t\t\t<\/div>\n\t\t\t\t<div class=\"elementor-element elementor-element-458b4af elementor-widget elementor-widget-heading\" data-id=\"458b4af\" data-element_type=\"widget\" data-widget_type=\"heading.default\">\n\t\t\t\t<div class=\"elementor-widget-container\">\n\t\t\t\t\t<h2 class=\"elementor-heading-title elementor-size-large\">Activit\u00e9s<\/h2>\t\t\t\t<\/div>\n\t\t\t\t<\/div>\n\t\t\t\t\t<\/div>\n\t\t<\/div>\n\t\t\t\t\t<\/div>\n\t\t<\/section>\n\t\t\t\t<section class=\"elementor-section elementor-top-section elementor-element elementor-element-2cee495 elementor-section-boxed elementor-section-height-default elementor-section-height-default\" data-id=\"2cee495\" data-element_type=\"section\">\n\t\t\t\t\t\t<div class=\"elementor-container elementor-column-gap-default\">\n\t\t\t\t\t<div class=\"elementor-column elementor-col-100 elementor-top-column elementor-element elementor-element-f93243c\" data-id=\"f93243c\" data-element_type=\"column\">\n\t\t\t<div class=\"elementor-widget-wrap elementor-element-populated\">\n\t\t\t\t\t\t<div class=\"elementor-element elementor-element-ae99e90 elementor-widget elementor-widget-heading\" data-id=\"ae99e90\" data-element_type=\"widget\" data-widget_type=\"heading.default\">\n\t\t\t\t<div class=\"elementor-widget-container\">\n\t\t\t\t\t<h2 class=\"elementor-heading-title elementor-size-default\"><span style=\", sans-serif;font-size: 25px;font-style: normal;font-weight: 300;text-align: justify;white-space: normal\">Les soins<\/span><\/h2>\t\t\t\t<\/div>\n\t\t\t\t<\/div>\n\t\t\t\t\t<\/div>\n\t\t<\/div>\n\t\t\t\t\t<\/div>\n\t\t<\/section>\n\t\t\t\t<section class=\"elementor-section elementor-top-section elementor-element elementor-element-2dad45f elementor-section-boxed elementor-section-height-default elementor-section-height-default\" data-id=\"2dad45f\" data-element_type=\"section\">\n\t\t\t\t\t\t<div class=\"elementor-container elementor-column-gap-default\">\n\t\t\t\t\t<div class=\"elementor-column elementor-col-100 elementor-top-column elementor-element elementor-element-f054e04\" data-id=\"f054e04\" data-element_type=\"column\">\n\t\t\t<div class=\"elementor-widget-wrap elementor-element-populated\">\n\t\t\t\t\t\t<div class=\"elementor-element elementor-element-082b99c elementor-widget elementor-widget-text-editor\" data-id=\"082b99c\" data-element_type=\"widget\" data-widget_type=\"text-editor.default\">\n\t\t\t\t<div class=\"elementor-widget-container\">\n\t\t\t\t\t\t\t\t\t<p><span style=\"color: #00003f;\"><b>Simulateur de conduite<\/b> : \u00e9valuation des capacit\u00e9s motrices, neuromatrices, visuelles et cognitives pour la compatibilit\u00e9 avec l&rsquo;activit\u00e9 conduite. Possibilit\u00e9 d&rsquo;essayer des adaptations du poste de conduite sp\u00e9cifiques \u00e0 la situation de handicap. Pour les patients de RF (sous prescription du m\u00e9decin de l&rsquo;h\u00f4pital), ou pour les personnes ext\u00e9rieures sur prescription m\u00e9dicale ou demande de la pr\u00e9fecture.<\/span><\/p><p><span style=\"color: #00003f;\"><b>Cybex<\/b>\u00a0: L\u2019ergom\u00e8tre isocin\u00e9tique CYBEX NORM est la solution pour \u00e9valuer et r\u00e9\u00e9duquer les capacit\u00e9s neuromusculaires de chaque articulation. L\u2019\u00e9valuation de l\u2019\u00e9tat d\u2019une articulation isol\u00e9e et des groupes musculaires associ\u00e9s par une mesure scientifique. La r\u00e9\u00e9ducation et l\u2019entra\u00eenement dans des conditions optimum d\u2019efficacit\u00e9 et de s\u00e9curit\u00e9 de ces m\u00eames articulations.<\/span><\/p><p><span style=\"color: #00003f;\"><b>Tapis de marche<\/b> : locom\u00e9trie : \u00e9valuation de la qualit\u00e9 de la marche en fonction de divers crit\u00e8res, \u00e9valuation possible avec des aides techniques (canne simple, cadre de marche&#8230;), peut permettre d&rsquo;orienter la prise en charge. R\u00e9alis\u00e9 par le m\u00e9decin (ou ergoth\u00e9rapeute UTACAP pour l&rsquo;Agefiph).<\/span><\/p><p><span style=\"color: #00003f;\"><b>Plateforme<\/b> : posturologie : \u00e9valuation de la posture de la personne en station debout statique en se r\u00e9f\u00e9rant \u00e0 divers crit\u00e8res (r\u00e9partition de l&rsquo;appui bipodal, centre de pression), des compensations peuvent \u00eatre pr\u00e9sent\u00e9es en fonction des r\u00e9sultats (semelles entre autre). R\u00e9alis\u00e9 par le m\u00e9decin (ou ergoth\u00e9rapeute UTACAP pour l&rsquo;Agefiph).<\/span><\/p><p><span style=\"color: #00003f;\"><b>Salle d&rsquo;exposition<\/b> : d\u00e9ambulation horizontale avec fauteuils roulants \u00e9lectriques et aide \u00e0 la marche (ici cadre de marche)\/ d\u00e9ambulation verticale (si\u00e8ge monte-escaliers), aide technique pour l&rsquo;ind\u00e9pendance \u00e0 la toilette.<\/span><\/p>\t\t\t\t\t\t\t\t<\/div>\n\t\t\t\t<\/div>\n\t\t\t\t\t<\/div>\n\t\t<\/div>\n\t\t\t\t\t<\/div>\n\t\t<\/section>\n\t\t\t\t<section class=\"elementor-section elementor-top-section elementor-element elementor-element-93d2209 elementor-section-boxed elementor-section-height-default elementor-section-height-default\" data-id=\"93d2209\" data-element_type=\"section\">\n\t\t\t\t\t\t<div class=\"elementor-container elementor-column-gap-default\">\n\t\t\t\t\t<div class=\"elementor-column elementor-col-100 elementor-top-column elementor-element elementor-element-563c5e6\" data-id=\"563c5e6\" data-element_type=\"column\">\n\t\t\t<div class=\"elementor-widget-wrap elementor-element-populated\">\n\t\t\t\t\t\t<div class=\"elementor-element elementor-element-1db0557 elementor-arrows-position-inside elementor-pagination-position-outside elementor-widget elementor-widget-image-carousel\" data-id=\"1db0557\" data-element_type=\"widget\" data-settings=\"{&quot;slides_to_show&quot;:&quot;1&quot;,&quot;navigation&quot;:&quot;both&quot;,&quot;autoplay&quot;:&quot;yes&quot;,&quot;pause_on_hover&quot;:&quot;yes&quot;,&quot;pause_on_interaction&quot;:&quot;yes&quot;,&quot;autoplay_speed&quot;:5000,&quot;infinite&quot;:&quot;yes&quot;,&quot;effect&quot;:&quot;slide&quot;,&quot;speed&quot;:500}\" data-widget_type=\"image-carousel.default\">\n\t\t\t\t<div class=\"elementor-widget-container\">\n\t\t\t\t\t\t\t<div class=\"elementor-image-carousel-wrapper swiper\" role=\"region\" aria-roledescription=\"carousel\" aria-label=\"Carrousel d\u2019images\" dir=\"ltr\">\n\t\t\t<div class=\"elementor-image-carousel swiper-wrapper\" aria-live=\"off\">\n\t\t\t\t\t\t\t\t<div class=\"swiper-slide\" role=\"group\" aria-roledescription=\"slide\" aria-label=\"1 sur 4\"><figure class=\"swiper-slide-inner\"><img decoding=\"async\" class=\"swiper-slide-image\" src=\"https:\/\/www.ch-shm.fr\/wp-content\/uploads\/2021\/04\/utacap2-768x432.jpg\" alt=\"utacap2\" \/><\/figure><\/div><div class=\"swiper-slide\" role=\"group\" aria-roledescription=\"slide\" aria-label=\"2 sur 4\"><figure class=\"swiper-slide-inner\"><img decoding=\"async\" class=\"swiper-slide-image\" src=\"https:\/\/www.ch-shm.fr\/wp-content\/uploads\/2021\/04\/utacap3-768x432.jpg\" alt=\"utacap3\" \/><\/figure><\/div><div class=\"swiper-slide\" role=\"group\" aria-roledescription=\"slide\" aria-label=\"3 sur 4\"><figure class=\"swiper-slide-inner\"><img decoding=\"async\" class=\"swiper-slide-image\" src=\"https:\/\/www.ch-shm.fr\/wp-content\/uploads\/2021\/04\/utacap4-768x432.jpg\" alt=\"utacap4\" \/><\/figure><\/div><div class=\"swiper-slide\" role=\"group\" aria-roledescription=\"slide\" aria-label=\"4 sur 4\"><figure class=\"swiper-slide-inner\"><img decoding=\"async\" class=\"swiper-slide-image\" src=\"https:\/\/www.ch-shm.fr\/wp-content\/uploads\/2021\/04\/utacap6-768x432.jpg\" alt=\"utacap6\" \/><\/figure><\/div>\t\t\t<\/div>\n\t\t\t\t\t\t\t\t\t\t\t\t<div class=\"elementor-swiper-button elementor-swiper-button-prev\" role=\"button\" tabindex=\"0\">\n\t\t\t\t\t\t<i aria-hidden=\"true\" class=\"eicon-chevron-left\"><\/i>\t\t\t\t\t<\/div>\n\t\t\t\t\t<div class=\"elementor-swiper-button elementor-swiper-button-next\" role=\"button\" tabindex=\"0\">\n\t\t\t\t\t\t<i aria-hidden=\"true\" class=\"eicon-chevron-right\"><\/i>\t\t\t\t\t<\/div>\n\t\t\t\t\n\t\t\t\t\t\t\t\t\t<div class=\"swiper-pagination\"><\/div>\n\t\t\t\t\t\t\t\t\t<\/div>\n\t\t\t\t\t\t<\/div>\n\t\t\t\t<\/div>\n\t\t\t\t\t<\/div>\n\t\t<\/div>\n\t\t\t\t\t<\/div>\n\t\t<\/section>\n\t\t\t\t<\/div>\n\t\t","protected":false},"excerpt":{"rendered":"<p>Unit\u00e9 Technique d&rsquo;Accompagnement et des Conseils \u00e0 l&rsquo;Autonomie des Personnes (UTACAP) Retour \u00e0 l&rsquo;accueil Le service accueille toute personne confront\u00e9e \u00e0 une\u00a0situation de handicap. Il informe et conseille sur les aides techniques, les am\u00e9nagements, les adaptations et les aides \u00e0 la personne.L&rsquo;ergoth\u00e9rapeute r\u00e9alise une \u00e9valuation de vos besoins en aide technique et en am\u00e9nagement de [&hellip;]<\/p>\n","protected":false},"author":1,"featured_media":0,"parent":54,"menu_order":0,"comment_status":"closed","ping_status":"closed","template":"","meta":{"ocean_post_layout":"full-screen","ocean_both_sidebars_style":"","ocean_both_sidebars_content_width":0,"ocean_both_sidebars_sidebars_width":0,"ocean_sidebar":"0","ocean_second_sidebar":"0","ocean_disable_margins":"enable","ocean_add_body_class":"","ocean_shortcode_before_top_bar":"","ocean_shortcode_after_top_bar":"","ocean_shortcode_before_header":"","ocean_shortcode_after_header":"","ocean_has_shortcode":"","ocean_shortcode_after_title":"","ocean_shortcode_before_footer_widgets":"","ocean_shortcode_after_footer_widgets":"","ocean_shortcode_before_footer_bottom":"","ocean_shortcode_after_footer_bottom":"","ocean_display_top_bar":"default","ocean_display_header":"default","ocean_header_style":"","ocean_center_header_left_menu":"0","ocean_custom_header_template":"0","ocean_custom_logo":0,"ocean_custom_retina_logo":0,"ocean_custom_logo_max_width":0,"ocean_custom_logo_tablet_max_width":0,"ocean_custom_logo_mobile_max_width":0,"ocean_custom_logo_max_height":0,"ocean_custom_logo_tablet_max_height":0,"ocean_custom_logo_mobile_max_height":0,"ocean_header_custom_menu":"0","ocean_menu_typo_font_family":"0","ocean_menu_typo_font_subset":"","ocean_menu_typo_font_size":0,"ocean_menu_typo_font_size_tablet":0,"ocean_menu_typo_font_size_mobile":0,"ocean_menu_typo_font_size_unit":"px","ocean_menu_typo_font_weight":"","ocean_menu_typo_font_weight_tablet":"","ocean_menu_typo_font_weight_mobile":"","ocean_menu_typo_transform":"","ocean_menu_typo_transform_tablet":"","ocean_menu_typo_transform_mobile":"","ocean_menu_typo_line_height":0,"ocean_menu_typo_line_height_tablet":0,"ocean_menu_typo_line_height_mobile":0,"ocean_menu_typo_line_height_unit":"","ocean_menu_typo_spacing":0,"ocean_menu_typo_spacing_tablet":0,"ocean_menu_typo_spacing_mobile":0,"ocean_menu_typo_spacing_unit":"","ocean_menu_link_color":"","ocean_menu_link_color_hover":"","ocean_menu_link_color_active":"","ocean_menu_link_background":"","ocean_menu_link_hover_background":"","ocean_menu_link_active_background":"","ocean_menu_social_links_bg":"","ocean_menu_social_hover_links_bg":"","ocean_menu_social_links_color":"","ocean_menu_social_hover_links_color":"","ocean_disable_title":"default","ocean_disable_heading":"on","ocean_post_title":"","ocean_post_subheading":"","ocean_post_title_style":"","ocean_post_title_background_color":"","ocean_post_title_background":0,"ocean_post_title_bg_image_position":"","ocean_post_title_bg_image_attachment":"","ocean_post_title_bg_image_repeat":"","ocean_post_title_bg_image_size":"","ocean_post_title_height":0,"ocean_post_title_bg_overlay":0.5,"ocean_post_title_bg_overlay_color":"","ocean_disable_breadcrumbs":"default","ocean_breadcrumbs_color":"","ocean_breadcrumbs_separator_color":"","ocean_breadcrumbs_links_color":"","ocean_breadcrumbs_links_hover_color":"","ocean_display_footer_widgets":"default","ocean_display_footer_bottom":"default","ocean_custom_footer_template":"0","footnotes":""},"class_list":["post-306","page","type-page","status-publish","hentry","entry"],"_links":{"self":[{"href":"https:\/\/www.ch-shm.fr\/index.php?rest_route=\/wp\/v2\/pages\/306","targetHints":{"allow":["GET"]}}],"collection":[{"href":"https:\/\/www.ch-shm.fr\/index.php?rest_route=\/wp\/v2\/pages"}],"about":[{"href":"https:\/\/www.ch-shm.fr\/index.php?rest_route=\/wp\/v2\/types\/page"}],"author":[{"embeddable":true,"href":"https:\/\/www.ch-shm.fr\/index.php?rest_route=\/wp\/v2\/users\/1"}],"replies":[{"embeddable":true,"href":"https:\/\/www.ch-shm.fr\/index.php?rest_route=%2Fwp%2Fv2%2Fcomments&post=306"}],"version-history":[{"count":41,"href":"https:\/\/www.ch-shm.fr\/index.php?rest_route=\/wp\/v2\/pages\/306\/revisions"}],"predecessor-version":[{"id":5963,"href":"https:\/\/www.ch-shm.fr\/index.php?rest_route=\/wp\/v2\/pages\/306\/revisions\/5963"}],"up":[{"embeddable":true,"href":"https:\/\/www.ch-shm.fr\/index.php?rest_route=\/wp\/v2\/pages\/54"}],"wp:attachment":[{"href":"https:\/\/www.ch-shm.fr\/index.php?rest_route=%2Fwp%2Fv2%2Fmedia&parent=306"}],"curies":[{"name":"wp","href":"https:\/\/api.w.org\/{rel}","templated":true}]}}