{"id":302,"date":"2021-04-06T16:11:15","date_gmt":"2021-04-06T14:11:15","guid":{"rendered":"http:\/\/192.0.0.130\/wordpress\/?page_id=302"},"modified":"2026-04-07T13:40:11","modified_gmt":"2026-04-07T11:40:11","slug":"consultation","status":"publish","type":"page","link":"https:\/\/www.ch-shm.fr\/?page_id=302","title":{"rendered":"Consultations externes Bourbonne-les-Bains"},"content":{"rendered":"\t\t<div data-elementor-type=\"wp-page\" data-elementor-id=\"302\" class=\"elementor elementor-302\">\n\t\t\t\t\t\t<section class=\"elementor-section elementor-top-section elementor-element elementor-element-0062215 elementor-section-boxed elementor-section-height-default elementor-section-height-default\" data-id=\"0062215\" data-element_type=\"section\">\n\t\t\t\t\t\t<div class=\"elementor-container elementor-column-gap-default\">\n\t\t\t\t\t<div class=\"elementor-column elementor-col-100 elementor-top-column elementor-element elementor-element-2f17e19\" data-id=\"2f17e19\" data-element_type=\"column\" data-settings=\"{&quot;background_background&quot;:&quot;classic&quot;}\">\n\t\t\t<div class=\"elementor-widget-wrap elementor-element-populated\">\n\t\t\t\t\t\t<div class=\"elementor-element elementor-element-6d64990 elementor-widget elementor-widget-heading\" data-id=\"6d64990\" data-element_type=\"widget\" data-widget_type=\"heading.default\">\n\t\t\t\t<div class=\"elementor-widget-container\">\n\t\t\t\t\t<h2 class=\"elementor-heading-title elementor-size-large\">Consultations externes<\/h2>\t\t\t\t<\/div>\n\t\t\t\t<\/div>\n\t\t\t\t\t<\/div>\n\t\t<\/div>\n\t\t\t\t\t<\/div>\n\t\t<\/section>\n\t\t\t\t<section class=\"elementor-section elementor-top-section elementor-element elementor-element-8cb438a elementor-section-boxed elementor-section-height-default elementor-section-height-default\" data-id=\"8cb438a\" data-element_type=\"section\">\n\t\t\t\t\t\t<div class=\"elementor-container elementor-column-gap-default\">\n\t\t\t\t\t<div class=\"elementor-column elementor-col-20 elementor-top-column elementor-element elementor-element-a7ef5f4\" data-id=\"a7ef5f4\" data-element_type=\"column\">\n\t\t\t<div class=\"elementor-widget-wrap elementor-element-populated\">\n\t\t\t\t\t\t<div class=\"elementor-element elementor-element-d6399a1 elementor-widget elementor-widget-text-editor\" data-id=\"d6399a1\" data-element_type=\"widget\" data-widget_type=\"text-editor.default\">\n\t\t\t\t<div class=\"elementor-widget-container\">\n\t\t\t\t\t\t\t\t\t<p><a href=\"https:\/\/www.ch-shm.fr\/?page_id=54\"><strong><span style=\"font-size: 14pt; color: #00003f;\">Retour \u00e0 l&rsquo;accueil<\/span><\/strong><\/a><\/p>\t\t\t\t\t\t\t\t<\/div>\n\t\t\t\t<\/div>\n\t\t\t\t\t<\/div>\n\t\t<\/div>\n\t\t\t\t<div class=\"elementor-column elementor-col-20 elementor-top-column elementor-element elementor-element-d4ee7ff\" data-id=\"d4ee7ff\" data-element_type=\"column\">\n\t\t\t<div class=\"elementor-widget-wrap\">\n\t\t\t\t\t\t\t<\/div>\n\t\t<\/div>\n\t\t\t\t<div class=\"elementor-column elementor-col-20 elementor-top-column elementor-element elementor-element-c507102\" data-id=\"c507102\" data-element_type=\"column\">\n\t\t\t<div class=\"elementor-widget-wrap\">\n\t\t\t\t\t\t\t<\/div>\n\t\t<\/div>\n\t\t\t\t<div class=\"elementor-column elementor-col-20 elementor-top-column elementor-element elementor-element-502a291\" data-id=\"502a291\" data-element_type=\"column\">\n\t\t\t<div class=\"elementor-widget-wrap\">\n\t\t\t\t\t\t\t<\/div>\n\t\t<\/div>\n\t\t\t\t<div class=\"elementor-column elementor-col-20 elementor-top-column elementor-element elementor-element-6348b82\" data-id=\"6348b82\" data-element_type=\"column\">\n\t\t\t<div class=\"elementor-widget-wrap\">\n\t\t\t\t\t\t\t<\/div>\n\t\t<\/div>\n\t\t\t\t\t<\/div>\n\t\t<\/section>\n\t\t\t\t<section class=\"elementor-section elementor-top-section elementor-element elementor-element-82a7e35 elementor-section-boxed elementor-section-height-default elementor-section-height-default\" data-id=\"82a7e35\" data-element_type=\"section\">\n\t\t\t\t\t\t<div class=\"elementor-container elementor-column-gap-default\">\n\t\t\t\t\t<div class=\"elementor-column elementor-col-100 elementor-top-column elementor-element elementor-element-80ace65\" data-id=\"80ace65\" data-element_type=\"column\">\n\t\t\t<div class=\"elementor-widget-wrap elementor-element-populated\">\n\t\t\t\t\t\t<div class=\"elementor-element elementor-element-ef61bf8 elementor-widget elementor-widget-image\" data-id=\"ef61bf8\" data-element_type=\"widget\" data-settings=\"{&quot;_animation&quot;:&quot;none&quot;}\" data-widget_type=\"image.default\">\n\t\t\t\t<div class=\"elementor-widget-container\">\n\t\t\t\t\t\t\t\t\t\t\t\t\t\t\t\t<a href=\"https:\/\/master-7rqtwti-5c5qntwqgnbgs.fr-1.platformsh.site\/wp-content\/uploads\/2021\/04\/consult2.jpg\" data-elementor-open-lightbox=\"yes\" data-elementor-lightbox-title=\"consult2\" data-e-action-hash=\"#elementor-action%3Aaction%3Dlightbox%26settings%3DeyJpZCI6NDQzLCJ1cmwiOiJodHRwczpcL1wvd3d3LmNoLXNobS5mclwvd3AtY29udGVudFwvdXBsb2Fkc1wvMjAyMVwvMDRcL2NvbnN1bHQyLmpwZyJ9\">\n\t\t\t\t\t\t\t<img decoding=\"async\" src=\"https:\/\/www.ch-shm.fr\/wp-content\/uploads\/elementor\/thumbs\/consult2-r054hjj2os1kg4a2bqnubtyyzbpo6mx9plxauerodc.jpg\" title=\"consult2\" alt=\"consult2\" loading=\"lazy\" \/>\t\t\t\t\t\t\t\t<\/a>\n\t\t\t\t\t\t\t\t\t\t\t\t\t\t\t<\/div>\n\t\t\t\t<\/div>\n\t\t\t\t\t<\/div>\n\t\t<\/div>\n\t\t\t\t\t<\/div>\n\t\t<\/section>\n\t\t\t\t<section class=\"elementor-section elementor-top-section elementor-element elementor-element-d0ddd7a elementor-section-boxed elementor-section-height-default elementor-section-height-default\" data-id=\"d0ddd7a\" data-element_type=\"section\">\n\t\t\t\t\t\t<div class=\"elementor-container elementor-column-gap-default\">\n\t\t\t\t\t<div class=\"elementor-column elementor-col-100 elementor-top-column elementor-element elementor-element-463cfe2\" data-id=\"463cfe2\" data-element_type=\"column\">\n\t\t\t<div class=\"elementor-widget-wrap elementor-element-populated\">\n\t\t\t\t\t\t<section class=\"elementor-section elementor-inner-section elementor-element elementor-element-86384d0 elementor-section-boxed elementor-section-height-default elementor-section-height-default\" data-id=\"86384d0\" data-element_type=\"section\">\n\t\t\t\t\t\t<div class=\"elementor-container elementor-column-gap-default\">\n\t\t\t\t\t<div class=\"elementor-column elementor-col-100 elementor-inner-column elementor-element elementor-element-2de2030\" data-id=\"2de2030\" data-element_type=\"column\">\n\t\t\t<div class=\"elementor-widget-wrap elementor-element-populated\">\n\t\t\t\t\t\t<div class=\"elementor-element elementor-element-98a8505 elementor-widget elementor-widget-text-editor\" data-id=\"98a8505\" data-element_type=\"widget\" data-widget_type=\"text-editor.default\">\n\t\t\t\t<div class=\"elementor-widget-container\">\n\t\t\t\t\t\t\t\t\t<p style=\"text-align: center;\"><span style=\"color: #00003f;\">Pour convenir d&rsquo;un rendez-vous, sur demande de votre m\u00e9decin traitant, adressez-vous au secr\u00e9tariat m\u00e9dical : 03.25.87.70.08<\/span><\/p><p><span style=\"color: #00003f;\">Pour chaque venue en consultation, veuillez vous pr\u00e9senter \u00e0 l&rsquo;accueil de \u00e9tablissement muni de :<\/span><br style=\"color: #474747; font-family: 'Source Sans Pro', sans-serif; font-size: 17.3333px; text-align: justify;\" \/><span style=\"color: #00003f;\"><span style=\"font-family: 'Source Sans Pro', sans-serif; font-size: 17.3333px; font-style: normal; font-variant-ligatures: normal; font-variant-caps: normal; font-weight: 300; text-align: justify;\">&#8211;<\/span><span style=\"font-family: 'Source Sans Pro', sans-serif; font-size: 17.3333px; font-style: normal; font-variant-ligatures: normal; font-variant-caps: normal; text-align: justify;\"><b> carte vitale,<\/b><\/span><\/span><br style=\"color: #474747; font-family: 'Source Sans Pro', sans-serif; font-size: 17.3333px; text-align: justify;\" \/><span style=\"color: #00003f;\"><span style=\"font-family: 'Source Sans Pro', sans-serif; font-size: 17.3333px; font-style: normal; font-variant-ligatures: normal; font-variant-caps: normal; font-weight: 300; text-align: justify;\">&#8211; <\/span><span style=\"font-family: 'Source Sans Pro', sans-serif; font-size: 17.3333px; font-style: normal; font-variant-ligatures: normal; font-variant-caps: normal; text-align: justify;\"><b>carte de compl\u00e9mentaire,<\/b><\/span><\/span><br style=\"color: #474747; font-family: 'Source Sans Pro', sans-serif; font-size: 17.3333px; text-align: justify;\" \/><span style=\"color: #00003f;\"><span style=\"font-family: 'Source Sans Pro', sans-serif; font-size: 17.3333px; font-style: normal; font-variant-ligatures: normal; font-variant-caps: normal; font-weight: 300; text-align: justify;\">&#8211;<\/span><span style=\"font-family: 'Source Sans Pro', sans-serif; font-size: 17.3333px; font-style: normal; font-variant-ligatures: normal; font-variant-caps: normal; text-align: justify;\"><b> pi\u00e8ce d&rsquo;identit\u00e9,<\/b><\/span><\/span><br style=\"color: #474747; font-family: 'Source Sans Pro', sans-serif; font-size: 17.3333px; text-align: justify;\" \/><span style=\"color: #00003f; font-family: 'Source Sans Pro', sans-serif; font-size: 17.3333px; font-style: normal; font-variant-ligatures: normal; font-variant-caps: normal; font-weight: 300; text-align: justify;\">&#8211; <\/span><i style=\"font-variant-ligatures: normal; font-variant-caps: normal; font-weight: 300; font-size: 17.3333px; font-family: 'Source Sans Pro', sans-serif; color: #474747; text-align: justify;\"><span style=\"color: #00003f;\">ainsi que le protocole Affectation Longue Dur\u00e9e (ALD), (feuille violet)<\/span><br \/><\/i><\/p>\t\t\t\t\t\t\t\t<\/div>\n\t\t\t\t<\/div>\n\t\t\t\t\t<\/div>\n\t\t<\/div>\n\t\t\t\t\t<\/div>\n\t\t<\/section>\n\t\t\t\t\t<\/div>\n\t\t<\/div>\n\t\t\t\t\t<\/div>\n\t\t<\/section>\n\t\t\t\t<section class=\"elementor-section elementor-top-section elementor-element elementor-element-2e3e337 elementor-section-boxed elementor-section-height-default elementor-section-height-default\" data-id=\"2e3e337\" data-element_type=\"section\">\n\t\t\t\t\t\t<div class=\"elementor-container elementor-column-gap-default\">\n\t\t\t\t\t<div class=\"elementor-column elementor-col-100 elementor-top-column elementor-element elementor-element-2d3a5c8\" data-id=\"2d3a5c8\" data-element_type=\"column\">\n\t\t\t<div class=\"elementor-widget-wrap elementor-element-populated\">\n\t\t\t\t\t\t<div class=\"elementor-element elementor-element-3495656 elementor-widget elementor-widget-text-editor\" data-id=\"3495656\" data-element_type=\"widget\" data-widget_type=\"text-editor.default\">\n\t\t\t\t<div class=\"elementor-widget-container\">\n\t\t\t\t\t\t\t\t\t<p style=\"text-align: center;\"><span style=\"font-style: normal; font-variant-ligatures: normal; font-variant-caps: normal; font-weight: 600; font-size: 17.3333px; font-family: 'Source Sans Pro', sans-serif; color: #474747; text-align: -webkit-center;\">Pour tout rendez-vous, veuillez vous adresser au secr\u00e9tariat m\u00e9dical concern\u00e9 :<\/span><\/p>\t\t\t\t\t\t\t\t<\/div>\n\t\t\t\t<\/div>\n\t\t\t\t\t<\/div>\n\t\t<\/div>\n\t\t\t\t\t<\/div>\n\t\t<\/section>\n\t\t\t\t<section class=\"elementor-section elementor-top-section elementor-element elementor-element-304234c elementor-section-boxed elementor-section-height-default elementor-section-height-default\" data-id=\"304234c\" data-element_type=\"section\">\n\t\t\t\t\t\t<div class=\"elementor-container elementor-column-gap-default\">\n\t\t\t\t\t<div class=\"elementor-column elementor-col-100 elementor-top-column elementor-element elementor-element-ddcc972\" data-id=\"ddcc972\" data-element_type=\"column\">\n\t\t\t<div class=\"elementor-widget-wrap elementor-element-populated\">\n\t\t\t\t\t\t<div class=\"elementor-element elementor-element-5e5e76f elementor-widget elementor-widget-text-editor\" data-id=\"5e5e76f\" data-element_type=\"widget\" data-widget_type=\"text-editor.default\">\n\t\t\t\t<div class=\"elementor-widget-container\">\n\t\t\t\t\t\t\t\t\t<table class=\" aligncenter\" style=\"width: 94.1764%; border-collapse: collapse; border-style: double; height: 241px;\"><thead><tr style=\"height: 48px; background-color: #003e53;\"><td style=\"width: 16.3478%; height: 48px; text-align: center;\"><span style=\"color: #ffffff;\">Sp\u00e9cialit\u00e9s<\/span><\/td><td style=\"width: 26.302%; height: 48px; text-align: center;\"><span style=\"color: #ffffff;\">M\u00e9decins<\/span><\/td><td style=\"width: 26.1665%; height: 48px; text-align: center;\"><span style=\"color: #ffffff;\">Fr\u00e9quences<\/span><\/td><td style=\"width: 25.3601%; height: 48px; text-align: center;\">\u00a0<\/td><\/tr><tr style=\"height: 24px;\"><td style=\"width: 16.3478%; height: 24px; text-align: center;\"><span style=\"color: #00003f;\">Cardiologie<\/span><\/td><td style=\"width: 26.302%; height: 24px; text-align: center;\"><span style=\"color: #00003f;\">Dr MARTELET<\/span><\/td><td style=\"width: 26.1665%; height: 24px; text-align: center;\"><span style=\"color: #00003f;\">1 fois par mois sur rendez-vous<br \/><\/span><\/td><td style=\"width: 25.3601%; height: 24px; text-align: center;\">\u00a0<\/td><\/tr><tr style=\"height: 24px;\"><td style=\"width: 16.3478%; height: 24px; text-align: center;\"><span style=\"color: #00003f;\">M\u00e9decine Physique et de R\u00e9adaptation<\/span><\/td><td style=\"width: 26.302%; height: 24px; text-align: center;\"><span style=\"color: #00003f;\">Dr BROGNIART<\/span><\/td><td style=\"width: 26.1665%; height: 24px; text-align: center;\"><span style=\"color: #00003f;\">Plusieurs jours par semaine, sur rendez-vous<\/span><\/td><td style=\"width: 25.3601%; height: 24px; text-align: center;\">\u00a0<\/td><\/tr><tr style=\"height: 24px;\"><td style=\"width: 16.3478%; height: 24px; text-align: center;\"><span style=\"color: #00003f;\">M\u00e9decine Physique et de R\u00e9eadaptation<\/span><\/td><td style=\"width: 26.302%; height: 24px; text-align: center;\"><span style=\"color: #00003f;\">Dr MORINEAUX<\/span><\/td><td style=\"width: 26.1665%; height: 24px; text-align: center;\"><span style=\"color: #00003f;\">Plusieurs jours par semaine, sur rendez-vous<\/span><\/td><td style=\"width: 25.3601%; height: 24px; text-align: center;\">\u00a0<\/td><\/tr><tr style=\"height: 24px;\"><td style=\"width: 16.3478%; height: 24px; text-align: center;\"><span style=\"color: #00003f;\">Ost\u00e9opathie<\/span><\/td><td style=\"width: 26.302%; height: 24px; text-align: center;\"><span style=\"color: #00003f;\">Dr GRANDJEAN<\/span><\/td><td style=\"width: 26.1665%; text-align: center; height: 24px;\"><span style=\"color: #00003f;\">2 demies-journ\u00e9es par semaine sur rendez-vous<\/span><\/td><td style=\"width: 25.3601%; height: 24px; text-align: center;\">\u00a0<\/td><\/tr><\/thead><\/table>\t\t\t\t\t\t\t\t<\/div>\n\t\t\t\t<\/div>\n\t\t\t\t\t<\/div>\n\t\t<\/div>\n\t\t\t\t\t<\/div>\n\t\t<\/section>\n\t\t\t\t<section class=\"elementor-section elementor-top-section elementor-element elementor-element-2a81bef elementor-section-boxed elementor-section-height-default elementor-section-height-default\" data-id=\"2a81bef\" data-element_type=\"section\">\n\t\t\t\t\t\t<div class=\"elementor-container elementor-column-gap-default\">\n\t\t\t\t\t<div class=\"elementor-column elementor-col-100 elementor-top-column elementor-element elementor-element-dffa980\" data-id=\"dffa980\" data-element_type=\"column\">\n\t\t\t<div class=\"elementor-widget-wrap elementor-element-populated\">\n\t\t\t\t\t\t\t<\/div>\n\t\t<\/div>\n\t\t\t\t\t<\/div>\n\t\t<\/section>\n\t\t\t\t<\/div>\n\t\t","protected":false},"excerpt":{"rendered":"<p>Consultations externes Retour \u00e0 l&rsquo;accueil Pour convenir d&rsquo;un rendez-vous, sur demande de votre m\u00e9decin traitant, adressez-vous au secr\u00e9tariat m\u00e9dical : 03.25.87.70.08 Pour chaque venue en consultation, veuillez vous pr\u00e9senter \u00e0 l&rsquo;accueil de \u00e9tablissement muni de :&#8211; carte vitale,&#8211; carte de compl\u00e9mentaire,&#8211; pi\u00e8ce d&rsquo;identit\u00e9,&#8211; ainsi que le protocole Affectation Longue Dur\u00e9e (ALD), (feuille violet) Pour tout [&hellip;]<\/p>\n","protected":false},"author":1,"featured_media":0,"parent":54,"menu_order":0,"comment_status":"closed","ping_status":"closed","template":"elementor_theme","meta":{"ocean_post_layout":"full-screen","ocean_both_sidebars_style":"","ocean_both_sidebars_content_width":0,"ocean_both_sidebars_sidebars_width":0,"ocean_sidebar":"0","ocean_second_sidebar":"0","ocean_disable_margins":"enable","ocean_add_body_class":"","ocean_shortcode_before_top_bar":"","ocean_shortcode_after_top_bar":"","ocean_shortcode_before_header":"","ocean_shortcode_after_header":"","ocean_has_shortcode":"","ocean_shortcode_after_title":"","ocean_shortcode_before_footer_widgets":"","ocean_shortcode_after_footer_widgets":"","ocean_shortcode_before_footer_bottom":"","ocean_shortcode_after_footer_bottom":"","ocean_display_top_bar":"off","ocean_display_header":"default","ocean_header_style":"","ocean_center_header_left_menu":"0","ocean_custom_header_template":"0","ocean_custom_logo":0,"ocean_custom_retina_logo":0,"ocean_custom_logo_max_width":0,"ocean_custom_logo_tablet_max_width":0,"ocean_custom_logo_mobile_max_width":0,"ocean_custom_logo_max_height":0,"ocean_custom_logo_tablet_max_height":0,"ocean_custom_logo_mobile_max_height":0,"ocean_header_custom_menu":"0","ocean_menu_typo_font_family":"0","ocean_menu_typo_font_subset":"","ocean_menu_typo_font_size":0,"ocean_menu_typo_font_size_tablet":0,"ocean_menu_typo_font_size_mobile":0,"ocean_menu_typo_font_size_unit":"px","ocean_menu_typo_font_weight":"","ocean_menu_typo_font_weight_tablet":"","ocean_menu_typo_font_weight_mobile":"","ocean_menu_typo_transform":"","ocean_menu_typo_transform_tablet":"","ocean_menu_typo_transform_mobile":"","ocean_menu_typo_line_height":0,"ocean_menu_typo_line_height_tablet":0,"ocean_menu_typo_line_height_mobile":0,"ocean_menu_typo_line_height_unit":"","ocean_menu_typo_spacing":0,"ocean_menu_typo_spacing_tablet":0,"ocean_menu_typo_spacing_mobile":0,"ocean_menu_typo_spacing_unit":"","ocean_menu_link_color":"","ocean_menu_link_color_hover":"","ocean_menu_link_color_active":"","ocean_menu_link_background":"","ocean_menu_link_hover_background":"","ocean_menu_link_active_background":"","ocean_menu_social_links_bg":"","ocean_menu_social_hover_links_bg":"","ocean_menu_social_links_color":"","ocean_menu_social_hover_links_color":"","ocean_disable_title":"default","ocean_disable_heading":"on","ocean_post_title":"","ocean_post_subheading":"","ocean_post_title_style":"","ocean_post_title_background_color":"","ocean_post_title_background":0,"ocean_post_title_bg_image_position":"","ocean_post_title_bg_image_attachment":"","ocean_post_title_bg_image_repeat":"","ocean_post_title_bg_image_size":"","ocean_post_title_height":0,"ocean_post_title_bg_overlay":0.5,"ocean_post_title_bg_overlay_color":"","ocean_disable_breadcrumbs":"off","ocean_breadcrumbs_color":"","ocean_breadcrumbs_separator_color":"","ocean_breadcrumbs_links_color":"","ocean_breadcrumbs_links_hover_color":"","ocean_display_footer_widgets":"default","ocean_display_footer_bottom":"default","ocean_custom_footer_template":"0","footnotes":""},"class_list":["post-302","page","type-page","status-publish","hentry","entry"],"_links":{"self":[{"href":"https:\/\/www.ch-shm.fr\/index.php?rest_route=\/wp\/v2\/pages\/302","targetHints":{"allow":["GET"]}}],"collection":[{"href":"https:\/\/www.ch-shm.fr\/index.php?rest_route=\/wp\/v2\/pages"}],"about":[{"href":"https:\/\/www.ch-shm.fr\/index.php?rest_route=\/wp\/v2\/types\/page"}],"author":[{"embeddable":true,"href":"https:\/\/www.ch-shm.fr\/index.php?rest_route=\/wp\/v2\/users\/1"}],"replies":[{"embeddable":true,"href":"https:\/\/www.ch-shm.fr\/index.php?rest_route=%2Fwp%2Fv2%2Fcomments&post=302"}],"version-history":[{"count":154,"href":"https:\/\/www.ch-shm.fr\/index.php?rest_route=\/wp\/v2\/pages\/302\/revisions"}],"predecessor-version":[{"id":5953,"href":"https:\/\/www.ch-shm.fr\/index.php?rest_route=\/wp\/v2\/pages\/302\/revisions\/5953"}],"up":[{"embeddable":true,"href":"https:\/\/www.ch-shm.fr\/index.php?rest_route=\/wp\/v2\/pages\/54"}],"wp:attachment":[{"href":"https:\/\/www.ch-shm.fr\/index.php?rest_route=%2Fwp%2Fv2%2Fmedia&parent=302"}],"curies":[{"name":"wp","href":"https:\/\/api.w.org\/{rel}","templated":true}]}}