{"id":2747,"date":"2025-01-10T15:59:18","date_gmt":"2025-01-10T14:59:18","guid":{"rendered":"http:\/\/192.0.0.130\/wordpress\/?page_id=2747"},"modified":"2025-01-15T15:30:16","modified_gmt":"2025-01-15T14:30:16","slug":"3-ch_-actualites","status":"publish","type":"page","link":"https:\/\/www.ch-shm.fr\/?page_id=2747","title":{"rendered":"Les Actualit\u00e9s"},"content":{"rendered":"\t\t<div data-elementor-type=\"wp-page\" data-elementor-id=\"2747\" class=\"elementor elementor-2747\">\n\t\t\t\t\t\t<section class=\"elementor-section elementor-top-section elementor-element elementor-element-8e8fdc2 elementor-section-boxed elementor-section-height-default elementor-section-height-default\" data-id=\"8e8fdc2\" data-element_type=\"section\">\n\t\t\t\t\t\t\t<div class=\"elementor-background-overlay\"><\/div>\n\t\t\t\t\t\t\t<div class=\"elementor-container elementor-column-gap-default\">\n\t\t\t\t\t<div class=\"elementor-column elementor-col-100 elementor-top-column elementor-element elementor-element-caf38b3\" data-id=\"caf38b3\" data-element_type=\"column\">\n\t\t\t<div class=\"elementor-widget-wrap elementor-element-populated\">\n\t\t\t\t\t\t<div class=\"elementor-element elementor-element-35412e4 elementor-widget elementor-widget-heading\" data-id=\"35412e4\" data-element_type=\"widget\" data-widget_type=\"heading.default\">\n\t\t\t\t<div class=\"elementor-widget-container\">\n\t\t\t\t\t<h2 class=\"elementor-heading-title elementor-size-default\">Les actualit\u00e9s<\/h2>\t\t\t\t<\/div>\n\t\t\t\t<\/div>\n\t\t\t\t<section class=\"elementor-section elementor-inner-section elementor-element elementor-element-bf39385 elementor-section-boxed elementor-section-height-default elementor-section-height-default\" data-id=\"bf39385\" data-element_type=\"section\">\n\t\t\t\t\t\t<div class=\"elementor-container elementor-column-gap-default\">\n\t\t\t\t\t<div class=\"elementor-column elementor-col-50 elementor-inner-column elementor-element elementor-element-4df34c2\" data-id=\"4df34c2\" data-element_type=\"column\">\n\t\t\t<div class=\"elementor-widget-wrap elementor-element-populated\">\n\t\t\t\t\t\t<div class=\"elementor-element elementor-element-02d052e elementor-widget elementor-widget-image\" data-id=\"02d052e\" data-element_type=\"widget\" data-widget_type=\"image.default\">\n\t\t\t\t<div class=\"elementor-widget-container\">\n\t\t\t\t\t\t\t\t\t\t\t\t\t\t\t\t<a href=\"\">\n\t\t\t\t\t\t\t<img fetchpriority=\"high\" decoding=\"async\" width=\"300\" height=\"300\" src=\"https:\/\/www.ch-shm.fr\/wp-content\/uploads\/2025\/01\/1er-bebe-de-lannee-1-300x300.png\" class=\"attachment-medium size-medium wp-image-2758\" alt=\"\" srcset=\"https:\/\/www.ch-shm.fr\/wp-content\/uploads\/2025\/01\/1er-bebe-de-lannee-1-300x300.png 300w, https:\/\/www.ch-shm.fr\/wp-content\/uploads\/2025\/01\/1er-bebe-de-lannee-1-1024x1024.png 1024w, https:\/\/www.ch-shm.fr\/wp-content\/uploads\/2025\/01\/1er-bebe-de-lannee-1-150x150.png 150w, https:\/\/www.ch-shm.fr\/wp-content\/uploads\/2025\/01\/1er-bebe-de-lannee-1-768x768.png 768w, https:\/\/www.ch-shm.fr\/wp-content\/uploads\/2025\/01\/1er-bebe-de-lannee-1-600x600.png 600w, https:\/\/www.ch-shm.fr\/wp-content\/uploads\/2025\/01\/1er-bebe-de-lannee-1-144x144.png 144w, https:\/\/www.ch-shm.fr\/wp-content\/uploads\/2025\/01\/1er-bebe-de-lannee-1.png 1080w\" sizes=\"(max-width: 300px) 100vw, 300px\" \/>\t\t\t\t\t\t\t\t<\/a>\n\t\t\t\t\t\t\t\t\t\t\t\t\t\t\t<\/div>\n\t\t\t\t<\/div>\n\t\t\t\t\t<\/div>\n\t\t<\/div>\n\t\t\t\t<div class=\"elementor-column elementor-col-50 elementor-inner-column elementor-element elementor-element-562ec1c\" data-id=\"562ec1c\" data-element_type=\"column\">\n\t\t\t<div class=\"elementor-widget-wrap elementor-element-populated\">\n\t\t\t\t\t\t<div class=\"elementor-element elementor-element-d970403 elementor-widget elementor-widget-text-editor\" data-id=\"d970403\" data-element_type=\"widget\" data-widget_type=\"text-editor.default\">\n\t\t\t\t<div class=\"elementor-widget-container\">\n\t\t\t\t\t\t\t\t\t<div class=\"x11i5rnm xat24cr x1mh8g0r x1vvkbs xtlvy1s x126k92a\"><div dir=\"auto\"><span style=\"text-decoration: underline; color: #00003f;\">Quelques chiffres pour cette ann\u00e9e :<\/span><\/div><div dir=\"auto\">\u00a0<\/div><\/div><div class=\"x11i5rnm xat24cr x1mh8g0r x1vvkbs xtlvy1s x126k92a\"><div dir=\"auto\"><span style=\"color: #00003f;\"><span class=\"html-span xexx8yu x4uap5 x18d9i69 xkhd6sd x1hl2dhg x16tdsg8 x1vvkbs x3nfvp2 x1j61x8r x1fcty0u xdj266r xat24cr xgzva0m xhhsvwb xxymvpz xlup9mm x1kky2od\"><img decoding=\"async\" class=\"xz74otr\" src=\"https:\/\/static.xx.fbcdn.net\/images\/emoji.php\/v9\/t9e\/1\/16\/27a1.png\" alt=\"\u27a1\" width=\"16\" height=\"16\" \/><\/span>327 naissances par voie basse<\/span><\/div><\/div><div class=\"x11i5rnm xat24cr x1mh8g0r x1vvkbs xtlvy1s x126k92a\"><div dir=\"auto\"><span style=\"color: #00003f;\"><span class=\"html-span xexx8yu x4uap5 x18d9i69 xkhd6sd x1hl2dhg x16tdsg8 x1vvkbs x3nfvp2 x1j61x8r x1fcty0u xdj266r xat24cr xgzva0m xhhsvwb xxymvpz xlup9mm x1kky2od\"><img decoding=\"async\" class=\"xz74otr\" src=\"https:\/\/static.xx.fbcdn.net\/images\/emoji.php\/v9\/t9e\/1\/16\/27a1.png\" alt=\"\u27a1\" width=\"16\" height=\"16\" \/><\/span>95 c\u00e9sariennes<\/span><\/div><\/div><div class=\"x11i5rnm xat24cr x1mh8g0r x1vvkbs xtlvy1s x126k92a\"><div dir=\"auto\"><span style=\"color: #00003f;\"><span class=\"html-span xexx8yu x4uap5 x18d9i69 xkhd6sd x1hl2dhg x16tdsg8 x1vvkbs x3nfvp2 x1j61x8r x1fcty0u xdj266r xat24cr xgzva0m xhhsvwb xxymvpz xlup9mm x1kky2od\"><img decoding=\"async\" class=\"xz74otr\" src=\"https:\/\/static.xx.fbcdn.net\/images\/emoji.php\/v9\/t9e\/1\/16\/27a1.png\" alt=\"\u27a1\" width=\"16\" height=\"16\" \/><\/span>45 % des mamans ont opt\u00e9 pour la p\u00e9ridurale<\/span><\/div><\/div><div class=\"x11i5rnm xat24cr x1mh8g0r x1vvkbs xtlvy1s x126k92a\"><div dir=\"auto\"><span style=\"color: #00003f;\"><span class=\"html-span xexx8yu x4uap5 x18d9i69 xkhd6sd x1hl2dhg x16tdsg8 x1vvkbs x3nfvp2 x1j61x8r x1fcty0u xdj266r xat24cr xgzva0m xhhsvwb xxymvpz xlup9mm x1kky2od\"><img decoding=\"async\" class=\"xz74otr\" src=\"https:\/\/static.xx.fbcdn.net\/images\/emoji.php\/v9\/t9e\/1\/16\/27a1.png\" alt=\"\u27a1\" width=\"16\" height=\"16\" \/><\/span>240 allaitements maternels<\/span><\/div><\/div><div class=\"x11i5rnm xat24cr x1mh8g0r x1vvkbs xtlvy1s x126k92a\"><div dir=\"auto\"><span style=\"color: #00003f;\"><span class=\"html-span xexx8yu x4uap5 x18d9i69 xkhd6sd x1hl2dhg x16tdsg8 x1vvkbs x3nfvp2 x1j61x8r x1fcty0u xdj266r xat24cr xgzva0m xhhsvwb xxymvpz xlup9mm x1kky2od\"><img decoding=\"async\" class=\"xz74otr\" src=\"https:\/\/static.xx.fbcdn.net\/images\/emoji.php\/v9\/t9e\/1\/16\/27a1.png\" alt=\"\u27a1\" width=\"16\" height=\"16\" \/><\/span>Notre salle nature a \u00e9galement \u00e9t\u00e9 le t\u00e9moin de moments uniques, avec 14 naissances, c\u00e9l\u00e9brant la beaut\u00e9 de l&rsquo;accouchement naturel.<\/span><\/div><\/div><div dir=\"auto\">\u00a0<\/div><div dir=\"auto\"><a href=\"http:\/\/&lt;iframe src=&quot;https:\/\/www.facebook.com\/plugins\/post.php?href=https%3A%2F%2Fwww.facebook.com%2FCentreHospitalierChaumont%2Fposts%2Fpfbid0YzXyggdVSYzF2npnBEhAv47YzXpB7FscX583z6K77T8ZXgFBjxxtHQJZoXJYEiEsl&amp;show_text=true&amp;width=500&quot; width=&quot;500&quot; height=&quot;812&quot; style=&quot;border:none;overflow:hidden&quot; scrolling=&quot;no&quot; frameborder=&quot;0&quot; allowfullscreen=&quot;true&quot; allow=&quot;autoplay; clipboard-write; encrypted-media; picture-in-picture; web-share&quot;&gt;&lt;\/iframe&gt;\" data-wplink-url-error=\"true\"><span style=\"color: #00003f;\"><strong>VOIR PLUS<\/strong><\/span><\/a><\/div>\t\t\t\t\t\t\t\t<\/div>\n\t\t\t\t<\/div>\n\t\t\t\t\t<\/div>\n\t\t<\/div>\n\t\t\t\t\t<\/div>\n\t\t<\/section>\n\t\t\t\t<div class=\"elementor-element elementor-element-06e775e elementor-widget-divider--view-line elementor-widget elementor-widget-divider\" data-id=\"06e775e\" data-element_type=\"widget\" data-widget_type=\"divider.default\">\n\t\t\t\t<div class=\"elementor-widget-container\">\n\t\t\t\t\t\t\t<div class=\"elementor-divider\">\n\t\t\t<span class=\"elementor-divider-separator\">\n\t\t\t\t\t\t<\/span>\n\t\t<\/div>\n\t\t\t\t\t\t<\/div>\n\t\t\t\t<\/div>\n\t\t\t\t<section class=\"elementor-section elementor-inner-section elementor-element elementor-element-efc8e67 elementor-section-boxed elementor-section-height-default elementor-section-height-default\" data-id=\"efc8e67\" data-element_type=\"section\">\n\t\t\t\t\t\t<div class=\"elementor-container elementor-column-gap-default\">\n\t\t\t\t\t<div class=\"elementor-column elementor-col-50 elementor-inner-column elementor-element elementor-element-c3ab559\" data-id=\"c3ab559\" data-element_type=\"column\">\n\t\t\t<div class=\"elementor-widget-wrap elementor-element-populated\">\n\t\t\t\t\t\t<div class=\"elementor-element elementor-element-31d12ad elementor-widget elementor-widget-image\" data-id=\"31d12ad\" data-element_type=\"widget\" data-widget_type=\"image.default\">\n\t\t\t\t<div class=\"elementor-widget-container\">\n\t\t\t\t\t\t\t\t\t\t\t\t\t\t\t\t<a href=\"\">\n\t\t\t\t\t\t\t<img decoding=\"async\" width=\"300\" height=\"300\" src=\"https:\/\/www.ch-shm.fr\/wp-content\/uploads\/2025\/01\/port-du-masque-1-300x300.png\" class=\"attachment-medium size-medium wp-image-2761\" alt=\"\" srcset=\"https:\/\/www.ch-shm.fr\/wp-content\/uploads\/2025\/01\/port-du-masque-1-300x300.png 300w, https:\/\/www.ch-shm.fr\/wp-content\/uploads\/2025\/01\/port-du-masque-1-1024x1024.png 1024w, https:\/\/www.ch-shm.fr\/wp-content\/uploads\/2025\/01\/port-du-masque-1-150x150.png 150w, https:\/\/www.ch-shm.fr\/wp-content\/uploads\/2025\/01\/port-du-masque-1-768x768.png 768w, https:\/\/www.ch-shm.fr\/wp-content\/uploads\/2025\/01\/port-du-masque-1-600x600.png 600w, https:\/\/www.ch-shm.fr\/wp-content\/uploads\/2025\/01\/port-du-masque-1-144x144.png 144w, https:\/\/www.ch-shm.fr\/wp-content\/uploads\/2025\/01\/port-du-masque-1.png 1080w\" sizes=\"(max-width: 300px) 100vw, 300px\" \/>\t\t\t\t\t\t\t\t<\/a>\n\t\t\t\t\t\t\t\t\t\t\t\t\t\t\t<\/div>\n\t\t\t\t<\/div>\n\t\t\t\t\t<\/div>\n\t\t<\/div>\n\t\t\t\t<div class=\"elementor-column elementor-col-50 elementor-inner-column elementor-element elementor-element-a6c1eee\" data-id=\"a6c1eee\" data-element_type=\"column\">\n\t\t\t<div class=\"elementor-widget-wrap elementor-element-populated\">\n\t\t\t\t\t\t<div class=\"elementor-element elementor-element-7fda0b6 elementor-widget elementor-widget-text-editor\" data-id=\"7fda0b6\" data-element_type=\"widget\" data-widget_type=\"text-editor.default\">\n\t\t\t\t<div class=\"elementor-widget-container\">\n\t\t\t\t\t\t\t\t\t<p><span class=\"x193iq5w xeuugli x13faqbe x1vvkbs x1xmvt09 x1lliihq x1s928wv xhkezso x1gmr53x x1cpjm7i x1fgarty x1943h6x xudqn12 x3x7a5m x6prxxf xvq8zen xo1l8bm xzsf02u x1yc453h\" dir=\"auto\" style=\"color: #00003f;\"><span class=\"html-span xexx8yu x4uap5 x18d9i69 xkhd6sd x1hl2dhg x16tdsg8 x1vvkbs x3nfvp2 x1j61x8r x1fcty0u xdj266r xat24cr xgzva0m xhhsvwb xxymvpz xlup9mm x1kky2od\"><img loading=\"lazy\" decoding=\"async\" class=\"xz74otr\" src=\"https:\/\/static.xx.fbcdn.net\/images\/emoji.php\/v9\/t51\/1\/16\/1f449.png\" alt=\"\ud83d\udc49\" width=\"16\" height=\"16\" \/><\/span>Pr\u00e9vention des infections respiratoires virales au sein de nos \u00e9tablissements : le port du masque est d\u00e9sormais obligatoire pour les professionnels au sein de nos \u00e9tablissements \u00e0 compter du 31 d\u00e9cembre 2024.<\/span><\/p><p><a href=\"http:\/\/&lt;iframe src=&quot;https:\/\/www.facebook.com\/plugins\/post.php?href=https%3A%2F%2Fwww.facebook.com%2FCentreHospitalierChaumont%2Fposts%2Fpfbid02vdU2b5kU4phS6mTtN7QsNevP6Gk9r6XULnddtrag8ERuG4w9JjKYJWnD6F6R61Vhl&amp;show_text=true&amp;width=500&quot; width=&quot;500&quot; height=&quot;757&quot; style=&quot;border:none;overflow:hidden&quot; scrolling=&quot;no&quot; frameborder=&quot;0&quot; allowfullscreen=&quot;true&quot; allow=&quot;autoplay; clipboard-write; encrypted-media; picture-in-picture; web-share&quot;&gt;&lt;\/iframe&gt;\" data-wplink-url-error=\"true\"><span style=\"color: #00003f;\"><strong>VOIR PLUS<\/strong><\/span><\/a><\/p>\t\t\t\t\t\t\t\t<\/div>\n\t\t\t\t<\/div>\n\t\t\t\t\t<\/div>\n\t\t<\/div>\n\t\t\t\t\t<\/div>\n\t\t<\/section>\n\t\t\t\t<div class=\"elementor-element elementor-element-e9f98e5 elementor-widget-divider--view-line elementor-widget elementor-widget-divider\" data-id=\"e9f98e5\" data-element_type=\"widget\" data-widget_type=\"divider.default\">\n\t\t\t\t<div class=\"elementor-widget-container\">\n\t\t\t\t\t\t\t<div class=\"elementor-divider\">\n\t\t\t<span class=\"elementor-divider-separator\">\n\t\t\t\t\t\t<\/span>\n\t\t<\/div>\n\t\t\t\t\t\t<\/div>\n\t\t\t\t<\/div>\n\t\t\t\t<section class=\"elementor-section elementor-inner-section elementor-element elementor-element-004990b elementor-section-boxed elementor-section-height-default elementor-section-height-default\" data-id=\"004990b\" data-element_type=\"section\">\n\t\t\t\t\t\t<div class=\"elementor-container elementor-column-gap-default\">\n\t\t\t\t\t<div class=\"elementor-column elementor-col-50 elementor-inner-column elementor-element elementor-element-4f60e22\" data-id=\"4f60e22\" data-element_type=\"column\">\n\t\t\t<div class=\"elementor-widget-wrap elementor-element-populated\">\n\t\t\t\t\t\t<div class=\"elementor-element elementor-element-d35674b elementor-widget elementor-widget-image\" data-id=\"d35674b\" data-element_type=\"widget\" data-widget_type=\"image.default\">\n\t\t\t\t<div class=\"elementor-widget-container\">\n\t\t\t\t\t\t\t\t\t\t\t\t\t\t\t\t<a href=\"\">\n\t\t\t\t\t\t\t<img loading=\"lazy\" decoding=\"async\" width=\"1024\" height=\"1024\" src=\"https:\/\/www.ch-shm.fr\/wp-content\/uploads\/2025\/01\/site-internet--1024x1024.png\" class=\"attachment-large size-large wp-image-2840\" alt=\"\" srcset=\"https:\/\/www.ch-shm.fr\/wp-content\/uploads\/2025\/01\/site-internet--1024x1024.png 1024w, https:\/\/www.ch-shm.fr\/wp-content\/uploads\/2025\/01\/site-internet--300x300.png 300w, https:\/\/www.ch-shm.fr\/wp-content\/uploads\/2025\/01\/site-internet--150x150.png 150w, https:\/\/www.ch-shm.fr\/wp-content\/uploads\/2025\/01\/site-internet--768x768.png 768w, https:\/\/www.ch-shm.fr\/wp-content\/uploads\/2025\/01\/site-internet--600x600.png 600w, https:\/\/www.ch-shm.fr\/wp-content\/uploads\/2025\/01\/site-internet--144x144.png 144w, https:\/\/www.ch-shm.fr\/wp-content\/uploads\/2025\/01\/site-internet-.png 1080w\" sizes=\"(max-width: 1024px) 100vw, 1024px\" \/>\t\t\t\t\t\t\t\t<\/a>\n\t\t\t\t\t\t\t\t\t\t\t\t\t\t\t<\/div>\n\t\t\t\t<\/div>\n\t\t\t\t\t<\/div>\n\t\t<\/div>\n\t\t\t\t<div class=\"elementor-column elementor-col-50 elementor-inner-column elementor-element elementor-element-bea73fc\" data-id=\"bea73fc\" data-element_type=\"column\">\n\t\t\t<div class=\"elementor-widget-wrap elementor-element-populated\">\n\t\t\t\t\t\t<div class=\"elementor-element elementor-element-47d110c elementor-widget elementor-widget-text-editor\" data-id=\"47d110c\" data-element_type=\"widget\" data-widget_type=\"text-editor.default\">\n\t\t\t\t<div class=\"elementor-widget-container\">\n\t\t\t\t\t\t\t\t\t<div class=\"x11i5rnm xat24cr x1mh8g0r x1vvkbs xtlvy1s x126k92a\"><div dir=\"auto\"><span style=\"color: #00003f;\">Cet \u00e9quipement innovant est destin\u00e9 \u00e0 aider les patients \u00e0 retrouver leur autonomie de marche, notamment ceux souffrant de :<\/span><\/div><\/div><div class=\"x11i5rnm xat24cr x1mh8g0r x1vvkbs xtlvy1s x126k92a\"><div dir=\"auto\"><span style=\"color: #00003f;\">\u2022 troubles neurologiques,<\/span><\/div><div dir=\"auto\"><span style=\"color: #00003f;\">\u2022 l\u00e9sions m\u00e9dullaires<\/span><\/div><div dir=\"auto\"><span style=\"color: #00003f;\">\u2022 traumatismes&#8230;.<\/span><\/div><\/div><div dir=\"auto\">\u00a0<\/div><div dir=\"auto\"><a href=\"http:\/\/&lt;iframe src=&quot;https:\/\/www.facebook.com\/plugins\/video.php?height=476&amp;href=https%3A%2F%2Fwww.facebook.com%2FCentreHospitalierBourbonnelesBains%2Fvideos%2F481442741195198%2F&amp;show_text=true&amp;width=267&amp;t=0&quot; width=&quot;267&quot; height=&quot;591&quot; style=&quot;border:none;overflow:hidden&quot; scrolling=&quot;no&quot; frameborder=&quot;0&quot; allowfullscreen=&quot;true&quot; allow=&quot;autoplay; clipboard-write; encrypted-media; picture-in-picture; web-share&quot; allowFullScreen=&quot;true&quot;&gt;&lt;\/iframe&gt;\" data-wplink-url-error=\"true\"><strong><span style=\"color: #00003f;\">VOIR PLUS<\/span><\/strong><\/a><\/div>\t\t\t\t\t\t\t\t<\/div>\n\t\t\t\t<\/div>\n\t\t\t\t\t<\/div>\n\t\t<\/div>\n\t\t\t\t\t<\/div>\n\t\t<\/section>\n\t\t\t\t\t<\/div>\n\t\t<\/div>\n\t\t\t\t\t<\/div>\n\t\t<\/section>\n\t\t\t\t<\/div>\n\t\t","protected":false},"excerpt":{"rendered":"<p>Les actualit\u00e9s Quelques chiffres pour cette ann\u00e9e :\u00a0327 naissances par voie basse95 c\u00e9sariennes45 % des mamans ont opt\u00e9 pour la p\u00e9ridurale240 allaitements maternelsNotre salle nature a \u00e9galement \u00e9t\u00e9 le t\u00e9moin de moments uniques, avec 14 naissances, c\u00e9l\u00e9brant la beaut\u00e9 de l&rsquo;accouchement naturel.\u00a0VOIR PLUS Pr\u00e9vention des infections respiratoires virales au sein de nos \u00e9tablissements : le [&hellip;]<\/p>\n","protected":false},"author":2,"featured_media":0,"parent":0,"menu_order":0,"comment_status":"closed","ping_status":"closed","template":"","meta":{"ocean_post_layout":"","ocean_both_sidebars_style":"","ocean_both_sidebars_content_width":0,"ocean_both_sidebars_sidebars_width":0,"ocean_sidebar":"","ocean_second_sidebar":"","ocean_disable_margins":"enable","ocean_add_body_class":"","ocean_shortcode_before_top_bar":"","ocean_shortcode_after_top_bar":"","ocean_shortcode_before_header":"","ocean_shortcode_after_header":"","ocean_has_shortcode":"","ocean_shortcode_after_title":"","ocean_shortcode_before_footer_widgets":"","ocean_shortcode_after_footer_widgets":"","ocean_shortcode_before_footer_bottom":"","ocean_shortcode_after_footer_bottom":"","ocean_display_top_bar":"default","ocean_display_header":"default","ocean_header_style":"","ocean_center_header_left_menu":"","ocean_custom_header_template":"","ocean_custom_logo":0,"ocean_custom_retina_logo":0,"ocean_custom_logo_max_width":0,"ocean_custom_logo_tablet_max_width":0,"ocean_custom_logo_mobile_max_width":0,"ocean_custom_logo_max_height":0,"ocean_custom_logo_tablet_max_height":0,"ocean_custom_logo_mobile_max_height":0,"ocean_header_custom_menu":"","ocean_menu_typo_font_family":"","ocean_menu_typo_font_subset":"","ocean_menu_typo_font_size":0,"ocean_menu_typo_font_size_tablet":0,"ocean_menu_typo_font_size_mobile":0,"ocean_menu_typo_font_size_unit":"px","ocean_menu_typo_font_weight":"","ocean_menu_typo_font_weight_tablet":"","ocean_menu_typo_font_weight_mobile":"","ocean_menu_typo_transform":"","ocean_menu_typo_transform_tablet":"","ocean_menu_typo_transform_mobile":"","ocean_menu_typo_line_height":0,"ocean_menu_typo_line_height_tablet":0,"ocean_menu_typo_line_height_mobile":0,"ocean_menu_typo_line_height_unit":"","ocean_menu_typo_spacing":0,"ocean_menu_typo_spacing_tablet":0,"ocean_menu_typo_spacing_mobile":0,"ocean_menu_typo_spacing_unit":"","ocean_menu_link_color":"","ocean_menu_link_color_hover":"","ocean_menu_link_color_active":"","ocean_menu_link_background":"","ocean_menu_link_hover_background":"","ocean_menu_link_active_background":"","ocean_menu_social_links_bg":"","ocean_menu_social_hover_links_bg":"","ocean_menu_social_links_color":"","ocean_menu_social_hover_links_color":"","ocean_disable_title":"default","ocean_disable_heading":"default","ocean_post_title":"","ocean_post_subheading":"","ocean_post_title_style":"","ocean_post_title_background_color":"","ocean_post_title_background":0,"ocean_post_title_bg_image_position":"","ocean_post_title_bg_image_attachment":"","ocean_post_title_bg_image_repeat":"","ocean_post_title_bg_image_size":"","ocean_post_title_height":0,"ocean_post_title_bg_overlay":0.5,"ocean_post_title_bg_overlay_color":"","ocean_disable_breadcrumbs":"default","ocean_breadcrumbs_color":"","ocean_breadcrumbs_separator_color":"","ocean_breadcrumbs_links_color":"","ocean_breadcrumbs_links_hover_color":"","ocean_display_footer_widgets":"default","ocean_display_footer_bottom":"default","ocean_custom_footer_template":"","footnotes":""},"class_list":["post-2747","page","type-page","status-publish","hentry","entry"],"_links":{"self":[{"href":"https:\/\/www.ch-shm.fr\/index.php?rest_route=\/wp\/v2\/pages\/2747","targetHints":{"allow":["GET"]}}],"collection":[{"href":"https:\/\/www.ch-shm.fr\/index.php?rest_route=\/wp\/v2\/pages"}],"about":[{"href":"https:\/\/www.ch-shm.fr\/index.php?rest_route=\/wp\/v2\/types\/page"}],"author":[{"embeddable":true,"href":"https:\/\/www.ch-shm.fr\/index.php?rest_route=\/wp\/v2\/users\/2"}],"replies":[{"embeddable":true,"href":"https:\/\/www.ch-shm.fr\/index.php?rest_route=%2Fwp%2Fv2%2Fcomments&post=2747"}],"version-history":[{"count":5,"href":"https:\/\/www.ch-shm.fr\/index.php?rest_route=\/wp\/v2\/pages\/2747\/revisions"}],"predecessor-version":[{"id":3016,"href":"https:\/\/www.ch-shm.fr\/index.php?rest_route=\/wp\/v2\/pages\/2747\/revisions\/3016"}],"wp:attachment":[{"href":"https:\/\/www.ch-shm.fr\/index.php?rest_route=%2Fwp%2Fv2%2Fmedia&parent=2747"}],"curies":[{"name":"wp","href":"https:\/\/api.w.org\/{rel}","templated":true}]}}