{"id":2612,"date":"2025-01-10T15:59:55","date_gmt":"2025-01-10T14:59:55","guid":{"rendered":"http:\/\/192.0.0.130\/wordpress\/?page_id=2612"},"modified":"2026-01-12T09:16:00","modified_gmt":"2026-01-12T08:16:00","slug":"ch_archives","status":"publish","type":"page","link":"https:\/\/www.ch-shm.fr\/?page_id=2612","title":{"rendered":"CH_demande de dossier m\u00e9dical"},"content":{"rendered":"\t\t<div data-elementor-type=\"wp-page\" data-elementor-id=\"2612\" class=\"elementor elementor-2612\">\n\t\t\t\t\t\t<section class=\"elementor-section elementor-top-section elementor-element elementor-element-198ed0b elementor-section-boxed elementor-section-height-default elementor-section-height-default\" data-id=\"198ed0b\" data-element_type=\"section\" data-settings=\"{&quot;background_background&quot;:&quot;classic&quot;}\">\n\t\t\t\t\t\t<div class=\"elementor-container elementor-column-gap-default\">\n\t\t\t\t\t<div class=\"elementor-column elementor-col-100 elementor-top-column elementor-element elementor-element-89d775c\" data-id=\"89d775c\" data-element_type=\"column\">\n\t\t\t<div class=\"elementor-widget-wrap elementor-element-populated\">\n\t\t\t\t\t\t<div class=\"elementor-element elementor-element-99f3195 elementor-widget elementor-widget-heading\" data-id=\"99f3195\" data-element_type=\"widget\" data-widget_type=\"heading.default\">\n\t\t\t\t<div class=\"elementor-widget-container\">\n\t\t\t\t\t<h2 class=\"elementor-heading-title elementor-size-default\">Acc\u00e9der \u00e0 votre dossier m\u00e9dical (Archives)<\/h2>\t\t\t\t<\/div>\n\t\t\t\t<\/div>\n\t\t\t\t\t<\/div>\n\t\t<\/div>\n\t\t\t\t\t<\/div>\n\t\t<\/section>\n\t\t\t\t<section class=\"elementor-section elementor-top-section elementor-element elementor-element-2829994 elementor-section-boxed elementor-section-height-default elementor-section-height-default\" data-id=\"2829994\" data-element_type=\"section\">\n\t\t\t\t\t\t<div class=\"elementor-container elementor-column-gap-default\">\n\t\t\t\t\t<div class=\"elementor-column elementor-col-100 elementor-top-column elementor-element elementor-element-0e2017a\" data-id=\"0e2017a\" data-element_type=\"column\">\n\t\t\t<div class=\"elementor-widget-wrap elementor-element-populated\">\n\t\t\t\t\t\t<div class=\"elementor-element elementor-element-31f2f2e elementor-widget elementor-widget-text-editor\" data-id=\"31f2f2e\" data-element_type=\"widget\" data-widget_type=\"text-editor.default\">\n\t\t\t\t<div class=\"elementor-widget-container\">\n\t\t\t\t\t\t\t\t\t<p><span style=\"color: #00003f;\">Toute personne dont les donn\u00e9es m\u00e9dicales sont d\u00e9tenues par des professionnels de sant\u00e9 ou d\u2019\u00e9tablissements de sant\u00e9, peut demander l\u2019acc\u00e8s \u00e0 ces informations (Loi n\u00b0 2002-303 du 4 Mars 2002 et d\u00e9cret n\u00b0 2002-637 du 29 Avril 2002).<\/span><\/p>\t\t\t\t\t\t\t\t<\/div>\n\t\t\t\t<\/div>\n\t\t\t\t\t<\/div>\n\t\t<\/div>\n\t\t\t\t\t<\/div>\n\t\t<\/section>\n\t\t\t\t<section class=\"elementor-section elementor-top-section elementor-element elementor-element-64a6ed0 elementor-section-boxed elementor-section-height-default elementor-section-height-default\" data-id=\"64a6ed0\" data-element_type=\"section\">\n\t\t\t\t\t\t<div class=\"elementor-container elementor-column-gap-default\">\n\t\t\t\t\t<div class=\"elementor-column elementor-col-100 elementor-top-column elementor-element elementor-element-cdfb9f9\" data-id=\"cdfb9f9\" data-element_type=\"column\">\n\t\t\t<div class=\"elementor-widget-wrap elementor-element-populated\">\n\t\t\t\t\t\t<div class=\"elementor-element elementor-element-ac68400 elementor-widget-divider--view-line elementor-widget elementor-widget-divider\" data-id=\"ac68400\" data-element_type=\"widget\" data-widget_type=\"divider.default\">\n\t\t\t\t<div class=\"elementor-widget-container\">\n\t\t\t\t\t\t\t<div class=\"elementor-divider\">\n\t\t\t<span class=\"elementor-divider-separator\">\n\t\t\t\t\t\t<\/span>\n\t\t<\/div>\n\t\t\t\t\t\t<\/div>\n\t\t\t\t<\/div>\n\t\t\t\t\t<\/div>\n\t\t<\/div>\n\t\t\t\t\t<\/div>\n\t\t<\/section>\n\t\t\t\t<section class=\"elementor-section elementor-top-section elementor-element elementor-element-8d398b8 elementor-section-boxed elementor-section-height-default elementor-section-height-default\" data-id=\"8d398b8\" data-element_type=\"section\">\n\t\t\t\t\t\t<div class=\"elementor-container elementor-column-gap-default\">\n\t\t\t\t\t<div class=\"elementor-column elementor-col-100 elementor-top-column elementor-element elementor-element-1f02115\" data-id=\"1f02115\" data-element_type=\"column\">\n\t\t\t<div class=\"elementor-widget-wrap elementor-element-populated\">\n\t\t\t\t\t\t<div class=\"elementor-element elementor-element-445a430 elementor-widget elementor-widget-heading\" data-id=\"445a430\" data-element_type=\"widget\" data-widget_type=\"heading.default\">\n\t\t\t\t<div class=\"elementor-widget-container\">\n\t\t\t\t\t<h2 class=\"elementor-heading-title elementor-size-default\">A qui s'adresser ?<\/h2>\t\t\t\t<\/div>\n\t\t\t\t<\/div>\n\t\t\t\t\t<\/div>\n\t\t<\/div>\n\t\t\t\t\t<\/div>\n\t\t<\/section>\n\t\t\t\t<section class=\"elementor-section elementor-top-section elementor-element elementor-element-73b54e7 elementor-section-boxed elementor-section-height-default elementor-section-height-default\" data-id=\"73b54e7\" data-element_type=\"section\">\n\t\t\t\t\t\t<div class=\"elementor-container elementor-column-gap-default\">\n\t\t\t\t\t<div class=\"elementor-column elementor-col-100 elementor-top-column elementor-element elementor-element-f1e85ae\" data-id=\"f1e85ae\" data-element_type=\"column\">\n\t\t\t<div class=\"elementor-widget-wrap elementor-element-populated\">\n\t\t\t\t\t\t<div class=\"elementor-element elementor-element-7661a9e elementor-widget elementor-widget-text-editor\" data-id=\"7661a9e\" data-element_type=\"widget\" data-widget_type=\"text-editor.default\">\n\t\t\t\t<div class=\"elementor-widget-container\">\n\t\t\t\t\t\t\t\t\t<p style=\"text-align: center;\"><span style=\"color: #00003f;\"> La demande doit \u00eatre r\u00e9alis\u00e9e via le formulaire suivant : <\/span><\/p>\t\t\t\t\t\t\t\t<\/div>\n\t\t\t\t<\/div>\n\t\t\t\t\t<\/div>\n\t\t<\/div>\n\t\t\t\t\t<\/div>\n\t\t<\/section>\n\t\t\t\t<section class=\"elementor-section elementor-top-section elementor-element elementor-element-9b1c3bb elementor-section-boxed elementor-section-height-default elementor-section-height-default\" data-id=\"9b1c3bb\" data-element_type=\"section\">\n\t\t\t\t\t\t<div class=\"elementor-container elementor-column-gap-default\">\n\t\t\t\t\t<div class=\"elementor-column elementor-col-33 elementor-top-column elementor-element elementor-element-cc3a1dd\" data-id=\"cc3a1dd\" data-element_type=\"column\">\n\t\t\t<div class=\"elementor-widget-wrap elementor-element-populated\">\n\t\t\t\t\t\t<div class=\"elementor-element elementor-element-363cb9f elementor-widget elementor-widget-button\" data-id=\"363cb9f\" data-element_type=\"widget\" data-widget_type=\"button.default\">\n\t\t\t\t<div class=\"elementor-widget-container\">\n\t\t\t\t\t\t\t\t\t<div class=\"elementor-button-wrapper\">\n\t\t\t\t\t<a class=\"elementor-button elementor-button-link elementor-size-sm\" href=\"https:\/\/www.ch-shm.fr\/wp-content\/uploads\/2026\/01\/2.-Demande-de-communication-de-dossier-medical-par-le-patient-lui-meme.pdf\">\n\t\t\t\t\t\t<span class=\"elementor-button-content-wrapper\">\n\t\t\t\t\t\t<span class=\"elementor-button-icon\">\n\t\t\t\t<i aria-hidden=\"true\" class=\"far fa-arrow-alt-circle-down\"><\/i>\t\t\t<\/span>\n\t\t\t\t\t\t\t\t\t<span class=\"elementor-button-text\">Demande de consultation de dossier m\u00e9dical par le patient lui-m\u00eame<\/span>\n\t\t\t\t\t<\/span>\n\t\t\t\t\t<\/a>\n\t\t\t\t<\/div>\n\t\t\t\t\t\t\t\t<\/div>\n\t\t\t\t<\/div>\n\t\t\t\t\t<\/div>\n\t\t<\/div>\n\t\t\t\t<div class=\"elementor-column elementor-col-33 elementor-top-column elementor-element elementor-element-2f44130\" data-id=\"2f44130\" data-element_type=\"column\">\n\t\t\t<div class=\"elementor-widget-wrap elementor-element-populated\">\n\t\t\t\t\t\t<div class=\"elementor-element elementor-element-e517a7e elementor-widget elementor-widget-button\" data-id=\"e517a7e\" data-element_type=\"widget\" data-widget_type=\"button.default\">\n\t\t\t\t<div class=\"elementor-widget-container\">\n\t\t\t\t\t\t\t\t\t<div class=\"elementor-button-wrapper\">\n\t\t\t\t\t<a class=\"elementor-button elementor-button-link elementor-size-sm\" href=\"https:\/\/www.ch-shm.fr\/wp-content\/uploads\/2026\/01\/1.-Demande-de-communication-de-dossier-medical-dun-patient-mineur-ou-sous-tutelle.pdf\">\n\t\t\t\t\t\t<span class=\"elementor-button-content-wrapper\">\n\t\t\t\t\t\t<span class=\"elementor-button-icon\">\n\t\t\t\t<i aria-hidden=\"true\" class=\"far fa-arrow-alt-circle-down\"><\/i>\t\t\t<\/span>\n\t\t\t\t\t\t\t\t\t<span class=\"elementor-button-text\">Demande de consultation de dossier m\u00e9dical d'un patient mineur ou sous tutelle<\/span>\n\t\t\t\t\t<\/span>\n\t\t\t\t\t<\/a>\n\t\t\t\t<\/div>\n\t\t\t\t\t\t\t\t<\/div>\n\t\t\t\t<\/div>\n\t\t\t\t\t<\/div>\n\t\t<\/div>\n\t\t\t\t<div class=\"elementor-column elementor-col-33 elementor-top-column elementor-element elementor-element-c526b46\" data-id=\"c526b46\" data-element_type=\"column\">\n\t\t\t<div class=\"elementor-widget-wrap elementor-element-populated\">\n\t\t\t\t\t\t<div class=\"elementor-element elementor-element-786393a elementor-widget elementor-widget-button\" data-id=\"786393a\" data-element_type=\"widget\" data-widget_type=\"button.default\">\n\t\t\t\t<div class=\"elementor-widget-container\">\n\t\t\t\t\t\t\t\t\t<div class=\"elementor-button-wrapper\">\n\t\t\t\t\t<a class=\"elementor-button elementor-button-link elementor-size-sm\" href=\"https:\/\/www.ch-shm.fr\/wp-content\/uploads\/2026\/01\/3.-Demande-de-communication-de-dossier-medical-par-un-ayant-droit.pdf\">\n\t\t\t\t\t\t<span class=\"elementor-button-content-wrapper\">\n\t\t\t\t\t\t<span class=\"elementor-button-icon\">\n\t\t\t\t<i aria-hidden=\"true\" class=\"far fa-arrow-alt-circle-down\"><\/i>\t\t\t<\/span>\n\t\t\t\t\t\t\t\t\t<span class=\"elementor-button-text\">Demande de consultation de dossier m\u00e9dical par un ayant droit<\/span>\n\t\t\t\t\t<\/span>\n\t\t\t\t\t<\/a>\n\t\t\t\t<\/div>\n\t\t\t\t\t\t\t\t<\/div>\n\t\t\t\t<\/div>\n\t\t\t\t\t<\/div>\n\t\t<\/div>\n\t\t\t\t\t<\/div>\n\t\t<\/section>\n\t\t\t\t<section class=\"elementor-section elementor-top-section elementor-element elementor-element-2a99382 elementor-section-boxed elementor-section-height-default elementor-section-height-default\" data-id=\"2a99382\" data-element_type=\"section\">\n\t\t\t\t\t\t<div class=\"elementor-container elementor-column-gap-default\">\n\t\t\t\t\t<div class=\"elementor-column elementor-col-100 elementor-top-column elementor-element elementor-element-fa156cc\" data-id=\"fa156cc\" data-element_type=\"column\">\n\t\t\t<div class=\"elementor-widget-wrap elementor-element-populated\">\n\t\t\t\t\t\t<div class=\"elementor-element elementor-element-f93044f elementor-widget elementor-widget-text-editor\" data-id=\"f93044f\" data-element_type=\"widget\" data-widget_type=\"text-editor.default\">\n\t\t\t\t<div class=\"elementor-widget-container\">\n\t\t\t\t\t\t\t\t\t<p style=\"text-align: center;\"><span style=\"color: #00003f;\">Le demandeur pr\u00e9cise les informations qu\u2019il souhaite obtenir.<\/span><\/p><p style=\"text-align: center;\"><span style=\"color: #00003f;\"> Vous \u00eates invit\u00e9, avant de nous transmettre le formulaire de demande, \u00e0 consulter le site <strong>\u00ab Mon espace sant\u00e9<\/strong> \u00bb, dans lequel vous pourrez retrouver une partie des informations m\u00e9dicales qui vous concernent.\u00a0<\/span><\/p>\t\t\t\t\t\t\t\t<\/div>\n\t\t\t\t<\/div>\n\t\t\t\t\t<\/div>\n\t\t<\/div>\n\t\t\t\t\t<\/div>\n\t\t<\/section>\n\t\t\t\t<section class=\"elementor-section elementor-top-section elementor-element elementor-element-ef0a52f elementor-section-boxed elementor-section-height-default elementor-section-height-default\" data-id=\"ef0a52f\" data-element_type=\"section\" data-settings=\"{&quot;background_background&quot;:&quot;classic&quot;}\">\n\t\t\t\t\t\t<div class=\"elementor-container elementor-column-gap-default\">\n\t\t\t\t\t<div class=\"elementor-column elementor-col-100 elementor-top-column elementor-element elementor-element-71e114d\" data-id=\"71e114d\" data-element_type=\"column\">\n\t\t\t<div class=\"elementor-widget-wrap elementor-element-populated\">\n\t\t\t\t\t\t<div class=\"elementor-element elementor-element-e2322db elementor-widget-divider--view-line elementor-widget elementor-widget-divider\" data-id=\"e2322db\" data-element_type=\"widget\" data-widget_type=\"divider.default\">\n\t\t\t\t<div class=\"elementor-widget-container\">\n\t\t\t\t\t\t\t<div class=\"elementor-divider\">\n\t\t\t<span class=\"elementor-divider-separator\">\n\t\t\t\t\t\t<\/span>\n\t\t<\/div>\n\t\t\t\t\t\t<\/div>\n\t\t\t\t<\/div>\n\t\t\t\t<div class=\"elementor-element elementor-element-ffc8c7a elementor-widget elementor-widget-text-editor\" data-id=\"ffc8c7a\" data-element_type=\"widget\" data-widget_type=\"text-editor.default\">\n\t\t\t\t<div class=\"elementor-widget-container\">\n\t\t\t\t\t\t\t\t\t<div class=\"entry-content\"><h2><span style=\"color: #00003f;\">Les d\u00e9lais<\/span><\/h2><p><span style=\"color: #00003f;\">A r\u00e9ception de la demande, l\u2019\u00e9tablissement a<strong> 8 jours pour r\u00e9pondre<\/strong> (apr\u00e8s un d\u00e9lai de r\u00e9flexion de 48 heures). <strong>Le d\u00e9lai est port\u00e9 \u00e0 2 mois<\/strong> lorsque les informations datent de <strong>plus de 5 ans.<\/strong><\/span><\/p><h2><span style=\"color: #00003f;\">La communication<\/span><\/h2><p><span style=\"color: #00003f;\">Elle se fait par l\u2019envoi de copies du dossier m\u00e9dical par voie postale en lettre recommand\u00e9e avec avis de r\u00e9ception, par mail ou par remise en main propre directement aupr\u00e8s du secr\u00e9tariat m\u00e9dical concern\u00e9.<\/span><\/p><p><span style=\"color: #00003f;\">Les premi\u00e8res copies sont gratuites seuls sont factur\u00e9s les frais d&rsquo;envoi (accus\u00e9 de r\u00e9ception) <\/span><\/p><h2><span style=\"color: #00003f;\">Que peut-on obtenir ?<\/span><\/h2><p><span style=\"color: #00003f;\">Toutes les informations du dossier m\u00e9dical qui ont contribu\u00e9 \u00e0 l\u2019\u00e9laboration et au suivi du diagnostic et du traitement, ou qui ont<\/span><br \/><span style=\"color: #00003f;\">fait l\u2019objet d\u2019\u00e9changes \u00e9crits entre professionnels de sant\u00e9. Ce sont :<\/span><\/p><ul><li><span style=\"color: #00003f;\">Les r\u00e9sultats d\u2019examens<\/span><\/li><li><span style=\"color: #00003f;\">Les comptes-rendus de consultation, d\u2019intervention, d\u2019exploration ou d\u2019hospitalisation<\/span><\/li><li><span style=\"color: #00003f;\">Les protocoles et prescriptions th\u00e9rapeutiques<\/span><\/li><li><span style=\"color: #00003f;\">Les feuilles de surveillance<\/span><\/li><li><span style=\"color: #00003f;\">La correspondance entre professionnels de sant\u00e9 (\u00e0 l\u2019exception d\u2019informations recueillies aupr\u00e8s de tiers n\u2019intervenant pas dans la prise en charge)<\/span><\/li><\/ul><h2><span style=\"color: #00003f;\">Cas particuliers<\/span><\/h2><p><span style=\"color: #00003f;\">Apr\u00e8s un d\u00e9c\u00e8s : le secret m\u00e9dical ne fait pas d\u2019obstacle \u00e0 ce que les informations concernant une personne d\u00e9c\u00e9d\u00e9e soient d\u00e9livr\u00e9es aux ayants droits (sauf volont\u00e9 contraire exprim\u00e9e par la personne avant son d\u00e9c\u00e8s). Ceux-ci doivent justifier de leur identit\u00e9, de leur statut d\u2019ayant-droit et pr\u00e9ciser la raison pour laquelle ils veulent acc\u00e9der au dossier m\u00e9dical : conna\u00eetre les causes de la mort, d\u00e9fendre la m\u00e9moire du d\u00e9funt ou faire valoir leurs droits.<\/span><\/p><p><span style=\"color: #00003f;\">Un mineur peut s\u2019opposer \u00e0 ce que des informations le concernant soient d\u00e9livr\u00e9es \u00e0 ses parents (ou au titulaire de l\u2019autorit\u00e9 parentale). Le m\u00e9decin doit s\u2019efforcer d\u2019obtenir son consentement mais si le mineur maintient son opposition, il n\u2019est pas possible de satisfaire la demande des parents (l\u2019\u00e9crire dans le dossier)<\/span><\/p><p><span style=\"color: #00003f;\">Si le praticien ayant adress\u00e9 le patient demande la communication du dossier, elle ne peut intervenir qu\u2019avec l\u2019accord du patient (ou du tuteur ou de l\u2019ayant droit).<\/span><\/p><\/div>\t\t\t\t\t\t\t\t<\/div>\n\t\t\t\t<\/div>\n\t\t\t\t<div class=\"elementor-element elementor-element-06baa14 elementor-widget-divider--view-line elementor-widget elementor-widget-divider\" data-id=\"06baa14\" data-element_type=\"widget\" data-widget_type=\"divider.default\">\n\t\t\t\t<div class=\"elementor-widget-container\">\n\t\t\t\t\t\t\t<div class=\"elementor-divider\">\n\t\t\t<span class=\"elementor-divider-separator\">\n\t\t\t\t\t\t<\/span>\n\t\t<\/div>\n\t\t\t\t\t\t<\/div>\n\t\t\t\t<\/div>\n\t\t\t\t\t<\/div>\n\t\t<\/div>\n\t\t\t\t\t<\/div>\n\t\t<\/section>\n\t\t\t\t<\/div>\n\t\t","protected":false},"excerpt":{"rendered":"<p>Acc\u00e9der \u00e0 votre dossier m\u00e9dical (Archives) Toute personne dont les donn\u00e9es m\u00e9dicales sont d\u00e9tenues par des professionnels de sant\u00e9 ou d\u2019\u00e9tablissements de sant\u00e9, peut demander l\u2019acc\u00e8s \u00e0 ces informations (Loi n\u00b0 2002-303 du 4 Mars 2002 et d\u00e9cret n\u00b0 2002-637 du 29 Avril 2002). A qui s&rsquo;adresser ? La demande doit \u00eatre r\u00e9alis\u00e9e via le [&hellip;]<\/p>\n","protected":false},"author":2,"featured_media":0,"parent":0,"menu_order":0,"comment_status":"closed","ping_status":"closed","template":"","meta":{"ocean_post_layout":"","ocean_both_sidebars_style":"","ocean_both_sidebars_content_width":0,"ocean_both_sidebars_sidebars_width":0,"ocean_sidebar":"","ocean_second_sidebar":"","ocean_disable_margins":"enable","ocean_add_body_class":"","ocean_shortcode_before_top_bar":"","ocean_shortcode_after_top_bar":"","ocean_shortcode_before_header":"","ocean_shortcode_after_header":"","ocean_has_shortcode":"","ocean_shortcode_after_title":"","ocean_shortcode_before_footer_widgets":"","ocean_shortcode_after_footer_widgets":"","ocean_shortcode_before_footer_bottom":"","ocean_shortcode_after_footer_bottom":"","ocean_display_top_bar":"default","ocean_display_header":"default","ocean_header_style":"","ocean_center_header_left_menu":"","ocean_custom_header_template":"","ocean_custom_logo":0,"ocean_custom_retina_logo":0,"ocean_custom_logo_max_width":0,"ocean_custom_logo_tablet_max_width":0,"ocean_custom_logo_mobile_max_width":0,"ocean_custom_logo_max_height":0,"ocean_custom_logo_tablet_max_height":0,"ocean_custom_logo_mobile_max_height":0,"ocean_header_custom_menu":"","ocean_menu_typo_font_family":"","ocean_menu_typo_font_subset":"","ocean_menu_typo_font_size":0,"ocean_menu_typo_font_size_tablet":0,"ocean_menu_typo_font_size_mobile":0,"ocean_menu_typo_font_size_unit":"px","ocean_menu_typo_font_weight":"","ocean_menu_typo_font_weight_tablet":"","ocean_menu_typo_font_weight_mobile":"","ocean_menu_typo_transform":"","ocean_menu_typo_transform_tablet":"","ocean_menu_typo_transform_mobile":"","ocean_menu_typo_line_height":0,"ocean_menu_typo_line_height_tablet":0,"ocean_menu_typo_line_height_mobile":0,"ocean_menu_typo_line_height_unit":"","ocean_menu_typo_spacing":0,"ocean_menu_typo_spacing_tablet":0,"ocean_menu_typo_spacing_mobile":0,"ocean_menu_typo_spacing_unit":"","ocean_menu_link_color":"","ocean_menu_link_color_hover":"","ocean_menu_link_color_active":"","ocean_menu_link_background":"","ocean_menu_link_hover_background":"","ocean_menu_link_active_background":"","ocean_menu_social_links_bg":"","ocean_menu_social_hover_links_bg":"","ocean_menu_social_links_color":"","ocean_menu_social_hover_links_color":"","ocean_disable_title":"default","ocean_disable_heading":"default","ocean_post_title":"","ocean_post_subheading":"","ocean_post_title_style":"","ocean_post_title_background_color":"","ocean_post_title_background":0,"ocean_post_title_bg_image_position":"","ocean_post_title_bg_image_attachment":"","ocean_post_title_bg_image_repeat":"","ocean_post_title_bg_image_size":"","ocean_post_title_height":0,"ocean_post_title_bg_overlay":0.5,"ocean_post_title_bg_overlay_color":"","ocean_disable_breadcrumbs":"default","ocean_breadcrumbs_color":"","ocean_breadcrumbs_separator_color":"","ocean_breadcrumbs_links_color":"","ocean_breadcrumbs_links_hover_color":"","ocean_display_footer_widgets":"default","ocean_display_footer_bottom":"default","ocean_custom_footer_template":"","footnotes":""},"class_list":["post-2612","page","type-page","status-publish","hentry","entry"],"_links":{"self":[{"href":"https:\/\/www.ch-shm.fr\/index.php?rest_route=\/wp\/v2\/pages\/2612","targetHints":{"allow":["GET"]}}],"collection":[{"href":"https:\/\/www.ch-shm.fr\/index.php?rest_route=\/wp\/v2\/pages"}],"about":[{"href":"https:\/\/www.ch-shm.fr\/index.php?rest_route=\/wp\/v2\/types\/page"}],"author":[{"embeddable":true,"href":"https:\/\/www.ch-shm.fr\/index.php?rest_route=\/wp\/v2\/users\/2"}],"replies":[{"embeddable":true,"href":"https:\/\/www.ch-shm.fr\/index.php?rest_route=%2Fwp%2Fv2%2Fcomments&post=2612"}],"version-history":[{"count":35,"href":"https:\/\/www.ch-shm.fr\/index.php?rest_route=\/wp\/v2\/pages\/2612\/revisions"}],"predecessor-version":[{"id":5678,"href":"https:\/\/www.ch-shm.fr\/index.php?rest_route=\/wp\/v2\/pages\/2612\/revisions\/5678"}],"wp:attachment":[{"href":"https:\/\/www.ch-shm.fr\/index.php?rest_route=%2Fwp%2Fv2%2Fmedia&parent=2612"}],"curies":[{"name":"wp","href":"https:\/\/api.w.org\/{rel}","templated":true}]}}