{"id":2457,"date":"2025-01-10T15:59:55","date_gmt":"2025-01-10T14:59:55","guid":{"rendered":"http:\/\/192.0.0.130\/wordpress\/?page_id=2457"},"modified":"2026-04-07T16:46:23","modified_gmt":"2026-04-07T14:46:23","slug":"ch_emsp","status":"publish","type":"page","link":"https:\/\/www.ch-shm.fr\/?page_id=2457","title":{"rendered":"CH_EMSP"},"content":{"rendered":"\t\t<div data-elementor-type=\"wp-page\" data-elementor-id=\"2457\" class=\"elementor elementor-2457\">\n\t\t\t\t\t\t<section class=\"elementor-section elementor-top-section elementor-element elementor-element-7aba7da elementor-section-boxed elementor-section-height-default elementor-section-height-default\" data-id=\"7aba7da\" data-element_type=\"section\" data-settings=\"{&quot;background_background&quot;:&quot;classic&quot;}\">\n\t\t\t\t\t\t<div class=\"elementor-container elementor-column-gap-default\">\n\t\t\t\t\t<div class=\"elementor-column elementor-col-100 elementor-top-column elementor-element elementor-element-b2cbf06\" data-id=\"b2cbf06\" data-element_type=\"column\">\n\t\t\t<div class=\"elementor-widget-wrap elementor-element-populated\">\n\t\t\t\t\t\t<div class=\"elementor-element elementor-element-4f3f137 elementor-widget elementor-widget-heading\" data-id=\"4f3f137\" data-element_type=\"widget\" data-widget_type=\"heading.default\">\n\t\t\t\t<div class=\"elementor-widget-container\">\n\t\t\t\t\t<h2 class=\"elementor-heading-title elementor-size-default\">\u00c9quipe Mobile de Soins Palliatifs - EMSP<\/h2>\t\t\t\t<\/div>\n\t\t\t\t<\/div>\n\t\t\t\t\t<\/div>\n\t\t<\/div>\n\t\t\t\t\t<\/div>\n\t\t<\/section>\n\t\t\t\t<section class=\"elementor-section elementor-top-section elementor-element elementor-element-dd06187 elementor-section-boxed elementor-section-height-default elementor-section-height-default\" data-id=\"dd06187\" data-element_type=\"section\">\n\t\t\t\t\t\t<div class=\"elementor-container elementor-column-gap-default\">\n\t\t\t\t\t<div class=\"elementor-column elementor-col-20 elementor-top-column elementor-element elementor-element-b3d35d9\" data-id=\"b3d35d9\" data-element_type=\"column\">\n\t\t\t<div class=\"elementor-widget-wrap elementor-element-populated\">\n\t\t\t\t\t\t<div class=\"elementor-element elementor-element-c2bbd66 elementor-widget elementor-widget-text-editor\" data-id=\"c2bbd66\" data-element_type=\"widget\" data-widget_type=\"text-editor.default\">\n\t\t\t\t<div class=\"elementor-widget-container\">\n\t\t\t\t\t\t\t\t\t<p><span style=\"font-size: 14pt;\"><strong><span style=\"color: #00003f;\">Retour \u00e0 l&rsquo;accueil<\/span><\/strong><\/span><\/p>\t\t\t\t\t\t\t\t<\/div>\n\t\t\t\t<\/div>\n\t\t\t\t\t<\/div>\n\t\t<\/div>\n\t\t\t\t<div class=\"elementor-column elementor-col-20 elementor-top-column elementor-element elementor-element-b150070\" data-id=\"b150070\" data-element_type=\"column\">\n\t\t\t<div class=\"elementor-widget-wrap\">\n\t\t\t\t\t\t\t<\/div>\n\t\t<\/div>\n\t\t\t\t<div class=\"elementor-column elementor-col-20 elementor-top-column elementor-element elementor-element-9fb09bb\" data-id=\"9fb09bb\" data-element_type=\"column\">\n\t\t\t<div class=\"elementor-widget-wrap\">\n\t\t\t\t\t\t\t<\/div>\n\t\t<\/div>\n\t\t\t\t<div class=\"elementor-column elementor-col-20 elementor-top-column elementor-element elementor-element-ff1b137\" data-id=\"ff1b137\" data-element_type=\"column\">\n\t\t\t<div class=\"elementor-widget-wrap\">\n\t\t\t\t\t\t\t<\/div>\n\t\t<\/div>\n\t\t\t\t<div class=\"elementor-column elementor-col-20 elementor-top-column elementor-element elementor-element-69af069\" data-id=\"69af069\" data-element_type=\"column\">\n\t\t\t<div class=\"elementor-widget-wrap\">\n\t\t\t\t\t\t\t<\/div>\n\t\t<\/div>\n\t\t\t\t\t<\/div>\n\t\t<\/section>\n\t\t\t\t<section class=\"elementor-section elementor-top-section elementor-element elementor-element-c2608cb elementor-section-boxed elementor-section-height-default elementor-section-height-default\" data-id=\"c2608cb\" data-element_type=\"section\">\n\t\t\t\t\t\t<div class=\"elementor-container elementor-column-gap-default\">\n\t\t\t\t\t<div class=\"elementor-column elementor-col-50 elementor-top-column elementor-element elementor-element-b042de9\" data-id=\"b042de9\" data-element_type=\"column\">\n\t\t\t<div class=\"elementor-widget-wrap elementor-element-populated\">\n\t\t\t\t\t\t<div class=\"elementor-element elementor-element-9d074a2 elementor-widget elementor-widget-text-editor\" data-id=\"9d074a2\" data-element_type=\"widget\" data-widget_type=\"text-editor.default\">\n\t\t\t\t<div class=\"elementor-widget-container\">\n\t\t\t\t\t\t\t\t\t<p style=\"text-align: center;\"><span style=\"color: #00003f;\"><em>\u00ab\u00a0Accompagner quelqu&rsquo;un, ce n&rsquo;est pas le pr\u00e9c\u00e9der,<br \/>lui indiquer la route, lui imposer un itin\u00e9raire,<br \/>ni m\u00eame conna\u00eetre la direction qu&rsquo;il va prendre.<\/em><\/span><\/p><p style=\"text-align: center;\"><span style=\"color: #00003f;\"><em>C&rsquo;est marcher \u00e0 ses c\u00f4t\u00e9s en le laissant libre de choisir son chemin et le rythme de son pas\u00a0\u00bb.<\/em><\/span><\/p>\t\t\t\t\t\t\t\t<\/div>\n\t\t\t\t<\/div>\n\t\t\t\t\t<\/div>\n\t\t<\/div>\n\t\t\t\t<div class=\"elementor-column elementor-col-50 elementor-top-column elementor-element elementor-element-8168c00\" data-id=\"8168c00\" data-element_type=\"column\">\n\t\t\t<div class=\"elementor-widget-wrap elementor-element-populated\">\n\t\t\t\t\t\t<div class=\"elementor-element elementor-element-2a37920 elementor-widget__width-initial elementor-widget elementor-widget-image\" data-id=\"2a37920\" data-element_type=\"widget\" data-widget_type=\"image.default\">\n\t\t\t\t<div class=\"elementor-widget-container\">\n\t\t\t\t\t\t\t\t\t\t\t\t\t\t\t<img fetchpriority=\"high\" decoding=\"async\" width=\"300\" height=\"200\" src=\"https:\/\/www.ch-shm.fr\/wp-content\/uploads\/2024\/12\/emsp-300x200.jpg\" class=\"attachment-medium size-medium wp-image-2459\" alt=\"\" srcset=\"https:\/\/www.ch-shm.fr\/wp-content\/uploads\/2024\/12\/emsp-300x200.jpg 300w, https:\/\/www.ch-shm.fr\/wp-content\/uploads\/2024\/12\/emsp-768x512.jpg 768w, https:\/\/www.ch-shm.fr\/wp-content\/uploads\/2024\/12\/emsp.jpg 996w\" sizes=\"(max-width: 300px) 100vw, 300px\" \/>\t\t\t\t\t\t\t\t\t\t\t\t\t\t\t<\/div>\n\t\t\t\t<\/div>\n\t\t\t\t\t<\/div>\n\t\t<\/div>\n\t\t\t\t\t<\/div>\n\t\t<\/section>\n\t\t\t\t<section class=\"elementor-section elementor-top-section elementor-element elementor-element-0e7b135 elementor-section-boxed elementor-section-height-default elementor-section-height-default\" data-id=\"0e7b135\" data-element_type=\"section\">\n\t\t\t\t\t\t<div class=\"elementor-container elementor-column-gap-default\">\n\t\t\t\t\t<div class=\"elementor-column elementor-col-100 elementor-top-column elementor-element elementor-element-40bbc4a\" data-id=\"40bbc4a\" data-element_type=\"column\">\n\t\t\t<div class=\"elementor-widget-wrap elementor-element-populated\">\n\t\t\t\t\t\t<div class=\"elementor-element elementor-element-fbfa1c4 elementor-widget-divider--view-line elementor-widget elementor-widget-divider\" data-id=\"fbfa1c4\" data-element_type=\"widget\" data-widget_type=\"divider.default\">\n\t\t\t\t<div class=\"elementor-widget-container\">\n\t\t\t\t\t\t\t<div class=\"elementor-divider\">\n\t\t\t<span class=\"elementor-divider-separator\">\n\t\t\t\t\t\t<\/span>\n\t\t<\/div>\n\t\t\t\t\t\t<\/div>\n\t\t\t\t<\/div>\n\t\t\t\t<div class=\"elementor-element elementor-element-646f0b4 elementor-widget elementor-widget-heading\" data-id=\"646f0b4\" data-element_type=\"widget\" data-widget_type=\"heading.default\">\n\t\t\t\t<div class=\"elementor-widget-container\">\n\t\t\t\t\t<h2 class=\"elementor-heading-title elementor-size-default\">Contact<\/h2>\t\t\t\t<\/div>\n\t\t\t\t<\/div>\n\t\t\t\t<div class=\"elementor-element elementor-element-55b6011 elementor-widget elementor-widget-text-editor\" data-id=\"55b6011\" data-element_type=\"widget\" data-widget_type=\"text-editor.default\">\n\t\t\t\t<div class=\"elementor-widget-container\">\n\t\t\t\t\t\t\t\t\t<p style=\"text-align: center;\"><strong><span style=\"color: #00003f;\">Mail : <a style=\"color: #00003f;\" href=\"mailto:emsp@ch-chaumont.fr\">emsp@ch-chaumont.fr<\/a><\/span><\/strong><\/p><p style=\"text-align: center;\"><strong><span style=\"color: #00003f;\">T\u00e9l\u00e9phone : <a style=\"color: #00003f;\" href=\"http:\/\/03.25.30.71.71\">03.25.30.71.71<\/a><\/span><\/strong><\/p>\t\t\t\t\t\t\t\t<\/div>\n\t\t\t\t<\/div>\n\t\t\t\t<div class=\"elementor-element elementor-element-7b24b6d elementor-widget-divider--view-line elementor-widget elementor-widget-divider\" data-id=\"7b24b6d\" data-element_type=\"widget\" data-widget_type=\"divider.default\">\n\t\t\t\t<div class=\"elementor-widget-container\">\n\t\t\t\t\t\t\t<div class=\"elementor-divider\">\n\t\t\t<span class=\"elementor-divider-separator\">\n\t\t\t\t\t\t<\/span>\n\t\t<\/div>\n\t\t\t\t\t\t<\/div>\n\t\t\t\t<\/div>\n\t\t\t\t\t<\/div>\n\t\t<\/div>\n\t\t\t\t\t<\/div>\n\t\t<\/section>\n\t\t\t\t<section class=\"elementor-section elementor-top-section elementor-element elementor-element-a063962 elementor-section-boxed elementor-section-height-default elementor-section-height-default\" data-id=\"a063962\" data-element_type=\"section\">\n\t\t\t\t\t\t<div class=\"elementor-container elementor-column-gap-default\">\n\t\t\t\t\t<div class=\"elementor-column elementor-col-100 elementor-top-column elementor-element elementor-element-9dcd421\" data-id=\"9dcd421\" data-element_type=\"column\">\n\t\t\t<div class=\"elementor-widget-wrap elementor-element-populated\">\n\t\t\t\t\t\t<div class=\"elementor-element elementor-element-2f143b0 elementor-widget elementor-widget-heading\" data-id=\"2f143b0\" data-element_type=\"widget\" data-widget_type=\"heading.default\">\n\t\t\t\t<div class=\"elementor-widget-container\">\n\t\t\t\t\t<h2 class=\"elementor-heading-title elementor-size-default\">Qu'est ce que les soins palliatifs et l'accompagnement ?<\/h2>\t\t\t\t<\/div>\n\t\t\t\t<\/div>\n\t\t\t\t<div class=\"elementor-element elementor-element-bf22d52 elementor-widget elementor-widget-text-editor\" data-id=\"bf22d52\" data-element_type=\"widget\" data-widget_type=\"text-editor.default\">\n\t\t\t\t<div class=\"elementor-widget-container\">\n\t\t\t\t\t\t\t\t\t<p><span style=\"color: #00003f;\">Les soins palliatifs sont des soins actifs, continus, \u00e9volutifs, coordonn\u00e9s et pratiqu\u00e9s par une \u00e9quipe pluri-professionnelle.<\/span><\/p><p><span style=\"color: #00003f;\">\u00a0Ils ont pour objectif, dans une approche globale et individualis\u00e9e, de pr\u00e9venir ou de soulager les sympt\u00f4mes physiques, dont la douleur, mais aussi les autres sympt\u00f4mes, d&rsquo;anticiper les risques de complications et de prendre en compte les besoins psychologiques, sociaux et spirituels, dans le respect de la personne soign\u00e9e.<\/span><\/p><p><span style=\"color: #00003f;\">Les soins palliatifs s&rsquo;adressent aux personnes atteintes de maladies graves et \u00e9volutives ou mettant en jeu le pronostic vital ou en phase avanc\u00e9e et terminale, ainsi qu&rsquo;\u00e0 leur famille et \u00e0 leurs proches.<\/span><\/p><p><span style=\"color: #00003f;\">Des b\u00e9n\u00e9voles, form\u00e9s \u00e0 l&rsquo;accompagnement et appartenant \u00e0 des associations qui les s\u00e9lectionnent peuvent compl\u00e9ter, avec l&rsquo;accord du malade ou de ses proches, l&rsquo;action des \u00e9quipes soignantes.<\/span><\/p>\t\t\t\t\t\t\t\t<\/div>\n\t\t\t\t<\/div>\n\t\t\t\t\t<\/div>\n\t\t<\/div>\n\t\t\t\t\t<\/div>\n\t\t<\/section>\n\t\t\t\t<section class=\"elementor-section elementor-top-section elementor-element elementor-element-91760e5 elementor-section-boxed elementor-section-height-default elementor-section-height-default\" data-id=\"91760e5\" data-element_type=\"section\">\n\t\t\t\t\t\t<div class=\"elementor-container elementor-column-gap-default\">\n\t\t\t\t\t<div class=\"elementor-column elementor-col-100 elementor-top-column elementor-element elementor-element-1bb7ec6\" data-id=\"1bb7ec6\" data-element_type=\"column\">\n\t\t\t<div class=\"elementor-widget-wrap elementor-element-populated\">\n\t\t\t\t\t\t<div class=\"elementor-element elementor-element-66b0bcb elementor-widget elementor-widget-heading\" data-id=\"66b0bcb\" data-element_type=\"widget\" data-widget_type=\"heading.default\">\n\t\t\t\t<div class=\"elementor-widget-container\">\n\t\t\t\t\t<h2 class=\"elementor-heading-title elementor-size-default\">Qu'est ce qu'une \u00e9quipe mobile de soins palliatifs (EMSP)<\/h2>\t\t\t\t<\/div>\n\t\t\t\t<\/div>\n\t\t\t\t\t<\/div>\n\t\t<\/div>\n\t\t\t\t\t<\/div>\n\t\t<\/section>\n\t\t\t\t<section class=\"elementor-section elementor-top-section elementor-element elementor-element-1e4fd38 elementor-section-boxed elementor-section-height-default elementor-section-height-default\" data-id=\"1e4fd38\" data-element_type=\"section\">\n\t\t\t\t\t\t<div class=\"elementor-container elementor-column-gap-default\">\n\t\t\t\t\t<div class=\"elementor-column elementor-col-100 elementor-top-column elementor-element elementor-element-0c49d6e\" data-id=\"0c49d6e\" data-element_type=\"column\">\n\t\t\t<div class=\"elementor-widget-wrap elementor-element-populated\">\n\t\t\t\t\t\t<div class=\"elementor-element elementor-element-a0df826 elementor-widget elementor-widget-text-editor\" data-id=\"a0df826\" data-element_type=\"widget\" data-widget_type=\"text-editor.default\">\n\t\t\t\t<div class=\"elementor-widget-container\">\n\t\t\t\t\t\t\t\t\t<p><span style=\"color: #00003f;\">L&rsquo;EMSP est une \u00e9quipe multidisciplinaire et pluri professionnelle rattach\u00e9e \u00e0 un \u00e9tablissement de sant\u00e9, qui se d\u00e9place au lit du malade et aupr\u00e8s des soignants, \u00e0 la demande des professionnels de l&rsquo;\u00e9tablissement de sant\u00e9.<\/span><\/p><p><span style=\"color: #00003f;\">Elle peut intervenir dans une institution m\u00e9dico-sociale, voire \u00e0 domicile, dans le cadre d&rsquo;un r\u00e9seau ou non.<\/span><\/p><p><span style=\"color: #00003f;\">L&rsquo;\u00e9quipe mobile exerce une activit\u00e9 transversale. Elle participe \u00e0 la diffusion de la d\u00e9marche palliative, en facilitant la prise en charge des patients en fin de vie et l&rsquo;accompagnement de leurs proches. Elle intervient en appui des professionnels qui effectuent ces prises en charge.<\/span><\/p>\t\t\t\t\t\t\t\t<\/div>\n\t\t\t\t<\/div>\n\t\t\t\t\t<\/div>\n\t\t<\/div>\n\t\t\t\t\t<\/div>\n\t\t<\/section>\n\t\t\t\t<section class=\"elementor-section elementor-top-section elementor-element elementor-element-fdad94d elementor-section-boxed elementor-section-height-default elementor-section-height-default\" data-id=\"fdad94d\" data-element_type=\"section\">\n\t\t\t\t\t\t<div class=\"elementor-container elementor-column-gap-default\">\n\t\t\t\t\t<div class=\"elementor-column elementor-col-100 elementor-top-column elementor-element elementor-element-d650951\" data-id=\"d650951\" data-element_type=\"column\">\n\t\t\t<div class=\"elementor-widget-wrap elementor-element-populated\">\n\t\t\t\t\t\t<div class=\"elementor-element elementor-element-4725f42 elementor-widget elementor-widget-heading\" data-id=\"4725f42\" data-element_type=\"widget\" data-widget_type=\"heading.default\">\n\t\t\t\t<div class=\"elementor-widget-container\">\n\t\t\t\t\t<h2 class=\"elementor-heading-title elementor-size-default\">Leurs missions<\/h2>\t\t\t\t<\/div>\n\t\t\t\t<\/div>\n\t\t\t\t<div class=\"elementor-element elementor-element-48f5052 elementor-widget elementor-widget-text-editor\" data-id=\"48f5052\" data-element_type=\"widget\" data-widget_type=\"text-editor.default\">\n\t\t\t\t<div class=\"elementor-widget-container\">\n\t\t\t\t\t\t\t\t\t<ul><li><span style=\"color: #00003f;\">Permettre le soulagement de la douleur et des autres sympt\u00f4mes<\/span><\/li><li><span style=\"color: #00003f;\">Prendre en charge la souffrance psychique<\/span><\/li><li><span style=\"color: #00003f;\">Sauvegarder la dignit\u00e9 de la personne malade, avec une attention particuli\u00e8re port\u00e9e aux droits des patients en fin de vie<\/span><\/li><li><span style=\"color: #00003f;\">Offrir un soutien psychologique et\/ou social aux proches pendant la maladie et apr\u00e8s le d\u00e9c\u00e8s<\/span><\/li><li><span style=\"color: #00003f;\">Assurer soutien, conseil et concertation aupr\u00e8s des professionnels<\/span><\/li><li><span style=\"color: #00003f;\">Apporter une aide \u00e0 la r\u00e9flexion autour des situations rencontr\u00e9es et \u00e0 la prise de d\u00e9cision en instaurant des discussions multidisciplinaires d&rsquo;ordre \u00e9thique<\/span><\/li><li><span style=\"color: #00003f;\">Contribuer \u00e0 la pr\u00e9vention de l&rsquo;\u00e9puisement professionnel.<\/span><\/li><li><span style=\"color: #00003f;\">Mettre en \u0153uvre des actions de formations<\/span><\/li><li><span style=\"color: #00003f;\">Participer \u00e0 la recherche en Soins Palliatifs<\/span><\/li><\/ul>\t\t\t\t\t\t\t\t<\/div>\n\t\t\t\t<\/div>\n\t\t\t\t\t<\/div>\n\t\t<\/div>\n\t\t\t\t\t<\/div>\n\t\t<\/section>\n\t\t\t\t<\/div>\n\t\t","protected":false},"excerpt":{"rendered":"<p>\u00c9quipe Mobile de Soins Palliatifs &#8211; EMSP Retour \u00e0 l&rsquo;accueil \u00ab\u00a0Accompagner quelqu&rsquo;un, ce n&rsquo;est pas le pr\u00e9c\u00e9der,lui indiquer la route, lui imposer un itin\u00e9raire,ni m\u00eame conna\u00eetre la direction qu&rsquo;il va prendre. C&rsquo;est marcher \u00e0 ses c\u00f4t\u00e9s en le laissant libre de choisir son chemin et le rythme de son pas\u00a0\u00bb. Contact Mail : emsp@ch-chaumont.fr T\u00e9l\u00e9phone [&hellip;]<\/p>\n","protected":false},"author":2,"featured_media":0,"parent":0,"menu_order":0,"comment_status":"closed","ping_status":"closed","template":"","meta":{"ocean_post_layout":"","ocean_both_sidebars_style":"","ocean_both_sidebars_content_width":0,"ocean_both_sidebars_sidebars_width":0,"ocean_sidebar":"","ocean_second_sidebar":"","ocean_disable_margins":"enable","ocean_add_body_class":"","ocean_shortcode_before_top_bar":"","ocean_shortcode_after_top_bar":"","ocean_shortcode_before_header":"","ocean_shortcode_after_header":"","ocean_has_shortcode":"","ocean_shortcode_after_title":"","ocean_shortcode_before_footer_widgets":"","ocean_shortcode_after_footer_widgets":"","ocean_shortcode_before_footer_bottom":"","ocean_shortcode_after_footer_bottom":"","ocean_display_top_bar":"default","ocean_display_header":"default","ocean_header_style":"","ocean_center_header_left_menu":"","ocean_custom_header_template":"","ocean_custom_logo":0,"ocean_custom_retina_logo":0,"ocean_custom_logo_max_width":0,"ocean_custom_logo_tablet_max_width":0,"ocean_custom_logo_mobile_max_width":0,"ocean_custom_logo_max_height":0,"ocean_custom_logo_tablet_max_height":0,"ocean_custom_logo_mobile_max_height":0,"ocean_header_custom_menu":"","ocean_menu_typo_font_family":"","ocean_menu_typo_font_subset":"","ocean_menu_typo_font_size":0,"ocean_menu_typo_font_size_tablet":0,"ocean_menu_typo_font_size_mobile":0,"ocean_menu_typo_font_size_unit":"px","ocean_menu_typo_font_weight":"","ocean_menu_typo_font_weight_tablet":"","ocean_menu_typo_font_weight_mobile":"","ocean_menu_typo_transform":"","ocean_menu_typo_transform_tablet":"","ocean_menu_typo_transform_mobile":"","ocean_menu_typo_line_height":0,"ocean_menu_typo_line_height_tablet":0,"ocean_menu_typo_line_height_mobile":0,"ocean_menu_typo_line_height_unit":"","ocean_menu_typo_spacing":0,"ocean_menu_typo_spacing_tablet":0,"ocean_menu_typo_spacing_mobile":0,"ocean_menu_typo_spacing_unit":"","ocean_menu_link_color":"","ocean_menu_link_color_hover":"","ocean_menu_link_color_active":"","ocean_menu_link_background":"","ocean_menu_link_hover_background":"","ocean_menu_link_active_background":"","ocean_menu_social_links_bg":"","ocean_menu_social_hover_links_bg":"","ocean_menu_social_links_color":"","ocean_menu_social_hover_links_color":"","ocean_disable_title":"default","ocean_disable_heading":"default","ocean_post_title":"","ocean_post_subheading":"","ocean_post_title_style":"","ocean_post_title_background_color":"","ocean_post_title_background":0,"ocean_post_title_bg_image_position":"","ocean_post_title_bg_image_attachment":"","ocean_post_title_bg_image_repeat":"","ocean_post_title_bg_image_size":"","ocean_post_title_height":0,"ocean_post_title_bg_overlay":0.5,"ocean_post_title_bg_overlay_color":"","ocean_disable_breadcrumbs":"default","ocean_breadcrumbs_color":"","ocean_breadcrumbs_separator_color":"","ocean_breadcrumbs_links_color":"","ocean_breadcrumbs_links_hover_color":"","ocean_display_footer_widgets":"default","ocean_display_footer_bottom":"default","ocean_custom_footer_template":"","footnotes":""},"class_list":["post-2457","page","type-page","status-publish","hentry","entry"],"_links":{"self":[{"href":"https:\/\/www.ch-shm.fr\/index.php?rest_route=\/wp\/v2\/pages\/2457","targetHints":{"allow":["GET"]}}],"collection":[{"href":"https:\/\/www.ch-shm.fr\/index.php?rest_route=\/wp\/v2\/pages"}],"about":[{"href":"https:\/\/www.ch-shm.fr\/index.php?rest_route=\/wp\/v2\/types\/page"}],"author":[{"embeddable":true,"href":"https:\/\/www.ch-shm.fr\/index.php?rest_route=\/wp\/v2\/users\/2"}],"replies":[{"embeddable":true,"href":"https:\/\/www.ch-shm.fr\/index.php?rest_route=%2Fwp%2Fv2%2Fcomments&post=2457"}],"version-history":[{"count":19,"href":"https:\/\/www.ch-shm.fr\/index.php?rest_route=\/wp\/v2\/pages\/2457\/revisions"}],"predecessor-version":[{"id":6050,"href":"https:\/\/www.ch-shm.fr\/index.php?rest_route=\/wp\/v2\/pages\/2457\/revisions\/6050"}],"wp:attachment":[{"href":"https:\/\/www.ch-shm.fr\/index.php?rest_route=%2Fwp%2Fv2%2Fmedia&parent=2457"}],"curies":[{"name":"wp","href":"https:\/\/api.w.org\/{rel}","templated":true}]}}