{"id":2393,"date":"2025-01-10T15:59:55","date_gmt":"2025-01-10T14:59:55","guid":{"rendered":"http:\/\/192.0.0.130\/wordpress\/?page_id=2393"},"modified":"2025-06-24T10:49:11","modified_gmt":"2025-06-24T08:49:11","slug":"ch_representants-des-usagers-ru","status":"publish","type":"page","link":"https:\/\/www.ch-shm.fr\/?page_id=2393","title":{"rendered":"CH_Repr\u00e9sentants des usagers (RU)"},"content":{"rendered":"\t\t<div data-elementor-type=\"wp-page\" data-elementor-id=\"2393\" class=\"elementor elementor-2393\">\n\t\t\t\t\t\t<section class=\"elementor-section elementor-top-section elementor-element elementor-element-9321199 elementor-section-boxed elementor-section-height-default elementor-section-height-default\" data-id=\"9321199\" data-element_type=\"section\" data-settings=\"{&quot;background_background&quot;:&quot;classic&quot;}\">\n\t\t\t\t\t\t<div class=\"elementor-container elementor-column-gap-default\">\n\t\t\t\t\t<div class=\"elementor-column elementor-col-100 elementor-top-column elementor-element elementor-element-f18b5ad\" data-id=\"f18b5ad\" data-element_type=\"column\">\n\t\t\t<div class=\"elementor-widget-wrap elementor-element-populated\">\n\t\t\t\t\t\t<div class=\"elementor-element elementor-element-2735eb0 elementor-widget elementor-widget-heading\" data-id=\"2735eb0\" data-element_type=\"widget\" data-widget_type=\"heading.default\">\n\t\t\t\t<div class=\"elementor-widget-container\">\n\t\t\t\t\t<h2 class=\"elementor-heading-title elementor-size-default\">Repr\u00e9sentants des usagers (RU)<\/h2>\t\t\t\t<\/div>\n\t\t\t\t<\/div>\n\t\t\t\t\t<\/div>\n\t\t<\/div>\n\t\t\t\t\t<\/div>\n\t\t<\/section>\n\t\t\t\t<section class=\"elementor-section elementor-top-section elementor-element elementor-element-4b91fb4 elementor-section-boxed elementor-section-height-default elementor-section-height-default\" data-id=\"4b91fb4\" data-element_type=\"section\">\n\t\t\t\t\t\t<div class=\"elementor-container elementor-column-gap-default\">\n\t\t\t\t\t<div class=\"elementor-column elementor-col-100 elementor-top-column elementor-element elementor-element-cf9a497\" data-id=\"cf9a497\" data-element_type=\"column\">\n\t\t\t<div class=\"elementor-widget-wrap elementor-element-populated\">\n\t\t\t\t\t\t<div class=\"elementor-element elementor-element-983084b elementor-widget elementor-widget-text-editor\" data-id=\"983084b\" data-element_type=\"widget\" data-widget_type=\"text-editor.default\">\n\t\t\t\t<div class=\"elementor-widget-container\">\n\t\t\t\t\t\t\t\t\t<section class=\"elementor-section elementor-top-section elementor-element elementor-element-126b548 elementor-section-boxed elementor-section-height-default elementor-section-height-default\" data-id=\"126b548\" data-element_type=\"section\"><div class=\"elementor-container elementor-column-gap-default\"><div class=\"elementor-column elementor-col-100 elementor-top-column elementor-element elementor-element-7abadb7\" data-id=\"7abadb7\" data-element_type=\"column\"><div class=\"elementor-widget-wrap elementor-element-populated\"><div class=\"elementor-element elementor-element-ce780ab elementor-widget elementor-widget-text-editor\" data-id=\"ce780ab\" data-element_type=\"widget\" data-widget_type=\"text-editor.default\"><div class=\"elementor-widget-container\"><p><span style=\"color: #00003f;\">Les repr\u00e9sentants des usagers (RU) ont pour mission principale d\u2019\u00eatre les \u00ab\u00a0portes-parole des patients\u00a0\u00bb. Ils exercent des mandats dans diff\u00e9rentes instances, de l\u2019h\u00f4pital de proximit\u00e9, avec la volont\u00e9, aux c\u00f4t\u00e9s des autres acteurs (professionnels de sant\u00e9 et administratifs, \u00e9lus, pouvoirs publics\u2026), de construire un syst\u00e8me de sant\u00e9 pens\u00e9 pour et par les patients. Ils accompagnent les patients dans la gestion des plaintes, dans les r\u00e9clamations, dans les d\u00e9marches (demande de dossiers m\u00e9dicaux,\u2026), les m\u00e9diations\u2026<\/span><\/p><\/div><\/div><div class=\"elementor-element elementor-element-2a9d0db elementor-widget elementor-widget-heading\" data-id=\"2a9d0db\" data-element_type=\"widget\" data-widget_type=\"heading.default\"><div class=\"elementor-widget-container\"><h2 class=\"elementor-heading-title elementor-size-default\"><span style=\"color: #00003f;\">Missions<\/span><\/h2><\/div><\/div><div class=\"elementor-element elementor-element-d06c4ba elementor-widget elementor-widget-text-editor\" data-id=\"d06c4ba\" data-element_type=\"widget\" data-widget_type=\"text-editor.default\"><div class=\"elementor-widget-container\"><p><span style=\"color: #00003f;\">\u2013 R\u00e9daction et mise en forme des questionnaires de sortie des patients<\/span><\/p><p><span style=\"color: #00003f;\">\u2013 Formation des professionnels aux missions des RU<\/span><\/p><p><span style=\"color: #00003f;\">\u2013 Participation active \u00e0 la pr\u00e9paration de la certification<\/span><\/p><\/div><\/div><\/div><\/div><\/div><\/section><section class=\"elementor-section elementor-top-section elementor-element elementor-element-1ada2c9 elementor-section-boxed elementor-section-height-default elementor-section-height-default\" data-id=\"1ada2c9\" data-element_type=\"section\"><div class=\"elementor-container elementor-column-gap-default\"><div class=\"elementor-column elementor-col-100 elementor-top-column elementor-element elementor-element-6194f0d\" data-id=\"6194f0d\" data-element_type=\"column\"><div class=\"elementor-widget-wrap elementor-element-populated\"><section class=\"elementor-section elementor-inner-section elementor-element elementor-element-4531eec elementor-section-boxed elementor-section-height-default elementor-section-height-default\" data-id=\"4531eec\" data-element_type=\"section\"><div class=\"elementor-container elementor-column-gap-default\"><div class=\"elementor-column elementor-col-100 elementor-inner-column elementor-element elementor-element-c9f2784\" data-id=\"c9f2784\" data-element_type=\"column\"><div class=\"elementor-widget-wrap elementor-element-populated\"><div class=\"elementor-element elementor-element-697eb9a elementor-widget elementor-widget-heading\" data-id=\"697eb9a\" data-element_type=\"widget\" data-widget_type=\"heading.default\"><div class=\"elementor-widget-container\"><h2 class=\"elementor-heading-title elementor-size-default\"><span style=\"color: #00003f;\">Plaintes et r\u00e9clamations<\/span><\/h2><\/div><\/div><div class=\"elementor-element elementor-element-b298716 elementor-widget elementor-widget-text-editor\" data-id=\"b298716\" data-element_type=\"widget\" data-widget_type=\"text-editor.default\"><div class=\"elementor-widget-container\"><p><span style=\"color: #00003f;\">Les plaintes et r\u00e9clamations \u00e9crites doivent \u00eatre adress\u00e9es au Directeur de l\u2019\u00e9tablissement.\u00a0<\/span><\/p><p><span style=\"color: #00003f;\">Une r\u00e9ponse seras adress\u00e9e dans les meilleurs d\u00e9lais apr\u00e8s informations prises aupr\u00e8s des services concern\u00e9s.<\/span><\/p><p><span style=\"color: #00003f;\">Si besoin une m\u00e9diation peut \u00eatre propos\u00e9e<\/span><\/p><\/div><\/div><\/div><\/div><\/div><\/section><\/div><\/div><\/div><\/section>\t\t\t\t\t\t\t\t<\/div>\n\t\t\t\t<\/div>\n\t\t\t\t<div class=\"elementor-element elementor-element-7408e9b elementor-widget elementor-widget-button\" data-id=\"7408e9b\" data-element_type=\"widget\" data-widget_type=\"button.default\">\n\t\t\t\t<div class=\"elementor-widget-container\">\n\t\t\t\t\t\t\t\t\t<div class=\"elementor-button-wrapper\">\n\t\t\t\t\t<a class=\"elementor-button elementor-button-link elementor-size-sm\" href=\"https:\/\/www.ch-shm.fr\/wp-content\/uploads\/2024\/12\/RU-chaumont.png\">\n\t\t\t\t\t\t<span class=\"elementor-button-content-wrapper\">\n\t\t\t\t\t\t\t\t\t<span class=\"elementor-button-text\">Plaquette des Repr\u00e9sentants des Usagers<\/span>\n\t\t\t\t\t<\/span>\n\t\t\t\t\t<\/a>\n\t\t\t\t<\/div>\n\t\t\t\t\t\t\t\t<\/div>\n\t\t\t\t<\/div>\n\t\t\t\t\t<\/div>\n\t\t<\/div>\n\t\t\t\t\t<\/div>\n\t\t<\/section>\n\t\t\t\t<\/div>\n\t\t","protected":false},"excerpt":{"rendered":"<p>Repr\u00e9sentants des usagers (RU) Les repr\u00e9sentants des usagers (RU) ont pour mission principale d\u2019\u00eatre les \u00ab\u00a0portes-parole des patients\u00a0\u00bb. Ils exercent des mandats dans diff\u00e9rentes instances, de l\u2019h\u00f4pital de proximit\u00e9, avec la volont\u00e9, aux c\u00f4t\u00e9s des autres acteurs (professionnels de sant\u00e9 et administratifs, \u00e9lus, pouvoirs publics\u2026), de construire un syst\u00e8me de sant\u00e9 pens\u00e9 pour et par [&hellip;]<\/p>\n","protected":false},"author":2,"featured_media":0,"parent":0,"menu_order":0,"comment_status":"closed","ping_status":"closed","template":"","meta":{"ocean_post_layout":"","ocean_both_sidebars_style":"","ocean_both_sidebars_content_width":0,"ocean_both_sidebars_sidebars_width":0,"ocean_sidebar":"","ocean_second_sidebar":"","ocean_disable_margins":"enable","ocean_add_body_class":"","ocean_shortcode_before_top_bar":"","ocean_shortcode_after_top_bar":"","ocean_shortcode_before_header":"","ocean_shortcode_after_header":"","ocean_has_shortcode":"","ocean_shortcode_after_title":"","ocean_shortcode_before_footer_widgets":"","ocean_shortcode_after_footer_widgets":"","ocean_shortcode_before_footer_bottom":"","ocean_shortcode_after_footer_bottom":"","ocean_display_top_bar":"default","ocean_display_header":"default","ocean_header_style":"","ocean_center_header_left_menu":"","ocean_custom_header_template":"","ocean_custom_logo":0,"ocean_custom_retina_logo":0,"ocean_custom_logo_max_width":0,"ocean_custom_logo_tablet_max_width":0,"ocean_custom_logo_mobile_max_width":0,"ocean_custom_logo_max_height":0,"ocean_custom_logo_tablet_max_height":0,"ocean_custom_logo_mobile_max_height":0,"ocean_header_custom_menu":"","ocean_menu_typo_font_family":"","ocean_menu_typo_font_subset":"","ocean_menu_typo_font_size":0,"ocean_menu_typo_font_size_tablet":0,"ocean_menu_typo_font_size_mobile":0,"ocean_menu_typo_font_size_unit":"px","ocean_menu_typo_font_weight":"","ocean_menu_typo_font_weight_tablet":"","ocean_menu_typo_font_weight_mobile":"","ocean_menu_typo_transform":"","ocean_menu_typo_transform_tablet":"","ocean_menu_typo_transform_mobile":"","ocean_menu_typo_line_height":0,"ocean_menu_typo_line_height_tablet":0,"ocean_menu_typo_line_height_mobile":0,"ocean_menu_typo_line_height_unit":"","ocean_menu_typo_spacing":0,"ocean_menu_typo_spacing_tablet":0,"ocean_menu_typo_spacing_mobile":0,"ocean_menu_typo_spacing_unit":"","ocean_menu_link_color":"","ocean_menu_link_color_hover":"","ocean_menu_link_color_active":"","ocean_menu_link_background":"","ocean_menu_link_hover_background":"","ocean_menu_link_active_background":"","ocean_menu_social_links_bg":"","ocean_menu_social_hover_links_bg":"","ocean_menu_social_links_color":"","ocean_menu_social_hover_links_color":"","ocean_disable_title":"default","ocean_disable_heading":"default","ocean_post_title":"","ocean_post_subheading":"","ocean_post_title_style":"","ocean_post_title_background_color":"","ocean_post_title_background":0,"ocean_post_title_bg_image_position":"","ocean_post_title_bg_image_attachment":"","ocean_post_title_bg_image_repeat":"","ocean_post_title_bg_image_size":"","ocean_post_title_height":0,"ocean_post_title_bg_overlay":0.5,"ocean_post_title_bg_overlay_color":"","ocean_disable_breadcrumbs":"default","ocean_breadcrumbs_color":"","ocean_breadcrumbs_separator_color":"","ocean_breadcrumbs_links_color":"","ocean_breadcrumbs_links_hover_color":"","ocean_display_footer_widgets":"default","ocean_display_footer_bottom":"default","ocean_custom_footer_template":"","footnotes":""},"class_list":["post-2393","page","type-page","status-publish","hentry","entry"],"_links":{"self":[{"href":"https:\/\/www.ch-shm.fr\/index.php?rest_route=\/wp\/v2\/pages\/2393","targetHints":{"allow":["GET"]}}],"collection":[{"href":"https:\/\/www.ch-shm.fr\/index.php?rest_route=\/wp\/v2\/pages"}],"about":[{"href":"https:\/\/www.ch-shm.fr\/index.php?rest_route=\/wp\/v2\/types\/page"}],"author":[{"embeddable":true,"href":"https:\/\/www.ch-shm.fr\/index.php?rest_route=\/wp\/v2\/users\/2"}],"replies":[{"embeddable":true,"href":"https:\/\/www.ch-shm.fr\/index.php?rest_route=%2Fwp%2Fv2%2Fcomments&post=2393"}],"version-history":[{"count":23,"href":"https:\/\/www.ch-shm.fr\/index.php?rest_route=\/wp\/v2\/pages\/2393\/revisions"}],"predecessor-version":[{"id":5078,"href":"https:\/\/www.ch-shm.fr\/index.php?rest_route=\/wp\/v2\/pages\/2393\/revisions\/5078"}],"wp:attachment":[{"href":"https:\/\/www.ch-shm.fr\/index.php?rest_route=%2Fwp%2Fv2%2Fmedia&parent=2393"}],"curies":[{"name":"wp","href":"https:\/\/api.w.org\/{rel}","templated":true}]}}