{"id":2192,"date":"2025-01-10T16:00:17","date_gmt":"2025-01-10T15:00:17","guid":{"rendered":"http:\/\/192.0.0.130\/wordpress\/?page_id=2192"},"modified":"2026-04-07T15:00:46","modified_gmt":"2026-04-07T13:00:46","slug":"l_dietetique","status":"publish","type":"page","link":"https:\/\/www.ch-shm.fr\/?page_id=2192","title":{"rendered":"Di\u00e9t\u00e9tique Langres"},"content":{"rendered":"\t\t<div data-elementor-type=\"wp-page\" data-elementor-id=\"2192\" class=\"elementor elementor-2192\">\n\t\t\t\t\t\t<section class=\"elementor-section elementor-top-section elementor-element elementor-element-d4b1e27 elementor-section-boxed elementor-section-height-default elementor-section-height-default\" data-id=\"d4b1e27\" data-element_type=\"section\" data-settings=\"{&quot;background_background&quot;:&quot;classic&quot;}\">\n\t\t\t\t\t\t<div class=\"elementor-container elementor-column-gap-default\">\n\t\t\t\t\t<div class=\"elementor-column elementor-col-100 elementor-top-column elementor-element elementor-element-b38321d\" data-id=\"b38321d\" data-element_type=\"column\">\n\t\t\t<div class=\"elementor-widget-wrap elementor-element-populated\">\n\t\t\t\t\t\t<div class=\"elementor-element elementor-element-da93ff7 elementor-widget elementor-widget-heading\" data-id=\"da93ff7\" data-element_type=\"widget\" data-widget_type=\"heading.default\">\n\t\t\t\t<div class=\"elementor-widget-container\">\n\t\t\t\t\t<h2 class=\"elementor-heading-title elementor-size-default\">D\u00e9t\u00e9tique<\/h2>\t\t\t\t<\/div>\n\t\t\t\t<\/div>\n\t\t\t\t\t<\/div>\n\t\t<\/div>\n\t\t\t\t\t<\/div>\n\t\t<\/section>\n\t\t\t\t<section class=\"elementor-section elementor-top-section elementor-element elementor-element-fe038a9 elementor-section-boxed elementor-section-height-default elementor-section-height-default\" data-id=\"fe038a9\" data-element_type=\"section\" data-settings=\"{&quot;background_background&quot;:&quot;classic&quot;}\">\n\t\t\t\t\t\t<div class=\"elementor-container elementor-column-gap-default\">\n\t\t\t\t\t<div class=\"elementor-column elementor-col-100 elementor-top-column elementor-element elementor-element-4d785a2\" data-id=\"4d785a2\" data-element_type=\"column\">\n\t\t\t<div class=\"elementor-widget-wrap elementor-element-populated\">\n\t\t\t\t\t\t<div class=\"elementor-element elementor-element-55e3a7c elementor-widget-divider--view-line elementor-widget elementor-widget-divider\" data-id=\"55e3a7c\" data-element_type=\"widget\" data-widget_type=\"divider.default\">\n\t\t\t\t<div class=\"elementor-widget-container\">\n\t\t\t\t\t\t\t<div class=\"elementor-divider\">\n\t\t\t<span class=\"elementor-divider-separator\">\n\t\t\t\t\t\t<\/span>\n\t\t<\/div>\n\t\t\t\t\t\t<\/div>\n\t\t\t\t<\/div>\n\t\t\t\t<div class=\"elementor-element elementor-element-e8f8ec3 elementor-widget elementor-widget-heading\" data-id=\"e8f8ec3\" data-element_type=\"widget\" data-widget_type=\"heading.default\">\n\t\t\t\t<div class=\"elementor-widget-container\">\n\t\t\t\t\t<h2 class=\"elementor-heading-title elementor-size-default\">Contact<\/h2>\t\t\t\t<\/div>\n\t\t\t\t<\/div>\n\t\t\t\t<div class=\"elementor-element elementor-element-417b690 elementor-widget elementor-widget-text-editor\" data-id=\"417b690\" data-element_type=\"widget\" data-widget_type=\"text-editor.default\">\n\t\t\t\t<div class=\"elementor-widget-container\">\n\t\t\t\t\t\t\t\t\t<p style=\"text-align: center;\"><span style=\"color: #00003f;\"><strong><span class=\"x193iq5w xeuugli x13faqbe x1vvkbs x1xmvt09 x1lliihq x1s928wv xhkezso x1gmr53x x1cpjm7i x1fgarty x1943h6x xudqn12 x3x7a5m x6prxxf xvq8zen xo1l8bm xzsf02u x1yc453h\" dir=\"auto\">T\u00e9l\u00e9phone : 03 25 87 87 83 <\/span><\/strong><\/span><\/p><p style=\"text-align: center;\"><span style=\"color: #00003f;\"><strong><span class=\"x193iq5w xeuugli x13faqbe x1vvkbs x1xmvt09 x1lliihq x1s928wv xhkezso x1gmr53x x1cpjm7i x1fgarty x1943h6x xudqn12 x3x7a5m x6prxxf xvq8zen xo1l8bm xzsf02u x1yc453h\" dir=\"auto\">Mail : a.siaux@ch-langres.fr<\/span><\/strong><\/span><\/p>\t\t\t\t\t\t\t\t<\/div>\n\t\t\t\t<\/div>\n\t\t\t\t<div class=\"elementor-element elementor-element-ecec5f7 elementor-widget-divider--view-line elementor-widget elementor-widget-divider\" data-id=\"ecec5f7\" data-element_type=\"widget\" data-widget_type=\"divider.default\">\n\t\t\t\t<div class=\"elementor-widget-container\">\n\t\t\t\t\t\t\t<div class=\"elementor-divider\">\n\t\t\t<span class=\"elementor-divider-separator\">\n\t\t\t\t\t\t<\/span>\n\t\t<\/div>\n\t\t\t\t\t\t<\/div>\n\t\t\t\t<\/div>\n\t\t\t\t<div class=\"elementor-element elementor-element-185a938 elementor-widget elementor-widget-heading\" data-id=\"185a938\" data-element_type=\"widget\" data-widget_type=\"heading.default\">\n\t\t\t\t<div class=\"elementor-widget-container\">\n\t\t\t\t\t<h2 class=\"elementor-heading-title elementor-size-default\">Horaires<\/h2>\t\t\t\t<\/div>\n\t\t\t\t<\/div>\n\t\t\t\t<div class=\"elementor-element elementor-element-9982b0e elementor-widget elementor-widget-text-editor\" data-id=\"9982b0e\" data-element_type=\"widget\" data-widget_type=\"text-editor.default\">\n\t\t\t\t<div class=\"elementor-widget-container\">\n\t\t\t\t\t\t\t\t\t<p style=\"text-align: center;\"><strong><span class=\"x193iq5w xeuugli x13faqbe x1vvkbs x1xmvt09 x1lliihq x1s928wv xhkezso x1gmr53x x1cpjm7i x1fgarty x1943h6x xudqn12 x3x7a5m x6prxxf xvq8zen xo1l8bm xzsf02u x1yc453h\" dir=\"auto\">Le Lundi, Mardi, Jeudi et Vendredi : <\/span><\/strong><\/p><p style=\"text-align: center;\"><strong><span class=\"x193iq5w xeuugli x13faqbe x1vvkbs x1xmvt09 x1lliihq x1s928wv xhkezso x1gmr53x x1cpjm7i x1fgarty x1943h6x xudqn12 x3x7a5m x6prxxf xvq8zen xo1l8bm xzsf02u x1yc453h\" dir=\"auto\">De 8h30\u00e0 16h30 (horaires variables).<\/span><\/strong><\/p>\t\t\t\t\t\t\t\t<\/div>\n\t\t\t\t<\/div>\n\t\t\t\t<div class=\"elementor-element elementor-element-6ec3154 elementor-widget elementor-widget-heading\" data-id=\"6ec3154\" data-element_type=\"widget\" data-widget_type=\"heading.default\">\n\t\t\t\t<div class=\"elementor-widget-container\">\n\t\t\t\t\t<h2 class=\"elementor-heading-title elementor-size-default\">Suivi<\/h2>\t\t\t\t<\/div>\n\t\t\t\t<\/div>\n\t\t\t\t<div class=\"elementor-element elementor-element-359221b elementor-widget elementor-widget-text-editor\" data-id=\"359221b\" data-element_type=\"widget\" data-widget_type=\"text-editor.default\">\n\t\t\t\t<div class=\"elementor-widget-container\">\n\t\t\t\t\t\t\t\t\t<div class=\"x11i5rnm xat24cr x1mh8g0r x1vvkbs xtlvy1s x126k92a\"><ul><li dir=\"auto\">Consultations personnalis\u00e9es (pour les personnes venant de leur propre initiative et les patients internes du CH de Langres).<\/li><li dir=\"auto\">Bilan, adaptation des besoins, \u00e9ducation th\u00e9rapeutique personnalis\u00e9e (sommeil, stress, pathologie, traitement, comportement alimentaire).<\/li><li dir=\"auto\">Collaboration avec les services SMR, cardiologie et pneumologie pour les repas th\u00e9rapeutiques, avec la restauration de Bourbonne-les-Bains (les menus de Langres sont confectionn\u00e9s sur ce CH), et les di\u00e9t\u00e9ticiennes de Chaumont. IPA, APA, Dr. Brenner, hospitalisation de jour (pour les patients en surpoids, diab\u00e9tiques, ob\u00e8ses, etc.).<\/li><\/ul><p><span class=\"x193iq5w xeuugli x13faqbe x1vvkbs x1xmvt09 x1lliihq x1s928wv xhkezso x1gmr53x x1cpjm7i x1fgarty x1943h6x xudqn12 x3x7a5m x6prxxf xvq8zen xo1l8bm xzsf02u x1yc453h\" dir=\"auto\">\ud835\udc00\u0300 \ud835\udc12\ud835\udc00\ud835\udc15\ud835\udc0e\ud835\udc08\ud835\udc11 : \ud835\udc0b\ud835\udc1e \ud835\udc27\ud835\udc2e\ud835\udc26\ud835\udc1e\u0301\ud835\udc2b\ud835\udc28 \ud835\udc00\ud835\udc03\ud835\udc04\ud835\udc0b\ud835\udc08 \ud835\udc29\ud835\udc1e\ud835\udc2b\ud835\udc26\ud835\udc1e\ud835\udc2d \ud835\udc1d&rsquo;\ud835\udc22\ud835\udc1d\ud835\udc1e\ud835\udc27\ud835\udc2d\ud835\udc22\ud835\udc1f\ud835\udc22\ud835\udc1e\ud835\udc2b \ud835\udc25\ud835\udc1e\ud835\udc2c \ud835\udc29\ud835\udc2b\ud835\udc28\ud835\udc1f\ud835\udc1e\ud835\udc2c\ud835\udc2c\ud835\udc22\ud835\udc28\ud835\udc27\ud835\udc27\ud835\udc1e\ud835\udc25\ud835\udc2c \ud835\udc1d\ud835\udc1e \ud835\udc2c\ud835\udc1a\ud835\udc27\ud835\udc2d\ud835\udc1e\u0301. (\ud835\udc0b\ud835\udc1e\ud835\udc2c \ud835\udc26\ud835\udc2e\ud835\udc2d\ud835\udc2e\ud835\udc1e\ud835\udc25\ud835\udc25\ud835\udc1e\ud835\udc2c \ud835\udc29\ud835\udc1e\ud835\udc2e\ud835\udc2f\ud835\udc1e\ud835\udc27\ud835\udc2d \ud835\udc2b\ud835\udc1e\ud835\udc26\ud835\udc1b\ud835\udc28\ud835\udc2e\ud835\udc2b\ud835\udc2c\ud835\udc1e\ud835\udc2b \ud835\udc25\ud835\udc1e\ud835\udc2c \ud835\udc1c\ud835\udc28\ud835\udc27\ud835\udc2c\ud835\udc2e\ud835\udc25\ud835\udc2d\ud835\udc1a\ud835\udc2d\ud835\udc22\ud835\udc28\ud835\udc27\ud835\udc2c, \ud835\udc1e\ud835\udc27 \ud835\udc1f\ud835\udc28\ud835\udc27\ud835\udc1c\ud835\udc2d\ud835\udc22\ud835\udc28\ud835\udc27 \ud835\udc1d\ud835\udc1e \ud835\udc25\ud835\udc1a \ud835\udc29\ud835\udc2b\ud835\udc22\ud835\udc2c\ud835\udc1e \ud835\udc1e\ud835\udc27 \ud835\udc1c\ud835\udc21\ud835\udc1a\ud835\udc2b\ud835\udc20\ud835\udc1e \ud835\udc1d\ud835\udc2e \ud835\udc29\ud835\udc1a\ud835\udc2d\ud835\udc22\ud835\udc1e\ud835\udc27\ud835\udc2d).<\/span><\/p><\/div>\t\t\t\t\t\t\t\t<\/div>\n\t\t\t\t<\/div>\n\t\t\t\t<div class=\"elementor-element elementor-element-6e2f1b2 elementor-widget elementor-widget-heading\" data-id=\"6e2f1b2\" data-element_type=\"widget\" data-widget_type=\"heading.default\">\n\t\t\t\t<div class=\"elementor-widget-container\">\n\t\t\t\t\t<h2 class=\"elementor-heading-title elementor-size-default\">Localisation<\/h2>\t\t\t\t<\/div>\n\t\t\t\t<\/div>\n\t\t\t\t<div class=\"elementor-element elementor-element-836a93b elementor-widget elementor-widget-text-editor\" data-id=\"836a93b\" data-element_type=\"widget\" data-widget_type=\"text-editor.default\">\n\t\t\t\t<div class=\"elementor-widget-container\">\n\t\t\t\t\t\t\t\t\t<p><span class=\"x193iq5w xeuugli x13faqbe x1vvkbs x1xmvt09 x1lliihq x1s928wv xhkezso x1gmr53x x1cpjm7i x1fgarty x1943h6x xudqn12 x3x7a5m x6prxxf xvq8zen xo1l8bm xzsf02u x1yc453h\" dir=\"auto\"> Se pr\u00e9senter au bureau des entr\u00e9es dans le hall des Dominicaines. <\/span><\/p><p><span class=\"x193iq5w xeuugli x13faqbe x1vvkbs x1xmvt09 x1lliihq x1s928wv xhkezso x1gmr53x x1cpjm7i x1fgarty x1943h6x xudqn12 x3x7a5m x6prxxf xvq8zen xo1l8bm xzsf02u x1yc453h\" dir=\"auto\">Les consultations s\u2019effectuent au 1er \u00e9tage pr\u00e8s de la m\u00e9decine A.<\/span><\/p>\t\t\t\t\t\t\t\t<\/div>\n\t\t\t\t<\/div>\n\t\t\t\t\t<\/div>\n\t\t<\/div>\n\t\t\t\t\t<\/div>\n\t\t<\/section>\n\t\t\t\t<section class=\"elementor-section elementor-top-section elementor-element elementor-element-65a674a elementor-section-boxed elementor-section-height-default elementor-section-height-default\" data-id=\"65a674a\" data-element_type=\"section\">\n\t\t\t\t\t\t<div class=\"elementor-container elementor-column-gap-default\">\n\t\t\t\t\t<div class=\"elementor-column elementor-col-100 elementor-top-column elementor-element elementor-element-30673fd\" data-id=\"30673fd\" data-element_type=\"column\">\n\t\t\t<div class=\"elementor-widget-wrap elementor-element-populated\">\n\t\t\t\t\t\t<div class=\"elementor-element elementor-element-1e72407 elementor-widget elementor-widget-image\" data-id=\"1e72407\" data-element_type=\"widget\" data-widget_type=\"image.default\">\n\t\t\t\t<div class=\"elementor-widget-container\">\n\t\t\t\t\t\t\t\t\t\t\t\t\t\t\t<img fetchpriority=\"high\" decoding=\"async\" width=\"300\" height=\"200\" src=\"https:\/\/www.ch-shm.fr\/wp-content\/uploads\/2025\/01\/clipboard-mock-up-slate-background-300x200.jpg\" class=\"attachment-medium size-medium wp-image-2916\" alt=\"\" srcset=\"https:\/\/www.ch-shm.fr\/wp-content\/uploads\/2025\/01\/clipboard-mock-up-slate-background-300x200.jpg 300w, https:\/\/www.ch-shm.fr\/wp-content\/uploads\/2025\/01\/clipboard-mock-up-slate-background-1024x683.jpg 1024w, https:\/\/www.ch-shm.fr\/wp-content\/uploads\/2025\/01\/clipboard-mock-up-slate-background-768x512.jpg 768w, https:\/\/www.ch-shm.fr\/wp-content\/uploads\/2025\/01\/clipboard-mock-up-slate-background-1536x1024.jpg 1536w, https:\/\/www.ch-shm.fr\/wp-content\/uploads\/2025\/01\/clipboard-mock-up-slate-background-2048x1365.jpg 2048w\" sizes=\"(max-width: 300px) 100vw, 300px\" \/>\t\t\t\t\t\t\t\t\t\t\t\t\t\t\t<\/div>\n\t\t\t\t<\/div>\n\t\t\t\t\t<\/div>\n\t\t<\/div>\n\t\t\t\t\t<\/div>\n\t\t<\/section>\n\t\t\t\t<\/div>\n\t\t","protected":false},"excerpt":{"rendered":"<p>D\u00e9t\u00e9tique Contact T\u00e9l\u00e9phone : 03 25 87 87 83 Mail : a.siaux@ch-langres.fr Horaires Le Lundi, Mardi, Jeudi et Vendredi : De 8h30\u00e0 16h30 (horaires variables). Suivi Consultations personnalis\u00e9es (pour les personnes venant de leur propre initiative et les patients internes du CH de Langres). Bilan, adaptation des besoins, \u00e9ducation th\u00e9rapeutique personnalis\u00e9e (sommeil, stress, pathologie, traitement, [&hellip;]<\/p>\n","protected":false},"author":2,"featured_media":0,"parent":0,"menu_order":0,"comment_status":"closed","ping_status":"closed","template":"","meta":{"ocean_post_layout":"","ocean_both_sidebars_style":"","ocean_both_sidebars_content_width":0,"ocean_both_sidebars_sidebars_width":0,"ocean_sidebar":"","ocean_second_sidebar":"","ocean_disable_margins":"enable","ocean_add_body_class":"","ocean_shortcode_before_top_bar":"","ocean_shortcode_after_top_bar":"","ocean_shortcode_before_header":"","ocean_shortcode_after_header":"","ocean_has_shortcode":"","ocean_shortcode_after_title":"","ocean_shortcode_before_footer_widgets":"","ocean_shortcode_after_footer_widgets":"","ocean_shortcode_before_footer_bottom":"","ocean_shortcode_after_footer_bottom":"","ocean_display_top_bar":"default","ocean_display_header":"default","ocean_header_style":"","ocean_center_header_left_menu":"","ocean_custom_header_template":"","ocean_custom_logo":0,"ocean_custom_retina_logo":0,"ocean_custom_logo_max_width":0,"ocean_custom_logo_tablet_max_width":0,"ocean_custom_logo_mobile_max_width":0,"ocean_custom_logo_max_height":0,"ocean_custom_logo_tablet_max_height":0,"ocean_custom_logo_mobile_max_height":0,"ocean_header_custom_menu":"","ocean_menu_typo_font_family":"","ocean_menu_typo_font_subset":"","ocean_menu_typo_font_size":0,"ocean_menu_typo_font_size_tablet":0,"ocean_menu_typo_font_size_mobile":0,"ocean_menu_typo_font_size_unit":"px","ocean_menu_typo_font_weight":"","ocean_menu_typo_font_weight_tablet":"","ocean_menu_typo_font_weight_mobile":"","ocean_menu_typo_transform":"","ocean_menu_typo_transform_tablet":"","ocean_menu_typo_transform_mobile":"","ocean_menu_typo_line_height":0,"ocean_menu_typo_line_height_tablet":0,"ocean_menu_typo_line_height_mobile":0,"ocean_menu_typo_line_height_unit":"","ocean_menu_typo_spacing":0,"ocean_menu_typo_spacing_tablet":0,"ocean_menu_typo_spacing_mobile":0,"ocean_menu_typo_spacing_unit":"","ocean_menu_link_color":"","ocean_menu_link_color_hover":"","ocean_menu_link_color_active":"","ocean_menu_link_background":"","ocean_menu_link_hover_background":"","ocean_menu_link_active_background":"","ocean_menu_social_links_bg":"","ocean_menu_social_hover_links_bg":"","ocean_menu_social_links_color":"","ocean_menu_social_hover_links_color":"","ocean_disable_title":"default","ocean_disable_heading":"default","ocean_post_title":"","ocean_post_subheading":"","ocean_post_title_style":"","ocean_post_title_background_color":"","ocean_post_title_background":0,"ocean_post_title_bg_image_position":"","ocean_post_title_bg_image_attachment":"","ocean_post_title_bg_image_repeat":"","ocean_post_title_bg_image_size":"","ocean_post_title_height":0,"ocean_post_title_bg_overlay":0.5,"ocean_post_title_bg_overlay_color":"","ocean_disable_breadcrumbs":"default","ocean_breadcrumbs_color":"","ocean_breadcrumbs_separator_color":"","ocean_breadcrumbs_links_color":"","ocean_breadcrumbs_links_hover_color":"","ocean_display_footer_widgets":"default","ocean_display_footer_bottom":"default","ocean_custom_footer_template":"","footnotes":""},"class_list":["post-2192","page","type-page","status-publish","hentry","entry"],"_links":{"self":[{"href":"https:\/\/www.ch-shm.fr\/index.php?rest_route=\/wp\/v2\/pages\/2192","targetHints":{"allow":["GET"]}}],"collection":[{"href":"https:\/\/www.ch-shm.fr\/index.php?rest_route=\/wp\/v2\/pages"}],"about":[{"href":"https:\/\/www.ch-shm.fr\/index.php?rest_route=\/wp\/v2\/types\/page"}],"author":[{"embeddable":true,"href":"https:\/\/www.ch-shm.fr\/index.php?rest_route=\/wp\/v2\/users\/2"}],"replies":[{"embeddable":true,"href":"https:\/\/www.ch-shm.fr\/index.php?rest_route=%2Fwp%2Fv2%2Fcomments&post=2192"}],"version-history":[{"count":15,"href":"https:\/\/www.ch-shm.fr\/index.php?rest_route=\/wp\/v2\/pages\/2192\/revisions"}],"predecessor-version":[{"id":5983,"href":"https:\/\/www.ch-shm.fr\/index.php?rest_route=\/wp\/v2\/pages\/2192\/revisions\/5983"}],"wp:attachment":[{"href":"https:\/\/www.ch-shm.fr\/index.php?rest_route=%2Fwp%2Fv2%2Fmedia&parent=2192"}],"curies":[{"name":"wp","href":"https:\/\/api.w.org\/{rel}","templated":true}]}}