{"id":2161,"date":"2025-01-10T16:00:49","date_gmt":"2025-01-10T15:00:49","guid":{"rendered":"http:\/\/192.0.0.130\/wordpress\/?page_id=2161"},"modified":"2025-01-24T16:18:00","modified_gmt":"2025-01-24T15:18:00","slug":"l_soins_medicaux_readaptation_cardio-respiratoire","status":"publish","type":"page","link":"https:\/\/www.ch-shm.fr\/?page_id=2161","title":{"rendered":"L_Soins_M\u00e9dicaux_R\u00e9adaptation_Cardio-Respiratoire"},"content":{"rendered":"\t\t<div data-elementor-type=\"wp-page\" data-elementor-id=\"2161\" class=\"elementor elementor-2161\">\n\t\t\t\t\t\t<section class=\"elementor-section elementor-top-section elementor-element elementor-element-0adbcb7 elementor-section-boxed elementor-section-height-default elementor-section-height-default\" data-id=\"0adbcb7\" data-element_type=\"section\" data-settings=\"{&quot;background_background&quot;:&quot;classic&quot;}\">\n\t\t\t\t\t\t<div class=\"elementor-container elementor-column-gap-default\">\n\t\t\t\t\t<div class=\"elementor-column elementor-col-100 elementor-top-column elementor-element elementor-element-f13546a\" data-id=\"f13546a\" data-element_type=\"column\">\n\t\t\t<div class=\"elementor-widget-wrap elementor-element-populated\">\n\t\t\t\t\t\t<div class=\"elementor-element elementor-element-a5da35e elementor-widget elementor-widget-heading\" data-id=\"a5da35e\" data-element_type=\"widget\" data-widget_type=\"heading.default\">\n\t\t\t\t<div class=\"elementor-widget-container\">\n\t\t\t\t\t<h2 class=\"elementor-heading-title elementor-size-default\">Soins M\u00e9dicaux et R\u00e9adaptation - SMR - Cardio-respiratoire<\/h2>\t\t\t\t<\/div>\n\t\t\t\t<\/div>\n\t\t\t\t\t<\/div>\n\t\t<\/div>\n\t\t\t\t\t<\/div>\n\t\t<\/section>\n\t\t\t\t<section class=\"elementor-section elementor-top-section elementor-element elementor-element-8b96612 elementor-section-boxed elementor-section-height-default elementor-section-height-default\" data-id=\"8b96612\" data-element_type=\"section\">\n\t\t\t\t\t\t<div class=\"elementor-container elementor-column-gap-default\">\n\t\t\t\t\t<div class=\"elementor-column elementor-col-100 elementor-top-column elementor-element elementor-element-dea8800\" data-id=\"dea8800\" data-element_type=\"column\">\n\t\t\t<div class=\"elementor-widget-wrap elementor-element-populated\">\n\t\t\t\t\t\t<div class=\"elementor-element elementor-element-268ea4c elementor-widget elementor-widget-text-editor\" data-id=\"268ea4c\" data-element_type=\"widget\" data-widget_type=\"text-editor.default\">\n\t\t\t\t<div class=\"elementor-widget-container\">\n\t\t\t\t\t\t\t\t\t<div class=\"flex-shrink-0 flex flex-col relative items-end\"><div class=\"pt-0\"><div class=\"gizmo-bot-avatar flex h-8 w-8 items-center justify-center overflow-hidden rounded-full\"><div class=\"relative p-1 rounded-sm flex items-center justify-center bg-token-main-surface-primary text-token-text-primary h-8 w-8\"><span style=\"color: #00003f;\">Les Soins M\u00e9dicaux de R\u00e9adaptation (SMR) cardio-respiratoire proposent une prise en charge sur prescription du cardiologue et du pneumologue apr\u00e8s un incident cardiaque ou une pathologie pulmonaire. Ouvert en 2013, ce service a d\u00e9j\u00e0 pris en charge plus de 750 patients et constitue le seul centre de r\u00e9adaptation cardio-respiratoire en Haute-Marne.<\/span><\/div><\/div><\/div><\/div>\t\t\t\t\t\t\t\t<\/div>\n\t\t\t\t<\/div>\n\t\t\t\t<div class=\"elementor-element elementor-element-5a62a40 elementor-widget elementor-widget-heading\" data-id=\"5a62a40\" data-element_type=\"widget\" data-widget_type=\"heading.default\">\n\t\t\t\t<div class=\"elementor-widget-container\">\n\t\t\t\t\t<h2 class=\"elementor-heading-title elementor-size-default\">Organisation<\/h2>\t\t\t\t<\/div>\n\t\t\t\t<\/div>\n\t\t\t\t<div class=\"elementor-element elementor-element-66bbbab elementor-widget elementor-widget-text-editor\" data-id=\"66bbbab\" data-element_type=\"widget\" data-widget_type=\"text-editor.default\">\n\t\t\t\t<div class=\"elementor-widget-container\">\n\t\t\t\t\t\t\t\t\t<div dir=\"auto\" style=\"text-align: center;\"><span style=\"color: #00003f;\"><strong>Ouvert le lundi, mercredi et vendredi matin.<\/strong><\/span><\/div><div dir=\"auto\">\u00a0<\/div><div dir=\"auto\"><span style=\"color: #00003f;\">Chaque s\u00e9ance accueille entre 8 et 10 patients.<\/span><\/div><div dir=\"auto\"><span style=\"color: #00003f;\">Session de 7 semaines, soit un total de 21 s\u00e9ances<\/span><\/div>\t\t\t\t\t\t\t\t<\/div>\n\t\t\t\t<\/div>\n\t\t\t\t<div class=\"elementor-element elementor-element-90c62f3 elementor-widget elementor-widget-heading\" data-id=\"90c62f3\" data-element_type=\"widget\" data-widget_type=\"heading.default\">\n\t\t\t\t<div class=\"elementor-widget-container\">\n\t\t\t\t\t<h2 class=\"elementor-heading-title elementor-size-default\">Activit\u00e9s propos\u00e9es<\/h2>\t\t\t\t<\/div>\n\t\t\t\t<\/div>\n\t\t\t\t<div class=\"elementor-element elementor-element-8700fb8 elementor-widget elementor-widget-text-editor\" data-id=\"8700fb8\" data-element_type=\"widget\" data-widget_type=\"text-editor.default\">\n\t\t\t\t<div class=\"elementor-widget-container\">\n\t\t\t\t\t\t\t\t\t<div class=\"x11i5rnm xat24cr x1mh8g0r x1vvkbs xtlvy1s x126k92a\"><div dir=\"auto\"><span style=\"color: #00003f;\">Endurance : v\u00e9lo, marche ext\u00e9rieure, reprise de la course \u00e0 pied, initiation \u00e0 la marche nordique.<\/span><\/div><div dir=\"auto\"><span style=\"color: #00003f;\">R\u00e9sistance : Renforcement musculaire, mobilit\u00e9, souplesse, relaxation, coh\u00e9rence cardiaque<\/span><\/div><\/div><div class=\"x11i5rnm xat24cr x1mh8g0r x1vvkbs xtlvy1s x126k92a\"><div dir=\"auto\"><span style=\"color: #00003f;\">Ateliers th\u00e9rapeutiques : Diff\u00e9rents th\u00e8mes sont abord\u00e9s : l\u2019alimentation, l\u2019anatomie, les facteurs de risque, l\u2019activit\u00e9 physique, les gestes d\u2019urgence\u2026<\/span><\/div><div dir=\"auto\">\u00a0<\/div><div dir=\"auto\"><span style=\"color: #00003f;\">Un repas th\u00e9rapeutique, une fois par semaine, anim\u00e9 par la di\u00e9t\u00e9ticienne.<\/span><\/div><\/div>\t\t\t\t\t\t\t\t<\/div>\n\t\t\t\t<\/div>\n\t\t\t\t\t<\/div>\n\t\t<\/div>\n\t\t\t\t\t<\/div>\n\t\t<\/section>\n\t\t\t\t<section class=\"elementor-section elementor-top-section elementor-element elementor-element-c9d2460 elementor-section-boxed elementor-section-height-default elementor-section-height-default\" data-id=\"c9d2460\" data-element_type=\"section\">\n\t\t\t\t\t\t<div class=\"elementor-container elementor-column-gap-default\">\n\t\t\t\t\t<div class=\"elementor-column elementor-col-50 elementor-top-column elementor-element elementor-element-ef47070\" data-id=\"ef47070\" data-element_type=\"column\">\n\t\t\t<div class=\"elementor-widget-wrap elementor-element-populated\">\n\t\t\t\t\t\t<div class=\"elementor-element elementor-element-89a0505 elementor-widget elementor-widget-image\" data-id=\"89a0505\" data-element_type=\"widget\" data-widget_type=\"image.default\">\n\t\t\t\t<div class=\"elementor-widget-container\">\n\t\t\t\t\t\t\t\t\t\t\t\t\t\t\t<img fetchpriority=\"high\" decoding=\"async\" width=\"292\" height=\"300\" src=\"https:\/\/www.ch-shm.fr\/wp-content\/uploads\/2024\/12\/ssr-cardio-292x300.jpg\" class=\"attachment-medium size-medium wp-image-2168\" alt=\"\" srcset=\"https:\/\/www.ch-shm.fr\/wp-content\/uploads\/2024\/12\/ssr-cardio-292x300.jpg 292w, https:\/\/www.ch-shm.fr\/wp-content\/uploads\/2024\/12\/ssr-cardio-996x1024.jpg 996w, https:\/\/www.ch-shm.fr\/wp-content\/uploads\/2024\/12\/ssr-cardio-768x790.jpg 768w, https:\/\/www.ch-shm.fr\/wp-content\/uploads\/2024\/12\/ssr-cardio.jpg 1170w\" sizes=\"(max-width: 292px) 100vw, 292px\" \/>\t\t\t\t\t\t\t\t\t\t\t\t\t\t\t<\/div>\n\t\t\t\t<\/div>\n\t\t\t\t\t<\/div>\n\t\t<\/div>\n\t\t\t\t<div class=\"elementor-column elementor-col-50 elementor-top-column elementor-element elementor-element-c8c6637\" data-id=\"c8c6637\" data-element_type=\"column\">\n\t\t\t<div class=\"elementor-widget-wrap elementor-element-populated\">\n\t\t\t\t\t\t<div class=\"elementor-element elementor-element-32c9684 elementor-widget elementor-widget-image\" data-id=\"32c9684\" data-element_type=\"widget\" data-widget_type=\"image.default\">\n\t\t\t\t<div class=\"elementor-widget-container\">\n\t\t\t\t\t\t\t\t\t\t\t\t\t\t\t<img decoding=\"async\" width=\"169\" height=\"300\" src=\"https:\/\/www.ch-shm.fr\/wp-content\/uploads\/2024\/12\/ssr-cardio-2-169x300.jpg\" class=\"attachment-medium size-medium wp-image-2167\" alt=\"\" srcset=\"https:\/\/www.ch-shm.fr\/wp-content\/uploads\/2024\/12\/ssr-cardio-2-169x300.jpg 169w, https:\/\/www.ch-shm.fr\/wp-content\/uploads\/2024\/12\/ssr-cardio-2-576x1024.jpg 576w, https:\/\/www.ch-shm.fr\/wp-content\/uploads\/2024\/12\/ssr-cardio-2-768x1365.jpg 768w, https:\/\/www.ch-shm.fr\/wp-content\/uploads\/2024\/12\/ssr-cardio-2-864x1536.jpg 864w, https:\/\/www.ch-shm.fr\/wp-content\/uploads\/2024\/12\/ssr-cardio-2.jpg 900w\" sizes=\"(max-width: 169px) 100vw, 169px\" \/>\t\t\t\t\t\t\t\t\t\t\t\t\t\t\t<\/div>\n\t\t\t\t<\/div>\n\t\t\t\t\t<\/div>\n\t\t<\/div>\n\t\t\t\t\t<\/div>\n\t\t<\/section>\n\t\t\t\t<section class=\"elementor-section elementor-top-section elementor-element elementor-element-af7bc94 elementor-section-boxed elementor-section-height-default elementor-section-height-default\" data-id=\"af7bc94\" data-element_type=\"section\">\n\t\t\t\t\t\t<div class=\"elementor-container elementor-column-gap-default\">\n\t\t\t\t\t<div class=\"elementor-column elementor-col-100 elementor-top-column elementor-element elementor-element-bd7b82b\" data-id=\"bd7b82b\" data-element_type=\"column\">\n\t\t\t<div class=\"elementor-widget-wrap elementor-element-populated\">\n\t\t\t\t\t\t<div class=\"elementor-element elementor-element-361aef4 elementor-widget elementor-widget-heading\" data-id=\"361aef4\" data-element_type=\"widget\" data-widget_type=\"heading.default\">\n\t\t\t\t<div class=\"elementor-widget-container\">\n\t\t\t\t\t<h2 class=\"elementor-heading-title elementor-size-default\">Objectifs<\/h2>\t\t\t\t<\/div>\n\t\t\t\t<\/div>\n\t\t\t\t<div class=\"elementor-element elementor-element-7761aeb elementor-widget elementor-widget-text-editor\" data-id=\"7761aeb\" data-element_type=\"widget\" data-widget_type=\"text-editor.default\">\n\t\t\t\t<div class=\"elementor-widget-container\">\n\t\t\t\t\t\t\t\t\t<p><span class=\"x193iq5w xeuugli x13faqbe x1vvkbs x1xmvt09 x1lliihq x1s928wv xhkezso x1gmr53x x1cpjm7i x1fgarty x1943h6x xudqn12 x3x7a5m x6prxxf xvq8zen xo1l8bm xzsf02u x1yc453h\" dir=\"auto\" style=\"color: #00003f;\">Votre passage au SMR vous permettra d\u2019acqu\u00e9rir de meilleures habitudes hygi\u00e9no-di\u00e9t\u00e9tiques pour une meilleure qualit\u00e9 de vie.<\/span><\/p>\t\t\t\t\t\t\t\t<\/div>\n\t\t\t\t<\/div>\n\t\t\t\t\t<\/div>\n\t\t<\/div>\n\t\t\t\t\t<\/div>\n\t\t<\/section>\n\t\t\t\t<section class=\"elementor-section elementor-top-section elementor-element elementor-element-cfba094 elementor-section-boxed elementor-section-height-default elementor-section-height-default\" data-id=\"cfba094\" data-element_type=\"section\">\n\t\t\t\t\t\t<div class=\"elementor-container elementor-column-gap-default\">\n\t\t\t\t\t<div class=\"elementor-column elementor-col-50 elementor-top-column elementor-element elementor-element-7c5781f\" data-id=\"7c5781f\" data-element_type=\"column\">\n\t\t\t<div class=\"elementor-widget-wrap elementor-element-populated\">\n\t\t\t\t\t\t<div class=\"elementor-element elementor-element-2ac3048 elementor-widget elementor-widget-image\" data-id=\"2ac3048\" data-element_type=\"widget\" data-widget_type=\"image.default\">\n\t\t\t\t<div class=\"elementor-widget-container\">\n\t\t\t\t\t\t\t\t\t\t\t\t\t\t\t<img decoding=\"async\" width=\"225\" height=\"300\" src=\"https:\/\/www.ch-shm.fr\/wp-content\/uploads\/2024\/12\/salle-ssr-cardio-225x300.jpg\" class=\"attachment-medium size-medium wp-image-2169\" alt=\"\" srcset=\"https:\/\/www.ch-shm.fr\/wp-content\/uploads\/2024\/12\/salle-ssr-cardio-225x300.jpg 225w, https:\/\/www.ch-shm.fr\/wp-content\/uploads\/2024\/12\/salle-ssr-cardio-768x1024.jpg 768w, https:\/\/www.ch-shm.fr\/wp-content\/uploads\/2024\/12\/salle-ssr-cardio-1152x1536.jpg 1152w, https:\/\/www.ch-shm.fr\/wp-content\/uploads\/2024\/12\/salle-ssr-cardio.jpg 1536w\" sizes=\"(max-width: 225px) 100vw, 225px\" \/>\t\t\t\t\t\t\t\t\t\t\t\t\t\t\t<\/div>\n\t\t\t\t<\/div>\n\t\t\t\t\t<\/div>\n\t\t<\/div>\n\t\t\t\t<div class=\"elementor-column elementor-col-50 elementor-top-column elementor-element elementor-element-79d81e7\" data-id=\"79d81e7\" data-element_type=\"column\">\n\t\t\t<div class=\"elementor-widget-wrap elementor-element-populated\">\n\t\t\t\t\t\t<div class=\"elementor-element elementor-element-522775d elementor-widget elementor-widget-image\" data-id=\"522775d\" data-element_type=\"widget\" data-widget_type=\"image.default\">\n\t\t\t\t<div class=\"elementor-widget-container\">\n\t\t\t\t\t\t\t\t\t\t\t\t\t\t\t<img loading=\"lazy\" decoding=\"async\" width=\"768\" height=\"1024\" src=\"https:\/\/www.ch-shm.fr\/wp-content\/uploads\/2024\/12\/ssr-cardio-3-768x1024.jpg\" class=\"attachment-medium_large size-medium_large wp-image-2166\" alt=\"\" srcset=\"https:\/\/www.ch-shm.fr\/wp-content\/uploads\/2024\/12\/ssr-cardio-3-768x1024.jpg 768w, https:\/\/www.ch-shm.fr\/wp-content\/uploads\/2024\/12\/ssr-cardio-3-225x300.jpg 225w, https:\/\/www.ch-shm.fr\/wp-content\/uploads\/2024\/12\/ssr-cardio-3-1152x1536.jpg 1152w, https:\/\/www.ch-shm.fr\/wp-content\/uploads\/2024\/12\/ssr-cardio-3.jpg 1536w\" sizes=\"(max-width: 768px) 100vw, 768px\" \/>\t\t\t\t\t\t\t\t\t\t\t\t\t\t\t<\/div>\n\t\t\t\t<\/div>\n\t\t\t\t\t<\/div>\n\t\t<\/div>\n\t\t\t\t\t<\/div>\n\t\t<\/section>\n\t\t\t\t<section class=\"elementor-section elementor-top-section elementor-element elementor-element-490ce1b elementor-section-boxed elementor-section-height-default elementor-section-height-default\" data-id=\"490ce1b\" data-element_type=\"section\">\n\t\t\t\t\t\t<div class=\"elementor-container elementor-column-gap-default\">\n\t\t\t\t\t<div class=\"elementor-column elementor-col-100 elementor-top-column elementor-element elementor-element-8e2e93b\" data-id=\"8e2e93b\" data-element_type=\"column\">\n\t\t\t<div class=\"elementor-widget-wrap elementor-element-populated\">\n\t\t\t\t\t\t<div class=\"elementor-element elementor-element-2ed94fa elementor-widget elementor-widget-heading\" data-id=\"2ed94fa\" data-element_type=\"widget\" data-widget_type=\"heading.default\">\n\t\t\t\t<div class=\"elementor-widget-container\">\n\t\t\t\t\t<h2 class=\"elementor-heading-title elementor-size-default\">\u00c9quipe pluridisciplinaire<\/h2>\t\t\t\t<\/div>\n\t\t\t\t<\/div>\n\t\t\t\t<div class=\"elementor-element elementor-element-f63b800 elementor-widget elementor-widget-text-editor\" data-id=\"f63b800\" data-element_type=\"widget\" data-widget_type=\"text-editor.default\">\n\t\t\t\t<div class=\"elementor-widget-container\">\n\t\t\t\t\t\t\t\t\t<ul><li dir=\"auto\"><span style=\"color: #00003f;\">2 m\u00e9decins : un cardiologue et un pneumologue<\/span><\/li><li dir=\"auto\"><span style=\"color: #00003f;\">2 enseignants en APA<\/span><\/li><li dir=\"auto\"><span style=\"color: #00003f;\">1 di\u00e9t\u00e9ticienne<\/span><\/li><li dir=\"auto\"><span style=\"color: #00003f;\">1 psychologue<\/span><\/li><li dir=\"auto\"><span style=\"color: #00003f;\">4 infirmi\u00e8res form\u00e9es au SSR cardio\/pneumo<\/span><\/li><li dir=\"auto\"><span style=\"color: #00003f;\">1 assistante sociale<\/span><\/li><li dir=\"auto\"><span style=\"color: #00003f;\">1 kin\u00e9sith\u00e9rapeute<\/span><\/li><li dir=\"auto\"><span style=\"color: #00003f;\">Des secr\u00e9taires (gestion des entr\u00e9es des patients)<\/span><\/li><\/ul>\t\t\t\t\t\t\t\t<\/div>\n\t\t\t\t<\/div>\n\t\t\t\t\t<\/div>\n\t\t<\/div>\n\t\t\t\t\t<\/div>\n\t\t<\/section>\n\t\t\t\t<\/div>\n\t\t","protected":false},"excerpt":{"rendered":"<p>Soins M\u00e9dicaux et R\u00e9adaptation &#8211; SMR &#8211; Cardio-respiratoire Les Soins M\u00e9dicaux de R\u00e9adaptation (SMR) cardio-respiratoire proposent une prise en charge sur prescription du cardiologue et du pneumologue apr\u00e8s un incident cardiaque ou une pathologie pulmonaire. Ouvert en 2013, ce service a d\u00e9j\u00e0 pris en charge plus de 750 patients et constitue le seul centre de [&hellip;]<\/p>\n","protected":false},"author":2,"featured_media":0,"parent":0,"menu_order":0,"comment_status":"closed","ping_status":"closed","template":"","meta":{"ocean_post_layout":"","ocean_both_sidebars_style":"","ocean_both_sidebars_content_width":0,"ocean_both_sidebars_sidebars_width":0,"ocean_sidebar":"","ocean_second_sidebar":"","ocean_disable_margins":"enable","ocean_add_body_class":"","ocean_shortcode_before_top_bar":"","ocean_shortcode_after_top_bar":"","ocean_shortcode_before_header":"","ocean_shortcode_after_header":"","ocean_has_shortcode":"","ocean_shortcode_after_title":"","ocean_shortcode_before_footer_widgets":"","ocean_shortcode_after_footer_widgets":"","ocean_shortcode_before_footer_bottom":"","ocean_shortcode_after_footer_bottom":"","ocean_display_top_bar":"default","ocean_display_header":"default","ocean_header_style":"","ocean_center_header_left_menu":"","ocean_custom_header_template":"","ocean_custom_logo":0,"ocean_custom_retina_logo":0,"ocean_custom_logo_max_width":0,"ocean_custom_logo_tablet_max_width":0,"ocean_custom_logo_mobile_max_width":0,"ocean_custom_logo_max_height":0,"ocean_custom_logo_tablet_max_height":0,"ocean_custom_logo_mobile_max_height":0,"ocean_header_custom_menu":"","ocean_menu_typo_font_family":"","ocean_menu_typo_font_subset":"","ocean_menu_typo_font_size":0,"ocean_menu_typo_font_size_tablet":0,"ocean_menu_typo_font_size_mobile":0,"ocean_menu_typo_font_size_unit":"px","ocean_menu_typo_font_weight":"","ocean_menu_typo_font_weight_tablet":"","ocean_menu_typo_font_weight_mobile":"","ocean_menu_typo_transform":"","ocean_menu_typo_transform_tablet":"","ocean_menu_typo_transform_mobile":"","ocean_menu_typo_line_height":0,"ocean_menu_typo_line_height_tablet":0,"ocean_menu_typo_line_height_mobile":0,"ocean_menu_typo_line_height_unit":"","ocean_menu_typo_spacing":0,"ocean_menu_typo_spacing_tablet":0,"ocean_menu_typo_spacing_mobile":0,"ocean_menu_typo_spacing_unit":"","ocean_menu_link_color":"","ocean_menu_link_color_hover":"","ocean_menu_link_color_active":"","ocean_menu_link_background":"","ocean_menu_link_hover_background":"","ocean_menu_link_active_background":"","ocean_menu_social_links_bg":"","ocean_menu_social_hover_links_bg":"","ocean_menu_social_links_color":"","ocean_menu_social_hover_links_color":"","ocean_disable_title":"default","ocean_disable_heading":"default","ocean_post_title":"","ocean_post_subheading":"","ocean_post_title_style":"","ocean_post_title_background_color":"","ocean_post_title_background":0,"ocean_post_title_bg_image_position":"","ocean_post_title_bg_image_attachment":"","ocean_post_title_bg_image_repeat":"","ocean_post_title_bg_image_size":"","ocean_post_title_height":0,"ocean_post_title_bg_overlay":0.5,"ocean_post_title_bg_overlay_color":"","ocean_disable_breadcrumbs":"default","ocean_breadcrumbs_color":"","ocean_breadcrumbs_separator_color":"","ocean_breadcrumbs_links_color":"","ocean_breadcrumbs_links_hover_color":"","ocean_display_footer_widgets":"default","ocean_display_footer_bottom":"default","ocean_custom_footer_template":"","footnotes":""},"class_list":["post-2161","page","type-page","status-publish","hentry","entry"],"_links":{"self":[{"href":"https:\/\/www.ch-shm.fr\/index.php?rest_route=\/wp\/v2\/pages\/2161","targetHints":{"allow":["GET"]}}],"collection":[{"href":"https:\/\/www.ch-shm.fr\/index.php?rest_route=\/wp\/v2\/pages"}],"about":[{"href":"https:\/\/www.ch-shm.fr\/index.php?rest_route=\/wp\/v2\/types\/page"}],"author":[{"embeddable":true,"href":"https:\/\/www.ch-shm.fr\/index.php?rest_route=\/wp\/v2\/users\/2"}],"replies":[{"embeddable":true,"href":"https:\/\/www.ch-shm.fr\/index.php?rest_route=%2Fwp%2Fv2%2Fcomments&post=2161"}],"version-history":[{"count":20,"href":"https:\/\/www.ch-shm.fr\/index.php?rest_route=\/wp\/v2\/pages\/2161\/revisions"}],"predecessor-version":[{"id":3559,"href":"https:\/\/www.ch-shm.fr\/index.php?rest_route=\/wp\/v2\/pages\/2161\/revisions\/3559"}],"wp:attachment":[{"href":"https:\/\/www.ch-shm.fr\/index.php?rest_route=%2Fwp%2Fv2%2Fmedia&parent=2161"}],"curies":[{"name":"wp","href":"https:\/\/api.w.org\/{rel}","templated":true}]}}