{"id":2089,"date":"2025-01-10T16:00:49","date_gmt":"2025-01-10T15:00:49","guid":{"rendered":"http:\/\/192.0.0.130\/wordpress\/?page_id=2089"},"modified":"2025-02-06T16:16:56","modified_gmt":"2025-02-06T15:16:56","slug":"l_urgences","status":"publish","type":"page","link":"https:\/\/www.ch-shm.fr\/?page_id=2089","title":{"rendered":"L_Urgences"},"content":{"rendered":"\t\t<div data-elementor-type=\"wp-page\" data-elementor-id=\"2089\" class=\"elementor elementor-2089\">\n\t\t\t\t\t\t<section class=\"elementor-section elementor-top-section elementor-element elementor-element-054576a elementor-section-boxed elementor-section-height-default elementor-section-height-default\" data-id=\"054576a\" data-element_type=\"section\" data-settings=\"{&quot;background_background&quot;:&quot;classic&quot;}\">\n\t\t\t\t\t\t<div class=\"elementor-container elementor-column-gap-default\">\n\t\t\t\t\t<div class=\"elementor-column elementor-col-100 elementor-top-column elementor-element elementor-element-13fc448\" data-id=\"13fc448\" data-element_type=\"column\">\n\t\t\t<div class=\"elementor-widget-wrap elementor-element-populated\">\n\t\t\t\t\t\t<div class=\"elementor-element elementor-element-18897a4 elementor-widget elementor-widget-heading\" data-id=\"18897a4\" data-element_type=\"widget\" data-widget_type=\"heading.default\">\n\t\t\t\t<div class=\"elementor-widget-container\">\n\t\t\t\t\t<h2 class=\"elementor-heading-title elementor-size-default\">Urgences<\/h2>\t\t\t\t<\/div>\n\t\t\t\t<\/div>\n\t\t\t\t\t<\/div>\n\t\t<\/div>\n\t\t\t\t\t<\/div>\n\t\t<\/section>\n\t\t\t\t<section class=\"elementor-section elementor-top-section elementor-element elementor-element-5ff20eb elementor-section-boxed elementor-section-height-default elementor-section-height-default\" data-id=\"5ff20eb\" data-element_type=\"section\">\n\t\t\t\t\t\t<div class=\"elementor-container elementor-column-gap-default\">\n\t\t\t\t\t<div class=\"elementor-column elementor-col-100 elementor-top-column elementor-element elementor-element-3ef0c6c\" data-id=\"3ef0c6c\" data-element_type=\"column\">\n\t\t\t<div class=\"elementor-widget-wrap elementor-element-populated\">\n\t\t\t\t\t\t<div class=\"elementor-element elementor-element-e0d3641 elementor-widget-divider--view-line elementor-widget elementor-widget-divider\" data-id=\"e0d3641\" data-element_type=\"widget\" data-widget_type=\"divider.default\">\n\t\t\t\t<div class=\"elementor-widget-container\">\n\t\t\t\t\t\t\t<div class=\"elementor-divider\">\n\t\t\t<span class=\"elementor-divider-separator\">\n\t\t\t\t\t\t<\/span>\n\t\t<\/div>\n\t\t\t\t\t\t<\/div>\n\t\t\t\t<\/div>\n\t\t\t\t<div class=\"elementor-element elementor-element-273ad54 elementor-widget elementor-widget-heading\" data-id=\"273ad54\" data-element_type=\"widget\" data-widget_type=\"heading.default\">\n\t\t\t\t<div class=\"elementor-widget-container\">\n\t\t\t\t\t<h2 class=\"elementor-heading-title elementor-size-default\">Contact<\/h2>\t\t\t\t<\/div>\n\t\t\t\t<\/div>\n\t\t\t\t<div class=\"elementor-element elementor-element-8459021 elementor-widget elementor-widget-text-editor\" data-id=\"8459021\" data-element_type=\"widget\" data-widget_type=\"text-editor.default\">\n\t\t\t\t<div class=\"elementor-widget-container\">\n\t\t\t\t\t\t\t\t\t<div class=\"x11i5rnm xat24cr x1mh8g0r x1vvkbs xtlvy1s x126k92a\"><div dir=\"auto\" style=\"text-align: center;\"><span class=\"html-span xexx8yu x4uap5 x18d9i69 xkhd6sd x1hl2dhg x16tdsg8 x1vvkbs x3nfvp2 x1j61x8r x1fcty0u xdj266r xat24cr xgzva0m xhhsvwb xxymvpz xlup9mm x1kky2od\" style=\"color: #00003f;\">Secr\u00e9tariat : <a style=\"color: #00003f;\" href=\"mailto:secretariat.urgences@ch-langres.fr\">secretariat.urgences@ch-langres.fr\u00a0<\/a><\/span><\/div><div dir=\"auto\">\u00a0<\/div><div dir=\"auto\" style=\"text-align: center;\"><span style=\"text-decoration: underline;\"><a href=\"http:\/\/03.25.87.77.34\"><span style=\"color: #00003f; text-decoration: underline;\">03.25.87.77.34<\/span><\/a><\/span><\/div><div dir=\"auto\">\u00a0<\/div><div dir=\"auto\" style=\"text-align: center;\"><strong><span style=\"color: #00003f;\">Du Lundi au vendredi <\/span><span style=\"color: #00003f;\"><strong>9h<\/strong>00-12h00 | 13h30-18h00.<\/span><\/strong><\/div><\/div>\t\t\t\t\t\t\t\t<\/div>\n\t\t\t\t<\/div>\n\t\t\t\t<div class=\"elementor-element elementor-element-a3d77ac elementor-widget-divider--view-line elementor-widget elementor-widget-divider\" data-id=\"a3d77ac\" data-element_type=\"widget\" data-widget_type=\"divider.default\">\n\t\t\t\t<div class=\"elementor-widget-container\">\n\t\t\t\t\t\t\t<div class=\"elementor-divider\">\n\t\t\t<span class=\"elementor-divider-separator\">\n\t\t\t\t\t\t<\/span>\n\t\t<\/div>\n\t\t\t\t\t\t<\/div>\n\t\t\t\t<\/div>\n\t\t\t\t<div class=\"elementor-element elementor-element-dd3dd06 elementor-widget elementor-widget-text-editor\" data-id=\"dd3dd06\" data-element_type=\"widget\" data-widget_type=\"text-editor.default\">\n\t\t\t\t<div class=\"elementor-widget-container\">\n\t\t\t\t\t\t\t\t\t<p><span style=\"color: #00003f;\">La Structure des Urgences du Centre Hospitalier de Langres r\u00e9pond \u00e0 trois missions essentielles\u00a0:<\/span><\/p><ul><li><span style=\"color: #00003f;\">L\u2019 Accueil Urgences<\/span><\/li><li><span style=\"color: #00003f;\">Le SMUR<\/span><\/li><li><span style=\"color: #00003f;\">L\u2019 hospitalisation de courte dur\u00e9e (UHCD)<\/span><\/li><\/ul>\t\t\t\t\t\t\t\t<\/div>\n\t\t\t\t<\/div>\n\t\t\t\t\t<\/div>\n\t\t<\/div>\n\t\t\t\t\t<\/div>\n\t\t<\/section>\n\t\t\t\t<section class=\"elementor-section elementor-top-section elementor-element elementor-element-de3f3bb elementor-section-boxed elementor-section-height-default elementor-section-height-default\" data-id=\"de3f3bb\" data-element_type=\"section\">\n\t\t\t\t\t\t<div class=\"elementor-container elementor-column-gap-default\">\n\t\t\t\t\t<div class=\"elementor-column elementor-col-100 elementor-top-column elementor-element elementor-element-5076782\" data-id=\"5076782\" data-element_type=\"column\">\n\t\t\t<div class=\"elementor-widget-wrap elementor-element-populated\">\n\t\t\t\t\t\t<div class=\"elementor-element elementor-element-eeb0b3f elementor-widget elementor-widget-image\" data-id=\"eeb0b3f\" data-element_type=\"widget\" data-widget_type=\"image.default\">\n\t\t\t\t<div class=\"elementor-widget-container\">\n\t\t\t\t\t\t\t\t\t\t\t\t\t\t\t<img fetchpriority=\"high\" decoding=\"async\" width=\"754\" height=\"547\" src=\"https:\/\/www.ch-shm.fr\/wp-content\/uploads\/2024\/12\/urgences-langres.jpg\" class=\"attachment-medium_large size-medium_large wp-image-2091\" alt=\"\" srcset=\"https:\/\/www.ch-shm.fr\/wp-content\/uploads\/2024\/12\/urgences-langres.jpg 754w, https:\/\/www.ch-shm.fr\/wp-content\/uploads\/2024\/12\/urgences-langres-300x218.jpg 300w\" sizes=\"(max-width: 754px) 100vw, 754px\" \/>\t\t\t\t\t\t\t\t\t\t\t\t\t\t\t<\/div>\n\t\t\t\t<\/div>\n\t\t\t\t\t<\/div>\n\t\t<\/div>\n\t\t\t\t\t<\/div>\n\t\t<\/section>\n\t\t\t\t<section class=\"elementor-section elementor-top-section elementor-element elementor-element-e3ed76b elementor-section-boxed elementor-section-height-default elementor-section-height-default\" data-id=\"e3ed76b\" data-element_type=\"section\">\n\t\t\t\t\t\t<div class=\"elementor-container elementor-column-gap-default\">\n\t\t\t\t\t<div class=\"elementor-column elementor-col-100 elementor-top-column elementor-element elementor-element-c56f9ec\" data-id=\"c56f9ec\" data-element_type=\"column\">\n\t\t\t<div class=\"elementor-widget-wrap elementor-element-populated\">\n\t\t\t\t\t\t<div class=\"elementor-element elementor-element-a33cfbc elementor-widget elementor-widget-heading\" data-id=\"a33cfbc\" data-element_type=\"widget\" data-widget_type=\"heading.default\">\n\t\t\t\t<div class=\"elementor-widget-container\">\n\t\t\t\t\t<h2 class=\"elementor-heading-title elementor-size-default\">Accueil des urgences<\/h2>\t\t\t\t<\/div>\n\t\t\t\t<\/div>\n\t\t\t\t<div class=\"elementor-element elementor-element-b86555a elementor-widget elementor-widget-text-editor\" data-id=\"b86555a\" data-element_type=\"widget\" data-widget_type=\"text-editor.default\">\n\t\t\t\t<div class=\"elementor-widget-container\">\n\t\t\t\t\t\t\t\t\t<p><span style=\"color: #00003f;\">La Structure des Urgences accueille en permanence 24h\/24h toute personne, quel que soit son \u00e2ge, pr\u00e9sentant une situation d\u2019urgence ou qui est adress\u00e9e par un m\u00e9decin ou le SAMU (15)<\/span><\/p><p><span style=\"color: #00003f;\">Ce service dispense des soins non programm\u00e9s. Il organise l\u2019accueil, les examens, les soins et la surveillance du patient jusqu\u2019\u00e0 la pause d\u2019un diagnostic voire son orientation vers un service de soins de l\u2019\u00e9tablissement, ou organise son transfert vers un autre \u00e9tablissement de sant\u00e9 r\u00e9pondant aux exigences th\u00e9rapeutiques de la prise en charge.<\/span><\/p>\t\t\t\t\t\t\t\t<\/div>\n\t\t\t\t<\/div>\n\t\t\t\t\t<\/div>\n\t\t<\/div>\n\t\t\t\t\t<\/div>\n\t\t<\/section>\n\t\t\t\t<section class=\"elementor-section elementor-top-section elementor-element elementor-element-0c72042 elementor-section-boxed elementor-section-height-default elementor-section-height-default\" data-id=\"0c72042\" data-element_type=\"section\">\n\t\t\t\t\t\t<div class=\"elementor-container elementor-column-gap-default\">\n\t\t\t\t\t<div class=\"elementor-column elementor-col-100 elementor-top-column elementor-element elementor-element-69075a1\" data-id=\"69075a1\" data-element_type=\"column\">\n\t\t\t<div class=\"elementor-widget-wrap elementor-element-populated\">\n\t\t\t\t\t\t<div class=\"elementor-element elementor-element-81e20a6 elementor-widget elementor-widget-heading\" data-id=\"81e20a6\" data-element_type=\"widget\" data-widget_type=\"heading.default\">\n\t\t\t\t<div class=\"elementor-widget-container\">\n\t\t\t\t\t<h2 class=\"elementor-heading-title elementor-size-default\">SMUR<\/h2>\t\t\t\t<\/div>\n\t\t\t\t<\/div>\n\t\t\t\t<div class=\"elementor-element elementor-element-b9771c5 elementor-widget elementor-widget-text-editor\" data-id=\"b9771c5\" data-element_type=\"widget\" data-widget_type=\"text-editor.default\">\n\t\t\t\t<div class=\"elementor-widget-container\">\n\t\t\t\t\t\t\t\t\t<p><span style=\"color: #00003f;\">Le SMUR, Structure Mobile d\u2019Urgence et de R\u00e9animation, assure, en permanence 24h \/24h en tous lieux et prioritairement hors de l\u2019\u00e9tablissement de sant\u00e9 auquel il est rattach\u00e9, la prise en charge d\u2019un patient dont l\u2019\u00e9tat de sant\u00e9 requiert de fa\u00e7on urgente une prise en charge m\u00e9dicale et de r\u00e9animation et, le cas \u00e9ch\u00e9ant, assure avec des partenaires de sant\u00e9 (ambulances priv\u00e9es ,pompiers) le transport de ce patient vers un \u00e9tablissement de sant\u00e9.<\/span><\/p><p><span style=\"color: #00003f;\">Le SMUR langrois intervient sur ordre du SAMU (15), Service d\u2019Aide M\u00e9dicale Urgente, structure. Le Centre 15 est bas\u00e9 \u00e0 Chaumont, il r\u00e9gule tous les appels d\u2019urgences du d\u00e9partement de la Haute Marne.<\/span><\/p>\t\t\t\t\t\t\t\t<\/div>\n\t\t\t\t<\/div>\n\t\t\t\t\t<\/div>\n\t\t<\/div>\n\t\t\t\t\t<\/div>\n\t\t<\/section>\n\t\t\t\t<section class=\"elementor-section elementor-top-section elementor-element elementor-element-4bf5cbe elementor-section-boxed elementor-section-height-default elementor-section-height-default\" data-id=\"4bf5cbe\" data-element_type=\"section\">\n\t\t\t\t\t\t<div class=\"elementor-container elementor-column-gap-default\">\n\t\t\t\t\t<div class=\"elementor-column elementor-col-100 elementor-top-column elementor-element elementor-element-eea0498\" data-id=\"eea0498\" data-element_type=\"column\">\n\t\t\t<div class=\"elementor-widget-wrap elementor-element-populated\">\n\t\t\t\t\t\t<div class=\"elementor-element elementor-element-1c72a4e elementor-widget elementor-widget-heading\" data-id=\"1c72a4e\" data-element_type=\"widget\" data-widget_type=\"heading.default\">\n\t\t\t\t<div class=\"elementor-widget-container\">\n\t\t\t\t\t<h2 class=\"elementor-heading-title elementor-size-default\">UHCD<\/h2>\t\t\t\t<\/div>\n\t\t\t\t<\/div>\n\t\t\t\t<div class=\"elementor-element elementor-element-b53aa0a elementor-widget elementor-widget-text-editor\" data-id=\"b53aa0a\" data-element_type=\"widget\" data-widget_type=\"text-editor.default\">\n\t\t\t\t<div class=\"elementor-widget-container\">\n\t\t\t\t\t\t\t\t\t<p><span style=\"color: #00003f;\">La structure des urgences a \u00e9galement une unit\u00e9 d\u2019hospitalisation de 4 lits r\u00e9serv\u00e9e \u00e0 des hospitalisations de courte dur\u00e9e (inf\u00e9rieures ou \u00e9gale \u00e0 24h).<\/span><\/p>\t\t\t\t\t\t\t\t<\/div>\n\t\t\t\t<\/div>\n\t\t\t\t\t<\/div>\n\t\t<\/div>\n\t\t\t\t\t<\/div>\n\t\t<\/section>\n\t\t\t\t<section class=\"elementor-section elementor-top-section elementor-element elementor-element-37b74d0 elementor-section-boxed elementor-section-height-default elementor-section-height-default\" data-id=\"37b74d0\" data-element_type=\"section\">\n\t\t\t\t\t\t<div class=\"elementor-container elementor-column-gap-default\">\n\t\t\t\t\t<div class=\"elementor-column elementor-col-100 elementor-top-column elementor-element elementor-element-9d9334d\" data-id=\"9d9334d\" data-element_type=\"column\">\n\t\t\t<div class=\"elementor-widget-wrap elementor-element-populated\">\n\t\t\t\t\t\t<div class=\"elementor-element elementor-element-933b5a5 elementor-widget elementor-widget-heading\" data-id=\"933b5a5\" data-element_type=\"widget\" data-widget_type=\"heading.default\">\n\t\t\t\t<div class=\"elementor-widget-container\">\n\t\t\t\t\t<h2 class=\"elementor-heading-title elementor-size-default\">Moyens Humains<\/h2>\t\t\t\t<\/div>\n\t\t\t\t<\/div>\n\t\t\t\t<div class=\"elementor-element elementor-element-ea7987d elementor-widget elementor-widget-text-editor\" data-id=\"ea7987d\" data-element_type=\"widget\" data-widget_type=\"text-editor.default\">\n\t\t\t\t<div class=\"elementor-widget-container\">\n\t\t\t\t\t\t\t\t\t<p><span style=\"color: #00003f;\">Pour r\u00e9pondre \u00e0 ces trois missions, le service dispose quotidiennement de 2 m\u00e9decins en 24h, 2 infirmiers 1 ambulancier et 2 aides-soignantes en 12h de jour et 2 infirmiers 1 ambulancier et 1 aide-soignante en 12h de nuit<\/span><\/p><p><span style=\"color: #00003f;\">Compl\u00e8tent l\u2019\u00e9quipe une agent m\u00e9dical administratif est pr\u00e9sent de 9h \u00e012h et de 13h30 \u00e0 18h du lundi au vendredi.<\/span><\/p><p><span style=\"color: #00003f;\">L\u2019\u00e9quipe des urgences est compos\u00e9e de 7 m\u00e9decins, 14 infirmi\u00e8res, 9 aides-soignantes, 6 ambulanciers, 1 AMA.<\/span><\/p><p><span style=\"color: #00003f;\">Le cadre de sant\u00e9 assure l\u2019organisation, le suivi du service et la gestion de l\u2019\u00e9quipe param\u00e9dicale.<\/span><\/p>\t\t\t\t\t\t\t\t<\/div>\n\t\t\t\t<\/div>\n\t\t\t\t<div class=\"elementor-element elementor-element-10b1677 elementor-widget-divider--view-line elementor-widget elementor-widget-divider\" data-id=\"10b1677\" data-element_type=\"widget\" data-widget_type=\"divider.default\">\n\t\t\t\t<div class=\"elementor-widget-container\">\n\t\t\t\t\t\t\t<div class=\"elementor-divider\">\n\t\t\t<span class=\"elementor-divider-separator\">\n\t\t\t\t\t\t<\/span>\n\t\t<\/div>\n\t\t\t\t\t\t<\/div>\n\t\t\t\t<\/div>\n\t\t\t\t<div class=\"elementor-element elementor-element-485dc9f elementor-widget elementor-widget-text-editor\" data-id=\"485dc9f\" data-element_type=\"widget\" data-widget_type=\"text-editor.default\">\n\t\t\t\t<div class=\"elementor-widget-container\">\n\t\t\t\t\t\t\t\t\t<p><span style=\"font-size: 14pt;\"><strong><span style=\"color: #00003f;\">Personnels<\/span><\/strong><\/span><\/p><p><span style=\"color: #00003f;\">M\u00e9decins<\/span><\/p><ul><li><span style=\"color: #00003f;\">Dr ESCUDIER : Praticien Hospitalier\u00a0<\/span><\/li><li><span style=\"color: #00003f;\">Dr CASTELLANO : Praticien Hospitalier\u00a0<\/span><\/li><li><span style=\"color: #00003f;\">Dr GRISSA : Praticien Attach\u00e9<\/span><\/li><li><span style=\"color: #00003f;\">Dr POINSOT : Praticien Hospitalier\u00a0<\/span><\/li><li><span style=\"color: #00003f;\">Dr KUIJSTERS : Praticien Hospitalier\u00a0<\/span><\/li><li><span style=\"color: #00003f;\">Dr ROUZARD : Praticien Hospitalier\u00a0<\/span><\/li><li><span style=\"color: #00003f;\">Dr SAHAIMI : Praticien Hospitalier\u00a0<\/span><\/li><\/ul><p><span style=\"color: #00003f;\">FF Cadre de Sant\u00e9 :<\/span><\/p><ul><li><span style=\"color: #00003f;\">Mr CAREY<\/span><\/li><\/ul>\t\t\t\t\t\t\t\t<\/div>\n\t\t\t\t<\/div>\n\t\t\t\t\t<\/div>\n\t\t<\/div>\n\t\t\t\t\t<\/div>\n\t\t<\/section>\n\t\t\t\t<section class=\"elementor-section elementor-top-section elementor-element elementor-element-29f69df elementor-section-boxed elementor-section-height-default elementor-section-height-default\" data-id=\"29f69df\" data-element_type=\"section\">\n\t\t\t\t\t\t<div class=\"elementor-container elementor-column-gap-default\">\n\t\t\t\t\t<div class=\"elementor-column elementor-col-50 elementor-top-column elementor-element elementor-element-ef35e4a\" data-id=\"ef35e4a\" data-element_type=\"column\">\n\t\t\t<div class=\"elementor-widget-wrap elementor-element-populated\">\n\t\t\t\t\t\t<div class=\"elementor-element elementor-element-2d2292d elementor-widget elementor-widget-image\" data-id=\"2d2292d\" data-element_type=\"widget\" data-widget_type=\"image.default\">\n\t\t\t\t<div class=\"elementor-widget-container\">\n\t\t\t\t\t\t\t\t\t\t\t\t\t\t\t<img decoding=\"async\" width=\"768\" height=\"1024\" src=\"https:\/\/www.ch-shm.fr\/wp-content\/uploads\/2024\/12\/urgences-langres-2-scaled-e1737728765694-768x1024.jpg\" class=\"attachment-large size-large wp-image-2236\" alt=\"\" srcset=\"https:\/\/www.ch-shm.fr\/wp-content\/uploads\/2024\/12\/urgences-langres-2-scaled-e1737728765694-768x1024.jpg 768w, https:\/\/www.ch-shm.fr\/wp-content\/uploads\/2024\/12\/urgences-langres-2-scaled-e1737728765694-225x300.jpg 225w, https:\/\/www.ch-shm.fr\/wp-content\/uploads\/2024\/12\/urgences-langres-2-scaled-e1737728765694-1152x1536.jpg 1152w, https:\/\/www.ch-shm.fr\/wp-content\/uploads\/2024\/12\/urgences-langres-2-scaled-e1737728765694-1536x2048.jpg 1536w, https:\/\/www.ch-shm.fr\/wp-content\/uploads\/2024\/12\/urgences-langres-2-scaled-e1737728765694.jpg 1920w\" sizes=\"(max-width: 768px) 100vw, 768px\" \/>\t\t\t\t\t\t\t\t\t\t\t\t\t\t\t<\/div>\n\t\t\t\t<\/div>\n\t\t\t\t\t<\/div>\n\t\t<\/div>\n\t\t\t\t<div class=\"elementor-column elementor-col-50 elementor-top-column elementor-element elementor-element-1d2970f\" data-id=\"1d2970f\" data-element_type=\"column\">\n\t\t\t<div class=\"elementor-widget-wrap elementor-element-populated\">\n\t\t\t\t\t\t<div class=\"elementor-element elementor-element-b28bb8a elementor-widget elementor-widget-image\" data-id=\"b28bb8a\" data-element_type=\"widget\" data-widget_type=\"image.default\">\n\t\t\t\t<div class=\"elementor-widget-container\">\n\t\t\t\t\t\t\t\t\t\t\t\t\t\t\t<img decoding=\"async\" width=\"768\" height=\"1024\" src=\"https:\/\/www.ch-shm.fr\/wp-content\/uploads\/2024\/12\/urgences-langres-1-scaled-e1737728781415-768x1024.jpg\" class=\"attachment-large size-large wp-image-2237\" alt=\"\" srcset=\"https:\/\/www.ch-shm.fr\/wp-content\/uploads\/2024\/12\/urgences-langres-1-scaled-e1737728781415-768x1024.jpg 768w, https:\/\/www.ch-shm.fr\/wp-content\/uploads\/2024\/12\/urgences-langres-1-scaled-e1737728781415-225x300.jpg 225w, https:\/\/www.ch-shm.fr\/wp-content\/uploads\/2024\/12\/urgences-langres-1-scaled-e1737728781415-1152x1536.jpg 1152w, https:\/\/www.ch-shm.fr\/wp-content\/uploads\/2024\/12\/urgences-langres-1-scaled-e1737728781415-1536x2048.jpg 1536w, https:\/\/www.ch-shm.fr\/wp-content\/uploads\/2024\/12\/urgences-langres-1-scaled-e1737728781415.jpg 1920w\" sizes=\"(max-width: 768px) 100vw, 768px\" \/>\t\t\t\t\t\t\t\t\t\t\t\t\t\t\t<\/div>\n\t\t\t\t<\/div>\n\t\t\t\t\t<\/div>\n\t\t<\/div>\n\t\t\t\t\t<\/div>\n\t\t<\/section>\n\t\t\t\t<\/div>\n\t\t","protected":false},"excerpt":{"rendered":"<p>Urgences Contact Secr\u00e9tariat : secretariat.urgences@ch-langres.fr\u00a0\u00a003.25.87.77.34\u00a0Du Lundi au vendredi 9h00-12h00 | 13h30-18h00. La Structure des Urgences du Centre Hospitalier de Langres r\u00e9pond \u00e0 trois missions essentielles\u00a0: L\u2019 Accueil Urgences Le SMUR L\u2019 hospitalisation de courte dur\u00e9e (UHCD) Accueil des urgences La Structure des Urgences accueille en permanence 24h\/24h toute personne, quel que soit son \u00e2ge, pr\u00e9sentant [&hellip;]<\/p>\n","protected":false},"author":2,"featured_media":0,"parent":0,"menu_order":0,"comment_status":"closed","ping_status":"closed","template":"","meta":{"ocean_post_layout":"","ocean_both_sidebars_style":"","ocean_both_sidebars_content_width":0,"ocean_both_sidebars_sidebars_width":0,"ocean_sidebar":"","ocean_second_sidebar":"","ocean_disable_margins":"enable","ocean_add_body_class":"","ocean_shortcode_before_top_bar":"","ocean_shortcode_after_top_bar":"","ocean_shortcode_before_header":"","ocean_shortcode_after_header":"","ocean_has_shortcode":"","ocean_shortcode_after_title":"","ocean_shortcode_before_footer_widgets":"","ocean_shortcode_after_footer_widgets":"","ocean_shortcode_before_footer_bottom":"","ocean_shortcode_after_footer_bottom":"","ocean_display_top_bar":"default","ocean_display_header":"default","ocean_header_style":"","ocean_center_header_left_menu":"","ocean_custom_header_template":"","ocean_custom_logo":0,"ocean_custom_retina_logo":0,"ocean_custom_logo_max_width":0,"ocean_custom_logo_tablet_max_width":0,"ocean_custom_logo_mobile_max_width":0,"ocean_custom_logo_max_height":0,"ocean_custom_logo_tablet_max_height":0,"ocean_custom_logo_mobile_max_height":0,"ocean_header_custom_menu":"","ocean_menu_typo_font_family":"","ocean_menu_typo_font_subset":"","ocean_menu_typo_font_size":0,"ocean_menu_typo_font_size_tablet":0,"ocean_menu_typo_font_size_mobile":0,"ocean_menu_typo_font_size_unit":"px","ocean_menu_typo_font_weight":"","ocean_menu_typo_font_weight_tablet":"","ocean_menu_typo_font_weight_mobile":"","ocean_menu_typo_transform":"","ocean_menu_typo_transform_tablet":"","ocean_menu_typo_transform_mobile":"","ocean_menu_typo_line_height":0,"ocean_menu_typo_line_height_tablet":0,"ocean_menu_typo_line_height_mobile":0,"ocean_menu_typo_line_height_unit":"","ocean_menu_typo_spacing":0,"ocean_menu_typo_spacing_tablet":0,"ocean_menu_typo_spacing_mobile":0,"ocean_menu_typo_spacing_unit":"","ocean_menu_link_color":"","ocean_menu_link_color_hover":"","ocean_menu_link_color_active":"","ocean_menu_link_background":"","ocean_menu_link_hover_background":"","ocean_menu_link_active_background":"","ocean_menu_social_links_bg":"","ocean_menu_social_hover_links_bg":"","ocean_menu_social_links_color":"","ocean_menu_social_hover_links_color":"","ocean_disable_title":"default","ocean_disable_heading":"default","ocean_post_title":"","ocean_post_subheading":"","ocean_post_title_style":"","ocean_post_title_background_color":"","ocean_post_title_background":0,"ocean_post_title_bg_image_position":"","ocean_post_title_bg_image_attachment":"","ocean_post_title_bg_image_repeat":"","ocean_post_title_bg_image_size":"","ocean_post_title_height":0,"ocean_post_title_bg_overlay":0.5,"ocean_post_title_bg_overlay_color":"","ocean_disable_breadcrumbs":"default","ocean_breadcrumbs_color":"","ocean_breadcrumbs_separator_color":"","ocean_breadcrumbs_links_color":"","ocean_breadcrumbs_links_hover_color":"","ocean_display_footer_widgets":"default","ocean_display_footer_bottom":"default","ocean_custom_footer_template":"","footnotes":""},"class_list":["post-2089","page","type-page","status-publish","hentry","entry"],"_links":{"self":[{"href":"https:\/\/www.ch-shm.fr\/index.php?rest_route=\/wp\/v2\/pages\/2089","targetHints":{"allow":["GET"]}}],"collection":[{"href":"https:\/\/www.ch-shm.fr\/index.php?rest_route=\/wp\/v2\/pages"}],"about":[{"href":"https:\/\/www.ch-shm.fr\/index.php?rest_route=\/wp\/v2\/types\/page"}],"author":[{"embeddable":true,"href":"https:\/\/www.ch-shm.fr\/index.php?rest_route=\/wp\/v2\/users\/2"}],"replies":[{"embeddable":true,"href":"https:\/\/www.ch-shm.fr\/index.php?rest_route=%2Fwp%2Fv2%2Fcomments&post=2089"}],"version-history":[{"count":32,"href":"https:\/\/www.ch-shm.fr\/index.php?rest_route=\/wp\/v2\/pages\/2089\/revisions"}],"predecessor-version":[{"id":4321,"href":"https:\/\/www.ch-shm.fr\/index.php?rest_route=\/wp\/v2\/pages\/2089\/revisions\/4321"}],"wp:attachment":[{"href":"https:\/\/www.ch-shm.fr\/index.php?rest_route=%2Fwp%2Fv2%2Fmedia&parent=2089"}],"curies":[{"name":"wp","href":"https:\/\/api.w.org\/{rel}","templated":true}]}}