{"id":2077,"date":"2025-01-10T16:00:17","date_gmt":"2025-01-10T15:00:17","guid":{"rendered":"http:\/\/192.0.0.130\/wordpress\/?page_id=2077"},"modified":"2026-04-07T14:59:51","modified_gmt":"2026-04-07T12:59:51","slug":"l_cpp","status":"publish","type":"page","link":"https:\/\/www.ch-shm.fr\/?page_id=2077","title":{"rendered":"Centre P\u00e9rinatal de Proximit\u00e9 (CPP)"},"content":{"rendered":"\t\t<div data-elementor-type=\"wp-page\" data-elementor-id=\"2077\" class=\"elementor elementor-2077\">\n\t\t\t\t\t\t<section class=\"elementor-section elementor-top-section elementor-element elementor-element-cdb2153 elementor-section-boxed elementor-section-height-default elementor-section-height-default\" data-id=\"cdb2153\" data-element_type=\"section\" data-settings=\"{&quot;background_background&quot;:&quot;classic&quot;}\">\n\t\t\t\t\t\t<div class=\"elementor-container elementor-column-gap-default\">\n\t\t\t\t\t<div class=\"elementor-column elementor-col-100 elementor-top-column elementor-element elementor-element-0974c55\" data-id=\"0974c55\" data-element_type=\"column\">\n\t\t\t<div class=\"elementor-widget-wrap elementor-element-populated\">\n\t\t\t\t\t\t<div class=\"elementor-element elementor-element-8d2df04 elementor-widget elementor-widget-heading\" data-id=\"8d2df04\" data-element_type=\"widget\" data-widget_type=\"heading.default\">\n\t\t\t\t<div class=\"elementor-widget-container\">\n\t\t\t\t\t<h2 class=\"elementor-heading-title elementor-size-default\">Centre P\u00e9rinatal de proximit\u00e9 - CPP<\/h2>\t\t\t\t<\/div>\n\t\t\t\t<\/div>\n\t\t\t\t\t<\/div>\n\t\t<\/div>\n\t\t\t\t\t<\/div>\n\t\t<\/section>\n\t\t\t\t<section class=\"elementor-section elementor-top-section elementor-element elementor-element-43388bf elementor-section-boxed elementor-section-height-default elementor-section-height-default\" data-id=\"43388bf\" data-element_type=\"section\" data-settings=\"{&quot;background_background&quot;:&quot;classic&quot;}\">\n\t\t\t\t\t\t\t<div class=\"elementor-background-overlay\"><\/div>\n\t\t\t\t\t\t\t<div class=\"elementor-container elementor-column-gap-default\">\n\t\t\t\t\t<div class=\"elementor-column elementor-col-100 elementor-top-column elementor-element elementor-element-8ae3b4c\" data-id=\"8ae3b4c\" data-element_type=\"column\">\n\t\t\t<div class=\"elementor-widget-wrap elementor-element-populated\">\n\t\t\t\t\t\t<section class=\"elementor-section elementor-inner-section elementor-element elementor-element-4b0e836 elementor-section-boxed elementor-section-height-default elementor-section-height-default\" data-id=\"4b0e836\" data-element_type=\"section\" data-settings=\"{&quot;background_background&quot;:&quot;classic&quot;}\">\n\t\t\t\t\t\t<div class=\"elementor-container elementor-column-gap-default\">\n\t\t\t\t\t<div class=\"elementor-column elementor-col-50 elementor-inner-column elementor-element elementor-element-f3d11a0\" data-id=\"f3d11a0\" data-element_type=\"column\">\n\t\t\t<div class=\"elementor-widget-wrap elementor-element-populated\">\n\t\t\t\t\t\t<div class=\"elementor-element elementor-element-3f8ff7f elementor-widget elementor-widget-text-editor\" data-id=\"3f8ff7f\" data-element_type=\"widget\" data-widget_type=\"text-editor.default\">\n\t\t\t\t<div class=\"elementor-widget-container\">\n\t\t\t\t\t\t\t\t\t<p><span style=\"color: #00003f;\">Le Centre de P\u00e9rinatalit\u00e9 du Centre hospitalier de Langres assure un suivi personnalis\u00e9 des femmes durant leur grossesse ainsi que le suivi des m\u00e8res et des enfants apr\u00e8s l\u2019accouchement au travers de consultations obst\u00e9tricales, gyn\u00e9cologiques et p\u00e9diatriques. <\/span><\/p><p><span style=\"color: #00003f;\">Il r\u00e9pond \u00e9galement aux besoins de suivis gyn\u00e9cologiques hors grossesse.<\/span><\/p>\t\t\t\t\t\t\t\t<\/div>\n\t\t\t\t<\/div>\n\t\t\t\t\t<\/div>\n\t\t<\/div>\n\t\t\t\t<div class=\"elementor-column elementor-col-50 elementor-inner-column elementor-element elementor-element-2f0236f\" data-id=\"2f0236f\" data-element_type=\"column\">\n\t\t\t<div class=\"elementor-widget-wrap elementor-element-populated\">\n\t\t\t\t\t\t<div class=\"elementor-element elementor-element-60f7d5d elementor-widget elementor-widget-image\" data-id=\"60f7d5d\" data-element_type=\"widget\" data-widget_type=\"image.default\">\n\t\t\t\t<div class=\"elementor-widget-container\">\n\t\t\t\t\t\t\t\t\t\t\t\t\t\t\t<img fetchpriority=\"high\" decoding=\"async\" width=\"225\" height=\"300\" src=\"https:\/\/www.ch-shm.fr\/wp-content\/uploads\/2024\/12\/CPP-devanture-1-225x300.jpg\" class=\"attachment-medium size-medium wp-image-2081\" alt=\"\" srcset=\"https:\/\/www.ch-shm.fr\/wp-content\/uploads\/2024\/12\/CPP-devanture-1-225x300.jpg 225w, https:\/\/www.ch-shm.fr\/wp-content\/uploads\/2024\/12\/CPP-devanture-1-768x1024.jpg 768w, https:\/\/www.ch-shm.fr\/wp-content\/uploads\/2024\/12\/CPP-devanture-1-1152x1536.jpg 1152w, https:\/\/www.ch-shm.fr\/wp-content\/uploads\/2024\/12\/CPP-devanture-1.jpg 1200w\" sizes=\"(max-width: 225px) 100vw, 225px\" \/>\t\t\t\t\t\t\t\t\t\t\t\t\t\t\t<\/div>\n\t\t\t\t<\/div>\n\t\t\t\t\t<\/div>\n\t\t<\/div>\n\t\t\t\t\t<\/div>\n\t\t<\/section>\n\t\t\t\t<div class=\"elementor-element elementor-element-acf43ab elementor-widget-divider--view-line elementor-widget elementor-widget-divider\" data-id=\"acf43ab\" data-element_type=\"widget\" data-widget_type=\"divider.default\">\n\t\t\t\t<div class=\"elementor-widget-container\">\n\t\t\t\t\t\t\t<div class=\"elementor-divider\">\n\t\t\t<span class=\"elementor-divider-separator\">\n\t\t\t\t\t\t<\/span>\n\t\t<\/div>\n\t\t\t\t\t\t<\/div>\n\t\t\t\t<\/div>\n\t\t\t\t<div class=\"elementor-element elementor-element-9dc4fdd elementor-widget elementor-widget-heading\" data-id=\"9dc4fdd\" data-element_type=\"widget\" data-widget_type=\"heading.default\">\n\t\t\t\t<div class=\"elementor-widget-container\">\n\t\t\t\t\t<h2 class=\"elementor-heading-title elementor-size-default\">Contact<\/h2>\t\t\t\t<\/div>\n\t\t\t\t<\/div>\n\t\t\t\t<div class=\"elementor-element elementor-element-a3ed67f elementor-widget elementor-widget-text-editor\" data-id=\"a3ed67f\" data-element_type=\"widget\" data-widget_type=\"text-editor.default\">\n\t\t\t\t<div class=\"elementor-widget-container\">\n\t\t\t\t\t\t\t\t\t<p style=\"text-align: center;\"><span style=\"color: #00003f;\"><strong>Secr\u00e9tariat : <a href=\"http:\/\/03.25.87.89.36\">03.25.87.89.36<\/a><\/strong><\/span><\/p><p style=\"text-align: center;\"><span style=\"color: #00003f;\"><strong>Mail : <a href=\"mailto:secretariat.cpp@ch-langres.fr\">secretariat.cpp@ch-langres.fr<\/a><\/strong><\/span><\/p>\t\t\t\t\t\t\t\t<\/div>\n\t\t\t\t<\/div>\n\t\t\t\t<div class=\"elementor-element elementor-element-5a4020d elementor-widget-divider--view-line elementor-widget elementor-widget-divider\" data-id=\"5a4020d\" data-element_type=\"widget\" data-widget_type=\"divider.default\">\n\t\t\t\t<div class=\"elementor-widget-container\">\n\t\t\t\t\t\t\t<div class=\"elementor-divider\">\n\t\t\t<span class=\"elementor-divider-separator\">\n\t\t\t\t\t\t<\/span>\n\t\t<\/div>\n\t\t\t\t\t\t<\/div>\n\t\t\t\t<\/div>\n\t\t\t\t<div class=\"elementor-element elementor-element-69b898c elementor-widget elementor-widget-heading\" data-id=\"69b898c\" data-element_type=\"widget\" data-widget_type=\"heading.default\">\n\t\t\t\t<div class=\"elementor-widget-container\">\n\t\t\t\t\t<h2 class=\"elementor-heading-title elementor-size-default\">Localisation<\/h2>\t\t\t\t<\/div>\n\t\t\t\t<\/div>\n\t\t\t\t<div class=\"elementor-element elementor-element-5392102 elementor-widget elementor-widget-text-editor\" data-id=\"5392102\" data-element_type=\"widget\" data-widget_type=\"text-editor.default\">\n\t\t\t\t<div class=\"elementor-widget-container\">\n\t\t\t\t\t\t\t\t\t<p><span style=\"color: #00003f;\">Rez de chauss\u00e9e du b\u00e2timent des Dominicaines en face de l&rsquo;entr\u00e9e<\/span><\/p>\t\t\t\t\t\t\t\t<\/div>\n\t\t\t\t<\/div>\n\t\t\t\t<div class=\"elementor-element elementor-element-021b9b0 elementor-widget-divider--view-line elementor-widget elementor-widget-divider\" data-id=\"021b9b0\" data-element_type=\"widget\" data-widget_type=\"divider.default\">\n\t\t\t\t<div class=\"elementor-widget-container\">\n\t\t\t\t\t\t\t<div class=\"elementor-divider\">\n\t\t\t<span class=\"elementor-divider-separator\">\n\t\t\t\t\t\t<\/span>\n\t\t<\/div>\n\t\t\t\t\t\t<\/div>\n\t\t\t\t<\/div>\n\t\t\t\t<div class=\"elementor-element elementor-element-040202c elementor-widget elementor-widget-heading\" data-id=\"040202c\" data-element_type=\"widget\" data-widget_type=\"heading.default\">\n\t\t\t\t<div class=\"elementor-widget-container\">\n\t\t\t\t\t<h2 class=\"elementor-heading-title elementor-size-default\">Informations<\/h2>\t\t\t\t<\/div>\n\t\t\t\t<\/div>\n\t\t\t\t<div class=\"elementor-element elementor-element-a8d2ee8 elementor-widget elementor-widget-text-editor\" data-id=\"a8d2ee8\" data-element_type=\"widget\" data-widget_type=\"text-editor.default\">\n\t\t\t\t<div class=\"elementor-widget-container\">\n\t\t\t\t\t\t\t\t\t<p><span style=\"color: #00003f;\">Nos locaux se trouvent dans le b\u00e2timent des Dominicaines, au rez-de-chauss\u00e9e.<\/span><\/p><p><span style=\"color: #00003f;\">Nous sommes ouverts du lundi au vendredi de 08h00 \u00e0 18h00, et un samedi sur 2 de 09h00 \u00e0 13h00.<\/span><\/p>\t\t\t\t\t\t\t\t<\/div>\n\t\t\t\t<\/div>\n\t\t\t\t<section class=\"elementor-section elementor-inner-section elementor-element elementor-element-c99fe9d elementor-section-boxed elementor-section-height-default elementor-section-height-default\" data-id=\"c99fe9d\" data-element_type=\"section\">\n\t\t\t\t\t\t<div class=\"elementor-container elementor-column-gap-default\">\n\t\t\t\t\t<div class=\"elementor-column elementor-col-50 elementor-inner-column elementor-element elementor-element-ac98771\" data-id=\"ac98771\" data-element_type=\"column\">\n\t\t\t<div class=\"elementor-widget-wrap elementor-element-populated\">\n\t\t\t\t\t\t<div class=\"elementor-element elementor-element-e053d65 elementor-widget elementor-widget-heading\" data-id=\"e053d65\" data-element_type=\"widget\" data-widget_type=\"heading.default\">\n\t\t\t\t<div class=\"elementor-widget-container\">\n\t\t\t\t\t<h2 class=\"elementor-heading-title elementor-size-default\">Nos services comprennents<\/h2>\t\t\t\t<\/div>\n\t\t\t\t<\/div>\n\t\t\t\t<div class=\"elementor-element elementor-element-97342ea elementor-widget elementor-widget-text-editor\" data-id=\"97342ea\" data-element_type=\"widget\" data-widget_type=\"text-editor.default\">\n\t\t\t\t<div class=\"elementor-widget-container\">\n\t\t\t\t\t\t\t\t\t<ul><li><span style=\"color: #00003f;\">Suivi gyn\u00e9cologique<\/span><\/li><li><span style=\"color: #00003f;\">Suivi de la grossesse<\/span><\/li><li><span style=\"color: #00003f;\">Suivi post-accouchement<\/span><\/li><\/ul>\t\t\t\t\t\t\t\t<\/div>\n\t\t\t\t<\/div>\n\t\t\t\t<div class=\"elementor-element elementor-element-4327006 elementor-widget elementor-widget-heading\" data-id=\"4327006\" data-element_type=\"widget\" data-widget_type=\"heading.default\">\n\t\t\t\t<div class=\"elementor-widget-container\">\n\t\t\t\t\t<h2 class=\"elementor-heading-title elementor-size-default\">Notre \u00e9quipe pluri-professionnelle<\/h2>\t\t\t\t<\/div>\n\t\t\t\t<\/div>\n\t\t\t\t<div class=\"elementor-element elementor-element-af1f950 elementor-widget elementor-widget-text-editor\" data-id=\"af1f950\" data-element_type=\"widget\" data-widget_type=\"text-editor.default\">\n\t\t\t\t<div class=\"elementor-widget-container\">\n\t\t\t\t\t\t\t\t\t<ul><li><span style=\"color: #00003f;\">3 gyn\u00e9cologues obst\u00e9triciens<\/span><\/li><li><span style=\"color: #00003f;\">2 sages-femmes<\/span><\/li><li><span style=\"color: #00003f;\">1 auxiliaire de pu\u00e9riculture<\/span><\/li><li><span style=\"color: #00003f;\">2 secr\u00e9taires m\u00e9dicales<\/span><\/li><li><span style=\"color: #00003f;\">1 chef de centre<\/span><\/li><li><span style=\"color: #00003f;\">1 sage-femme r\u00e9f\u00e9rente<\/span><\/li><\/ul>\t\t\t\t\t\t\t\t<\/div>\n\t\t\t\t<\/div>\n\t\t\t\t<div class=\"elementor-element elementor-element-059da65 elementor-widget elementor-widget-heading\" data-id=\"059da65\" data-element_type=\"widget\" data-widget_type=\"heading.default\">\n\t\t\t\t<div class=\"elementor-widget-container\">\n\t\t\t\t\t<h2 class=\"elementor-heading-title elementor-size-default\">Trois sites de consultations propos\u00e9s<\/h2>\t\t\t\t<\/div>\n\t\t\t\t<\/div>\n\t\t\t\t<div class=\"elementor-element elementor-element-d8199c7 elementor-widget elementor-widget-text-editor\" data-id=\"d8199c7\" data-element_type=\"widget\" data-widget_type=\"text-editor.default\">\n\t\t\t\t<div class=\"elementor-widget-container\">\n\t\t\t\t\t\t\t\t\t<p><span style=\"color: #00003f;\"><strong>\u2013<\/strong> CH Langres &#8211; Tel : <a style=\"color: #00003f;\" href=\"http:\/\/03.25.87.89.36\">03.25.87.89.36<\/a> <\/span><br \/><span style=\"color: #00003f;\"><strong>\u2013<\/strong> CH Bourbonne les Bains &#8211; Tel : <a style=\"color: #00003f;\" href=\"http:\/\/03.25.87.89.36\">03.25.87.89.36<\/a> <\/span><br \/><span style=\"color: #00003f;\"><strong>\u2013<\/strong> Maison de sant\u00e9 de Fayl-Billot &#8211; Tel : <\/span><a href=\"http:\/\/03.25.84.04.11\"><span style=\"color: #00003f;\">03.25.84.04.11<\/span><\/a><\/p>\t\t\t\t\t\t\t\t<\/div>\n\t\t\t\t<\/div>\n\t\t\t\t\t<\/div>\n\t\t<\/div>\n\t\t\t\t<div class=\"elementor-column elementor-col-50 elementor-inner-column elementor-element elementor-element-b9b2b22\" data-id=\"b9b2b22\" data-element_type=\"column\">\n\t\t\t<div class=\"elementor-widget-wrap elementor-element-populated\">\n\t\t\t\t\t\t<div class=\"elementor-element elementor-element-d626dae elementor-widget elementor-widget-image\" data-id=\"d626dae\" data-element_type=\"widget\" data-widget_type=\"image.default\">\n\t\t\t\t<div class=\"elementor-widget-container\">\n\t\t\t\t\t\t\t\t\t\t\t\t\t\t\t<img decoding=\"async\" width=\"724\" height=\"1024\" src=\"https:\/\/www.ch-shm.fr\/wp-content\/uploads\/2024\/12\/Le-centre-hospitalier-de-proximite-CPP-1-724x1024.png\" class=\"attachment-large size-large wp-image-2082\" alt=\"\" srcset=\"https:\/\/www.ch-shm.fr\/wp-content\/uploads\/2024\/12\/Le-centre-hospitalier-de-proximite-CPP-1-724x1024.png 724w, https:\/\/www.ch-shm.fr\/wp-content\/uploads\/2024\/12\/Le-centre-hospitalier-de-proximite-CPP-1-212x300.png 212w, https:\/\/www.ch-shm.fr\/wp-content\/uploads\/2024\/12\/Le-centre-hospitalier-de-proximite-CPP-1-768x1086.png 768w, https:\/\/www.ch-shm.fr\/wp-content\/uploads\/2024\/12\/Le-centre-hospitalier-de-proximite-CPP-1-1086x1536.png 1086w, https:\/\/www.ch-shm.fr\/wp-content\/uploads\/2024\/12\/Le-centre-hospitalier-de-proximite-CPP-1-1448x2048.png 1448w, https:\/\/www.ch-shm.fr\/wp-content\/uploads\/2024\/12\/Le-centre-hospitalier-de-proximite-CPP-1.png 1587w\" sizes=\"(max-width: 724px) 100vw, 724px\" \/>\t\t\t\t\t\t\t\t\t\t\t\t\t\t\t<\/div>\n\t\t\t\t<\/div>\n\t\t\t\t\t<\/div>\n\t\t<\/div>\n\t\t\t\t\t<\/div>\n\t\t<\/section>\n\t\t\t\t<div class=\"elementor-element elementor-element-4f0d889 elementor-widget-divider--view-line elementor-widget elementor-widget-divider\" data-id=\"4f0d889\" data-element_type=\"widget\" data-widget_type=\"divider.default\">\n\t\t\t\t<div class=\"elementor-widget-container\">\n\t\t\t\t\t\t\t<div class=\"elementor-divider\">\n\t\t\t<span class=\"elementor-divider-separator\">\n\t\t\t\t\t\t<\/span>\n\t\t<\/div>\n\t\t\t\t\t\t<\/div>\n\t\t\t\t<\/div>\n\t\t\t\t<div class=\"elementor-element elementor-element-a92c0ba elementor-widget elementor-widget-heading\" data-id=\"a92c0ba\" data-element_type=\"widget\" data-widget_type=\"heading.default\">\n\t\t\t\t<div class=\"elementor-widget-container\">\n\t\t\t\t\t<h2 class=\"elementor-heading-title elementor-size-default\">Les ateliers <\/h2>\t\t\t\t<\/div>\n\t\t\t\t<\/div>\n\t\t\t\t<div class=\"elementor-element elementor-element-0c89bcb elementor-widget elementor-widget-text-editor\" data-id=\"0c89bcb\" data-element_type=\"widget\" data-widget_type=\"text-editor.default\">\n\t\t\t\t<div class=\"elementor-widget-container\">\n\t\t\t\t\t\t\t\t\t<div><span style=\"color: #00003f;\">Une auxiliaire de pu\u00e9riculture accompagne les parents d\u2019enfants de 0 \u00e0 2 ans dans des ateliers de massage, portage et yoga, en leur enseignant les gestes adapt\u00e9s.<\/span><\/div><div>\u00a0<\/div><div><div><div dir=\"auto\"><span style=\"color: #00003f;\"><strong>Dur\u00e9e des s\u00e9ances :<\/strong> 1H30|2H<\/span><\/div><div dir=\"auto\">\u00a0<\/div><div dir=\"auto\"><span style=\"color: #00003f;\"><strong>Rythme<\/strong> : Toutes les semaines, les mardis, jeudis, vendredis et un mercredi par mois (rendez-vous espac\u00e9s)<\/span><\/div><div dir=\"auto\">\u00a0<\/div><div dir=\"auto\"><span style=\"color: #00003f;\"><strong>Horaire :<\/strong> 8H30-16H00.<\/span><\/div><div dir=\"auto\">\u00a0<\/div><div dir=\"auto\"><span style=\"color: #00003f;\"><strong>Lieu<\/strong> : H\u00f4pital de Langres et de Chaumont<\/span><\/div><div dir=\"auto\">\u00a0<\/div><div dir=\"auto\"><span style=\"color: #00003f;\">Ces ateliers se concentrent autour des massages, du sommeil, des coliques, de l\u2019allaitement, de l\u2019organisation \u00e0 la maison, de parentalit\u00e9&#8230;\u00a0<\/span><\/div><\/div><div><div dir=\"auto\">\u00a0<\/div><\/div><div><div dir=\"auto\"><span style=\"color: #00003f;\">Pour plus de renseignements o\u00f9 pour s\u2019inscrire, veuillez contacter le secr\u00e9tariat.<\/span><\/div><\/div><\/div>\t\t\t\t\t\t\t\t<\/div>\n\t\t\t\t<\/div>\n\t\t\t\t\t<\/div>\n\t\t<\/div>\n\t\t\t\t\t<\/div>\n\t\t<\/section>\n\t\t\t\t<section class=\"elementor-section elementor-top-section elementor-element elementor-element-4d385d6 elementor-section-boxed elementor-section-height-default elementor-section-height-default\" data-id=\"4d385d6\" data-element_type=\"section\">\n\t\t\t\t\t\t<div class=\"elementor-container elementor-column-gap-default\">\n\t\t\t\t\t<div class=\"elementor-column elementor-col-50 elementor-top-column elementor-element elementor-element-4da505b\" data-id=\"4da505b\" data-element_type=\"column\">\n\t\t\t<div class=\"elementor-widget-wrap elementor-element-populated\">\n\t\t\t\t\t\t<div class=\"elementor-element elementor-element-a9f6500 elementor-widget elementor-widget-image\" data-id=\"a9f6500\" data-element_type=\"widget\" data-widget_type=\"image.default\">\n\t\t\t\t<div class=\"elementor-widget-container\">\n\t\t\t\t\t\t\t\t\t\t\t\t\t\t\t<img decoding=\"async\" width=\"300\" height=\"225\" src=\"https:\/\/www.ch-shm.fr\/wp-content\/uploads\/2024\/12\/atelier-portage-2-300x225.jpg\" class=\"attachment-medium size-medium wp-image-2211\" alt=\"\" srcset=\"https:\/\/www.ch-shm.fr\/wp-content\/uploads\/2024\/12\/atelier-portage-2-300x225.jpg 300w, https:\/\/www.ch-shm.fr\/wp-content\/uploads\/2024\/12\/atelier-portage-2-1024x768.jpg 1024w, https:\/\/www.ch-shm.fr\/wp-content\/uploads\/2024\/12\/atelier-portage-2-768x576.jpg 768w, https:\/\/www.ch-shm.fr\/wp-content\/uploads\/2024\/12\/atelier-portage-2-1536x1152.jpg 1536w, https:\/\/www.ch-shm.fr\/wp-content\/uploads\/2024\/12\/atelier-portage-2.jpg 1600w\" sizes=\"(max-width: 300px) 100vw, 300px\" \/>\t\t\t\t\t\t\t\t\t\t\t\t\t\t\t<\/div>\n\t\t\t\t<\/div>\n\t\t\t\t<div class=\"elementor-element elementor-element-56a449c elementor-widget elementor-widget-button\" data-id=\"56a449c\" data-element_type=\"widget\" data-widget_type=\"button.default\">\n\t\t\t\t<div class=\"elementor-widget-container\">\n\t\t\t\t\t\t\t\t\t<div class=\"elementor-button-wrapper\">\n\t\t\t\t\t<a class=\"elementor-button elementor-button-link elementor-size-sm\" href=\"http:\/\/www.ch-shm.fr\/wp-content\/uploads\/2025\/02\/flyer-CPP.pdf\">\n\t\t\t\t\t\t<span class=\"elementor-button-content-wrapper\">\n\t\t\t\t\t\t<span class=\"elementor-button-icon\">\n\t\t\t\t<i aria-hidden=\"true\" class=\"far fa-file-pdf\"><\/i>\t\t\t<\/span>\n\t\t\t\t\t\t\t\t\t<span class=\"elementor-button-text\">T\u00e9l\u00e9charger la plaquette<\/span>\n\t\t\t\t\t<\/span>\n\t\t\t\t\t<\/a>\n\t\t\t\t<\/div>\n\t\t\t\t\t\t\t\t<\/div>\n\t\t\t\t<\/div>\n\t\t\t\t\t<\/div>\n\t\t<\/div>\n\t\t\t\t<div class=\"elementor-column elementor-col-50 elementor-top-column elementor-element elementor-element-d6b4ba8\" data-id=\"d6b4ba8\" data-element_type=\"column\">\n\t\t\t<div class=\"elementor-widget-wrap elementor-element-populated\">\n\t\t\t\t\t\t<div class=\"elementor-element elementor-element-438087f elementor-widget elementor-widget-image\" data-id=\"438087f\" data-element_type=\"widget\" data-widget_type=\"image.default\">\n\t\t\t\t<div class=\"elementor-widget-container\">\n\t\t\t\t\t\t\t\t\t\t\t\t\t\t\t<img loading=\"lazy\" decoding=\"async\" width=\"300\" height=\"225\" src=\"https:\/\/www.ch-shm.fr\/wp-content\/uploads\/2024\/12\/CPP-atelier-portage-300x225.jpg\" class=\"attachment-medium size-medium wp-image-2212\" alt=\"\" srcset=\"https:\/\/www.ch-shm.fr\/wp-content\/uploads\/2024\/12\/CPP-atelier-portage-300x225.jpg 300w, https:\/\/www.ch-shm.fr\/wp-content\/uploads\/2024\/12\/CPP-atelier-portage-1024x768.jpg 1024w, https:\/\/www.ch-shm.fr\/wp-content\/uploads\/2024\/12\/CPP-atelier-portage-768x576.jpg 768w, https:\/\/www.ch-shm.fr\/wp-content\/uploads\/2024\/12\/CPP-atelier-portage-1536x1152.jpg 1536w, https:\/\/www.ch-shm.fr\/wp-content\/uploads\/2024\/12\/CPP-atelier-portage.jpg 1600w\" sizes=\"(max-width: 300px) 100vw, 300px\" \/>\t\t\t\t\t\t\t\t\t\t\t\t\t\t\t<\/div>\n\t\t\t\t<\/div>\n\t\t\t\t\t<\/div>\n\t\t<\/div>\n\t\t\t\t\t<\/div>\n\t\t<\/section>\n\t\t\t\t<\/div>\n\t\t","protected":false},"excerpt":{"rendered":"<p>Centre P\u00e9rinatal de proximit\u00e9 &#8211; CPP Le Centre de P\u00e9rinatalit\u00e9 du Centre hospitalier de Langres assure un suivi personnalis\u00e9 des femmes durant leur grossesse ainsi que le suivi des m\u00e8res et des enfants apr\u00e8s l\u2019accouchement au travers de consultations obst\u00e9tricales, gyn\u00e9cologiques et p\u00e9diatriques. Il r\u00e9pond \u00e9galement aux besoins de suivis gyn\u00e9cologiques hors grossesse. Contact Secr\u00e9tariat [&hellip;]<\/p>\n","protected":false},"author":2,"featured_media":0,"parent":0,"menu_order":0,"comment_status":"closed","ping_status":"closed","template":"","meta":{"ocean_post_layout":"","ocean_both_sidebars_style":"","ocean_both_sidebars_content_width":0,"ocean_both_sidebars_sidebars_width":0,"ocean_sidebar":"","ocean_second_sidebar":"","ocean_disable_margins":"enable","ocean_add_body_class":"","ocean_shortcode_before_top_bar":"","ocean_shortcode_after_top_bar":"","ocean_shortcode_before_header":"","ocean_shortcode_after_header":"","ocean_has_shortcode":"","ocean_shortcode_after_title":"","ocean_shortcode_before_footer_widgets":"","ocean_shortcode_after_footer_widgets":"","ocean_shortcode_before_footer_bottom":"","ocean_shortcode_after_footer_bottom":"","ocean_display_top_bar":"default","ocean_display_header":"default","ocean_header_style":"","ocean_center_header_left_menu":"","ocean_custom_header_template":"","ocean_custom_logo":0,"ocean_custom_retina_logo":0,"ocean_custom_logo_max_width":0,"ocean_custom_logo_tablet_max_width":0,"ocean_custom_logo_mobile_max_width":0,"ocean_custom_logo_max_height":0,"ocean_custom_logo_tablet_max_height":0,"ocean_custom_logo_mobile_max_height":0,"ocean_header_custom_menu":"","ocean_menu_typo_font_family":"","ocean_menu_typo_font_subset":"","ocean_menu_typo_font_size":0,"ocean_menu_typo_font_size_tablet":0,"ocean_menu_typo_font_size_mobile":0,"ocean_menu_typo_font_size_unit":"px","ocean_menu_typo_font_weight":"","ocean_menu_typo_font_weight_tablet":"","ocean_menu_typo_font_weight_mobile":"","ocean_menu_typo_transform":"","ocean_menu_typo_transform_tablet":"","ocean_menu_typo_transform_mobile":"","ocean_menu_typo_line_height":0,"ocean_menu_typo_line_height_tablet":0,"ocean_menu_typo_line_height_mobile":0,"ocean_menu_typo_line_height_unit":"","ocean_menu_typo_spacing":0,"ocean_menu_typo_spacing_tablet":0,"ocean_menu_typo_spacing_mobile":0,"ocean_menu_typo_spacing_unit":"","ocean_menu_link_color":"","ocean_menu_link_color_hover":"","ocean_menu_link_color_active":"","ocean_menu_link_background":"","ocean_menu_link_hover_background":"","ocean_menu_link_active_background":"","ocean_menu_social_links_bg":"","ocean_menu_social_hover_links_bg":"","ocean_menu_social_links_color":"","ocean_menu_social_hover_links_color":"","ocean_disable_title":"default","ocean_disable_heading":"default","ocean_post_title":"","ocean_post_subheading":"","ocean_post_title_style":"","ocean_post_title_background_color":"","ocean_post_title_background":0,"ocean_post_title_bg_image_position":"","ocean_post_title_bg_image_attachment":"","ocean_post_title_bg_image_repeat":"","ocean_post_title_bg_image_size":"","ocean_post_title_height":0,"ocean_post_title_bg_overlay":0.5,"ocean_post_title_bg_overlay_color":"","ocean_disable_breadcrumbs":"default","ocean_breadcrumbs_color":"","ocean_breadcrumbs_separator_color":"","ocean_breadcrumbs_links_color":"","ocean_breadcrumbs_links_hover_color":"","ocean_display_footer_widgets":"default","ocean_display_footer_bottom":"default","ocean_custom_footer_template":"","footnotes":""},"class_list":["post-2077","page","type-page","status-publish","hentry","entry"],"_links":{"self":[{"href":"https:\/\/www.ch-shm.fr\/index.php?rest_route=\/wp\/v2\/pages\/2077","targetHints":{"allow":["GET"]}}],"collection":[{"href":"https:\/\/www.ch-shm.fr\/index.php?rest_route=\/wp\/v2\/pages"}],"about":[{"href":"https:\/\/www.ch-shm.fr\/index.php?rest_route=\/wp\/v2\/types\/page"}],"author":[{"embeddable":true,"href":"https:\/\/www.ch-shm.fr\/index.php?rest_route=\/wp\/v2\/users\/2"}],"replies":[{"embeddable":true,"href":"https:\/\/www.ch-shm.fr\/index.php?rest_route=%2Fwp%2Fv2%2Fcomments&post=2077"}],"version-history":[{"count":48,"href":"https:\/\/www.ch-shm.fr\/index.php?rest_route=\/wp\/v2\/pages\/2077\/revisions"}],"predecessor-version":[{"id":5982,"href":"https:\/\/www.ch-shm.fr\/index.php?rest_route=\/wp\/v2\/pages\/2077\/revisions\/5982"}],"wp:attachment":[{"href":"https:\/\/www.ch-shm.fr\/index.php?rest_route=%2Fwp%2Fv2%2Fmedia&parent=2077"}],"curies":[{"name":"wp","href":"https:\/\/api.w.org\/{rel}","templated":true}]}}