{"id":2062,"date":"2025-01-10T16:00:18","date_gmt":"2025-01-10T15:00:18","guid":{"rendered":"http:\/\/192.0.0.130\/wordpress\/?page_id=2062"},"modified":"2026-04-07T15:01:39","modified_gmt":"2026-04-07T13:01:39","slug":"l_esad","status":"publish","type":"page","link":"https:\/\/www.ch-shm.fr\/?page_id=2062","title":{"rendered":"ESAD Langres"},"content":{"rendered":"\t\t<div data-elementor-type=\"wp-page\" data-elementor-id=\"2062\" class=\"elementor elementor-2062\">\n\t\t\t\t\t\t<section class=\"elementor-section elementor-top-section elementor-element elementor-element-9990686 elementor-section-boxed elementor-section-height-default elementor-section-height-default\" data-id=\"9990686\" data-element_type=\"section\" data-settings=\"{&quot;background_background&quot;:&quot;classic&quot;}\">\n\t\t\t\t\t\t<div class=\"elementor-container elementor-column-gap-default\">\n\t\t\t\t\t<div class=\"elementor-column elementor-col-100 elementor-top-column elementor-element elementor-element-47adc67\" data-id=\"47adc67\" data-element_type=\"column\">\n\t\t\t<div class=\"elementor-widget-wrap elementor-element-populated\">\n\t\t\t\t\t\t<div class=\"elementor-element elementor-element-3847be0 elementor-widget elementor-widget-heading\" data-id=\"3847be0\" data-element_type=\"widget\" data-widget_type=\"heading.default\">\n\t\t\t\t<div class=\"elementor-widget-container\">\n\t\t\t\t\t<h2 class=\"elementor-heading-title elementor-size-default\">ESAD - <span dir=\"auto\">\u00c9quipe Sp\u00e9cialis\u00e9e d\u2019Accompagnement \u00e0 Domicile.<\/span><\/h2>\t\t\t\t<\/div>\n\t\t\t\t<\/div>\n\t\t\t\t\t<\/div>\n\t\t<\/div>\n\t\t\t\t\t<\/div>\n\t\t<\/section>\n\t\t\t\t<section class=\"elementor-section elementor-top-section elementor-element elementor-element-6c166bd elementor-section-boxed elementor-section-height-default elementor-section-height-default\" data-id=\"6c166bd\" data-element_type=\"section\">\n\t\t\t\t\t\t<div class=\"elementor-container elementor-column-gap-default\">\n\t\t\t\t\t<div class=\"elementor-column elementor-col-100 elementor-top-column elementor-element elementor-element-6c9ab10\" data-id=\"6c9ab10\" data-element_type=\"column\">\n\t\t\t<div class=\"elementor-widget-wrap elementor-element-populated\">\n\t\t\t\t\t\t<div class=\"elementor-element elementor-element-fdde68f elementor-widget elementor-widget-spacer\" data-id=\"fdde68f\" data-element_type=\"widget\" data-widget_type=\"spacer.default\">\n\t\t\t\t<div class=\"elementor-widget-container\">\n\t\t\t\t\t\t\t<div class=\"elementor-spacer\">\n\t\t\t<div class=\"elementor-spacer-inner\"><\/div>\n\t\t<\/div>\n\t\t\t\t\t\t<\/div>\n\t\t\t\t<\/div>\n\t\t\t\t<div class=\"elementor-element elementor-element-fe0474f elementor-widget elementor-widget-heading\" data-id=\"fe0474f\" data-element_type=\"widget\" data-widget_type=\"heading.default\">\n\t\t\t\t<div class=\"elementor-widget-container\">\n\t\t\t\t\t<h2 class=\"elementor-heading-title elementor-size-default\">Renseignements<\/h2>\t\t\t\t<\/div>\n\t\t\t\t<\/div>\n\t\t\t\t<div class=\"elementor-element elementor-element-15e0b5a elementor-widget elementor-widget-text-editor\" data-id=\"15e0b5a\" data-element_type=\"widget\" data-widget_type=\"text-editor.default\">\n\t\t\t\t<div class=\"elementor-widget-container\">\n\t\t\t\t\t\t\t\t\t<p><span style=\"color: #00003f;\">Le service fonctionne du Lundi au Vendredi de 8h30 \u00e0 16h30.<\/span><\/p><p><span style=\"color: #00003f;\">Num\u00e9ro t\u00e9l\u00e9phone\/R\u00e9pondeur\u00a0: <a href=\"http:\/\/03.25.87.76.32\">03.25.87.76.32<\/a><\/span><\/p>\t\t\t\t\t\t\t\t<\/div>\n\t\t\t\t<\/div>\n\t\t\t\t\t<\/div>\n\t\t<\/div>\n\t\t\t\t\t<\/div>\n\t\t<\/section>\n\t\t\t\t<section class=\"elementor-section elementor-top-section elementor-element elementor-element-842bae3 elementor-section-boxed elementor-section-height-default elementor-section-height-default\" data-id=\"842bae3\" data-element_type=\"section\">\n\t\t\t\t\t\t<div class=\"elementor-container elementor-column-gap-default\">\n\t\t\t\t\t<div class=\"elementor-column elementor-col-50 elementor-top-column elementor-element elementor-element-af67177\" data-id=\"af67177\" data-element_type=\"column\">\n\t\t\t<div class=\"elementor-widget-wrap elementor-element-populated\">\n\t\t\t\t\t\t<div class=\"elementor-element elementor-element-aa07add elementor-widget elementor-widget-image\" data-id=\"aa07add\" data-element_type=\"widget\" data-widget_type=\"image.default\">\n\t\t\t\t<div class=\"elementor-widget-container\">\n\t\t\t\t\t\t\t\t\t\t\t\t\t\t\t<img fetchpriority=\"high\" decoding=\"async\" width=\"300\" height=\"226\" src=\"https:\/\/www.ch-shm.fr\/wp-content\/uploads\/2026\/03\/photo-equipe-300x226.jpg\" class=\"attachment-medium size-medium wp-image-5858\" alt=\"\" srcset=\"https:\/\/www.ch-shm.fr\/wp-content\/uploads\/2026\/03\/photo-equipe-300x226.jpg 300w, https:\/\/www.ch-shm.fr\/wp-content\/uploads\/2026\/03\/photo-equipe-1024x771.jpg 1024w, https:\/\/www.ch-shm.fr\/wp-content\/uploads\/2026\/03\/photo-equipe-768x578.jpg 768w, https:\/\/www.ch-shm.fr\/wp-content\/uploads\/2026\/03\/photo-equipe-1536x1157.jpg 1536w, https:\/\/www.ch-shm.fr\/wp-content\/uploads\/2026\/03\/photo-equipe.jpg 2048w\" sizes=\"(max-width: 300px) 100vw, 300px\" \/>\t\t\t\t\t\t\t\t\t\t\t\t\t\t\t<\/div>\n\t\t\t\t<\/div>\n\t\t\t\t<div class=\"elementor-element elementor-element-4715065 elementor-widget elementor-widget-spacer\" data-id=\"4715065\" data-element_type=\"widget\" data-widget_type=\"spacer.default\">\n\t\t\t\t<div class=\"elementor-widget-container\">\n\t\t\t\t\t\t\t<div class=\"elementor-spacer\">\n\t\t\t<div class=\"elementor-spacer-inner\"><\/div>\n\t\t<\/div>\n\t\t\t\t\t\t<\/div>\n\t\t\t\t<\/div>\n\t\t\t\t\t<\/div>\n\t\t<\/div>\n\t\t\t\t<div class=\"elementor-column elementor-col-50 elementor-top-column elementor-element elementor-element-20065b6\" data-id=\"20065b6\" data-element_type=\"column\">\n\t\t\t<div class=\"elementor-widget-wrap elementor-element-populated\">\n\t\t\t\t\t\t<div class=\"elementor-element elementor-element-832348f elementor-widget elementor-widget-heading\" data-id=\"832348f\" data-element_type=\"widget\" data-widget_type=\"heading.default\">\n\t\t\t\t<div class=\"elementor-widget-container\">\n\t\t\t\t\t<h2 class=\"elementor-heading-title elementor-size-default\">Composition de l'\u00e9quipe<\/h2>\t\t\t\t<\/div>\n\t\t\t\t<\/div>\n\t\t\t\t<div class=\"elementor-element elementor-element-bbb96ef elementor-widget elementor-widget-text-editor\" data-id=\"bbb96ef\" data-element_type=\"widget\" data-widget_type=\"text-editor.default\">\n\t\t\t\t<div class=\"elementor-widget-container\">\n\t\t\t\t\t\t\t\t\t<ul><li><span style=\"color: #00003f;\">Infirmi\u00e8re Coordinatrice\u00a0: S.MARI\u00c9<\/span><\/li><li><span style=\"color: #00003f;\">1 Psychomotricienne<\/span><\/li><li><span style=\"color: #00003f;\">1 assistance de soins en g\u00e9rontologie<\/span><\/li><\/ul>\t\t\t\t\t\t\t\t<\/div>\n\t\t\t\t<\/div>\n\t\t\t\t\t<\/div>\n\t\t<\/div>\n\t\t\t\t\t<\/div>\n\t\t<\/section>\n\t\t\t\t<section class=\"elementor-section elementor-top-section elementor-element elementor-element-7cafab9 elementor-section-boxed elementor-section-height-default elementor-section-height-default\" data-id=\"7cafab9\" data-element_type=\"section\">\n\t\t\t\t\t\t<div class=\"elementor-container elementor-column-gap-default\">\n\t\t\t\t\t<div class=\"elementor-column elementor-col-100 elementor-top-column elementor-element elementor-element-3c5f280\" data-id=\"3c5f280\" data-element_type=\"column\">\n\t\t\t<div class=\"elementor-widget-wrap elementor-element-populated\">\n\t\t\t\t\t\t<div class=\"elementor-element elementor-element-dda31c9 elementor-widget elementor-widget-heading\" data-id=\"dda31c9\" data-element_type=\"widget\" data-widget_type=\"heading.default\">\n\t\t\t\t<div class=\"elementor-widget-container\">\n\t\t\t\t\t<h2 class=\"elementor-heading-title elementor-size-default\">Pr\u00e9sentation du service<\/h2>\t\t\t\t<\/div>\n\t\t\t\t<\/div>\n\t\t\t\t<div class=\"elementor-element elementor-element-701f86f elementor-widget elementor-widget-text-editor\" data-id=\"701f86f\" data-element_type=\"widget\" data-widget_type=\"text-editor.default\">\n\t\t\t\t<div class=\"elementor-widget-container\">\n\t\t\t\t\t\t\t\t\t<p><span style=\"color: #00003f;\">Cr\u00e9e en 2012, le service offre une capacit\u00e9 de 5 places.<\/span><\/p><p><span style=\"color: #00003f;\">L\u2019objectif de ce service est le maintien \u00e0 domicile des personnes \u00e2g\u00e9es et adultes (pr\u00e9sentant des pathologies neurod\u00e9g\u00e9n\u00e9ratives, scl\u00e9rose en plaques, maladie de Parkinson, AVC, d\u00e9pression de la personne \u00e2g\u00e9e) et\/ou de mettre en place des solutions de r\u00e9pits aux aidants et de relais d\u2019aide \u00e0 domicile.<\/span><\/p><p><span style=\"color: #00003f;\">Le territoire d\u2019intervention s\u2019\u00e9tend sur toutes les communaut\u00e9s de communes du Sud haut-marnais (Troisfor\u00eats, Chaumont, Meuse-Rognkn,Grand langres, Auberive Vingeanne et Savoir Faire).<\/span><\/p><p><span style=\"color: #00003f;\">Le service travail en \u00e9troite collaboration avec les partenaires m\u00e9dicosociaux de ville CM2R Dijon et la consultation m\u00e9moire du CH.<\/span><\/p><p><strong><span style=\"color: #00003f; font-size: 18pt;\">Missions du service\u00a0:<\/span><\/strong><\/p><p><span style=\"color: #00003f;\">L\u2019ESAD est charg\u00e9 de dispenser des soins de r\u00e9\u00e9ducation et de r\u00e9habilitation des formations cognitives et motrices restantes, des soins d\u2019accompagnement pour am\u00e9liorer ou pr\u00e9server l\u2019autonomie, des strat\u00e9gies de compensations. L\u2019accompagnement est personnalis\u00e9.<\/span><\/p><p><span style=\"color: #00003f;\">Les s\u00e9ances se font au domiciles d\u2019une dur\u00e9e de 60 \u00e0 90 minutes, une fois par semaine, sur prescription m\u00e9dicales du m\u00e9decin traitant ou d\u2019une sp\u00e9cialit\u00e9(g\u00e9riatre, neurologue)sur une dur\u00e9e de 3 mois.<\/span><\/p><p><span style=\"color: #00003f;\">Cette prestation de soin financ\u00e9e par l\u2019A.R.S sans frais pour le patient<\/span><\/p>\t\t\t\t\t\t\t\t<\/div>\n\t\t\t\t<\/div>\n\t\t\t\t\t<\/div>\n\t\t<\/div>\n\t\t\t\t\t<\/div>\n\t\t<\/section>\n\t\t\t\t<section class=\"elementor-section elementor-top-section elementor-element elementor-element-95c1e9a elementor-section-boxed elementor-section-height-default elementor-section-height-default\" data-id=\"95c1e9a\" data-element_type=\"section\">\n\t\t\t\t\t\t<div class=\"elementor-container elementor-column-gap-default\">\n\t\t\t\t\t<div class=\"elementor-column elementor-col-100 elementor-top-column elementor-element elementor-element-d6c809f\" data-id=\"d6c809f\" data-element_type=\"column\">\n\t\t\t<div class=\"elementor-widget-wrap elementor-element-populated\">\n\t\t\t\t\t\t<div class=\"elementor-element elementor-element-ccc5b84 elementor-widget elementor-widget-heading\" data-id=\"ccc5b84\" data-element_type=\"widget\" data-widget_type=\"heading.default\">\n\t\t\t\t<div class=\"elementor-widget-container\">\n\t\t\t\t\t<h2 class=\"elementor-heading-title elementor-size-default\">Localisation<\/h2>\t\t\t\t<\/div>\n\t\t\t\t<\/div>\n\t\t\t\t<div class=\"elementor-element elementor-element-a3ff228 elementor-widget elementor-widget-text-editor\" data-id=\"a3ff228\" data-element_type=\"widget\" data-widget_type=\"text-editor.default\">\n\t\t\t\t<div class=\"elementor-widget-container\">\n\t\t\t\t\t\t\t\t\t<p><span style=\"color: #00003f;\">Le bureau se situe dans les locaux du SSIAD situ\u00e9s au rez-de- chauss\u00e9e du b\u00e2timent Nord des Charit\u00e9s, 10 Rue de la Charit\u00e9+<\/span><\/p>\t\t\t\t\t\t\t\t<\/div>\n\t\t\t\t<\/div>\n\t\t\t\t\t<\/div>\n\t\t<\/div>\n\t\t\t\t\t<\/div>\n\t\t<\/section>\n\t\t\t\t<\/div>\n\t\t","protected":false},"excerpt":{"rendered":"<p>ESAD &#8211; \u00c9quipe Sp\u00e9cialis\u00e9e d\u2019Accompagnement \u00e0 Domicile. Renseignements Le service fonctionne du Lundi au Vendredi de 8h30 \u00e0 16h30. Num\u00e9ro t\u00e9l\u00e9phone\/R\u00e9pondeur\u00a0: 03.25.87.76.32 Composition de l&rsquo;\u00e9quipe Infirmi\u00e8re Coordinatrice\u00a0: S.MARI\u00c9 1 Psychomotricienne 1 assistance de soins en g\u00e9rontologie Pr\u00e9sentation du service Cr\u00e9e en 2012, le service offre une capacit\u00e9 de 5 places. L\u2019objectif de ce service est [&hellip;]<\/p>\n","protected":false},"author":2,"featured_media":0,"parent":0,"menu_order":0,"comment_status":"closed","ping_status":"closed","template":"","meta":{"ocean_post_layout":"","ocean_both_sidebars_style":"","ocean_both_sidebars_content_width":0,"ocean_both_sidebars_sidebars_width":0,"ocean_sidebar":"","ocean_second_sidebar":"","ocean_disable_margins":"enable","ocean_add_body_class":"","ocean_shortcode_before_top_bar":"","ocean_shortcode_after_top_bar":"","ocean_shortcode_before_header":"","ocean_shortcode_after_header":"","ocean_has_shortcode":"","ocean_shortcode_after_title":"","ocean_shortcode_before_footer_widgets":"","ocean_shortcode_after_footer_widgets":"","ocean_shortcode_before_footer_bottom":"","ocean_shortcode_after_footer_bottom":"","ocean_display_top_bar":"default","ocean_display_header":"default","ocean_header_style":"","ocean_center_header_left_menu":"","ocean_custom_header_template":"","ocean_custom_logo":0,"ocean_custom_retina_logo":0,"ocean_custom_logo_max_width":0,"ocean_custom_logo_tablet_max_width":0,"ocean_custom_logo_mobile_max_width":0,"ocean_custom_logo_max_height":0,"ocean_custom_logo_tablet_max_height":0,"ocean_custom_logo_mobile_max_height":0,"ocean_header_custom_menu":"","ocean_menu_typo_font_family":"","ocean_menu_typo_font_subset":"","ocean_menu_typo_font_size":0,"ocean_menu_typo_font_size_tablet":0,"ocean_menu_typo_font_size_mobile":0,"ocean_menu_typo_font_size_unit":"px","ocean_menu_typo_font_weight":"","ocean_menu_typo_font_weight_tablet":"","ocean_menu_typo_font_weight_mobile":"","ocean_menu_typo_transform":"","ocean_menu_typo_transform_tablet":"","ocean_menu_typo_transform_mobile":"","ocean_menu_typo_line_height":0,"ocean_menu_typo_line_height_tablet":0,"ocean_menu_typo_line_height_mobile":0,"ocean_menu_typo_line_height_unit":"","ocean_menu_typo_spacing":0,"ocean_menu_typo_spacing_tablet":0,"ocean_menu_typo_spacing_mobile":0,"ocean_menu_typo_spacing_unit":"","ocean_menu_link_color":"","ocean_menu_link_color_hover":"","ocean_menu_link_color_active":"","ocean_menu_link_background":"","ocean_menu_link_hover_background":"","ocean_menu_link_active_background":"","ocean_menu_social_links_bg":"","ocean_menu_social_hover_links_bg":"","ocean_menu_social_links_color":"","ocean_menu_social_hover_links_color":"","ocean_disable_title":"default","ocean_disable_heading":"default","ocean_post_title":"","ocean_post_subheading":"","ocean_post_title_style":"","ocean_post_title_background_color":"","ocean_post_title_background":0,"ocean_post_title_bg_image_position":"","ocean_post_title_bg_image_attachment":"","ocean_post_title_bg_image_repeat":"","ocean_post_title_bg_image_size":"","ocean_post_title_height":0,"ocean_post_title_bg_overlay":0.5,"ocean_post_title_bg_overlay_color":"","ocean_disable_breadcrumbs":"default","ocean_breadcrumbs_color":"","ocean_breadcrumbs_separator_color":"","ocean_breadcrumbs_links_color":"","ocean_breadcrumbs_links_hover_color":"","ocean_display_footer_widgets":"default","ocean_display_footer_bottom":"default","ocean_custom_footer_template":"","footnotes":""},"class_list":["post-2062","page","type-page","status-publish","hentry","entry"],"_links":{"self":[{"href":"https:\/\/www.ch-shm.fr\/index.php?rest_route=\/wp\/v2\/pages\/2062","targetHints":{"allow":["GET"]}}],"collection":[{"href":"https:\/\/www.ch-shm.fr\/index.php?rest_route=\/wp\/v2\/pages"}],"about":[{"href":"https:\/\/www.ch-shm.fr\/index.php?rest_route=\/wp\/v2\/types\/page"}],"author":[{"embeddable":true,"href":"https:\/\/www.ch-shm.fr\/index.php?rest_route=\/wp\/v2\/users\/2"}],"replies":[{"embeddable":true,"href":"https:\/\/www.ch-shm.fr\/index.php?rest_route=%2Fwp%2Fv2%2Fcomments&post=2062"}],"version-history":[{"count":30,"href":"https:\/\/www.ch-shm.fr\/index.php?rest_route=\/wp\/v2\/pages\/2062\/revisions"}],"predecessor-version":[{"id":5985,"href":"https:\/\/www.ch-shm.fr\/index.php?rest_route=\/wp\/v2\/pages\/2062\/revisions\/5985"}],"wp:attachment":[{"href":"https:\/\/www.ch-shm.fr\/index.php?rest_route=%2Fwp%2Fv2%2Fmedia&parent=2062"}],"curies":[{"name":"wp","href":"https:\/\/api.w.org\/{rel}","templated":true}]}}