{"id":1915,"date":"2025-01-10T15:59:56","date_gmt":"2025-01-10T14:59:56","guid":{"rendered":"http:\/\/192.0.0.130\/wordpress\/?page_id=1915"},"modified":"2026-04-07T15:23:47","modified_gmt":"2026-04-07T13:23:47","slug":"chc_sterilisation-centrale","status":"publish","type":"page","link":"https:\/\/www.ch-shm.fr\/?page_id=1915","title":{"rendered":"St\u00e9rilisation Centrale Chaumont"},"content":{"rendered":"\t\t<div data-elementor-type=\"wp-page\" data-elementor-id=\"1915\" class=\"elementor elementor-1915\">\n\t\t\t\t\t\t<section class=\"elementor-section elementor-top-section elementor-element elementor-element-a53adab elementor-section-boxed elementor-section-height-default elementor-section-height-default\" data-id=\"a53adab\" data-element_type=\"section\" data-settings=\"{&quot;background_background&quot;:&quot;classic&quot;}\">\n\t\t\t\t\t\t<div class=\"elementor-container elementor-column-gap-default\">\n\t\t\t\t\t<div class=\"elementor-column elementor-col-100 elementor-top-column elementor-element elementor-element-098606e\" data-id=\"098606e\" data-element_type=\"column\">\n\t\t\t<div class=\"elementor-widget-wrap elementor-element-populated\">\n\t\t\t\t\t\t<div class=\"elementor-element elementor-element-cf6a448 elementor-widget elementor-widget-heading\" data-id=\"cf6a448\" data-element_type=\"widget\" data-widget_type=\"heading.default\">\n\t\t\t\t<div class=\"elementor-widget-container\">\n\t\t\t\t\t<h2 class=\"elementor-heading-title elementor-size-default\">St\u00e9rilisation Centrale <\/h2>\t\t\t\t<\/div>\n\t\t\t\t<\/div>\n\t\t\t\t\t<\/div>\n\t\t<\/div>\n\t\t\t\t\t<\/div>\n\t\t<\/section>\n\t\t\t\t<section class=\"elementor-section elementor-top-section elementor-element elementor-element-9fbb9b0 elementor-section-boxed elementor-section-height-default elementor-section-height-default\" data-id=\"9fbb9b0\" data-element_type=\"section\">\n\t\t\t\t\t\t<div class=\"elementor-container elementor-column-gap-default\">\n\t\t\t\t\t<div class=\"elementor-column elementor-col-20 elementor-top-column elementor-element elementor-element-d5c2b88\" data-id=\"d5c2b88\" data-element_type=\"column\">\n\t\t\t<div class=\"elementor-widget-wrap elementor-element-populated\">\n\t\t\t\t\t\t<div class=\"elementor-element elementor-element-fb32006 elementor-widget elementor-widget-text-editor\" data-id=\"fb32006\" data-element_type=\"widget\" data-widget_type=\"text-editor.default\">\n\t\t\t\t<div class=\"elementor-widget-container\">\n\t\t\t\t\t\t\t\t\t<p><a href=\"https:\/\/www.ch-shm.fr\/?page_id=2936\"><strong><span style=\"color: #00003f; font-size: 14pt;\">Retour \u00e0 l&rsquo;accueil<\/span><\/strong><\/a><\/p>\t\t\t\t\t\t\t\t<\/div>\n\t\t\t\t<\/div>\n\t\t\t\t\t<\/div>\n\t\t<\/div>\n\t\t\t\t<div class=\"elementor-column elementor-col-20 elementor-top-column elementor-element elementor-element-2015ffe\" data-id=\"2015ffe\" data-element_type=\"column\">\n\t\t\t<div class=\"elementor-widget-wrap\">\n\t\t\t\t\t\t\t<\/div>\n\t\t<\/div>\n\t\t\t\t<div class=\"elementor-column elementor-col-20 elementor-top-column elementor-element elementor-element-1642003\" data-id=\"1642003\" data-element_type=\"column\">\n\t\t\t<div class=\"elementor-widget-wrap\">\n\t\t\t\t\t\t\t<\/div>\n\t\t<\/div>\n\t\t\t\t<div class=\"elementor-column elementor-col-20 elementor-top-column elementor-element elementor-element-78c0f03\" data-id=\"78c0f03\" data-element_type=\"column\">\n\t\t\t<div class=\"elementor-widget-wrap\">\n\t\t\t\t\t\t\t<\/div>\n\t\t<\/div>\n\t\t\t\t<div class=\"elementor-column elementor-col-20 elementor-top-column elementor-element elementor-element-c83eed1\" data-id=\"c83eed1\" data-element_type=\"column\">\n\t\t\t<div class=\"elementor-widget-wrap\">\n\t\t\t\t\t\t\t<\/div>\n\t\t<\/div>\n\t\t\t\t\t<\/div>\n\t\t<\/section>\n\t\t\t\t<section class=\"elementor-section elementor-top-section elementor-element elementor-element-98ba20b elementor-section-boxed elementor-section-height-default elementor-section-height-default\" data-id=\"98ba20b\" data-element_type=\"section\">\n\t\t\t\t\t\t<div class=\"elementor-container elementor-column-gap-default\">\n\t\t\t\t\t<div class=\"elementor-column elementor-col-100 elementor-top-column elementor-element elementor-element-9e7f6b8\" data-id=\"9e7f6b8\" data-element_type=\"column\">\n\t\t\t<div class=\"elementor-widget-wrap elementor-element-populated\">\n\t\t\t\t\t\t<div class=\"elementor-element elementor-element-f086a4d elementor-widget elementor-widget-text-editor\" data-id=\"f086a4d\" data-element_type=\"widget\" data-widget_type=\"text-editor.default\">\n\t\t\t\t<div class=\"elementor-widget-container\">\n\t\t\t\t\t\t\t\t\t<p><span style=\"font-size: 14pt; color: #00003f;\"><strong>Contact<\/strong><\/span><\/p><p><span style=\"color: #00003f;\"><strong>Secr\u00e9tariat\u00a0:<\/strong> <a style=\"color: #00003f;\" href=\"mailto:sec.sterilisation@ch-chaumont.fr\">sec.sterilisation@ch-chaumont.fr<\/a><\/span><\/p>\t\t\t\t\t\t\t\t<\/div>\n\t\t\t\t<\/div>\n\t\t\t\t\t<\/div>\n\t\t<\/div>\n\t\t\t\t\t<\/div>\n\t\t<\/section>\n\t\t\t\t<section class=\"elementor-section elementor-top-section elementor-element elementor-element-1919b3e elementor-section-boxed elementor-section-height-default elementor-section-height-default\" data-id=\"1919b3e\" data-element_type=\"section\">\n\t\t\t\t\t\t<div class=\"elementor-container elementor-column-gap-default\">\n\t\t\t\t\t<div class=\"elementor-column elementor-col-100 elementor-top-column elementor-element elementor-element-742f0d7\" data-id=\"742f0d7\" data-element_type=\"column\">\n\t\t\t<div class=\"elementor-widget-wrap elementor-element-populated\">\n\t\t\t\t\t\t<div class=\"elementor-element elementor-element-434ebcd elementor-widget elementor-widget-text-editor\" data-id=\"434ebcd\" data-element_type=\"widget\" data-widget_type=\"text-editor.default\">\n\t\t\t\t<div class=\"elementor-widget-container\">\n\t\t\t\t\t\t\t\t\t<p><span style=\"color: #00003f; font-size: 14pt;\"><strong>Localisation<\/strong><\/span><\/p><p><span style=\"color: #00003f;\">Le Service de st\u00e9rilisation centrale est situ\u00e9 au 1er niveau du plateau technique du Centre Hospitalier de Chaumont.\u00a0<\/span><\/p><p><span style=\"color: #00003f;\">La st\u00e9rilisation des DM est une activit\u00e9 optionnelle de la PUI, soumise \u00e0 autorisation de l\u2019Agence R\u00e9gionale de Sant\u00e9 (ARS), sous la responsabilit\u00e9 du Pharmacien responsable de production. Les autres missions de la PUI sont, entre autres, la gestion et l\u2019approvisionnement des m\u00e9dicaments et des DM. La St\u00e9rilisation Centrale du Centre Hospitalier de Chaumont est l\u2019unique st\u00e9rilisation des CH de Chaumont et Langres. Elle a \u00e9t\u00e9 int\u00e9gr\u00e9e au GCS P\u00f4le Logistique Sud Haut-Marnais en 2017, rejoignant la pharmacie, la blanchisserie, le laboratoire et la restauration du site de Chaumont.<\/span><\/p>\t\t\t\t\t\t\t\t<\/div>\n\t\t\t\t<\/div>\n\t\t\t\t\t<\/div>\n\t\t<\/div>\n\t\t\t\t\t<\/div>\n\t\t<\/section>\n\t\t\t\t<section class=\"elementor-section elementor-top-section elementor-element elementor-element-eb43b6d elementor-section-boxed elementor-section-height-default elementor-section-height-default\" data-id=\"eb43b6d\" data-element_type=\"section\">\n\t\t\t\t\t\t<div class=\"elementor-container elementor-column-gap-default\">\n\t\t\t\t\t<div class=\"elementor-column elementor-col-100 elementor-top-column elementor-element elementor-element-5f00e71\" data-id=\"5f00e71\" data-element_type=\"column\">\n\t\t\t<div class=\"elementor-widget-wrap elementor-element-populated\">\n\t\t\t\t\t\t<div class=\"elementor-element elementor-element-54bb62f elementor-widget-divider--view-line elementor-widget elementor-widget-divider\" data-id=\"54bb62f\" data-element_type=\"widget\" data-widget_type=\"divider.default\">\n\t\t\t\t<div class=\"elementor-widget-container\">\n\t\t\t\t\t\t\t<div class=\"elementor-divider\">\n\t\t\t<span class=\"elementor-divider-separator\">\n\t\t\t\t\t\t<\/span>\n\t\t<\/div>\n\t\t\t\t\t\t<\/div>\n\t\t\t\t<\/div>\n\t\t\t\t<div class=\"elementor-element elementor-element-d1de4bd elementor-view-default elementor-widget elementor-widget-icon\" data-id=\"d1de4bd\" data-element_type=\"widget\" data-widget_type=\"icon.default\">\n\t\t\t\t<div class=\"elementor-widget-container\">\n\t\t\t\t\t\t\t<div class=\"elementor-icon-wrapper\">\n\t\t\t<div class=\"elementor-icon\">\n\t\t\t<i aria-hidden=\"true\" class=\"far fa-clock\"><\/i>\t\t\t<\/div>\n\t\t<\/div>\n\t\t\t\t\t\t<\/div>\n\t\t\t\t<\/div>\n\t\t\t\t<div class=\"elementor-element elementor-element-fdc1e96 elementor-widget elementor-widget-text-editor\" data-id=\"fdc1e96\" data-element_type=\"widget\" data-widget_type=\"text-editor.default\">\n\t\t\t\t<div class=\"elementor-widget-container\">\n\t\t\t\t\t\t\t\t\t<p><span style=\"color: #00003f; font-size: 18pt;\"><strong>Horaires de visites<\/strong> <\/span><\/p><p><span style=\"color: #00003f;\">La st\u00e9rilisation centrale du Centre Hospitalier de Chaumont est ouverte :<\/span><\/p><p style=\"text-align: center;\"><span style=\"color: #00003f;\"><strong>Du Lundi au Vendredi de 7h00 \u00e0 19h00<\/strong><\/span><\/p><p style=\"text-align: center;\"><span style=\"color: #00003f;\"><strong>T\u00e9l\u00e9phone : 03-25-30-70-43<\/strong><\/span><\/p>\t\t\t\t\t\t\t\t<\/div>\n\t\t\t\t<\/div>\n\t\t\t\t<div class=\"elementor-element elementor-element-911209c elementor-widget-divider--view-line elementor-widget elementor-widget-divider\" data-id=\"911209c\" data-element_type=\"widget\" data-widget_type=\"divider.default\">\n\t\t\t\t<div class=\"elementor-widget-container\">\n\t\t\t\t\t\t\t<div class=\"elementor-divider\">\n\t\t\t<span class=\"elementor-divider-separator\">\n\t\t\t\t\t\t<\/span>\n\t\t<\/div>\n\t\t\t\t\t\t<\/div>\n\t\t\t\t<\/div>\n\t\t\t\t\t<\/div>\n\t\t<\/div>\n\t\t\t\t\t<\/div>\n\t\t<\/section>\n\t\t\t\t<section class=\"elementor-section elementor-top-section elementor-element elementor-element-af9b958 elementor-section-boxed elementor-section-height-default elementor-section-height-default\" data-id=\"af9b958\" data-element_type=\"section\">\n\t\t\t\t\t\t<div class=\"elementor-container elementor-column-gap-default\">\n\t\t\t\t\t<div class=\"elementor-column elementor-col-100 elementor-top-column elementor-element elementor-element-b3353af\" data-id=\"b3353af\" data-element_type=\"column\">\n\t\t\t<div class=\"elementor-widget-wrap elementor-element-populated\">\n\t\t\t\t\t\t<div class=\"elementor-element elementor-element-a7fd55f elementor-widget elementor-widget-text-editor\" data-id=\"a7fd55f\" data-element_type=\"widget\" data-widget_type=\"text-editor.default\">\n\t\t\t\t<div class=\"elementor-widget-container\">\n\t\t\t\t\t\t\t\t\t<p><span style=\"font-size: 14pt; color: #00003f;\"><strong>Activit\u00e9s<\/strong><\/span><\/p><p><span style=\"color: #00003f;\">La St\u00e9rilisation Centrale assure la r\u00e9ception, le lavage, la recomposition des plateaux op\u00e9ratoires, le conditionnement et la st\u00e9rilisation de l\u2019ensemble de l\u2019instrumentation de ses clients, ainsi qu\u2019une partie des livraisons aux services de soins. Ces clients correspondent aux blocs op\u00e9ratoires et aux Cliniques du groupe ELSAN, aux services de soins du CHC et du CHL, \u00e0 l\u2019EHPAD Centre Jean Fran\u00e7ois Bonnet de Riaucourt, ainsi qu\u2019\u00e0 l\u2019UCSA de Chaumont.<\/span><\/p><p><span style=\"font-size: 14pt; color: #00003f;\"><strong>Pr\u00e9sentation du service<\/strong>\u00a0<\/span><\/p><p><span style=\"color: #00003f;\">L&rsquo;\u00e9quipe de la st\u00e9rilisation centrale est compos\u00e9e de :<\/span><\/p><ul><li><span style=\"color: #00003f;\">1 pharmacien praticien hospitalier<\/span><\/li><li><span style=\"color: #00003f;\">0.9 cadre de sant\u00e9 ff<\/span><\/li><li><span style=\"color: #00003f;\">9 agents de st\u00e9rilisation<\/span><\/li><\/ul><p><span style=\"color: #00003f;\">La St\u00e9rilisation Centrale est situ\u00e9e au niveau 1 du b\u00e2timent B de l\u2019h\u00f4pital de Chaumont, sous le bloc op\u00e9ratoire.<\/span><\/p><p><span style=\"color: #00003f;\">Ces locaux sont divis\u00e9s en :<\/span><\/p><ul><li><span style=\"color: #00003f;\">une zone de production, elle-m\u00eame divis\u00e9e en :<\/span><\/li><li><span style=\"color: #00003f;\">une zone de NETTOYAGE o\u00f9 ont lieux les \u00e9tapes de r\u00e9ception, de tri et de lavage de l\u2019instrumentation chirurgicale<\/span><\/li><li><span style=\"color: #00003f;\">une zone de CONDITIONNEMENT o\u00f9 ont lieux les \u00e9tapes de d\u00e9chargement des LD, de recomposition et de conditionnement des plateaux op\u00e9ratoires et enfin de chargement des autoclaves<\/span><\/li><li><span style=\"color: #00003f;\">et une zone de DM STERILES o\u00f9 ont lieux les \u00e9tapes de d\u00e9chargement des autoclaves et de distribution des DMRS aux clients<\/span><\/li><li><span style=\"color: #00003f;\">des zones annexes<\/span><\/li><li><span style=\"color: #00003f;\">2 vestiaires et 1 sanitaire<\/span><\/li><li><span style=\"color: #00003f;\">1 salle de d\u00e9tente<\/span><\/li><li><span style=\"color: #00003f;\">2 bureaux administratifs<\/span><\/li><\/ul><p><span style=\"font-size: 14pt; color: #00003f;\"><strong>Vos interlocuteurs<\/strong>\u00a0<\/span><\/p><ul><li><span style=\"color: #00003f;\"><strong>DR STEINMETZ : <\/strong>Chef de service | Pharmacien Praticien Hospitalier<strong><br \/><\/strong><\/span><\/li><li><span style=\"color: #00003f;\"><strong>Mme HUGUENIN :<\/strong> Cadre de sant\u00e9<\/span><\/li><\/ul>\t\t\t\t\t\t\t\t<\/div>\n\t\t\t\t<\/div>\n\t\t\t\t\t<\/div>\n\t\t<\/div>\n\t\t\t\t\t<\/div>\n\t\t<\/section>\n\t\t\t\t<\/div>\n\t\t","protected":false},"excerpt":{"rendered":"<p>St\u00e9rilisation Centrale Retour \u00e0 l&rsquo;accueil Contact Secr\u00e9tariat\u00a0: sec.sterilisation@ch-chaumont.fr Localisation Le Service de st\u00e9rilisation centrale est situ\u00e9 au 1er niveau du plateau technique du Centre Hospitalier de Chaumont.\u00a0 La st\u00e9rilisation des DM est une activit\u00e9 optionnelle de la PUI, soumise \u00e0 autorisation de l\u2019Agence R\u00e9gionale de Sant\u00e9 (ARS), sous la responsabilit\u00e9 du Pharmacien responsable de production. [&hellip;]<\/p>\n","protected":false},"author":2,"featured_media":0,"parent":0,"menu_order":0,"comment_status":"closed","ping_status":"closed","template":"","meta":{"ocean_post_layout":"","ocean_both_sidebars_style":"","ocean_both_sidebars_content_width":0,"ocean_both_sidebars_sidebars_width":0,"ocean_sidebar":"","ocean_second_sidebar":"","ocean_disable_margins":"enable","ocean_add_body_class":"","ocean_shortcode_before_top_bar":"","ocean_shortcode_after_top_bar":"","ocean_shortcode_before_header":"","ocean_shortcode_after_header":"","ocean_has_shortcode":"","ocean_shortcode_after_title":"","ocean_shortcode_before_footer_widgets":"","ocean_shortcode_after_footer_widgets":"","ocean_shortcode_before_footer_bottom":"","ocean_shortcode_after_footer_bottom":"","ocean_display_top_bar":"default","ocean_display_header":"default","ocean_header_style":"","ocean_center_header_left_menu":"","ocean_custom_header_template":"","ocean_custom_logo":0,"ocean_custom_retina_logo":0,"ocean_custom_logo_max_width":0,"ocean_custom_logo_tablet_max_width":0,"ocean_custom_logo_mobile_max_width":0,"ocean_custom_logo_max_height":0,"ocean_custom_logo_tablet_max_height":0,"ocean_custom_logo_mobile_max_height":0,"ocean_header_custom_menu":"","ocean_menu_typo_font_family":"","ocean_menu_typo_font_subset":"","ocean_menu_typo_font_size":0,"ocean_menu_typo_font_size_tablet":0,"ocean_menu_typo_font_size_mobile":0,"ocean_menu_typo_font_size_unit":"px","ocean_menu_typo_font_weight":"","ocean_menu_typo_font_weight_tablet":"","ocean_menu_typo_font_weight_mobile":"","ocean_menu_typo_transform":"","ocean_menu_typo_transform_tablet":"","ocean_menu_typo_transform_mobile":"","ocean_menu_typo_line_height":0,"ocean_menu_typo_line_height_tablet":0,"ocean_menu_typo_line_height_mobile":0,"ocean_menu_typo_line_height_unit":"","ocean_menu_typo_spacing":0,"ocean_menu_typo_spacing_tablet":0,"ocean_menu_typo_spacing_mobile":0,"ocean_menu_typo_spacing_unit":"","ocean_menu_link_color":"","ocean_menu_link_color_hover":"","ocean_menu_link_color_active":"","ocean_menu_link_background":"","ocean_menu_link_hover_background":"","ocean_menu_link_active_background":"","ocean_menu_social_links_bg":"","ocean_menu_social_hover_links_bg":"","ocean_menu_social_links_color":"","ocean_menu_social_hover_links_color":"","ocean_disable_title":"default","ocean_disable_heading":"default","ocean_post_title":"","ocean_post_subheading":"","ocean_post_title_style":"","ocean_post_title_background_color":"","ocean_post_title_background":0,"ocean_post_title_bg_image_position":"","ocean_post_title_bg_image_attachment":"","ocean_post_title_bg_image_repeat":"","ocean_post_title_bg_image_size":"","ocean_post_title_height":0,"ocean_post_title_bg_overlay":0.5,"ocean_post_title_bg_overlay_color":"","ocean_disable_breadcrumbs":"default","ocean_breadcrumbs_color":"","ocean_breadcrumbs_separator_color":"","ocean_breadcrumbs_links_color":"","ocean_breadcrumbs_links_hover_color":"","ocean_display_footer_widgets":"default","ocean_display_footer_bottom":"default","ocean_custom_footer_template":"","footnotes":""},"class_list":["post-1915","page","type-page","status-publish","hentry","entry"],"_links":{"self":[{"href":"https:\/\/www.ch-shm.fr\/index.php?rest_route=\/wp\/v2\/pages\/1915","targetHints":{"allow":["GET"]}}],"collection":[{"href":"https:\/\/www.ch-shm.fr\/index.php?rest_route=\/wp\/v2\/pages"}],"about":[{"href":"https:\/\/www.ch-shm.fr\/index.php?rest_route=\/wp\/v2\/types\/page"}],"author":[{"embeddable":true,"href":"https:\/\/www.ch-shm.fr\/index.php?rest_route=\/wp\/v2\/users\/2"}],"replies":[{"embeddable":true,"href":"https:\/\/www.ch-shm.fr\/index.php?rest_route=%2Fwp%2Fv2%2Fcomments&post=1915"}],"version-history":[{"count":13,"href":"https:\/\/www.ch-shm.fr\/index.php?rest_route=\/wp\/v2\/pages\/1915\/revisions"}],"predecessor-version":[{"id":6023,"href":"https:\/\/www.ch-shm.fr\/index.php?rest_route=\/wp\/v2\/pages\/1915\/revisions\/6023"}],"wp:attachment":[{"href":"https:\/\/www.ch-shm.fr\/index.php?rest_route=%2Fwp%2Fv2%2Fmedia&parent=1915"}],"curies":[{"name":"wp","href":"https:\/\/api.w.org\/{rel}","templated":true}]}}