{"id":1809,"date":"2025-01-10T16:00:50","date_gmt":"2025-01-10T15:00:50","guid":{"rendered":"http:\/\/192.0.0.130\/wordpress\/?page_id=1809"},"modified":"2025-01-10T16:00:50","modified_gmt":"2025-01-10T15:00:50","slug":"services","status":"publish","type":"page","link":"https:\/\/www.ch-shm.fr\/?page_id=1809","title":{"rendered":"Services"},"content":{"rendered":"\t\t<div data-elementor-type=\"wp-page\" data-elementor-id=\"1809\" class=\"elementor elementor-1809\">\n\t\t\t\t\t\t<section class=\"elementor-section elementor-top-section elementor-element elementor-element-6b2d16f6 elementor-section-boxed elementor-section-height-default elementor-section-height-default\" data-id=\"6b2d16f6\" data-element_type=\"section\">\n\t\t\t\t\t\t<div class=\"elementor-container elementor-column-gap-default\">\n\t\t\t\t\t<div class=\"elementor-column elementor-col-100 elementor-top-column elementor-element elementor-element-6fa9db4c\" data-id=\"6fa9db4c\" data-element_type=\"column\">\n\t\t\t<div class=\"elementor-widget-wrap elementor-element-populated\">\n\t\t\t\t\t\t<div class=\"elementor-element elementor-element-f243c96 elementor-widget elementor-widget-text-editor\" data-id=\"f243c96\" data-element_type=\"widget\" data-widget_type=\"text-editor.default\">\n\t\t\t\t<div class=\"elementor-widget-container\">\n\t\t\t\t\t\t\t\t\t<p><span style=\"color: #00003f;\">Vous avez s\u00e9lectionn\u00e9 <span style=\"font-family: arial, helvetica, sans-serif; font-size: 12pt;\">le centre hospitalier de <strong>CHAUMONT<\/strong><\/span><\/span><\/p>\t\t\t\t\t\t\t\t<\/div>\n\t\t\t\t<\/div>\n\t\t\t\t<div class=\"elementor-element elementor-element-6d27331 elementor-widget elementor-widget-image\" data-id=\"6d27331\" data-element_type=\"widget\" data-widget_type=\"image.default\">\n\t\t\t\t<div class=\"elementor-widget-container\">\n\t\t\t\t\t\t\t\t\t\t\t\t\t\t\t\t<a href=\"http:\/\/03.25.30.70.30\">\n\t\t\t\t\t\t\t<img fetchpriority=\"high\" decoding=\"async\" width=\"768\" height=\"384\" src=\"https:\/\/www.ch-shm.fr\/wp-content\/uploads\/2024\/12\/banniere-site-web-2-768x384.png\" class=\"attachment-medium_large size-medium_large wp-image-2578\" alt=\"\" srcset=\"https:\/\/www.ch-shm.fr\/wp-content\/uploads\/2024\/12\/banniere-site-web-2-768x384.png 768w, https:\/\/www.ch-shm.fr\/wp-content\/uploads\/2024\/12\/banniere-site-web-2-300x150.png 300w, https:\/\/www.ch-shm.fr\/wp-content\/uploads\/2024\/12\/banniere-site-web-2-1024x512.png 1024w, https:\/\/www.ch-shm.fr\/wp-content\/uploads\/2024\/12\/banniere-site-web-2-1536x768.png 1536w, https:\/\/www.ch-shm.fr\/wp-content\/uploads\/2024\/12\/banniere-site-web-2-2048x1024.png 2048w\" sizes=\"(max-width: 768px) 100vw, 768px\" \/>\t\t\t\t\t\t\t\t<\/a>\n\t\t\t\t\t\t\t\t\t\t\t\t\t\t\t<\/div>\n\t\t\t\t<\/div>\n\t\t\t\t<div class=\"elementor-element elementor-element-2976339 elementor-widget elementor-widget-heading\" data-id=\"2976339\" data-element_type=\"widget\" data-widget_type=\"heading.default\">\n\t\t\t\t<div class=\"elementor-widget-container\">\n\t\t\t\t\t<h2 class=\"elementor-heading-title elementor-size-default\">Etablissement<\/h2>\t\t\t\t<\/div>\n\t\t\t\t<\/div>\n\t\t\t\t<div class=\"elementor-element elementor-element-1e77e01 elementor-widget elementor-widget-button\" data-id=\"1e77e01\" data-element_type=\"widget\" data-widget_type=\"button.default\">\n\t\t\t\t<div class=\"elementor-widget-container\">\n\t\t\t\t\t\t\t\t\t<div class=\"elementor-button-wrapper\">\n\t\t\t\t\t<a class=\"elementor-button elementor-button-link elementor-size-sm\" href=\"\">\n\t\t\t\t\t\t<span class=\"elementor-button-content-wrapper\">\n\t\t\t\t\t\t<span class=\"elementor-button-icon\">\n\t\t\t\t<i aria-hidden=\"true\" class=\"fas fa-arrow-right\"><\/i>\t\t\t<\/span>\n\t\t\t\t\t\t\t\t\t<span class=\"elementor-button-text\">Pr\u00e9sentation<\/span>\n\t\t\t\t\t<\/span>\n\t\t\t\t\t<\/a>\n\t\t\t\t<\/div>\n\t\t\t\t\t\t\t\t<\/div>\n\t\t\t\t<\/div>\n\t\t\t\t<div class=\"elementor-element elementor-element-d9e8a29 elementor-widget elementor-widget-text-editor\" data-id=\"d9e8a29\" data-element_type=\"widget\" data-widget_type=\"text-editor.default\">\n\t\t\t\t<div class=\"elementor-widget-container\">\n\t\t\t\t\t\t\t\t\t<h3><strong style=\"font-size: 18px;\">Services Administratifs<\/strong><\/h3>\n<ul class=\"wp-block-list\">\n<li style=\"list-style-type: none;\">\n<ul class=\"wp-block-list\"><!-- \/wp:list-item --><!-- wp:list-item --><\/ul>\n<\/li>\n<\/ul>\n<ul class=\"wp-block-list\">\n<li style=\"list-style-type: none;\">\n<ul class=\"wp-block-list\">\n<li><a href=\"http:\/\/192.0.0.130\/wordpress\/?page_id=2348&amp;preview=true\"><strong>CESU (formation)<\/strong><\/a><\/li>\n<li><a href=\"http:\/\/192.0.0.130\/wordpress\/?page_id=2597&amp;preview=true\"><strong>Aum\u00f4nerie<\/strong><\/a><\/li>\n<li><strong><a href=\"http:\/\/192.0.0.130\/wordpress\/?page_id=2612&amp;preview=true\">Acc\u00e9der \u00e0 mon dossier m\u00e9dical (Archives)<\/a><br \/><\/strong><\/li>\n<li><a href=\"http:\/\/192.0.0.130\/wordpress\/?page_id=2592&amp;preview=true\"><strong>Communication<\/strong><\/a><\/li>\n<li><strong>GCS P\u00f4le Logistique<\/strong><\/li>\n<li><a href=\"https:\/\/docifsi.ch-chaumont.fr\/\"><strong>IFSI\/IFAS<\/strong><\/a><\/li>\n<li><a href=\"http:\/\/192.0.0.130\/wordpress\/?page_id=1867&amp;preview=true\"><strong>Chambre mortuaire<\/strong><\/a><\/li>\n<li><strong>Unit\u00e9 Qualit\u00e9 et Gestion des Risques (UQGR)<\/strong><\/li>\n<li><strong>Direction des soins<\/strong><\/li>\n<li><a href=\"http:\/\/192.0.0.130\/wordpress\/?page_id=2393&amp;preview=true\"><strong>Repr\u00e9sentants des usagers (RU)<\/strong><\/a><\/li>\n<li><a href=\"http:\/\/192.0.0.130\/wordpress\/?page_id=2640&amp;preview=true\"><strong>Services des Admissions et Gestion de la Patient\u00e8le<\/strong><\/a><\/li>\n<li><strong>Service Social<\/strong><\/li>\n<li><strong>Ressources humaines <\/strong><\/li>\n<li><a href=\"http:\/\/192.0.0.130\/wordpress\/?page_id=2626&amp;preview=true\"><strong>D.A.M (Direction des Affaires M\u00e9dicales)<\/strong><\/a><\/li>\n<\/ul>\n<\/li>\n<\/ul>\n<p><!-- \/wp:list-item --><!-- wp:list-item --><\/p>\n<p><!-- \/wp:list-item --><!-- wp:list-item --><\/p>\n<p><!-- \/wp:list-item --><!-- wp:list-item --><\/p>\n<p><!-- \/wp:list-item --><!-- wp:list-item --><\/p>\n<p><!-- \/wp:list-item --><!-- wp:list-item --><\/p>\n<p><!-- \/wp:list-item --><\/p>\n<p><!-- \/wp:list --><!-- wp:heading {\"level\":3} --><\/p>\n<h3 class=\"wp-block-heading\"><strong>Services M\u00e9dico-Techniques<\/strong><\/h3>\n<p><!-- \/wp:heading --><!-- wp:list --><\/p>\n<ul class=\"wp-block-list\">\n<li style=\"list-style-type: none;\">\n<ul class=\"wp-block-list\"><!-- wp:list-item --><\/ul>\n<\/li>\n<\/ul>\n<p><!-- \/wp:list-item --><!-- wp:list-item --><\/p>\n<ul>\n<li style=\"list-style-type: none;\">\n<ul class=\"wp-block-list\">\n<li><strong>Pharmacie<\/strong><\/li>\n<li><strong>Imagerie M\u00e9dicale<\/strong><\/li>\n<li><a href=\"http:\/\/192.0.0.130\/wordpress\/?page_id=1934&amp;preview=true\"><strong>Laboratoire<\/strong><\/a><\/li>\n<li><strong>M\u00e9decine Nucl\u00e9aire<\/strong><\/li>\n<li><strong>St\u00e9rilisation centrale<\/strong><\/li>\n<\/ul>\n<\/li>\n<\/ul>\n<p><!-- \/wp:list-item --><!-- wp:list-item --><\/p>\n<p><!-- \/wp:list-item --><!-- wp:list-item --><\/p>\n<p><!-- \/wp:list-item --><!-- wp:list-item --><\/p>\n<p><!-- \/wp:list-item --><\/p>\n<p><!-- \/wp:list --><!-- wp:heading {\"level\":3} --><\/p>\n<h3 class=\"wp-block-heading\"><strong>Services de Soins<\/strong><\/h3>\n<p><!-- \/wp:heading --><!-- wp:list --><\/p>\n<ul class=\"wp-block-list\">\n<li style=\"list-style-type: none;\">\n<ul class=\"wp-block-list\"><!-- wp:list-item --><\/ul>\n<\/li>\n<\/ul>\n<p><!-- \/wp:list-item --><!-- wp:list-item --><\/p>\n<p><!-- \/wp:list-item --><!-- wp:list-item --><\/p>\n<p><!-- \/wp:list-item --><!-- wp:list-item --><\/p>\n<ul>\n<li style=\"list-style-type: none;\">\n<ul class=\"wp-block-list\">\n<li><strong>Centre Antirabique<\/strong><\/li>\n<li><a href=\"http:\/\/192.0.0.130\/wordpress\/?page_id=1853&amp;preview=true\"><strong>Centre de Lutte Antituberculeuse (CLAT)<\/strong><\/a><\/li>\n<li>\n<ul class=\"wp-block-list\">\n<li style=\"list-style-type: none;\">\n<ul class=\"wp-block-list\"><!-- wp:list-item --><\/ul>\n<ul class=\"wp-block-list\">\n<li>Addictologie, Cardiologie, Endocrinologia<\/li>\n<\/ul>\n<\/li>\n<\/ul>\n<\/li>\n<\/ul>\n<\/li>\n<\/ul>\n<ul>\n<li style=\"list-style-type: none;\">\n<ul class=\"wp-block-list\">\n<li><strong>Consultations de M\u00e9decines et Sp\u00e9cialit\u00e9s<\/strong><\/li>\n<li><strong>Consultation M\u00e9moire<\/strong><\/li>\n<li><strong>Di\u00e9t\u00e9tique<\/strong><\/li>\n<li><strong><a href=\"http:\/\/192.0.0.130\/wordpress\/?page_id=1899&amp;preview=true\">Court S\u00e9jour G\u00e9riatrique (CSG)<\/a><\/strong><\/li>\n<li><strong>\u00c9quipe Mobile de G\u00e9riatrie<\/strong> <strong>(EMG)<\/strong><\/li>\n<li><a href=\"http:\/\/192.0.0.130\/wordpress\/?page_id=1944&amp;preview=true\"><strong>EHPAD de Riaucourt &#8211; Centre J.F. Bonnet<\/strong><\/a><\/li>\n<li><a href=\"http:\/\/192.0.0.130\/wordpress\/?page_id=2457&amp;preview=true\"><strong>\u00c9quipe Mobile de Soins Palliatifs (EMSP)<\/strong><\/a><\/li>\n<li><a href=\"http:\/\/192.0.0.130\/wordpress\/?page_id=1819&amp;preview=true\"><strong>P\u00f4le M\u00e8re-Enfant<\/strong><\/a><br \/>\n<ul class=\"wp-block-list\">\n<li style=\"list-style-type: none;\">\n<ul class=\"wp-block-list\"><!-- wp:list-item --><\/ul>\n<\/li>\n<\/ul>\n<ul>\n<li style=\"list-style-type: none;\">\n<ul class=\"wp-block-list\">\n<li><a href=\"http:\/\/192.0.0.130\/wordpress\/?page_id=1819&amp;preview=true\">Maternit\u00e9, P\u00e9diatrie, N\u00e9onatologie<\/a><\/li>\n<\/ul>\n<\/li>\n<\/ul>\n<\/li>\n<\/ul>\n<\/li>\n<li><strong>M\u00e9decine 3<\/strong><\/li>\n<li><!-- wp:list -->Cardiologie, Diab\u00e9tologie, M\u00e9decine G\u00e9n\u00e9rale.<\/li>\n<li><strong>M\u00e9decine 4<\/strong><!-- wp:list --><br \/>\n<ul class=\"wp-block-list\">\n<li style=\"list-style-type: none;\">\n<ul class=\"wp-block-list\"><!-- wp:list-item --><\/ul>\n<\/li>\n<\/ul>\n<ul class=\"wp-block-list\">\n<li style=\"list-style-type: none;\">\n<ul class=\"wp-block-list\">\n<li>Rhumatologie, Dermatologie, M\u00e9decine Interne, Onde de choc<\/li>\n<\/ul>\n<\/li>\n<li><a href=\"http:\/\/192.0.0.130\/wordpress\/?page_id=1859&amp;preview=true\"><strong>M\u00e9decine Physique et R\u00e9adaptation<\/strong><\/a><\/li>\n<li><a href=\"http:\/\/192.0.0.130\/wordpress\/?page_id=1925&amp;preview=true\"><strong>Soins M\u00e9dicaux et de R\u00e9adaptation (SMR)<\/strong><\/a><\/li>\n<li><a href=\"http:\/\/192.0.0.130\/wordpress\/?page_id=1841&amp;preview=true\"><strong>Urgences\/SMUR<\/strong><\/a><\/li>\n<\/ul>\n<\/li>\n<\/ul>\n<p><!-- \/wp:list-item --><\/p>\n<p><!-- \/wp:list --><!-- wp:paragraph --><\/p>\n<p><!-- \/wp:paragraph --><\/p>\t\t\t\t\t\t\t\t<\/div>\n\t\t\t\t<\/div>\n\t\t\t\t\t<\/div>\n\t\t<\/div>\n\t\t\t\t\t<\/div>\n\t\t<\/section>\n\t\t\t\t<section class=\"elementor-section elementor-top-section elementor-element elementor-element-4b533c5 elementor-section-boxed elementor-section-height-default elementor-section-height-default\" data-id=\"4b533c5\" data-element_type=\"section\">\n\t\t\t\t\t\t<div class=\"elementor-container elementor-column-gap-default\">\n\t\t\t\t\t<div class=\"elementor-column elementor-col-100 elementor-top-column elementor-element elementor-element-62b95bd\" data-id=\"62b95bd\" data-element_type=\"column\">\n\t\t\t<div class=\"elementor-widget-wrap elementor-element-populated\">\n\t\t\t\t\t\t<div class=\"elementor-element elementor-element-700ca5c elementor-widget elementor-widget-heading\" data-id=\"700ca5c\" data-element_type=\"widget\" data-widget_type=\"heading.default\">\n\t\t\t\t<div class=\"elementor-widget-container\">\n\t\t\t\t\t<h2 class=\"elementor-heading-title elementor-size-default\">Localisation<\/h2>\t\t\t\t<\/div>\n\t\t\t\t<\/div>\n\t\t\t\t<div class=\"elementor-element elementor-element-d6fb962 elementor-widget elementor-widget-google_maps\" data-id=\"d6fb962\" data-element_type=\"widget\" data-widget_type=\"google_maps.default\">\n\t\t\t\t<div class=\"elementor-widget-container\">\n\t\t\t\t\t\t\t<div class=\"elementor-custom-embed\">\n\t\t\t<iframe loading=\"lazy\"\n\t\t\t\t\tsrc=\"https:\/\/maps.google.com\/maps?q=hopital%20chaumont%202%20rue%20jeanne%20d%27arc&#038;t=m&#038;z=10&#038;output=embed&#038;iwloc=near\"\n\t\t\t\t\ttitle=\"hopital chaumont 2 rue jeanne d&#039;arc\"\n\t\t\t\t\taria-label=\"hopital chaumont 2 rue jeanne d&#039;arc\"\n\t\t\t><\/iframe>\n\t\t<\/div>\n\t\t\t\t\t\t<\/div>\n\t\t\t\t<\/div>\n\t\t\t\t\t<\/div>\n\t\t<\/div>\n\t\t\t\t\t<\/div>\n\t\t<\/section>\n\t\t\t\t<section class=\"elementor-section elementor-top-section elementor-element elementor-element-f11a717 elementor-section-boxed elementor-section-height-default elementor-section-height-default\" data-id=\"f11a717\" data-element_type=\"section\">\n\t\t\t\t\t\t<div class=\"elementor-container elementor-column-gap-default\">\n\t\t\t\t\t<div class=\"elementor-column elementor-col-100 elementor-top-column elementor-element elementor-element-a8fbcc8\" data-id=\"a8fbcc8\" data-element_type=\"column\">\n\t\t\t<div class=\"elementor-widget-wrap elementor-element-populated\">\n\t\t\t\t\t\t<div class=\"elementor-element elementor-element-1460a3e elementor-widget elementor-widget-heading\" data-id=\"1460a3e\" data-element_type=\"widget\" data-widget_type=\"heading.default\">\n\t\t\t\t<div class=\"elementor-widget-container\">\n\t\t\t\t\t<h2 class=\"elementor-heading-title elementor-size-default\">Parking<\/h2>\t\t\t\t<\/div>\n\t\t\t\t<\/div>\n\t\t\t\t<div class=\"elementor-element elementor-element-b706b62 elementor-widget elementor-widget-text-editor\" data-id=\"b706b62\" data-element_type=\"widget\" data-widget_type=\"text-editor.default\">\n\t\t\t\t<div class=\"elementor-widget-container\">\n\t\t\t\t\t\t\t\t\t<ul>\n<li data-filters=\"all\"><span style=\"color: #00003f;\">Places de parking au sein de l&rsquo;\u00e9tablissement comprenant des places adapt\u00e9es et r\u00e9serv\u00e9es (gratuit)<\/span><\/li>\n<li data-filters=\"all\"><span style=\"color: #00003f;\">Places de parking \u00e0 proximit\u00e9 comprenant des places adapt\u00e9es et r\u00e9serv\u00e9es ( gratuit)<\/span><\/li>\n<\/ul>\t\t\t\t\t\t\t\t<\/div>\n\t\t\t\t<\/div>\n\t\t\t\t\t<\/div>\n\t\t<\/div>\n\t\t\t\t\t<\/div>\n\t\t<\/section>\n\t\t\t\t<\/div>\n\t\t","protected":false},"excerpt":{"rendered":"<p>Vous avez s\u00e9lectionn\u00e9 le centre hospitalier de CHAUMONT Etablissement Pr\u00e9sentation Services Administratifs CESU (formation) Aum\u00f4nerie Acc\u00e9der \u00e0 mon dossier m\u00e9dical (Archives) Communication GCS P\u00f4le Logistique IFSI\/IFAS Chambre mortuaire Unit\u00e9 Qualit\u00e9 et Gestion des Risques (UQGR) Direction des soins Repr\u00e9sentants des usagers (RU) Services des Admissions et Gestion de la Patient\u00e8le Service Social Ressources humaines D.A.M [&hellip;]<\/p>\n","protected":false},"author":2,"featured_media":0,"parent":0,"menu_order":0,"comment_status":"closed","ping_status":"closed","template":"","meta":{"ocean_post_layout":"","ocean_both_sidebars_style":"","ocean_both_sidebars_content_width":0,"ocean_both_sidebars_sidebars_width":0,"ocean_sidebar":"","ocean_second_sidebar":"","ocean_disable_margins":"enable","ocean_add_body_class":"","ocean_shortcode_before_top_bar":"","ocean_shortcode_after_top_bar":"","ocean_shortcode_before_header":"","ocean_shortcode_after_header":"","ocean_has_shortcode":"","ocean_shortcode_after_title":"","ocean_shortcode_before_footer_widgets":"","ocean_shortcode_after_footer_widgets":"","ocean_shortcode_before_footer_bottom":"","ocean_shortcode_after_footer_bottom":"","ocean_display_top_bar":"default","ocean_display_header":"default","ocean_header_style":"","ocean_center_header_left_menu":"","ocean_custom_header_template":"","ocean_custom_logo":0,"ocean_custom_retina_logo":0,"ocean_custom_logo_max_width":0,"ocean_custom_logo_tablet_max_width":0,"ocean_custom_logo_mobile_max_width":0,"ocean_custom_logo_max_height":0,"ocean_custom_logo_tablet_max_height":0,"ocean_custom_logo_mobile_max_height":0,"ocean_header_custom_menu":"","ocean_menu_typo_font_family":"","ocean_menu_typo_font_subset":"","ocean_menu_typo_font_size":0,"ocean_menu_typo_font_size_tablet":0,"ocean_menu_typo_font_size_mobile":0,"ocean_menu_typo_font_size_unit":"px","ocean_menu_typo_font_weight":"","ocean_menu_typo_font_weight_tablet":"","ocean_menu_typo_font_weight_mobile":"","ocean_menu_typo_transform":"","ocean_menu_typo_transform_tablet":"","ocean_menu_typo_transform_mobile":"","ocean_menu_typo_line_height":0,"ocean_menu_typo_line_height_tablet":0,"ocean_menu_typo_line_height_mobile":0,"ocean_menu_typo_line_height_unit":"","ocean_menu_typo_spacing":0,"ocean_menu_typo_spacing_tablet":0,"ocean_menu_typo_spacing_mobile":0,"ocean_menu_typo_spacing_unit":"","ocean_menu_link_color":"","ocean_menu_link_color_hover":"","ocean_menu_link_color_active":"","ocean_menu_link_background":"","ocean_menu_link_hover_background":"","ocean_menu_link_active_background":"","ocean_menu_social_links_bg":"","ocean_menu_social_hover_links_bg":"","ocean_menu_social_links_color":"","ocean_menu_social_hover_links_color":"","ocean_disable_title":"default","ocean_disable_heading":"default","ocean_post_title":"","ocean_post_subheading":"","ocean_post_title_style":"","ocean_post_title_background_color":"","ocean_post_title_background":0,"ocean_post_title_bg_image_position":"","ocean_post_title_bg_image_attachment":"","ocean_post_title_bg_image_repeat":"","ocean_post_title_bg_image_size":"","ocean_post_title_height":0,"ocean_post_title_bg_overlay":0.5,"ocean_post_title_bg_overlay_color":"","ocean_disable_breadcrumbs":"default","ocean_breadcrumbs_color":"","ocean_breadcrumbs_separator_color":"","ocean_breadcrumbs_links_color":"","ocean_breadcrumbs_links_hover_color":"","ocean_display_footer_widgets":"default","ocean_display_footer_bottom":"default","ocean_custom_footer_template":"","footnotes":""},"class_list":["post-1809","page","type-page","status-publish","hentry","entry"],"_links":{"self":[{"href":"https:\/\/www.ch-shm.fr\/index.php?rest_route=\/wp\/v2\/pages\/1809","targetHints":{"allow":["GET"]}}],"collection":[{"href":"https:\/\/www.ch-shm.fr\/index.php?rest_route=\/wp\/v2\/pages"}],"about":[{"href":"https:\/\/www.ch-shm.fr\/index.php?rest_route=\/wp\/v2\/types\/page"}],"author":[{"embeddable":true,"href":"https:\/\/www.ch-shm.fr\/index.php?rest_route=\/wp\/v2\/users\/2"}],"replies":[{"embeddable":true,"href":"https:\/\/www.ch-shm.fr\/index.php?rest_route=%2Fwp%2Fv2%2Fcomments&post=1809"}],"version-history":[{"count":67,"href":"https:\/\/www.ch-shm.fr\/index.php?rest_route=\/wp\/v2\/pages\/1809\/revisions"}],"predecessor-version":[{"id":2896,"href":"https:\/\/www.ch-shm.fr\/index.php?rest_route=\/wp\/v2\/pages\/1809\/revisions\/2896"}],"wp:attachment":[{"href":"https:\/\/www.ch-shm.fr\/index.php?rest_route=%2Fwp%2Fv2%2Fmedia&parent=1809"}],"curies":[{"name":"wp","href":"https:\/\/api.w.org\/{rel}","templated":true}]}}