{"id":1463,"date":"2021-05-03T13:00:00","date_gmt":"2021-05-03T11:00:00","guid":{"rendered":"http:\/\/192.0.0.130\/wordpress\/?page_id=1463"},"modified":"2025-01-10T16:00:49","modified_gmt":"2025-01-10T15:00:49","slug":"mentions-legales","status":"publish","type":"page","link":"https:\/\/www.ch-shm.fr\/?page_id=1463","title":{"rendered":"Mentions l\u00e9gales"},"content":{"rendered":"\t\t<div data-elementor-type=\"wp-page\" data-elementor-id=\"1463\" class=\"elementor elementor-1463\">\n\t\t\t\t\t\t<section class=\"elementor-section elementor-top-section elementor-element elementor-element-c53ef92 elementor-section-boxed elementor-section-height-default elementor-section-height-default\" data-id=\"c53ef92\" data-element_type=\"section\">\n\t\t\t\t\t\t<div class=\"elementor-container elementor-column-gap-default\">\n\t\t\t\t\t<div class=\"elementor-column elementor-col-100 elementor-top-column elementor-element elementor-element-b82e61b\" data-id=\"b82e61b\" data-element_type=\"column\">\n\t\t\t<div class=\"elementor-widget-wrap elementor-element-populated\">\n\t\t\t\t\t\t<div class=\"elementor-element elementor-element-624b716 elementor-widget elementor-widget-heading\" data-id=\"624b716\" data-element_type=\"widget\" data-widget_type=\"heading.default\">\n\t\t\t\t<div class=\"elementor-widget-container\">\n\t\t\t\t\t<h2 class=\"elementor-heading-title elementor-size-large\">Mentions l\u00e9gales<\/h2>\t\t\t\t<\/div>\n\t\t\t\t<\/div>\n\t\t\t\t\t<\/div>\n\t\t<\/div>\n\t\t\t\t\t<\/div>\n\t\t<\/section>\n\t\t\t\t<section class=\"elementor-section elementor-top-section elementor-element elementor-element-0b26d4e elementor-section-boxed elementor-section-height-default elementor-section-height-default\" data-id=\"0b26d4e\" data-element_type=\"section\">\n\t\t\t\t\t\t<div class=\"elementor-container elementor-column-gap-default\">\n\t\t\t\t\t<div class=\"elementor-column elementor-col-100 elementor-top-column elementor-element elementor-element-9e1a965\" data-id=\"9e1a965\" data-element_type=\"column\">\n\t\t\t<div class=\"elementor-widget-wrap elementor-element-populated\">\n\t\t\t\t\t\t<div class=\"elementor-element elementor-element-ced77f6 elementor-widget elementor-widget-text-editor\" data-id=\"ced77f6\" data-element_type=\"widget\" data-widget_type=\"text-editor.default\">\n\t\t\t\t<div class=\"elementor-widget-container\">\n\t\t\t\t\t\t\t\t\t<p style=\"margin-bottom: 2em; font-style: normal; font-variant-ligatures: normal; font-variant-caps: normal; font-weight: 300; font-size: 17.3333px; font-family: 'Source Sans Pro', sans-serif; color: #474747; text-align: center;\"><span style=\"color: #000000;\">En vertu de l\u2019article 6 de la loi n\u00b0 2004-575 du 21 juin 2004 pour la confiance dans l\u2019\u00e9conomie num\u00e9rique, il est pr\u00e9cis\u00e9 aux utilisateurs du site http:\/\/hopitalbourbonne.fr l\u2019identit\u00e9 des diff\u00e9rents intervenants dans le cadre de sa r\u00e9alisation et de son suivi :<\/span><\/p>\n<div style=\"font-style: normal; font-variant-ligatures: normal; font-variant-caps: normal; font-weight: 300; font-size: 17.3333px; font-family: 'Source Sans Pro', sans-serif; color: #0066ff; text-align: center;\">Editeur du site<\/div>\n<p style=\"text-align: center;\"><span style=\"color: #000000; font-family: 'Source Sans Pro', sans-serif; font-size: 17.3333px; font-style: normal; font-variant-ligatures: normal; font-variant-caps: normal; font-weight: 300; text-align: justify;\">Centre Hospitalier<\/span><br style=\"color: #474747; font-family: 'Source Sans Pro', sans-serif; font-size: 17.3333px; text-align: justify;\"><span style=\"color: #000000; font-family: 'Source Sans Pro', sans-serif; font-size: 17.3333px; font-style: normal; font-variant-ligatures: normal; font-variant-caps: normal; font-weight: 300; text-align: justify;\">1 rue Terrail Lemoine<\/span><br style=\"color: #474747; font-family: 'Source Sans Pro', sans-serif; font-size: 17.3333px; text-align: justify;\"><span style=\"color: #000000; font-family: 'Source Sans Pro', sans-serif; font-size: 17.3333px; font-style: normal; font-variant-ligatures: normal; font-variant-caps: normal; font-weight: 300; text-align: justify;\">52400 Bourbonne les Bains<\/span><br style=\"color: #474747; font-family: 'Source Sans Pro', sans-serif; font-size: 17.3333px; text-align: justify;\"><span style=\"color: #000000; font-family: 'Source Sans Pro', sans-serif; font-size: 17.3333px; font-style: normal; font-variant-ligatures: normal; font-variant-caps: normal; font-weight: 300; text-align: justify;\">T\u00e9l\u00e9phone : 03.25.87.70.00<\/span><br style=\"color: #474747; font-family: 'Source Sans Pro', sans-serif; font-size: 17.3333px; text-align: justify;\"><span style=\"color: #000000; font-family: 'Source Sans Pro', sans-serif; font-size: 17.3333px; font-style: normal; font-variant-ligatures: normal; font-variant-caps: normal; font-weight: 300; text-align: justify;\">Fax : 03.25.87.70.98<\/span><br style=\"color: #474747; font-family: 'Source Sans Pro', sans-serif; font-size: 17.3333px; text-align: justify;\"><a style=\"border-bottom-width: 1px; border-bottom-style: dotted; font-style: normal; font-variant-ligatures: normal; font-variant-caps: normal; font-weight: 300; font-size: 17.3333px; font-family: 'Source Sans Pro', sans-serif; transition: color 0.2s ease-in-out 0s, border-color 0.2s ease-in-out 0s, opacity 0.2s ease-in-out 0s; color: inherit; text-align: justify; background-color: #ffffff;\" href=\"mailto:informatique@hopitalbourbonne.fr\">Mail : informatique@hopitalbourbonne.fr<\/a><br style=\"color: #474747; font-family: 'Source Sans Pro', sans-serif; font-size: 17.3333px; text-align: justify;\"><span style=\"color: #000000; font-family: 'Source Sans Pro', sans-serif; font-size: 17.3333px; font-style: normal; font-variant-ligatures: normal; font-variant-caps: normal; font-weight: 300; text-align: justify;\">Siret : 265200022<\/span><\/p>\n<p style=\"margin-bottom: 2em; font-style: normal; font-variant-ligatures: normal; font-variant-caps: normal; font-weight: 300; font-size: 17.3333px; font-family: 'Source Sans Pro', sans-serif; color: #474747; text-align: center;\">\n<\/p><p style=\"text-align: center;\">\n<\/p><div style=\"font-style: normal; font-variant-ligatures: normal; font-variant-caps: normal; font-weight: 300; font-size: 17.3333px; font-family: 'Source Sans Pro', sans-serif; color: #0066ff; text-align: center;\">H\u00e9bergement du site<\/div>\n<p style=\"text-align: center;\"><span style=\"font-family: 'Source Sans Pro', sans-serif; font-size: 17.3333px; font-style: normal; font-variant-ligatures: normal; font-variant-caps: normal; font-weight: 300; text-align: justify; color: #000000;\">H\u00e9bergeur : SOCIETE FRANCAISE DU RADIOTELEPHONE &#8211; Orange<\/span><br style=\"color: #474747; font-family: 'Source Sans Pro', sans-serif; font-size: 17.3333px; text-align: justify;\"><span style=\"color: #000000;\"><span style=\"font-family: 'Source Sans Pro', sans-serif; font-size: 17.3333px; font-style: normal; font-variant-ligatures: normal; font-variant-caps: normal; font-weight: 300; text-align: justify;\">Si\u00e8ge social :&nbsp;<\/span><span style=\"font-family: Roboto, sans-serif; font-size: 16px; font-style: normal; font-variant-ligatures: normal; font-variant-caps: normal; font-weight: 400; text-align: left;\">78 rue Olivier de Serres, 75015 Paris<\/span><\/span><br style=\"color: #474747; font-family: 'Source Sans Pro', sans-serif; font-size: 17.3333px; text-align: justify;\"><span style=\"font-family: Roboto, sans-serif; font-size: 16px; font-style: normal; font-variant-ligatures: normal; font-variant-caps: normal; font-weight: 400; text-align: left; color: #000000;\">et domicili\u00e9e pour les besoins des pr\u00e9sentes &#8211; 1 avenue Nelson Mandela, 94745 ARCUEIL &#8211; N\u00b0 de t\u00e9l\u00e9phone: 01.44.44.22.22<\/span><br style=\"color: #474747; font-family: 'Source Sans Pro', sans-serif; font-size: 17.3333px; text-align: justify;\"><span style=\"color: #474747; font-family: 'Source Sans Pro', sans-serif; font-size: 17.3333px; font-style: normal; font-variant-ligatures: normal; font-variant-caps: normal; font-weight: 300; text-align: justify;\">Site :&nbsp;<\/span><a style=\"border-bottom-width: 1px; border-bottom-style: dotted; font-style: normal; font-variant-ligatures: normal; font-variant-caps: normal; font-weight: 300; font-size: 17.3333px; font-family: 'Source Sans Pro', sans-serif; transition: color 0.2s ease-in-out 0s, border-color 0.2s ease-in-out 0s, opacity 0.2s ease-in-out 0s; color: inherit; text-align: justify; background-color: #ffffff;\" href=\"https:\/\/www.sfr.fr\/\">https:\/\/www.orange.fr\/<\/a><\/p>\n<p style=\"margin-bottom: 2em; font-style: normal; font-variant-ligatures: normal; font-variant-caps: normal; font-weight: 300; font-size: 17.3333px; font-family: 'Source Sans Pro', sans-serif; color: #474747; text-align: center;\">\n<\/p><div style=\"font-style: normal; font-variant-ligatures: normal; font-variant-caps: normal; font-weight: 300; font-size: 17.3333px; font-family: 'Source Sans Pro', sans-serif; color: #0066ff; text-align: center;\">D\u00e9veloppeur<\/div>\n<p style=\"text-align: center;\"><span style=\"font-style: normal; font-variant-ligatures: normal; font-variant-caps: normal; font-weight: 600; font-size: 17.3333px; font-family: 'Source Sans Pro', sans-serif; color: #474747; text-align: justify;\">Anas EL MAAZOUZI<br>Maxime LEFROC<\/span><\/p>\n<p style=\"margin-bottom: 2em; font-style: normal; font-variant-ligatures: normal; font-variant-caps: normal; font-weight: 300; font-size: 17.3333px; font-family: 'Source Sans Pro', sans-serif; color: #474747; text-align: center;\">\n<\/p><div style=\"font-style: normal; font-variant-ligatures: normal; font-variant-caps: normal; font-weight: 300; font-size: 17.3333px; font-family: 'Source Sans Pro', sans-serif; color: #0066ff; text-align: center;\">Responsable de la publication<\/div>\n<p style=\"text-align: center;\"><span style=\"font-style: normal; font-variant-ligatures: normal; font-variant-caps: normal; font-weight: 600; font-size: 17.3333px; font-family: 'Source Sans Pro', sans-serif; color: #474747; text-align: justify;\">Anas EL MAAZOUZI<\/span><\/p>\n<p style=\"margin-bottom: 2em; font-style: normal; font-variant-ligatures: normal; font-variant-caps: normal; font-weight: 300; font-size: 17.3333px; font-family: 'Source Sans Pro', sans-serif; color: #474747; text-align: center;\">\n<\/p><div style=\"font-style: normal; font-variant-ligatures: normal; font-variant-caps: normal; font-weight: 300; font-size: 17.3333px; font-family: 'Source Sans Pro', sans-serif; color: #0066ff; text-align: center;\">Data Privacy Officer : DPO<\/div>\n<p style=\"text-align: center;\"><span style=\"font-style: normal; font-variant-ligatures: normal; font-variant-caps: normal; font-weight: 600; font-size: 17.3333px; font-family: 'Source Sans Pro', sans-serif; color: #474747; text-align: justify;\">H\u00e9l\u00e8ne TRUCHOT<\/span><\/p>\n<p style=\"margin-bottom: 2em; font-style: normal; font-variant-ligatures: normal; font-variant-caps: normal; font-weight: 300; font-size: 17.3333px; font-family: 'Source Sans Pro', sans-serif; color: #474747; text-align: center;\">\n<\/p><div style=\"font-style: normal; font-variant-ligatures: normal; font-variant-caps: normal; font-weight: 300; font-size: 17.3333px; font-family: 'Source Sans Pro', sans-serif; color: #0066ff; text-align: center;\">Propri\u00e9t\u00e9 intellectuelle<\/div>\n<p style=\"text-align: center;\"><span style=\"color: #000000; font-family: 'Source Sans Pro', sans-serif; font-size: 17.3333px; font-style: normal; font-variant-ligatures: normal; font-variant-caps: normal; font-weight: 300; text-align: justify;\">Le Centre Hospitalier de Bourbonne les Bains d\u00e9tient les droits d&rsquo;usages sur tous les \u00e9l\u00e9ments sur le site. (Textes, images, logos, etc.) toute r\u00e9cup\u00e9ration, toute diffusion autre que ce site et tout usage de ces \u00e9l\u00e9ments est interdite, sauf autorisation du Centre Hospitalier de Bourbonne les Bains.<\/span><br style=\"color: #474747; font-family: 'Source Sans Pro', sans-serif; font-size: 17.3333px; text-align: justify;\"><span style=\"color: #000000; font-family: 'Source Sans Pro', sans-serif; font-size: 17.3333px; font-style: normal; font-variant-ligatures: normal; font-variant-caps: normal; font-weight: 300; text-align: justify;\">Le non-respect de cette interdiction sera consid\u00e9r\u00e9e comme contrefa\u00e7on et engage la responsabilit\u00e9 de la personne, m\u00eame dans un cadre p\u00e9nal.<\/span><\/p>\n<p style=\"margin-bottom: 2em; font-style: normal; font-variant-ligatures: normal; font-variant-caps: normal; font-weight: 300; font-size: 17.3333px; font-family: 'Source Sans Pro', sans-serif; color: #474747; text-align: center;\">\n<\/p><div style=\"font-style: normal; font-variant-ligatures: normal; font-variant-caps: normal; font-weight: 300; font-size: 17.3333px; font-family: 'Source Sans Pro', sans-serif; color: #0066ff; text-align: center;\">Liens vers d&rsquo;autre sites<\/div>\n<p style=\"text-align: center;\"><span style=\"color: #000000; font-family: 'Source Sans Pro', sans-serif; font-size: 17.3333px; font-style: normal; font-variant-ligatures: normal; font-variant-caps: normal; font-weight: 300; text-align: justify;\">Le site du Centre Hospitalier de Bourbonne les Bains peut proposer des liens vers des sites tiers. Ces sites sont ind\u00e9pendants, et le Centre Hospitalier ne contr\u00f4le pas ces sites, et n&rsquo;assumera aucune responsabilit\u00e9.<\/span><br style=\"color: #474747; font-family: 'Source Sans Pro', sans-serif; font-size: 17.3333px; text-align: justify;\"><span style=\"color: #000000;\"><span style=\"font-family: 'Source Sans Pro', sans-serif; font-size: 17.3333px; font-style: normal; font-variant-ligatures: normal; font-variant-caps: normal; font-weight: 300; text-align: justify;\">Ces sites sont soumis par leur propres conditions d&rsquo;utilisations.<\/span><\/span><\/p>\t\t\t\t\t\t\t\t<\/div>\n\t\t\t\t<\/div>\n\t\t\t\t\t<\/div>\n\t\t<\/div>\n\t\t\t\t\t<\/div>\n\t\t<\/section>\n\t\t\t\t<section class=\"elementor-section elementor-top-section elementor-element elementor-element-2009916 elementor-section-boxed elementor-section-height-default elementor-section-height-default\" data-id=\"2009916\" data-element_type=\"section\">\n\t\t\t\t\t\t<div class=\"elementor-container elementor-column-gap-default\">\n\t\t\t\t\t<div class=\"elementor-column elementor-col-100 elementor-top-column elementor-element elementor-element-7db4458\" data-id=\"7db4458\" data-element_type=\"column\">\n\t\t\t<div class=\"elementor-widget-wrap\">\n\t\t\t\t\t\t\t<\/div>\n\t\t<\/div>\n\t\t\t\t\t<\/div>\n\t\t<\/section>\n\t\t\t\t<\/div>\n\t\t","protected":false},"excerpt":{"rendered":"<p>Mentions l\u00e9gales En vertu de l\u2019article 6 de la loi n\u00b0 2004-575 du 21 juin 2004 pour la confiance dans l\u2019\u00e9conomie num\u00e9rique, il est pr\u00e9cis\u00e9 aux utilisateurs du site http:\/\/hopitalbourbonne.fr l\u2019identit\u00e9 des diff\u00e9rents intervenants dans le cadre de sa r\u00e9alisation et de son suivi : Editeur du site Centre Hospitalier1 rue Terrail Lemoine52400 Bourbonne les [&hellip;]<\/p>\n","protected":false},"author":1,"featured_media":0,"parent":0,"menu_order":0,"comment_status":"closed","ping_status":"closed","template":"","meta":{"ocean_post_layout":"full-width","ocean_both_sidebars_style":"","ocean_both_sidebars_content_width":0,"ocean_both_sidebars_sidebars_width":0,"ocean_sidebar":"0","ocean_second_sidebar":"0","ocean_disable_margins":"enable","ocean_add_body_class":"","ocean_shortcode_before_top_bar":"","ocean_shortcode_after_top_bar":"","ocean_shortcode_before_header":"","ocean_shortcode_after_header":"","ocean_has_shortcode":"","ocean_shortcode_after_title":"","ocean_shortcode_before_footer_widgets":"","ocean_shortcode_after_footer_widgets":"","ocean_shortcode_before_footer_bottom":"","ocean_shortcode_after_footer_bottom":"","ocean_display_top_bar":"off","ocean_display_header":"default","ocean_header_style":"","ocean_center_header_left_menu":"0","ocean_custom_header_template":"0","ocean_custom_logo":0,"ocean_custom_retina_logo":0,"ocean_custom_logo_max_width":0,"ocean_custom_logo_tablet_max_width":0,"ocean_custom_logo_mobile_max_width":0,"ocean_custom_logo_max_height":0,"ocean_custom_logo_tablet_max_height":0,"ocean_custom_logo_mobile_max_height":0,"ocean_header_custom_menu":"0","ocean_menu_typo_font_family":"0","ocean_menu_typo_font_subset":"","ocean_menu_typo_font_size":0,"ocean_menu_typo_font_size_tablet":0,"ocean_menu_typo_font_size_mobile":0,"ocean_menu_typo_font_size_unit":"px","ocean_menu_typo_font_weight":"","ocean_menu_typo_font_weight_tablet":"","ocean_menu_typo_font_weight_mobile":"","ocean_menu_typo_transform":"","ocean_menu_typo_transform_tablet":"","ocean_menu_typo_transform_mobile":"","ocean_menu_typo_line_height":0,"ocean_menu_typo_line_height_tablet":0,"ocean_menu_typo_line_height_mobile":0,"ocean_menu_typo_line_height_unit":"","ocean_menu_typo_spacing":0,"ocean_menu_typo_spacing_tablet":0,"ocean_menu_typo_spacing_mobile":0,"ocean_menu_typo_spacing_unit":"","ocean_menu_link_color":"","ocean_menu_link_color_hover":"","ocean_menu_link_color_active":"","ocean_menu_link_background":"","ocean_menu_link_hover_background":"","ocean_menu_link_active_background":"","ocean_menu_social_links_bg":"","ocean_menu_social_hover_links_bg":"","ocean_menu_social_links_color":"","ocean_menu_social_hover_links_color":"","ocean_disable_title":"on","ocean_disable_heading":"default","ocean_post_title":"","ocean_post_subheading":"","ocean_post_title_style":"","ocean_post_title_background_color":"","ocean_post_title_background":0,"ocean_post_title_bg_image_position":"","ocean_post_title_bg_image_attachment":"","ocean_post_title_bg_image_repeat":"","ocean_post_title_bg_image_size":"","ocean_post_title_height":0,"ocean_post_title_bg_overlay":0.5,"ocean_post_title_bg_overlay_color":"","ocean_disable_breadcrumbs":"default","ocean_breadcrumbs_color":"","ocean_breadcrumbs_separator_color":"","ocean_breadcrumbs_links_color":"","ocean_breadcrumbs_links_hover_color":"","ocean_display_footer_widgets":"default","ocean_display_footer_bottom":"default","ocean_custom_footer_template":"0","footnotes":""},"class_list":["post-1463","page","type-page","status-publish","hentry","entry"],"_links":{"self":[{"href":"https:\/\/www.ch-shm.fr\/index.php?rest_route=\/wp\/v2\/pages\/1463","targetHints":{"allow":["GET"]}}],"collection":[{"href":"https:\/\/www.ch-shm.fr\/index.php?rest_route=\/wp\/v2\/pages"}],"about":[{"href":"https:\/\/www.ch-shm.fr\/index.php?rest_route=\/wp\/v2\/types\/page"}],"author":[{"embeddable":true,"href":"https:\/\/www.ch-shm.fr\/index.php?rest_route=\/wp\/v2\/users\/1"}],"replies":[{"embeddable":true,"href":"https:\/\/www.ch-shm.fr\/index.php?rest_route=%2Fwp%2Fv2%2Fcomments&post=1463"}],"version-history":[{"count":29,"href":"https:\/\/www.ch-shm.fr\/index.php?rest_route=\/wp\/v2\/pages\/1463\/revisions"}],"predecessor-version":[{"id":1572,"href":"https:\/\/www.ch-shm.fr\/index.php?rest_route=\/wp\/v2\/pages\/1463\/revisions\/1572"}],"wp:attachment":[{"href":"https:\/\/www.ch-shm.fr\/index.php?rest_route=%2Fwp%2Fv2%2Fmedia&parent=1463"}],"curies":[{"name":"wp","href":"https:\/\/api.w.org\/{rel}","templated":true}]}}