{"id":1115,"date":"2021-04-20T10:16:03","date_gmt":"2021-04-20T08:16:03","guid":{"rendered":"http:\/\/192.0.0.130\/wordpress\/?page_id=1115"},"modified":"2025-01-10T15:59:20","modified_gmt":"2025-01-10T14:59:20","slug":"historique","status":"publish","type":"page","link":"https:\/\/www.ch-shm.fr\/?page_id=1115","title":{"rendered":"Historique"},"content":{"rendered":"\t\t<div data-elementor-type=\"wp-page\" data-elementor-id=\"1115\" class=\"elementor elementor-1115\">\n\t\t\t\t\t\t<section class=\"elementor-section elementor-top-section elementor-element elementor-element-2bd0b85 elementor-section-boxed elementor-section-height-default elementor-section-height-default\" data-id=\"2bd0b85\" data-element_type=\"section\">\n\t\t\t\t\t\t<div class=\"elementor-container elementor-column-gap-default\">\n\t\t\t\t\t<div class=\"elementor-column elementor-col-100 elementor-top-column elementor-element elementor-element-92191ac\" data-id=\"92191ac\" data-element_type=\"column\">\n\t\t\t<div class=\"elementor-widget-wrap elementor-element-populated\">\n\t\t\t\t\t\t<div class=\"elementor-element elementor-element-65d0ae4 elementor-widget elementor-widget-heading\" data-id=\"65d0ae4\" data-element_type=\"widget\" data-widget_type=\"heading.default\">\n\t\t\t\t<div class=\"elementor-widget-container\">\n\t\t\t\t\t<h2 class=\"elementor-heading-title elementor-size-large\">Historique<\/h2>\t\t\t\t<\/div>\n\t\t\t\t<\/div>\n\t\t\t\t\t<\/div>\n\t\t<\/div>\n\t\t\t\t\t<\/div>\n\t\t<\/section>\n\t\t\t\t<section class=\"elementor-section elementor-top-section elementor-element elementor-element-415d51f elementor-section-boxed elementor-section-height-default elementor-section-height-default\" data-id=\"415d51f\" data-element_type=\"section\">\n\t\t\t\t\t\t<div class=\"elementor-container elementor-column-gap-default\">\n\t\t\t\t\t<div class=\"elementor-column elementor-col-100 elementor-top-column elementor-element elementor-element-7ee54b5\" data-id=\"7ee54b5\" data-element_type=\"column\">\n\t\t\t<div class=\"elementor-widget-wrap elementor-element-populated\">\n\t\t\t\t\t\t<div class=\"elementor-element elementor-element-4002a20 elementor-widget elementor-widget-text-editor\" data-id=\"4002a20\" data-element_type=\"widget\" data-widget_type=\"text-editor.default\">\n\t\t\t\t<div class=\"elementor-widget-container\">\n\t\t\t\t\t\t\t\t\t<p style=\"text-align: center;\"><span style=\"color: #000080; font-family: 'Source Sans Pro', sans-serif; font-size: 25px; font-style: normal; font-variant-ligatures: normal; font-variant-caps: normal; font-weight: 300; text-align: justify;\">La naissance du Centre Hospitalier de Bourbonne les Bains<\/span><\/p>\t\t\t\t\t\t\t\t<\/div>\n\t\t\t\t<\/div>\n\t\t\t\t\t<\/div>\n\t\t<\/div>\n\t\t\t\t\t<\/div>\n\t\t<\/section>\n\t\t\t\t<section class=\"elementor-section elementor-top-section elementor-element elementor-element-3a40f00 elementor-section-boxed elementor-section-height-default elementor-section-height-default\" data-id=\"3a40f00\" data-element_type=\"section\">\n\t\t\t\t\t\t<div class=\"elementor-container elementor-column-gap-default\">\n\t\t\t\t\t<div class=\"elementor-column elementor-col-100 elementor-top-column elementor-element elementor-element-0128d88\" data-id=\"0128d88\" data-element_type=\"column\">\n\t\t\t<div class=\"elementor-widget-wrap elementor-element-populated\">\n\t\t\t\t\t\t<div class=\"elementor-element elementor-element-a3aa730 elementor-widget elementor-widget-image\" data-id=\"a3aa730\" data-element_type=\"widget\" data-widget_type=\"image.default\">\n\t\t\t\t<div class=\"elementor-widget-container\">\n\t\t\t\t\t\t\t\t\t\t\t\t\t\t\t<img fetchpriority=\"high\" decoding=\"async\" width=\"768\" height=\"432\" src=\"https:\/\/www.ch-shm.fr\/wp-content\/uploads\/2021\/04\/hist-768x432.jpg\" class=\"attachment-medium_large size-medium_large wp-image-524\" alt=\"\" srcset=\"https:\/\/www.ch-shm.fr\/wp-content\/uploads\/2021\/04\/hist-768x432.jpg 768w, https:\/\/www.ch-shm.fr\/wp-content\/uploads\/2021\/04\/hist-300x169.jpg 300w, https:\/\/www.ch-shm.fr\/wp-content\/uploads\/2021\/04\/hist.jpg 816w\" sizes=\"(max-width: 768px) 100vw, 768px\" \/>\t\t\t\t\t\t\t\t\t\t\t\t\t\t\t<\/div>\n\t\t\t\t<\/div>\n\t\t\t\t\t<\/div>\n\t\t<\/div>\n\t\t\t\t\t<\/div>\n\t\t<\/section>\n\t\t\t\t<section class=\"elementor-section elementor-top-section elementor-element elementor-element-cc1697e elementor-section-boxed elementor-section-height-default elementor-section-height-default\" data-id=\"cc1697e\" data-element_type=\"section\">\n\t\t\t\t\t\t<div class=\"elementor-container elementor-column-gap-default\">\n\t\t\t\t\t<div class=\"elementor-column elementor-col-100 elementor-top-column elementor-element elementor-element-c723aa1\" data-id=\"c723aa1\" data-element_type=\"column\">\n\t\t\t<div class=\"elementor-widget-wrap elementor-element-populated\">\n\t\t\t\t\t\t<div class=\"elementor-element elementor-element-66797b9 elementor-widget elementor-widget-text-editor\" data-id=\"66797b9\" data-element_type=\"widget\" data-widget_type=\"text-editor.default\">\n\t\t\t\t<div class=\"elementor-widget-container\">\n\t\t\t\t\t\t\t\t\t<p style=\"margin-bottom: 2em; font-style: normal; font-variant-ligatures: normal; font-variant-caps: normal; font-weight: 300; font-size: 17.3333px; font-family: 'Source Sans Pro', sans-serif; color: #474747; text-align: center;\">C&rsquo;est un eccl\u00e9siastique \u00abMessire Denis Roger\u00bb cur\u00e9 de Bourbonne les Bains, qui jette en 1681, les premiers fondements d&rsquo;une oeuvre en faveur des malades indigents qui fut baptis\u00e9e \u00abLa Maison de Charit\u00e9\u00bb.<\/p><p style=\"margin-bottom: 2em; font-style: normal; font-variant-ligatures: normal; font-variant-caps: normal; font-weight: 300; font-size: 17.3333px; font-family: 'Source Sans Pro', sans-serif; color: #474747; text-align: center;\">En 1767, la Maison de Charit\u00e9 prend le nom \u00abd&rsquo;H\u00f4tel Dieu\u00bb. La p\u00e9riode r\u00e9volutionnaire met, momentan\u00e9ment un terme \u00e0 son activit\u00e9. En 1797, les hospices sont r\u00e9tablis et prennent le nom de \u00abbureau de bienfaisance\u00bb.<\/p><p style=\"margin-bottom: 2em; font-style: normal; font-variant-ligatures: normal; font-variant-caps: normal; font-weight: 300; font-size: 17.3333px; font-family: 'Source Sans Pro', sans-serif; color: #474747; text-align: center;\">En 1807, les religieuses \u00abLes Soeurs de Saint Charles de Nancy\u00bb fondent l&rsquo;H\u00f4pital-Hospice, avec la construction d&rsquo;un h\u00f4pital et d&rsquo;une \u00e9cole pour une mission hospitali\u00e8re. Depuis, l&rsquo;\u00e9tablissement n&rsquo;a cess\u00e9 d&rsquo;augmenter sa capacit\u00e9 et de diversifier ses activit\u00e9s : hospices hommes, hospices femmes, enseignement (classes d&rsquo;\u00e9cole de filles), service maternit\u00e9, service de m\u00e9decine thermale. En 1963, la maison de retraite situ\u00e9e rue Walferdin est mise en service. Le b\u00e2timent \u00abCentre de Soins Montmorency\u00bb situ\u00e9 rue Walferdin est inaugur\u00e9 en 1985.<\/p><p style=\"margin-bottom: 2em; font-style: normal; font-variant-ligatures: normal; font-variant-caps: normal; font-weight: 300; font-size: 17.3333px; font-family: 'Source Sans Pro', sans-serif; color: #474747; text-align: center;\">Ce n&rsquo;est qu&rsquo;en 1989, que le service de r\u00e9\u00e9ducation fonctionnelle ouvre ses portes. Puis en 1993, le service de soins infirmiers \u00e0 domicile est cr\u00e9\u00e9. En 2004, le nouveau service de m\u00e9decine physique et de r\u00e9adaptation enti\u00e8rement restructur\u00e9 a \u00e9t\u00e9 inaugur\u00e9, en 2006 l&rsquo;H\u00f4tel Dieu est transform\u00e9 en salle de sport adapt\u00e9e et accueille l&rsquo;UTACAP (Unit\u00e9 Technique d&rsquo;Accompagnement et de Conseils \u00e0 l&rsquo;Autonomie des Personnes).<\/p><p style=\"margin-bottom: 2em; font-style: normal; font-variant-ligatures: normal; font-variant-caps: normal; font-weight: 300; font-size: 17.3333px; font-family: 'Source Sans Pro', sans-serif; color: #474747; text-align: center;\">L&rsquo;ancienne maison de retraite situ\u00e9e rue Walferdin a d\u00e9m\u00e9nag\u00e9 en septembre 2012 pour int\u00e9grer le nouvel EHPAD (Etablissement d&rsquo;H\u00e9bergement pour Personnes Ag\u00e9es D\u00e9pendantes) \u00abLa Croix l&rsquo;Albin\u00bb enti\u00e8rement construit et dot\u00e9 d&rsquo;\u00e9quipements modernes et respectant les derni\u00e8res normes. Le service SMTI totalement r\u00e9habilit\u00e9 \u00e0 son tour en 2014, accueille les patients.<\/p>\t\t\t\t\t\t\t\t<\/div>\n\t\t\t\t<\/div>\n\t\t\t\t\t<\/div>\n\t\t<\/div>\n\t\t\t\t\t<\/div>\n\t\t<\/section>\n\t\t\t\t<section class=\"elementor-section elementor-top-section elementor-element elementor-element-332a787 elementor-section-boxed elementor-section-height-default elementor-section-height-default\" data-id=\"332a787\" data-element_type=\"section\">\n\t\t\t\t\t\t<div class=\"elementor-container elementor-column-gap-default\">\n\t\t\t\t\t<div class=\"elementor-column elementor-col-100 elementor-top-column elementor-element elementor-element-3852ff9\" data-id=\"3852ff9\" data-element_type=\"column\">\n\t\t\t<div class=\"elementor-widget-wrap elementor-element-populated\">\n\t\t\t\t\t\t<div class=\"elementor-element elementor-element-dc66545 elementor-widget elementor-widget-spacer\" data-id=\"dc66545\" data-element_type=\"widget\" data-widget_type=\"spacer.default\">\n\t\t\t\t<div class=\"elementor-widget-container\">\n\t\t\t\t\t\t\t<div class=\"elementor-spacer\">\n\t\t\t<div class=\"elementor-spacer-inner\"><\/div>\n\t\t<\/div>\n\t\t\t\t\t\t<\/div>\n\t\t\t\t<\/div>\n\t\t\t\t\t<\/div>\n\t\t<\/div>\n\t\t\t\t\t<\/div>\n\t\t<\/section>\n\t\t\t\t<section class=\"elementor-section elementor-top-section elementor-element elementor-element-6eaa5cc elementor-section-boxed elementor-section-height-default elementor-section-height-default\" data-id=\"6eaa5cc\" data-element_type=\"section\">\n\t\t\t\t\t\t<div class=\"elementor-container elementor-column-gap-default\">\n\t\t\t\t\t<div class=\"elementor-column elementor-col-100 elementor-top-column elementor-element elementor-element-ad6507f\" data-id=\"ad6507f\" data-element_type=\"column\">\n\t\t\t<div class=\"elementor-widget-wrap elementor-element-populated\">\n\t\t\t\t\t\t<div class=\"elementor-element elementor-element-a21a1e3 elementor-widget elementor-widget-image\" data-id=\"a21a1e3\" data-element_type=\"widget\" data-widget_type=\"image.default\">\n\t\t\t\t<div class=\"elementor-widget-container\">\n\t\t\t\t\t\t\t\t\t\t\t\t\t\t\t<img decoding=\"async\" width=\"768\" height=\"172\" src=\"https:\/\/www.ch-shm.fr\/wp-content\/uploads\/2021\/04\/Composition2-768x172.jpg\" class=\"attachment-medium_large size-medium_large wp-image-516\" alt=\"\" srcset=\"https:\/\/www.ch-shm.fr\/wp-content\/uploads\/2021\/04\/Composition2-768x172.jpg 768w, https:\/\/www.ch-shm.fr\/wp-content\/uploads\/2021\/04\/Composition2-300x67.jpg 300w, https:\/\/www.ch-shm.fr\/wp-content\/uploads\/2021\/04\/Composition2-1024x229.jpg 1024w, https:\/\/www.ch-shm.fr\/wp-content\/uploads\/2021\/04\/Composition2.jpg 1509w\" sizes=\"(max-width: 768px) 100vw, 768px\" \/>\t\t\t\t\t\t\t\t\t\t\t\t\t\t\t<\/div>\n\t\t\t\t<\/div>\n\t\t\t\t\t<\/div>\n\t\t<\/div>\n\t\t\t\t\t<\/div>\n\t\t<\/section>\n\t\t\t\t<section class=\"elementor-section elementor-top-section elementor-element elementor-element-669df74 elementor-section-boxed elementor-section-height-default elementor-section-height-default\" data-id=\"669df74\" data-element_type=\"section\">\n\t\t\t\t\t\t<div class=\"elementor-container elementor-column-gap-default\">\n\t\t\t\t\t<div class=\"elementor-column elementor-col-100 elementor-top-column elementor-element elementor-element-219d3fd\" data-id=\"219d3fd\" data-element_type=\"column\">\n\t\t\t<div class=\"elementor-widget-wrap elementor-element-populated\">\n\t\t\t\t\t\t<div class=\"elementor-element elementor-element-71670c4 elementor-widget elementor-widget-text-editor\" data-id=\"71670c4\" data-element_type=\"widget\" data-widget_type=\"text-editor.default\">\n\t\t\t\t<div class=\"elementor-widget-container\">\n\t\t\t\t\t\t\t\t\t<header style=\"font-style: normal; font-variant-ligatures: normal; font-variant-caps: normal; font-weight: 300; font-size: 17.3333px; font-family: 'Source Sans Pro', sans-serif; color: #474747; text-align: justify;\"><h2 style=\"margin-bottom: 1em; font-size: 1.75em; line-height: 1.75em; color: inherit; letter-spacing: -0.025em; text-align: center;\">Pr\u00e9sentation<\/h2><div style=\"text-align: center;\">\u00a0<\/div><div style=\"margin-top: -38.3906px; font-size: 25px; color: #000080; text-align: center;\">Une capacit\u00e9 d&rsquo;accueil de 288 lits et places<\/div><div style=\"margin-top: -38.3906px; font-size: 25px; color: #000080; text-align: center;\">\u00a0<\/div><div style=\"margin-top: -38.3906px; font-size: 25px; color: #000080; text-align: center;\">\u00a0<\/div><\/header><article style=\"font-style: normal; font-variant-ligatures: normal; font-variant-caps: normal; font-weight: 300; font-size: 17.3333px; font-family: 'Source Sans Pro', sans-serif; color: #474747; text-align: justify;\"><p style=\"margin-bottom: 2em; font-size: inherit; text-align: center;\"><span style=\"font-weight: 600; font-size: inherit;\">43<\/span>\u00a0lits de m\u00e9decine physique et de r\u00e9adaptation fonctionnelle avec mentions sp\u00e9cialis\u00e9es \u00abappareil locomoteur\u00bb et \u00abneurologie\u00bb<br \/><span style=\"font-weight: 600; font-size: inherit;\">4<\/span>\u00a0places d&rsquo;h\u00f4pital de jour<br \/><span style=\"font-weight: 600; font-size: inherit;\">1<\/span>\u00a0secteur de consultations externes<br \/><span style=\"font-weight: 600; font-size: inherit;\">1<\/span>\u00a0Unit\u00e9 Technique d&rsquo;Accompagnement et de Conseil \u00e0 l&rsquo;Autonomie des Personnes (UTACAP)<br \/><span style=\"font-weight: 600; font-size: inherit;\">1<\/span>\u00a0Pharmacie \u00e0 Usage Interne (PUI)<\/p><p style=\"margin-bottom: 2em; font-size: inherit; text-align: center;\"><span style=\"font-weight: 600; font-size: inherit;\">L&rsquo;\u00e9tablissement dispose de 288 lits et places et emploie plus de 230 personnes<\/span><\/p><p style=\"margin-bottom: 2em; font-size: inherit; text-align: center;\"><u style=\"font-size: inherit;\">Le p\u00f4le de m\u00e9decine g\u00e9n\u00e9rale et de g\u00e9riatrie<\/u>\u00a0du Centre Hospitalier de Bourbonne les Bains comprend :<\/p><p style=\"margin-bottom: 2em; font-size: inherit; text-align: center;\"><span style=\"font-weight: 600; font-size: inherit;\">5<\/span>\u00a0lits de m\u00e9decine g\u00e9n\u00e9rale<br \/><span style=\"font-weight: 600; font-size: inherit;\">32<\/span>\u00a0lits de Soins M\u00e9dico Techniques Importants (SMTI) destin\u00e9s \u00e0 la prise en charge des patients pr\u00e9sentant une ou des pathologies n\u00e9cessitant une prise en charge m\u00e9dicale et infirmi\u00e8re rapproch\u00e9e<br \/><span style=\"font-weight: 600; font-size: inherit;\">120<\/span> lits d&rsquo;Etablissement d&rsquo;H\u00e9bergement Personnes Ag\u00e9es D\u00e9pendantes (EHPAD) dont\u00a0<span style=\"font-weight: 600; font-size: inherit;\">2<\/span>\u00a0lits d&rsquo;h\u00e9bergement temporaire<br \/><span style=\"font-weight: 600; font-size: inherit;\">1<\/span>\u00a0plateforme d&rsquo;accompagnement et de r\u00e9pit aux aidants<br \/><span style=\"font-weight: 600; font-size: inherit;\">1<\/span>\u00a0P\u00f4le d&rsquo;Activit\u00e9 Sp\u00e9cifique Adapt\u00e9 (PASA) de\u00a0<span style=\"font-weight: 600; font-size: inherit;\">14<\/span>\u00a0places<br \/><span style=\"font-weight: 600; font-size: inherit;\">1<\/span>\u00a0Accueil de Jour Alzheimer d&rsquo;un capacit\u00e9 de\u00a0<span style=\"font-weight: 600; font-size: inherit;\">10<\/span>\u00a0places<br \/><span style=\"font-weight: 600; font-size: inherit;\">39<\/span> places de Service de Soins Infirmiers \u00e0 Domicile pour personnes \u00e2g\u00e9es et\u00a0<span style=\"font-weight: 600; font-size: inherit;\">6<\/span>\u00a0places pour personnes handicap\u00e9es<br \/><span style=\"font-weight: 600; font-size: inherit;\">5<\/span>\u00a0places ESAD partag\u00e9es avec le CH de Langres<\/p><p style=\"text-align: center;\">Les personnes accueillies sont des personnes \u00e2g\u00e9es en perte d&rsquo;autonomie par lequel le maintien \u00e0 domicile est difficile.<\/p><\/article>\t\t\t\t\t\t\t\t<\/div>\n\t\t\t\t<\/div>\n\t\t\t\t\t<\/div>\n\t\t<\/div>\n\t\t\t\t\t<\/div>\n\t\t<\/section>\n\t\t\t\t<section class=\"elementor-section elementor-top-section elementor-element elementor-element-e78f2e2 elementor-section-boxed elementor-section-height-default elementor-section-height-default\" data-id=\"e78f2e2\" data-element_type=\"section\">\n\t\t\t\t\t\t<div class=\"elementor-container elementor-column-gap-default\">\n\t\t\t\t\t<div class=\"elementor-column elementor-col-100 elementor-top-column elementor-element elementor-element-56943b8\" data-id=\"56943b8\" data-element_type=\"column\">\n\t\t\t<div class=\"elementor-widget-wrap elementor-element-populated\">\n\t\t\t\t\t\t<div class=\"elementor-element elementor-element-63f2d1a elementor-widget elementor-widget-image\" data-id=\"63f2d1a\" data-element_type=\"widget\" data-widget_type=\"image.default\">\n\t\t\t\t<div class=\"elementor-widget-container\">\n\t\t\t\t\t\t\t\t\t\t\t\t\t\t\t<img decoding=\"async\" width=\"768\" height=\"136\" src=\"https:\/\/www.ch-shm.fr\/wp-content\/uploads\/2021\/04\/Composition1-768x136.jpg\" class=\"attachment-medium_large size-medium_large wp-image-515\" alt=\"\" srcset=\"https:\/\/www.ch-shm.fr\/wp-content\/uploads\/2021\/04\/Composition1-768x136.jpg 768w, https:\/\/www.ch-shm.fr\/wp-content\/uploads\/2021\/04\/Composition1-300x53.jpg 300w, https:\/\/www.ch-shm.fr\/wp-content\/uploads\/2021\/04\/Composition1-1024x181.jpg 1024w, https:\/\/www.ch-shm.fr\/wp-content\/uploads\/2021\/04\/Composition1-1536x271.jpg 1536w, https:\/\/www.ch-shm.fr\/wp-content\/uploads\/2021\/04\/Composition1.jpg 1681w\" sizes=\"(max-width: 768px) 100vw, 768px\" \/>\t\t\t\t\t\t\t\t\t\t\t\t\t\t\t<\/div>\n\t\t\t\t<\/div>\n\t\t\t\t\t<\/div>\n\t\t<\/div>\n\t\t\t\t\t<\/div>\n\t\t<\/section>\n\t\t\t\t<\/div>\n\t\t","protected":false},"excerpt":{"rendered":"<p>Historique La naissance du Centre Hospitalier de Bourbonne les Bains C&rsquo;est un eccl\u00e9siastique \u00abMessire Denis Roger\u00bb cur\u00e9 de Bourbonne les Bains, qui jette en 1681, les premiers fondements d&rsquo;une oeuvre en faveur des malades indigents qui fut baptis\u00e9e \u00abLa Maison de Charit\u00e9\u00bb. En 1767, la Maison de Charit\u00e9 prend le nom \u00abd&rsquo;H\u00f4tel Dieu\u00bb. La p\u00e9riode [&hellip;]<\/p>\n","protected":false},"author":1,"featured_media":0,"parent":54,"menu_order":0,"comment_status":"closed","ping_status":"closed","template":"","meta":{"ocean_post_layout":"full-screen","ocean_both_sidebars_style":"","ocean_both_sidebars_content_width":0,"ocean_both_sidebars_sidebars_width":0,"ocean_sidebar":"0","ocean_second_sidebar":"0","ocean_disable_margins":"enable","ocean_add_body_class":"","ocean_shortcode_before_top_bar":"","ocean_shortcode_after_top_bar":"","ocean_shortcode_before_header":"","ocean_shortcode_after_header":"","ocean_has_shortcode":"","ocean_shortcode_after_title":"","ocean_shortcode_before_footer_widgets":"","ocean_shortcode_after_footer_widgets":"","ocean_shortcode_before_footer_bottom":"","ocean_shortcode_after_footer_bottom":"","ocean_display_top_bar":"default","ocean_display_header":"default","ocean_header_style":"","ocean_center_header_left_menu":"0","ocean_custom_header_template":"0","ocean_custom_logo":0,"ocean_custom_retina_logo":0,"ocean_custom_logo_max_width":0,"ocean_custom_logo_tablet_max_width":0,"ocean_custom_logo_mobile_max_width":0,"ocean_custom_logo_max_height":0,"ocean_custom_logo_tablet_max_height":0,"ocean_custom_logo_mobile_max_height":0,"ocean_header_custom_menu":"0","ocean_menu_typo_font_family":"0","ocean_menu_typo_font_subset":"","ocean_menu_typo_font_size":0,"ocean_menu_typo_font_size_tablet":0,"ocean_menu_typo_font_size_mobile":0,"ocean_menu_typo_font_size_unit":"px","ocean_menu_typo_font_weight":"","ocean_menu_typo_font_weight_tablet":"","ocean_menu_typo_font_weight_mobile":"","ocean_menu_typo_transform":"","ocean_menu_typo_transform_tablet":"","ocean_menu_typo_transform_mobile":"","ocean_menu_typo_line_height":0,"ocean_menu_typo_line_height_tablet":0,"ocean_menu_typo_line_height_mobile":0,"ocean_menu_typo_line_height_unit":"","ocean_menu_typo_spacing":0,"ocean_menu_typo_spacing_tablet":0,"ocean_menu_typo_spacing_mobile":0,"ocean_menu_typo_spacing_unit":"","ocean_menu_link_color":"","ocean_menu_link_color_hover":"","ocean_menu_link_color_active":"","ocean_menu_link_background":"","ocean_menu_link_hover_background":"","ocean_menu_link_active_background":"","ocean_menu_social_links_bg":"","ocean_menu_social_hover_links_bg":"","ocean_menu_social_links_color":"","ocean_menu_social_hover_links_color":"","ocean_disable_title":"default","ocean_disable_heading":"on","ocean_post_title":"","ocean_post_subheading":"","ocean_post_title_style":"","ocean_post_title_background_color":"","ocean_post_title_background":0,"ocean_post_title_bg_image_position":"","ocean_post_title_bg_image_attachment":"","ocean_post_title_bg_image_repeat":"","ocean_post_title_bg_image_size":"","ocean_post_title_height":0,"ocean_post_title_bg_overlay":0.5,"ocean_post_title_bg_overlay_color":"","ocean_disable_breadcrumbs":"default","ocean_breadcrumbs_color":"","ocean_breadcrumbs_separator_color":"","ocean_breadcrumbs_links_color":"","ocean_breadcrumbs_links_hover_color":"","ocean_display_footer_widgets":"default","ocean_display_footer_bottom":"default","ocean_custom_footer_template":"0","footnotes":""},"class_list":["post-1115","page","type-page","status-publish","hentry","entry"],"_links":{"self":[{"href":"https:\/\/www.ch-shm.fr\/index.php?rest_route=\/wp\/v2\/pages\/1115","targetHints":{"allow":["GET"]}}],"collection":[{"href":"https:\/\/www.ch-shm.fr\/index.php?rest_route=\/wp\/v2\/pages"}],"about":[{"href":"https:\/\/www.ch-shm.fr\/index.php?rest_route=\/wp\/v2\/types\/page"}],"author":[{"embeddable":true,"href":"https:\/\/www.ch-shm.fr\/index.php?rest_route=\/wp\/v2\/users\/1"}],"replies":[{"embeddable":true,"href":"https:\/\/www.ch-shm.fr\/index.php?rest_route=%2Fwp%2Fv2%2Fcomments&post=1115"}],"version-history":[{"count":11,"href":"https:\/\/www.ch-shm.fr\/index.php?rest_route=\/wp\/v2\/pages\/1115\/revisions"}],"predecessor-version":[{"id":1386,"href":"https:\/\/www.ch-shm.fr\/index.php?rest_route=\/wp\/v2\/pages\/1115\/revisions\/1386"}],"up":[{"embeddable":true,"href":"https:\/\/www.ch-shm.fr\/index.php?rest_route=\/wp\/v2\/pages\/54"}],"wp:attachment":[{"href":"https:\/\/www.ch-shm.fr\/index.php?rest_route=%2Fwp%2Fv2%2Fmedia&parent=1115"}],"curies":[{"name":"wp","href":"https:\/\/api.w.org\/{rel}","templated":true}]}}